{"id":117,"date":"2022-10-12T10:05:25","date_gmt":"2022-10-12T10:05:25","guid":{"rendered":"https:\/\/allure-hotel-prague.ms.decms.eu\/?page_id=117"},"modified":"2024-07-31T11:29:48","modified_gmt":"2024-07-31T11:29:48","slug":"specialni-nabidky","status":"publish","type":"page","link":"https:\/\/www.allurehotelprague.com\/cs\/specialni-nabidky\/","title":{"rendered":"Speci\u00e1ln\u00ed nab\u00eddky"},"content":{"rendered":"<p style=\"text-align: center\"><span data-sheets-value=\"{&quot;1&quot;:2,&quot;2&quot;:&quot;Vyu\u017eijte pros\u00edm na\u0161e speci\u00e1ln\u00ed nab\u00eddky pro V\u00e1\u0161 skv\u011bl\u00fd pobyt.&quot;}\" data-sheets-userformat=\"{&quot;2&quot;:47359,&quot;3&quot;:{&quot;1&quot;:0,&quot;3&quot;:1},&quot;4&quot;:{&quot;1&quot;:2,&quot;2&quot;:16777215},&quot;5&quot;:{&quot;1&quot;:[{&quot;1&quot;:2,&quot;2&quot;:0,&quot;5&quot;:{&quot;1&quot;:2,&quot;2&quot;:14277081}},{&quot;1&quot;:0,&quot;2&quot;:0,&quot;3&quot;:3},{&quot;1&quot;:1,&quot;2&quot;:0,&quot;4&quot;:1}]},&quot;6&quot;:{&quot;1&quot;:[{&quot;1&quot;:2,&quot;2&quot;:0,&quot;5&quot;:{&quot;1&quot;:2,&quot;2&quot;:14277081}},{&quot;1&quot;:0,&quot;2&quot;:0,&quot;3&quot;:3},{&quot;1&quot;:1,&quot;2&quot;:0,&quot;4&quot;:1}]},&quot;7&quot;:{&quot;1&quot;:[{&quot;1&quot;:2,&quot;2&quot;:0,&quot;5&quot;:{&quot;1&quot;:2,&quot;2&quot;:14277081}},{&quot;1&quot;:0,&quot;2&quot;:0,&quot;3&quot;:3},{&quot;1&quot;:1,&quot;2&quot;:0,&quot;4&quot;:1}]},&quot;8&quot;:{&quot;1&quot;:[{&quot;1&quot;:2,&quot;2&quot;:0,&quot;5&quot;:{&quot;1&quot;:2,&quot;2&quot;:14277081}},{&quot;1&quot;:0,&quot;2&quot;:0,&quot;3&quot;:3},{&quot;1&quot;:1,&quot;2&quot;:0,&quot;4&quot;:1}]},&quot;9&quot;:0,&quot;10&quot;:1,&quot;14&quot;:{&quot;1&quot;:3,&quot;3&quot;:1},&quot;15&quot;:&quot;Montserrat&quot;,&quot;16&quot;:10,&quot;18&quot;:1}\">Rezervujte si pokoje online z pohodl\u00ed domova. Vyu\u017eijte na\u0161e speci\u00e1ln\u00ed nab\u00eddky a bydlete v\u00fdhodn\u011bji.\u00a0<\/span><\/p>\n","protected":false},"excerpt":{"rendered":"<p>Rezervujte si pokoje online z pohodl\u00ed domova. Vyu\u017eijte na\u0161e speci\u00e1ln\u00ed nab\u00eddky a bydlete v\u00fdhodn\u011bji.\u00a0<\/p>\n","protected":false},"author":4,"featured_media":0,"parent":0,"menu_order":50,"comment_status":"closed","ping_status":"closed","template":"template-offers.php","meta":{"footnotes":""},"class_list":["post-117","page","type-page","status-publish","hentry"],"yoast_head":"<!-- This site is optimized with the Yoast SEO plugin v26.9 - https:\/\/yoast.com\/product\/yoast-seo-wordpress\/ -->\n<title>Speci\u00e1ln\u00ed nab\u00eddka | Allure Hotel Prague<\/title>\n<meta name=\"description\" content=\"Vyu\u017eijte na\u0161ich speci\u00e1ln\u00edch nab\u00eddek pro pobyt v srdci historick\u00e9ho centra Prahy, nedaleko hlavn\u00edch pam\u00e1tek m\u011bsta.\" \/>\n<meta name=\"robots\" content=\"index, follow, max-snippet:-1, max-image-preview:large, max-video-preview:-1\" \/>\n<link rel=\"canonical\" href=\"https:\/\/www.allurehotelprague.com\/cs\/specialni-nabidky\/\" \/>\n<meta property=\"og:locale\" content=\"cs_CZ\" \/>\n<meta property=\"og:type\" content=\"article\" \/>\n<meta property=\"og:title\" content=\"Speci\u00e1ln\u00ed nab\u00eddka | Allure Hotel Prague\" \/>\n<meta property=\"og:description\" content=\"Vyu\u017eijte na\u0161ich speci\u00e1ln\u00edch nab\u00eddek pro pobyt v srdci historick\u00e9ho centra Prahy, nedaleko hlavn\u00edch pam\u00e1tek m\u011bsta.\" \/>\n<meta property=\"og:url\" content=\"https:\/\/www.allurehotelprague.com\/cs\/specialni-nabidky\/\" \/>\n<meta property=\"og:site_name\" content=\"Allure Hotel &amp; Residence Prague\" \/>\n<meta property=\"article:modified_time\" content=\"2024-07-31T11:29:48+00:00\" \/>\n<meta name=\"twitter:card\" content=\"summary_large_image\" \/>\n<meta name=\"twitter:label1\" content=\"Odhadovan\u00e1 doba \u010dten\u00ed\" \/>\n\t<meta name=\"twitter:data1\" content=\"1 minuta\" \/>\n<script type=\"application\/ld+json\" class=\"yoast-schema-graph\">{\"@context\":\"https:\/\/schema.org\",\"@graph\":[{\"@type\":\"WebPage\",\"@id\":\"https:\/\/www.allurehotelprague.com\/cs\/specialni-nabidky\/\",\"url\":\"https:\/\/www.allurehotelprague.com\/cs\/specialni-nabidky\/\",\"name\":\"Speci\u00e1ln\u00ed nab\u00eddka | Allure Hotel Prague\",\"isPartOf\":{\"@id\":\"https:\/\/www.allurehotelprague.com\/cs\/#website\"},\"datePublished\":\"2022-10-12T10:05:25+00:00\",\"dateModified\":\"2024-07-31T11:29:48+00:00\",\"description\":\"Vyu\u017eijte na\u0161ich speci\u00e1ln\u00edch nab\u00eddek pro pobyt v srdci historick\u00e9ho centra Prahy, nedaleko hlavn\u00edch pam\u00e1tek m\u011bsta.\",\"breadcrumb\":{\"@id\":\"https:\/\/www.allurehotelprague.com\/cs\/specialni-nabidky\/#breadcrumb\"},\"inLanguage\":\"cs\",\"potentialAction\":[{\"@type\":\"ReadAction\",\"target\":[\"https:\/\/www.allurehotelprague.com\/cs\/specialni-nabidky\/\"]}]},{\"@type\":\"BreadcrumbList\",\"@id\":\"https:\/\/www.allurehotelprague.com\/cs\/specialni-nabidky\/#breadcrumb\",\"itemListElement\":[{\"@type\":\"ListItem\",\"position\":1,\"name\":\"Home\",\"item\":\"https:\/\/www.allurehotelprague.com\/cs\/\"},{\"@type\":\"ListItem\",\"position\":2,\"name\":\"Speci\u00e1ln\u00ed nab\u00eddky\"}]},{\"@type\":\"WebSite\",\"@id\":\"https:\/\/www.allurehotelprague.com\/cs\/#website\",\"url\":\"https:\/\/www.allurehotelprague.com\/cs\/\",\"name\":\"Allure Hotel &amp; Residence Prague\",\"description\":\"\",\"potentialAction\":[{\"@type\":\"SearchAction\",\"target\":{\"@type\":\"EntryPoint\",\"urlTemplate\":\"https:\/\/www.allurehotelprague.com\/cs\/?s={search_term_string}\"},\"query-input\":{\"@type\":\"PropertyValueSpecification\",\"valueRequired\":true,\"valueName\":\"search_term_string\"}}],\"inLanguage\":\"cs\"}]}<\/script>\n<!-- \/ Yoast SEO plugin. -->","yoast_head_json":{"title":"Speci\u00e1ln\u00ed nab\u00eddka | Allure Hotel Prague","description":"Vyu\u017eijte na\u0161ich speci\u00e1ln\u00edch nab\u00eddek pro pobyt v srdci historick\u00e9ho centra Prahy, nedaleko hlavn\u00edch pam\u00e1tek m\u011bsta.","robots":{"index":"index","follow":"follow","max-snippet":"max-snippet:-1","max-image-preview":"max-image-preview:large","max-video-preview":"max-video-preview:-1"},"canonical":"https:\/\/www.allurehotelprague.com\/cs\/specialni-nabidky\/","og_locale":"cs_CZ","og_type":"article","og_title":"Speci\u00e1ln\u00ed nab\u00eddka | Allure Hotel Prague","og_description":"Vyu\u017eijte na\u0161ich speci\u00e1ln\u00edch nab\u00eddek pro pobyt v srdci historick\u00e9ho centra Prahy, nedaleko hlavn\u00edch pam\u00e1tek m\u011bsta.","og_url":"https:\/\/www.allurehotelprague.com\/cs\/specialni-nabidky\/","og_site_name":"Allure Hotel &amp; Residence Prague","article_modified_time":"2024-07-31T11:29:48+00:00","twitter_card":"summary_large_image","twitter_misc":{"Odhadovan\u00e1 doba \u010dten\u00ed":"1 minuta"},"schema":{"@context":"https:\/\/schema.org","@graph":[{"@type":"WebPage","@id":"https:\/\/www.allurehotelprague.com\/cs\/specialni-nabidky\/","url":"https:\/\/www.allurehotelprague.com\/cs\/specialni-nabidky\/","name":"Speci\u00e1ln\u00ed nab\u00eddka | Allure Hotel Prague","isPartOf":{"@id":"https:\/\/www.allurehotelprague.com\/cs\/#website"},"datePublished":"2022-10-12T10:05:25+00:00","dateModified":"2024-07-31T11:29:48+00:00","description":"Vyu\u017eijte na\u0161ich speci\u00e1ln\u00edch nab\u00eddek pro pobyt v srdci historick\u00e9ho centra Prahy, nedaleko hlavn\u00edch pam\u00e1tek m\u011bsta.","breadcrumb":{"@id":"https:\/\/www.allurehotelprague.com\/cs\/specialni-nabidky\/#breadcrumb"},"inLanguage":"cs","potentialAction":[{"@type":"ReadAction","target":["https:\/\/www.allurehotelprague.com\/cs\/specialni-nabidky\/"]}]},{"@type":"BreadcrumbList","@id":"https:\/\/www.allurehotelprague.com\/cs\/specialni-nabidky\/#breadcrumb","itemListElement":[{"@type":"ListItem","position":1,"name":"Home","item":"https:\/\/www.allurehotelprague.com\/cs\/"},{"@type":"ListItem","position":2,"name":"Speci\u00e1ln\u00ed nab\u00eddky"}]},{"@type":"WebSite","@id":"https:\/\/www.allurehotelprague.com\/cs\/#website","url":"https:\/\/www.allurehotelprague.com\/cs\/","name":"Allure Hotel &amp; Residence Prague","description":"","potentialAction":[{"@type":"SearchAction","target":{"@type":"EntryPoint","urlTemplate":"https:\/\/www.allurehotelprague.com\/cs\/?s={search_term_string}"},"query-input":{"@type":"PropertyValueSpecification","valueRequired":true,"valueName":"search_term_string"}}],"inLanguage":"cs"}]}},"acf":[],"_links":{"self":[{"href":"https:\/\/www.allurehotelprague.com\/cs\/wp-json\/wp\/v2\/pages\/117","targetHints":{"allow":["GET"]}}],"collection":[{"href":"https:\/\/www.allurehotelprague.com\/cs\/wp-json\/wp\/v2\/pages"}],"about":[{"href":"https:\/\/www.allurehotelprague.com\/cs\/wp-json\/wp\/v2\/types\/page"}],"author":[{"embeddable":true,"href":"https:\/\/www.allurehotelprague.com\/cs\/wp-json\/wp\/v2\/users\/4"}],"replies":[{"embeddable":true,"href":"https:\/\/www.allurehotelprague.com\/cs\/wp-json\/wp\/v2\/comments?post=117"}],"version-history":[{"count":0,"href":"https:\/\/www.allurehotelprague.com\/cs\/wp-json\/wp\/v2\/pages\/117\/revisions"}],"wp:attachment":[{"href":"https:\/\/www.allurehotelprague.com\/cs\/wp-json\/wp\/v2\/media?parent=117"}],"curies":[{"name":"wp","href":"https:\/\/api.w.org\/{rel}","templated":true}]}}