{"id":139,"date":"2022-10-13T13:39:14","date_gmt":"2022-10-13T13:39:14","guid":{"rendered":"https:\/\/allure-hotel-prague.ms.decms.eu\/?page_id=139"},"modified":"2026-01-08T10:03:53","modified_gmt":"2026-01-08T10:03:53","slug":"recenze-hotelovych-hostu","status":"publish","type":"page","link":"https:\/\/www.allurehotelprague.com\/cs\/recenze-hotelovych-hostu\/","title":{"rendered":"Recenze hotelov\u00fdch host\u016f"},"content":{"rendered":"<p style=\"text-align: center\" data-start=\"148\" data-end=\"363\">N\u00e1zory na\u0161ich host\u016f jsou pro n\u00e1s neoceniteln\u00e9. Skute\u010dn\u011b naslouch\u00e1me zp\u011btn\u00e9 vazb\u011b a pou\u017e\u00edv\u00e1me ji k neust\u00e1l\u00e9mu zlep\u0161ov\u00e1n\u00ed na\u0161ich slu\u017eeb, aby byl ka\u017ed\u00fd pobyt v samotn\u00e9m srdci Prahy pohodln\u00fd a nezapomenuteln\u00fd.<\/p>\n<p style=\"text-align: center\" data-start=\"365\" data-end=\"558\">Zveme v\u00e1s, abyste se s n\u00e1mi pod\u011blili o sv\u00e9 zku\u0161enosti. M\u016f\u017eete n\u00e1s kontaktovat e-mailem na <span style=\"color: #3366ff\"><a class=\"decorated-link cursor-pointer\" style=\"color: #3366ff\" rel=\"noopener\" data-start=\"457\" data-end=\"483\">info@allurehotelprague.com<\/a><\/span> nebo zanechat sv\u016fj koment\u00e1\u0159 na Tripadvisor, Booking.com \u010di Google.<\/p>\n<p style=\"text-align: center\" data-start=\"560\" data-end=\"773\">Na\u0161i host\u00e9 miluj\u00ed pobyt v Allure Hotel &amp; Residence pro jeho osobit\u00e9 kouzlo, centr\u00e1ln\u00ed polohu a osobn\u00ed servis. P\u0159e\u010dt\u011bte si na\u0161e nejnov\u011bj\u0161\u00ed recenze a zjist\u011bte, pro\u010d n\u00e1s n\u00e1v\u0161t\u011bvn\u00edci \u0159ad\u00ed mezi top boutique hotely v Praze. P\u0159ije\u010fte a za\u017eijte pohodl\u00ed, eleganci a srde\u010dn\u00fd servis\u00a0na vlastn\u00ed k\u016f\u017ei.<\/p>\n","protected":false},"excerpt":{"rendered":"<p>N\u00e1zory na\u0161ich host\u016f jsou pro n\u00e1s neoceniteln\u00e9. Skute\u010dn\u011b naslouch\u00e1me zp\u011btn\u00e9 vazb\u011b a pou\u017e\u00edv\u00e1me ji k neust\u00e1l\u00e9mu zlep\u0161ov\u00e1n\u00ed na\u0161ich slu\u017eeb, aby byl ka\u017ed\u00fd pobyt v samotn\u00e9m srdci Prahy pohodln\u00fd a nezapomenuteln\u00fd. Zveme v\u00e1s, abyste se s n\u00e1mi pod\u011blili o sv\u00e9 zku\u0161enosti. M\u016f\u017eete n\u00e1s kontaktovat e-mailem na info@allurehotelprague.com nebo zanechat sv\u016fj koment\u00e1\u0159 na Tripadvisor, Booking.com \u010di Google. [&hellip;]<\/p>\n","protected":false},"author":4,"featured_media":0,"parent":0,"menu_order":100,"comment_status":"closed","ping_status":"closed","template":"template-default-3.php","meta":{"footnotes":""},"class_list":["post-139","page","type-page","status-publish","hentry"],"yoast_head":"<!-- This site is optimized with the Yoast SEO plugin v26.9 - https:\/\/yoast.com\/product\/yoast-seo-wordpress\/ -->\n<title>Recenze hotelov\u00fdch host\u016f | Allure Hotel Prague<\/title>\n<meta name=\"description\" content=\"Pod\u00edvejte se, co \u0159\u00edkaj\u00ed ostatn\u00ed o hotelu Allure. P\u0159e\u010dt\u011bte si skute\u010dn\u00e9 recenze a nechte se inspirovat. Nav\u0161tivte @allurehotelprague.\" \/>\n<meta name=\"robots\" content=\"index, follow, max-snippet:-1, max-image-preview:large, max-video-preview:-1\" \/>\n<link rel=\"canonical\" href=\"https:\/\/www.allurehotelprague.com\/cs\/recenze-hotelovych-hostu\/\" \/>\n<meta property=\"og:locale\" content=\"cs_CZ\" \/>\n<meta property=\"og:type\" content=\"article\" \/>\n<meta property=\"og:title\" content=\"Recenze hotelov\u00fdch host\u016f | Allure Hotel Prague\" \/>\n<meta property=\"og:description\" content=\"Pod\u00edvejte se, co \u0159\u00edkaj\u00ed ostatn\u00ed o hotelu Allure. P\u0159e\u010dt\u011bte si skute\u010dn\u00e9 recenze a nechte se inspirovat. Nav\u0161tivte @allurehotelprague.\" \/>\n<meta property=\"og:url\" content=\"https:\/\/www.allurehotelprague.com\/cs\/recenze-hotelovych-hostu\/\" \/>\n<meta property=\"og:site_name\" content=\"Allure Hotel &amp; Residence Prague\" \/>\n<meta property=\"article:modified_time\" content=\"2026-01-08T10:03:53+00:00\" \/>\n<meta name=\"twitter:card\" content=\"summary_large_image\" \/>\n<meta name=\"twitter:label1\" content=\"Odhadovan\u00e1 doba \u010dten\u00ed\" \/>\n\t<meta name=\"twitter:data1\" content=\"1 minuta\" \/>\n<script type=\"application\/ld+json\" class=\"yoast-schema-graph\">{\"@context\":\"https:\/\/schema.org\",\"@graph\":[{\"@type\":\"WebPage\",\"@id\":\"https:\/\/www.allurehotelprague.com\/cs\/recenze-hotelovych-hostu\/\",\"url\":\"https:\/\/www.allurehotelprague.com\/cs\/recenze-hotelovych-hostu\/\",\"name\":\"Recenze hotelov\u00fdch host\u016f | Allure Hotel Prague\",\"isPartOf\":{\"@id\":\"https:\/\/www.allurehotelprague.com\/cs\/#website\"},\"datePublished\":\"2022-10-13T13:39:14+00:00\",\"dateModified\":\"2026-01-08T10:03:53+00:00\",\"description\":\"Pod\u00edvejte se, co \u0159\u00edkaj\u00ed ostatn\u00ed o hotelu Allure. P\u0159e\u010dt\u011bte si skute\u010dn\u00e9 recenze a nechte se inspirovat. Nav\u0161tivte @allurehotelprague.\",\"breadcrumb\":{\"@id\":\"https:\/\/www.allurehotelprague.com\/cs\/recenze-hotelovych-hostu\/#breadcrumb\"},\"inLanguage\":\"cs\",\"potentialAction\":[{\"@type\":\"ReadAction\",\"target\":[\"https:\/\/www.allurehotelprague.com\/cs\/recenze-hotelovych-hostu\/\"]}]},{\"@type\":\"BreadcrumbList\",\"@id\":\"https:\/\/www.allurehotelprague.com\/cs\/recenze-hotelovych-hostu\/#breadcrumb\",\"itemListElement\":[{\"@type\":\"ListItem\",\"position\":1,\"name\":\"Home\",\"item\":\"https:\/\/www.allurehotelprague.com\/cs\/\"},{\"@type\":\"ListItem\",\"position\":2,\"name\":\"Recenze hotelov\u00fdch host\u016f\"}]},{\"@type\":\"WebSite\",\"@id\":\"https:\/\/www.allurehotelprague.com\/cs\/#website\",\"url\":\"https:\/\/www.allurehotelprague.com\/cs\/\",\"name\":\"Allure Hotel &amp; Residence Prague\",\"description\":\"\",\"potentialAction\":[{\"@type\":\"SearchAction\",\"target\":{\"@type\":\"EntryPoint\",\"urlTemplate\":\"https:\/\/www.allurehotelprague.com\/cs\/?s={search_term_string}\"},\"query-input\":{\"@type\":\"PropertyValueSpecification\",\"valueRequired\":true,\"valueName\":\"search_term_string\"}}],\"inLanguage\":\"cs\"}]}<\/script>\n<!-- \/ Yoast SEO plugin. -->","yoast_head_json":{"title":"Recenze hotelov\u00fdch host\u016f | Allure Hotel Prague","description":"Pod\u00edvejte se, co \u0159\u00edkaj\u00ed ostatn\u00ed o hotelu Allure. P\u0159e\u010dt\u011bte si skute\u010dn\u00e9 recenze a nechte se inspirovat. Nav\u0161tivte @allurehotelprague.","robots":{"index":"index","follow":"follow","max-snippet":"max-snippet:-1","max-image-preview":"max-image-preview:large","max-video-preview":"max-video-preview:-1"},"canonical":"https:\/\/www.allurehotelprague.com\/cs\/recenze-hotelovych-hostu\/","og_locale":"cs_CZ","og_type":"article","og_title":"Recenze hotelov\u00fdch host\u016f | Allure Hotel Prague","og_description":"Pod\u00edvejte se, co \u0159\u00edkaj\u00ed ostatn\u00ed o hotelu Allure. P\u0159e\u010dt\u011bte si skute\u010dn\u00e9 recenze a nechte se inspirovat. Nav\u0161tivte @allurehotelprague.","og_url":"https:\/\/www.allurehotelprague.com\/cs\/recenze-hotelovych-hostu\/","og_site_name":"Allure Hotel &amp; Residence Prague","article_modified_time":"2026-01-08T10:03:53+00:00","twitter_card":"summary_large_image","twitter_misc":{"Odhadovan\u00e1 doba \u010dten\u00ed":"1 minuta"},"schema":{"@context":"https:\/\/schema.org","@graph":[{"@type":"WebPage","@id":"https:\/\/www.allurehotelprague.com\/cs\/recenze-hotelovych-hostu\/","url":"https:\/\/www.allurehotelprague.com\/cs\/recenze-hotelovych-hostu\/","name":"Recenze hotelov\u00fdch host\u016f | Allure Hotel Prague","isPartOf":{"@id":"https:\/\/www.allurehotelprague.com\/cs\/#website"},"datePublished":"2022-10-13T13:39:14+00:00","dateModified":"2026-01-08T10:03:53+00:00","description":"Pod\u00edvejte se, co \u0159\u00edkaj\u00ed ostatn\u00ed o hotelu Allure. P\u0159e\u010dt\u011bte si skute\u010dn\u00e9 recenze a nechte se inspirovat. Nav\u0161tivte @allurehotelprague.","breadcrumb":{"@id":"https:\/\/www.allurehotelprague.com\/cs\/recenze-hotelovych-hostu\/#breadcrumb"},"inLanguage":"cs","potentialAction":[{"@type":"ReadAction","target":["https:\/\/www.allurehotelprague.com\/cs\/recenze-hotelovych-hostu\/"]}]},{"@type":"BreadcrumbList","@id":"https:\/\/www.allurehotelprague.com\/cs\/recenze-hotelovych-hostu\/#breadcrumb","itemListElement":[{"@type":"ListItem","position":1,"name":"Home","item":"https:\/\/www.allurehotelprague.com\/cs\/"},{"@type":"ListItem","position":2,"name":"Recenze hotelov\u00fdch host\u016f"}]},{"@type":"WebSite","@id":"https:\/\/www.allurehotelprague.com\/cs\/#website","url":"https:\/\/www.allurehotelprague.com\/cs\/","name":"Allure Hotel &amp; Residence Prague","description":"","potentialAction":[{"@type":"SearchAction","target":{"@type":"EntryPoint","urlTemplate":"https:\/\/www.allurehotelprague.com\/cs\/?s={search_term_string}"},"query-input":{"@type":"PropertyValueSpecification","valueRequired":true,"valueName":"search_term_string"}}],"inLanguage":"cs"}]}},"acf":[],"_links":{"self":[{"href":"https:\/\/www.allurehotelprague.com\/cs\/wp-json\/wp\/v2\/pages\/139","targetHints":{"allow":["GET"]}}],"collection":[{"href":"https:\/\/www.allurehotelprague.com\/cs\/wp-json\/wp\/v2\/pages"}],"about":[{"href":"https:\/\/www.allurehotelprague.com\/cs\/wp-json\/wp\/v2\/types\/page"}],"author":[{"embeddable":true,"href":"https:\/\/www.allurehotelprague.com\/cs\/wp-json\/wp\/v2\/users\/4"}],"replies":[{"embeddable":true,"href":"https:\/\/www.allurehotelprague.com\/cs\/wp-json\/wp\/v2\/comments?post=139"}],"version-history":[{"count":0,"href":"https:\/\/www.allurehotelprague.com\/cs\/wp-json\/wp\/v2\/pages\/139\/revisions"}],"wp:attachment":[{"href":"https:\/\/www.allurehotelprague.com\/cs\/wp-json\/wp\/v2\/media?parent=139"}],"curies":[{"name":"wp","href":"https:\/\/api.w.org\/{rel}","templated":true}]}}