{"id":141,"date":"2022-10-13T13:55:26","date_gmt":"2022-10-13T13:55:26","guid":{"rendered":"https:\/\/allure-hotel-prague.ms.decms.eu\/?page_id=141"},"modified":"2025-05-22T08:03:41","modified_gmt":"2025-05-22T08:03:41","slug":"kde-nas-najdete","status":"publish","type":"page","link":"https:\/\/www.allurehotelprague.com\/cs\/kde-nas-najdete\/","title":{"rendered":"Kde n\u00e1s najdete"},"content":{"rendered":"<p>Hotel se nach\u00e1z\u00ed v sam\u00e9m srdci historick\u00e9 \u010d\u00e1sti Prahy, ze kter\u00e9 jsou p\u0159\u00edstupn\u00e9 p\u011b\u0161ky v\u0161echny nejatraktivn\u011bj\u0161\u00ed \u010d\u00e1sti Star\u00e9ho a Nov\u00e9ho m\u011bsta i Mal\u00e9 strany. Nejbli\u017e\u0161\u00ed okol\u00ed objektu je velmi klidn\u00e1 \u010d\u00e1st centra Prahy, v bl\u00edzkosti park\u016f se zelen\u00ed a na dohled \u0159eky Vltavy. Hotel nab\u00edz\u00ed \u00fachvatn\u00e9 v\u00fdhledy na star\u00e9 m\u011bsto pra\u017esk\u00e9, jeho malebn\u00e9 st\u0159echy a tak\u00e9 chloubu m\u011bsta &#8211; Pra\u017esk\u00fd hrad. V dochoz\u00ed vzd\u00e1lenosti 500m je k dispozici tak\u00e9 m\u011bstsk\u00e1 hromadn\u00e1 doprava.<\/p>\n<p>V p\u0159\u00edpad\u011b, \u017ee p\u0159ijedete autem, m\u016f\u017eete vyu\u017e\u00edt na\u0161ich parkovac\u00edch m\u00edst na ulici \u010di v gar\u00e1\u017ei v p\u011b\u0161\u00ed vzd\u00e1lenosti. R\u00e1di bychom V\u00e1s informovali, \u017ee z d\u016fvodu omezen\u00e9 kapacity je nezbytn\u00e9 si parkovac\u00ed st\u00e1n\u00ed rezervovat p\u0159edem. Cena parkov\u00e1n\u00ed se pohybuje od 600 K\u010d do 1200 K\u010d za auto a den, ale jen do 31.12.2024.<\/p>\n<p style=\"text-align: center\"><strong>Od 1. ledna 2025 ji\u017e nebude mo\u017en\u00e9 parkov\u00e1n\u00ed v bl\u00edzkosti hotelu.<\/strong><\/p>\n","protected":false},"excerpt":{"rendered":"<p>Hotel se nach\u00e1z\u00ed v sam\u00e9m srdci historick\u00e9 \u010d\u00e1sti Prahy, ze kter\u00e9 jsou p\u0159\u00edstupn\u00e9 p\u011b\u0161ky v\u0161echny nejatraktivn\u011bj\u0161\u00ed \u010d\u00e1sti Star\u00e9ho a Nov\u00e9ho m\u011bsta i Mal\u00e9 strany. Nejbli\u017e\u0161\u00ed okol\u00ed objektu je velmi klidn\u00e1 \u010d\u00e1st centra Prahy, v bl\u00edzkosti park\u016f se zelen\u00ed a na dohled \u0159eky Vltavy. Hotel nab\u00edz\u00ed \u00fachvatn\u00e9 v\u00fdhledy na star\u00e9 m\u011bsto pra\u017esk\u00e9, jeho malebn\u00e9 st\u0159echy a [&hellip;]<\/p>\n","protected":false},"author":4,"featured_media":0,"parent":0,"menu_order":110,"comment_status":"closed","ping_status":"closed","template":"template-location.php","meta":{"footnotes":""},"class_list":["post-141","page","type-page","status-publish","hentry"],"yoast_head":"<!-- This site is optimized with the Yoast SEO plugin v26.9 - https:\/\/yoast.com\/product\/yoast-seo-wordpress\/ -->\n<title>Kde n\u00e1s najdete | Allure Hotel Prague<\/title>\n<meta name=\"description\" content=\"Hotel se nach\u00e1z\u00ed v samotn\u00e9m srdci Prahy, v p\u011b\u0161\u00ed vzd\u00e1lenosti od hlavn\u00edch atrakc\u00ed a historick\u00fdch pam\u00e1tek, kter\u00e9 m\u011bsto nab\u00edz\u00ed.\" \/>\n<meta name=\"robots\" content=\"index, follow, max-snippet:-1, max-image-preview:large, max-video-preview:-1\" \/>\n<link rel=\"canonical\" href=\"https:\/\/www.allurehotelprague.com\/cs\/kde-nas-najdete\/\" \/>\n<meta property=\"og:locale\" content=\"cs_CZ\" \/>\n<meta property=\"og:type\" content=\"article\" \/>\n<meta property=\"og:title\" content=\"Kde n\u00e1s najdete | Allure Hotel Prague\" \/>\n<meta property=\"og:description\" content=\"Hotel se nach\u00e1z\u00ed v samotn\u00e9m srdci Prahy, v p\u011b\u0161\u00ed vzd\u00e1lenosti od hlavn\u00edch atrakc\u00ed a historick\u00fdch pam\u00e1tek, kter\u00e9 m\u011bsto nab\u00edz\u00ed.\" \/>\n<meta property=\"og:url\" content=\"https:\/\/www.allurehotelprague.com\/cs\/kde-nas-najdete\/\" \/>\n<meta property=\"og:site_name\" content=\"Allure Hotel &amp; Residence Prague\" \/>\n<meta property=\"article:modified_time\" content=\"2025-05-22T08:03:41+00:00\" \/>\n<meta name=\"twitter:card\" content=\"summary_large_image\" \/>\n<meta name=\"twitter:label1\" content=\"Odhadovan\u00e1 doba \u010dten\u00ed\" \/>\n\t<meta name=\"twitter:data1\" content=\"1 minuta\" \/>\n<script type=\"application\/ld+json\" class=\"yoast-schema-graph\">{\"@context\":\"https:\/\/schema.org\",\"@graph\":[{\"@type\":\"WebPage\",\"@id\":\"https:\/\/www.allurehotelprague.com\/cs\/kde-nas-najdete\/\",\"url\":\"https:\/\/www.allurehotelprague.com\/cs\/kde-nas-najdete\/\",\"name\":\"Kde n\u00e1s najdete | Allure Hotel Prague\",\"isPartOf\":{\"@id\":\"https:\/\/www.allurehotelprague.com\/cs\/#website\"},\"datePublished\":\"2022-10-13T13:55:26+00:00\",\"dateModified\":\"2025-05-22T08:03:41+00:00\",\"description\":\"Hotel se nach\u00e1z\u00ed v samotn\u00e9m srdci Prahy, v p\u011b\u0161\u00ed vzd\u00e1lenosti od hlavn\u00edch atrakc\u00ed a historick\u00fdch pam\u00e1tek, kter\u00e9 m\u011bsto nab\u00edz\u00ed.\",\"breadcrumb\":{\"@id\":\"https:\/\/www.allurehotelprague.com\/cs\/kde-nas-najdete\/#breadcrumb\"},\"inLanguage\":\"cs\",\"potentialAction\":[{\"@type\":\"ReadAction\",\"target\":[\"https:\/\/www.allurehotelprague.com\/cs\/kde-nas-najdete\/\"]}]},{\"@type\":\"BreadcrumbList\",\"@id\":\"https:\/\/www.allurehotelprague.com\/cs\/kde-nas-najdete\/#breadcrumb\",\"itemListElement\":[{\"@type\":\"ListItem\",\"position\":1,\"name\":\"Home\",\"item\":\"https:\/\/www.allurehotelprague.com\/cs\/\"},{\"@type\":\"ListItem\",\"position\":2,\"name\":\"Kde n\u00e1s najdete\"}]},{\"@type\":\"WebSite\",\"@id\":\"https:\/\/www.allurehotelprague.com\/cs\/#website\",\"url\":\"https:\/\/www.allurehotelprague.com\/cs\/\",\"name\":\"Allure Hotel &amp; Residence Prague\",\"description\":\"\",\"potentialAction\":[{\"@type\":\"SearchAction\",\"target\":{\"@type\":\"EntryPoint\",\"urlTemplate\":\"https:\/\/www.allurehotelprague.com\/cs\/?s={search_term_string}\"},\"query-input\":{\"@type\":\"PropertyValueSpecification\",\"valueRequired\":true,\"valueName\":\"search_term_string\"}}],\"inLanguage\":\"cs\"}]}<\/script>\n<!-- \/ Yoast SEO plugin. -->","yoast_head_json":{"title":"Kde n\u00e1s najdete | Allure Hotel Prague","description":"Hotel se nach\u00e1z\u00ed v samotn\u00e9m srdci Prahy, v p\u011b\u0161\u00ed vzd\u00e1lenosti od hlavn\u00edch atrakc\u00ed a historick\u00fdch pam\u00e1tek, kter\u00e9 m\u011bsto nab\u00edz\u00ed.","robots":{"index":"index","follow":"follow","max-snippet":"max-snippet:-1","max-image-preview":"max-image-preview:large","max-video-preview":"max-video-preview:-1"},"canonical":"https:\/\/www.allurehotelprague.com\/cs\/kde-nas-najdete\/","og_locale":"cs_CZ","og_type":"article","og_title":"Kde n\u00e1s najdete | Allure Hotel Prague","og_description":"Hotel se nach\u00e1z\u00ed v samotn\u00e9m srdci Prahy, v p\u011b\u0161\u00ed vzd\u00e1lenosti od hlavn\u00edch atrakc\u00ed a historick\u00fdch pam\u00e1tek, kter\u00e9 m\u011bsto nab\u00edz\u00ed.","og_url":"https:\/\/www.allurehotelprague.com\/cs\/kde-nas-najdete\/","og_site_name":"Allure Hotel &amp; Residence Prague","article_modified_time":"2025-05-22T08:03:41+00:00","twitter_card":"summary_large_image","twitter_misc":{"Odhadovan\u00e1 doba \u010dten\u00ed":"1 minuta"},"schema":{"@context":"https:\/\/schema.org","@graph":[{"@type":"WebPage","@id":"https:\/\/www.allurehotelprague.com\/cs\/kde-nas-najdete\/","url":"https:\/\/www.allurehotelprague.com\/cs\/kde-nas-najdete\/","name":"Kde n\u00e1s najdete | Allure Hotel Prague","isPartOf":{"@id":"https:\/\/www.allurehotelprague.com\/cs\/#website"},"datePublished":"2022-10-13T13:55:26+00:00","dateModified":"2025-05-22T08:03:41+00:00","description":"Hotel se nach\u00e1z\u00ed v samotn\u00e9m srdci Prahy, v p\u011b\u0161\u00ed vzd\u00e1lenosti od hlavn\u00edch atrakc\u00ed a historick\u00fdch pam\u00e1tek, kter\u00e9 m\u011bsto nab\u00edz\u00ed.","breadcrumb":{"@id":"https:\/\/www.allurehotelprague.com\/cs\/kde-nas-najdete\/#breadcrumb"},"inLanguage":"cs","potentialAction":[{"@type":"ReadAction","target":["https:\/\/www.allurehotelprague.com\/cs\/kde-nas-najdete\/"]}]},{"@type":"BreadcrumbList","@id":"https:\/\/www.allurehotelprague.com\/cs\/kde-nas-najdete\/#breadcrumb","itemListElement":[{"@type":"ListItem","position":1,"name":"Home","item":"https:\/\/www.allurehotelprague.com\/cs\/"},{"@type":"ListItem","position":2,"name":"Kde n\u00e1s najdete"}]},{"@type":"WebSite","@id":"https:\/\/www.allurehotelprague.com\/cs\/#website","url":"https:\/\/www.allurehotelprague.com\/cs\/","name":"Allure Hotel &amp; Residence Prague","description":"","potentialAction":[{"@type":"SearchAction","target":{"@type":"EntryPoint","urlTemplate":"https:\/\/www.allurehotelprague.com\/cs\/?s={search_term_string}"},"query-input":{"@type":"PropertyValueSpecification","valueRequired":true,"valueName":"search_term_string"}}],"inLanguage":"cs"}]}},"acf":[],"_links":{"self":[{"href":"https:\/\/www.allurehotelprague.com\/cs\/wp-json\/wp\/v2\/pages\/141","targetHints":{"allow":["GET"]}}],"collection":[{"href":"https:\/\/www.allurehotelprague.com\/cs\/wp-json\/wp\/v2\/pages"}],"about":[{"href":"https:\/\/www.allurehotelprague.com\/cs\/wp-json\/wp\/v2\/types\/page"}],"author":[{"embeddable":true,"href":"https:\/\/www.allurehotelprague.com\/cs\/wp-json\/wp\/v2\/users\/4"}],"replies":[{"embeddable":true,"href":"https:\/\/www.allurehotelprague.com\/cs\/wp-json\/wp\/v2\/comments?post=141"}],"version-history":[{"count":0,"href":"https:\/\/www.allurehotelprague.com\/cs\/wp-json\/wp\/v2\/pages\/141\/revisions"}],"wp:attachment":[{"href":"https:\/\/www.allurehotelprague.com\/cs\/wp-json\/wp\/v2\/media?parent=141"}],"curies":[{"name":"wp","href":"https:\/\/api.w.org\/{rel}","templated":true}]}}