{"id":148,"date":"2022-10-13T14:24:53","date_gmt":"2022-10-13T14:24:53","guid":{"rendered":"https:\/\/allure-hotel-prague.ms.decms.eu\/?page_id=148"},"modified":"2025-05-22T08:10:05","modified_gmt":"2025-05-22T08:10:05","slug":"imprint","status":"publish","type":"page","link":"https:\/\/www.allurehotelprague.com\/cs\/imprint\/","title":{"rendered":"Imprint"},"content":{"rendered":"<p style=\"text-align: center\">WWW.ALLUREHOTELPRAGUE.COM<\/p>\n<p style=\"text-align: center\">Je internetov\u00e1 dom\u00e9na vlastn\u011bn\u00e1 spole\u010dnost\u00ed On The Island s.r.o.<\/p>\n<p style=\"text-align: center\">Kontaktn\u00ed informace:<\/p>\n<p style=\"text-align: center\">Spole\u010dnost On The Island s.r.o.<\/p>\n<p style=\"text-align: center\">s reg. adresa Plask\u00e1 614\/10, Mal\u00e1 Strana (Praha 5), \u200b\u200b150 00 Praha, pod ev. \u010d\u00edslo 11767863<\/p>\n<p style=\"text-align: center\">zastoupen\u00fd: Michal Chour \u2013 jednatel<\/p>\n<p style=\"text-align: center\">I\u010cO: 11767863<\/p>\n<p style=\"text-align: center\">DI\u010c: CZ11767863<\/p>\n<p style=\"text-align: center\">Bankovn\u00ed \u00fadaje:<\/p>\n<table class=\" aligncenter\" style=\"height: 208px\" width=\"755\">\n<tbody>\n<tr>\n<td width=\"62\">M\u011bna<\/td>\n<td width=\"110\">\u010c\u00edslo \u00fa\u010dtu<\/td>\n<td width=\"70\">K\u00f3d banky<\/td>\n<td width=\"239\">Jm\u00e9no banky<\/td>\n<td width=\"202\">IBAN<\/td>\n<td width=\"71\">SWIFT<\/td>\n<\/tr>\n<tr>\n<td>CZK<\/td>\n<td>348508075<\/td>\n<td>0300<\/td>\n<td>\u010ceskoslovensk\u00e1 obchodn\u00ed banka a.s.<\/td>\n<td>CZ17 0300 0000 0003 4850 8075<\/td>\n<td>CEKOCZPP<\/td>\n<\/tr>\n<tr>\n<td>EUR<\/td>\n<td>348667332<\/td>\n<td>0300<\/td>\n<td>\u010ceskoslovensk\u00e1 obchodn\u00ed banka a.s.<\/td>\n<td>CZ88 0300 0000 0003 4866 7332<\/td>\n<td>CEKOCZPP<\/td>\n<\/tr>\n<tr>\n<td><\/td>\n<td><\/td>\n<td><\/td>\n<td><\/td>\n<td><\/td>\n<td><\/td>\n<\/tr>\n<\/tbody>\n<\/table>\n<p style=\"text-align: center\">ALLURE HOTEL &amp; RESIDENCE PRAHA @ V\u0160ECHNA PR\u00c1VA VYHRAZENA<\/p>\n<p>&nbsp;<\/p>\n","protected":false},"excerpt":{"rendered":"<p>WWW.ALLUREHOTELPRAGUE.COM Je internetov\u00e1 dom\u00e9na vlastn\u011bn\u00e1 spole\u010dnost\u00ed On The Island s.r.o. Kontaktn\u00ed informace: Spole\u010dnost On The Island s.r.o. s reg. adresa Plask\u00e1 614\/10, Mal\u00e1 Strana (Praha 5), \u200b\u200b150 00 Praha, pod ev. \u010d\u00edslo 11767863 zastoupen\u00fd: Michal Chour \u2013 jednatel I\u010cO: 11767863 DI\u010c: CZ11767863 Bankovn\u00ed \u00fadaje: M\u011bna \u010c\u00edslo \u00fa\u010dtu K\u00f3d banky Jm\u00e9no banky IBAN SWIFT CZK 348508075 [&hellip;]<\/p>\n","protected":false},"author":4,"featured_media":0,"parent":0,"menu_order":140,"comment_status":"closed","ping_status":"closed","template":"","meta":{"footnotes":""},"class_list":["post-148","page","type-page","status-publish","hentry"],"yoast_head":"<!-- This site is optimized with the Yoast SEO plugin v26.9 - https:\/\/yoast.com\/product\/yoast-seo-wordpress\/ -->\n<title>Imprint - Allure Hotel &amp; Residence Prague -<\/title>\n<meta name=\"description\" content=\"WWW.ALLUREHOTELPRAGUE.COM je internetov\u00e1 dom\u00e9na vlastn\u011bn\u00e1 spole\u010dnost\u00ed On The Island s.r.o. Kontaktn\u00ed informace: On The Island s.r.o.\" \/>\n<meta name=\"robots\" content=\"index, follow, max-snippet:-1, max-image-preview:large, max-video-preview:-1\" \/>\n<link rel=\"canonical\" href=\"https:\/\/www.allurehotelprague.com\/cs\/imprint\/\" \/>\n<meta property=\"og:locale\" content=\"cs_CZ\" \/>\n<meta property=\"og:type\" content=\"article\" \/>\n<meta property=\"og:title\" content=\"Imprint - Allure Hotel &amp; Residence Prague -\" \/>\n<meta property=\"og:description\" content=\"WWW.ALLUREHOTELPRAGUE.COM je internetov\u00e1 dom\u00e9na vlastn\u011bn\u00e1 spole\u010dnost\u00ed On The Island s.r.o. Kontaktn\u00ed informace: On The Island s.r.o.\" \/>\n<meta property=\"og:url\" content=\"https:\/\/www.allurehotelprague.com\/cs\/imprint\/\" \/>\n<meta property=\"og:site_name\" content=\"Allure Hotel &amp; Residence Prague\" \/>\n<meta property=\"article:modified_time\" content=\"2025-05-22T08:10:05+00:00\" \/>\n<meta name=\"twitter:card\" content=\"summary_large_image\" \/>\n<meta name=\"twitter:label1\" content=\"Odhadovan\u00e1 doba \u010dten\u00ed\" \/>\n\t<meta name=\"twitter:data1\" content=\"1 minuta\" \/>\n<script type=\"application\/ld+json\" class=\"yoast-schema-graph\">{\"@context\":\"https:\/\/schema.org\",\"@graph\":[{\"@type\":\"WebPage\",\"@id\":\"https:\/\/www.allurehotelprague.com\/cs\/imprint\/\",\"url\":\"https:\/\/www.allurehotelprague.com\/cs\/imprint\/\",\"name\":\"Imprint - Allure Hotel &amp; Residence Prague -\",\"isPartOf\":{\"@id\":\"https:\/\/www.allurehotelprague.com\/cs\/#website\"},\"datePublished\":\"2022-10-13T14:24:53+00:00\",\"dateModified\":\"2025-05-22T08:10:05+00:00\",\"description\":\"WWW.ALLUREHOTELPRAGUE.COM je internetov\u00e1 dom\u00e9na vlastn\u011bn\u00e1 spole\u010dnost\u00ed On The Island s.r.o. Kontaktn\u00ed informace: On The Island s.r.o.\",\"breadcrumb\":{\"@id\":\"https:\/\/www.allurehotelprague.com\/cs\/imprint\/#breadcrumb\"},\"inLanguage\":\"cs\",\"potentialAction\":[{\"@type\":\"ReadAction\",\"target\":[\"https:\/\/www.allurehotelprague.com\/cs\/imprint\/\"]}]},{\"@type\":\"BreadcrumbList\",\"@id\":\"https:\/\/www.allurehotelprague.com\/cs\/imprint\/#breadcrumb\",\"itemListElement\":[{\"@type\":\"ListItem\",\"position\":1,\"name\":\"Home\",\"item\":\"https:\/\/www.allurehotelprague.com\/cs\/\"},{\"@type\":\"ListItem\",\"position\":2,\"name\":\"Imprint\"}]},{\"@type\":\"WebSite\",\"@id\":\"https:\/\/www.allurehotelprague.com\/cs\/#website\",\"url\":\"https:\/\/www.allurehotelprague.com\/cs\/\",\"name\":\"Allure Hotel &amp; Residence Prague\",\"description\":\"\",\"potentialAction\":[{\"@type\":\"SearchAction\",\"target\":{\"@type\":\"EntryPoint\",\"urlTemplate\":\"https:\/\/www.allurehotelprague.com\/cs\/?s={search_term_string}\"},\"query-input\":{\"@type\":\"PropertyValueSpecification\",\"valueRequired\":true,\"valueName\":\"search_term_string\"}}],\"inLanguage\":\"cs\"}]}<\/script>\n<!-- \/ Yoast SEO plugin. -->","yoast_head_json":{"title":"Imprint - Allure Hotel &amp; Residence Prague -","description":"WWW.ALLUREHOTELPRAGUE.COM je internetov\u00e1 dom\u00e9na vlastn\u011bn\u00e1 spole\u010dnost\u00ed On The Island s.r.o. Kontaktn\u00ed informace: On The Island s.r.o.","robots":{"index":"index","follow":"follow","max-snippet":"max-snippet:-1","max-image-preview":"max-image-preview:large","max-video-preview":"max-video-preview:-1"},"canonical":"https:\/\/www.allurehotelprague.com\/cs\/imprint\/","og_locale":"cs_CZ","og_type":"article","og_title":"Imprint - Allure Hotel &amp; Residence Prague -","og_description":"WWW.ALLUREHOTELPRAGUE.COM je internetov\u00e1 dom\u00e9na vlastn\u011bn\u00e1 spole\u010dnost\u00ed On The Island s.r.o. Kontaktn\u00ed informace: On The Island s.r.o.","og_url":"https:\/\/www.allurehotelprague.com\/cs\/imprint\/","og_site_name":"Allure Hotel &amp; Residence Prague","article_modified_time":"2025-05-22T08:10:05+00:00","twitter_card":"summary_large_image","twitter_misc":{"Odhadovan\u00e1 doba \u010dten\u00ed":"1 minuta"},"schema":{"@context":"https:\/\/schema.org","@graph":[{"@type":"WebPage","@id":"https:\/\/www.allurehotelprague.com\/cs\/imprint\/","url":"https:\/\/www.allurehotelprague.com\/cs\/imprint\/","name":"Imprint - Allure Hotel &amp; Residence Prague -","isPartOf":{"@id":"https:\/\/www.allurehotelprague.com\/cs\/#website"},"datePublished":"2022-10-13T14:24:53+00:00","dateModified":"2025-05-22T08:10:05+00:00","description":"WWW.ALLUREHOTELPRAGUE.COM je internetov\u00e1 dom\u00e9na vlastn\u011bn\u00e1 spole\u010dnost\u00ed On The Island s.r.o. Kontaktn\u00ed informace: On The Island s.r.o.","breadcrumb":{"@id":"https:\/\/www.allurehotelprague.com\/cs\/imprint\/#breadcrumb"},"inLanguage":"cs","potentialAction":[{"@type":"ReadAction","target":["https:\/\/www.allurehotelprague.com\/cs\/imprint\/"]}]},{"@type":"BreadcrumbList","@id":"https:\/\/www.allurehotelprague.com\/cs\/imprint\/#breadcrumb","itemListElement":[{"@type":"ListItem","position":1,"name":"Home","item":"https:\/\/www.allurehotelprague.com\/cs\/"},{"@type":"ListItem","position":2,"name":"Imprint"}]},{"@type":"WebSite","@id":"https:\/\/www.allurehotelprague.com\/cs\/#website","url":"https:\/\/www.allurehotelprague.com\/cs\/","name":"Allure Hotel &amp; Residence Prague","description":"","potentialAction":[{"@type":"SearchAction","target":{"@type":"EntryPoint","urlTemplate":"https:\/\/www.allurehotelprague.com\/cs\/?s={search_term_string}"},"query-input":{"@type":"PropertyValueSpecification","valueRequired":true,"valueName":"search_term_string"}}],"inLanguage":"cs"}]}},"acf":[],"_links":{"self":[{"href":"https:\/\/www.allurehotelprague.com\/cs\/wp-json\/wp\/v2\/pages\/148","targetHints":{"allow":["GET"]}}],"collection":[{"href":"https:\/\/www.allurehotelprague.com\/cs\/wp-json\/wp\/v2\/pages"}],"about":[{"href":"https:\/\/www.allurehotelprague.com\/cs\/wp-json\/wp\/v2\/types\/page"}],"author":[{"embeddable":true,"href":"https:\/\/www.allurehotelprague.com\/cs\/wp-json\/wp\/v2\/users\/4"}],"replies":[{"embeddable":true,"href":"https:\/\/www.allurehotelprague.com\/cs\/wp-json\/wp\/v2\/comments?post=148"}],"version-history":[{"count":0,"href":"https:\/\/www.allurehotelprague.com\/cs\/wp-json\/wp\/v2\/pages\/148\/revisions"}],"wp:attachment":[{"href":"https:\/\/www.allurehotelprague.com\/cs\/wp-json\/wp\/v2\/media?parent=148"}],"curies":[{"name":"wp","href":"https:\/\/api.w.org\/{rel}","templated":true}]}}