{"id":150,"date":"2022-10-13T15:20:07","date_gmt":"2022-10-13T15:20:07","guid":{"rendered":"https:\/\/allure-hotel-prague.ms.decms.eu\/?page_id=150"},"modified":"2023-08-08T12:08:27","modified_gmt":"2023-08-08T12:08:27","slug":"mapa-webu","status":"publish","type":"page","link":"https:\/\/www.allurehotelprague.com\/cs\/mapa-webu\/","title":{"rendered":"Mapa Webu"},"content":{"rendered":"","protected":false},"excerpt":{"rendered":"","protected":false},"author":4,"featured_media":0,"parent":0,"menu_order":140,"comment_status":"closed","ping_status":"closed","template":"template-sitemap.php","meta":{"footnotes":""},"class_list":["post-150","page","type-page","status-publish","hentry"],"yoast_head":"<!-- This site is optimized with the Yoast SEO plugin v26.9 - https:\/\/yoast.com\/product\/yoast-seo-wordpress\/ -->\n<title>Mapa Webu - Allure Hotel &amp; Residence Prague -<\/title>\n<meta name=\"description\" content=\"Toto je mapa str\u00e1nek Allure Hotel &amp; Residence v centru Prahy, ide\u00e1ln\u00ed pro v\u00fdlet, slu\u017eebn\u00ed cestu nebo rodinnou dovolenou\" \/>\n<meta name=\"robots\" content=\"index, follow, max-snippet:-1, max-image-preview:large, max-video-preview:-1\" \/>\n<link rel=\"canonical\" href=\"https:\/\/www.allurehotelprague.com\/cs\/mapa-webu\/\" \/>\n<meta property=\"og:locale\" content=\"cs_CZ\" \/>\n<meta property=\"og:type\" content=\"article\" \/>\n<meta property=\"og:title\" content=\"Mapa Webu - Allure Hotel &amp; Residence Prague -\" \/>\n<meta property=\"og:description\" content=\"Toto je mapa str\u00e1nek Allure Hotel &amp; Residence v centru Prahy, ide\u00e1ln\u00ed pro v\u00fdlet, slu\u017eebn\u00ed cestu nebo rodinnou dovolenou\" \/>\n<meta property=\"og:url\" content=\"https:\/\/www.allurehotelprague.com\/cs\/mapa-webu\/\" \/>\n<meta property=\"og:site_name\" content=\"Allure Hotel &amp; Residence Prague\" \/>\n<meta property=\"article:modified_time\" content=\"2023-08-08T12:08:27+00:00\" \/>\n<meta name=\"twitter:card\" content=\"summary_large_image\" \/>\n<script type=\"application\/ld+json\" class=\"yoast-schema-graph\">{\"@context\":\"https:\/\/schema.org\",\"@graph\":[{\"@type\":\"WebPage\",\"@id\":\"https:\/\/www.allurehotelprague.com\/cs\/mapa-webu\/\",\"url\":\"https:\/\/www.allurehotelprague.com\/cs\/mapa-webu\/\",\"name\":\"Mapa Webu - Allure Hotel &amp; Residence Prague -\",\"isPartOf\":{\"@id\":\"https:\/\/www.allurehotelprague.com\/cs\/#website\"},\"datePublished\":\"2022-10-13T15:20:07+00:00\",\"dateModified\":\"2023-08-08T12:08:27+00:00\",\"description\":\"Toto je mapa str\u00e1nek Allure Hotel & Residence v centru Prahy, ide\u00e1ln\u00ed pro v\u00fdlet, slu\u017eebn\u00ed cestu nebo rodinnou dovolenou\",\"breadcrumb\":{\"@id\":\"https:\/\/www.allurehotelprague.com\/cs\/mapa-webu\/#breadcrumb\"},\"inLanguage\":\"cs\",\"potentialAction\":[{\"@type\":\"ReadAction\",\"target\":[\"https:\/\/www.allurehotelprague.com\/cs\/mapa-webu\/\"]}]},{\"@type\":\"BreadcrumbList\",\"@id\":\"https:\/\/www.allurehotelprague.com\/cs\/mapa-webu\/#breadcrumb\",\"itemListElement\":[{\"@type\":\"ListItem\",\"position\":1,\"name\":\"Home\",\"item\":\"https:\/\/www.allurehotelprague.com\/cs\/\"},{\"@type\":\"ListItem\",\"position\":2,\"name\":\"Mapa Webu\"}]},{\"@type\":\"WebSite\",\"@id\":\"https:\/\/www.allurehotelprague.com\/cs\/#website\",\"url\":\"https:\/\/www.allurehotelprague.com\/cs\/\",\"name\":\"Allure Hotel &amp; Residence Prague\",\"description\":\"\",\"potentialAction\":[{\"@type\":\"SearchAction\",\"target\":{\"@type\":\"EntryPoint\",\"urlTemplate\":\"https:\/\/www.allurehotelprague.com\/cs\/?s={search_term_string}\"},\"query-input\":{\"@type\":\"PropertyValueSpecification\",\"valueRequired\":true,\"valueName\":\"search_term_string\"}}],\"inLanguage\":\"cs\"}]}<\/script>\n<!-- \/ Yoast SEO plugin. -->","yoast_head_json":{"title":"Mapa Webu - Allure Hotel &amp; Residence Prague -","description":"Toto je mapa str\u00e1nek Allure Hotel & Residence v centru Prahy, ide\u00e1ln\u00ed pro v\u00fdlet, slu\u017eebn\u00ed cestu nebo rodinnou dovolenou","robots":{"index":"index","follow":"follow","max-snippet":"max-snippet:-1","max-image-preview":"max-image-preview:large","max-video-preview":"max-video-preview:-1"},"canonical":"https:\/\/www.allurehotelprague.com\/cs\/mapa-webu\/","og_locale":"cs_CZ","og_type":"article","og_title":"Mapa Webu - Allure Hotel &amp; Residence Prague -","og_description":"Toto je mapa str\u00e1nek Allure Hotel & Residence v centru Prahy, ide\u00e1ln\u00ed pro v\u00fdlet, slu\u017eebn\u00ed cestu nebo rodinnou dovolenou","og_url":"https:\/\/www.allurehotelprague.com\/cs\/mapa-webu\/","og_site_name":"Allure Hotel &amp; Residence Prague","article_modified_time":"2023-08-08T12:08:27+00:00","twitter_card":"summary_large_image","schema":{"@context":"https:\/\/schema.org","@graph":[{"@type":"WebPage","@id":"https:\/\/www.allurehotelprague.com\/cs\/mapa-webu\/","url":"https:\/\/www.allurehotelprague.com\/cs\/mapa-webu\/","name":"Mapa Webu - Allure Hotel &amp; Residence Prague -","isPartOf":{"@id":"https:\/\/www.allurehotelprague.com\/cs\/#website"},"datePublished":"2022-10-13T15:20:07+00:00","dateModified":"2023-08-08T12:08:27+00:00","description":"Toto je mapa str\u00e1nek Allure Hotel & Residence v centru Prahy, ide\u00e1ln\u00ed pro v\u00fdlet, slu\u017eebn\u00ed cestu nebo rodinnou dovolenou","breadcrumb":{"@id":"https:\/\/www.allurehotelprague.com\/cs\/mapa-webu\/#breadcrumb"},"inLanguage":"cs","potentialAction":[{"@type":"ReadAction","target":["https:\/\/www.allurehotelprague.com\/cs\/mapa-webu\/"]}]},{"@type":"BreadcrumbList","@id":"https:\/\/www.allurehotelprague.com\/cs\/mapa-webu\/#breadcrumb","itemListElement":[{"@type":"ListItem","position":1,"name":"Home","item":"https:\/\/www.allurehotelprague.com\/cs\/"},{"@type":"ListItem","position":2,"name":"Mapa Webu"}]},{"@type":"WebSite","@id":"https:\/\/www.allurehotelprague.com\/cs\/#website","url":"https:\/\/www.allurehotelprague.com\/cs\/","name":"Allure Hotel &amp; Residence Prague","description":"","potentialAction":[{"@type":"SearchAction","target":{"@type":"EntryPoint","urlTemplate":"https:\/\/www.allurehotelprague.com\/cs\/?s={search_term_string}"},"query-input":{"@type":"PropertyValueSpecification","valueRequired":true,"valueName":"search_term_string"}}],"inLanguage":"cs"}]}},"acf":[],"_links":{"self":[{"href":"https:\/\/www.allurehotelprague.com\/cs\/wp-json\/wp\/v2\/pages\/150","targetHints":{"allow":["GET"]}}],"collection":[{"href":"https:\/\/www.allurehotelprague.com\/cs\/wp-json\/wp\/v2\/pages"}],"about":[{"href":"https:\/\/www.allurehotelprague.com\/cs\/wp-json\/wp\/v2\/types\/page"}],"author":[{"embeddable":true,"href":"https:\/\/www.allurehotelprague.com\/cs\/wp-json\/wp\/v2\/users\/4"}],"replies":[{"embeddable":true,"href":"https:\/\/www.allurehotelprague.com\/cs\/wp-json\/wp\/v2\/comments?post=150"}],"version-history":[{"count":0,"href":"https:\/\/www.allurehotelprague.com\/cs\/wp-json\/wp\/v2\/pages\/150\/revisions"}],"wp:attachment":[{"href":"https:\/\/www.allurehotelprague.com\/cs\/wp-json\/wp\/v2\/media?parent=150"}],"curies":[{"name":"wp","href":"https:\/\/api.w.org\/{rel}","templated":true}]}}