{"id":3,"date":"2022-10-10T08:45:21","date_gmt":"2022-10-10T08:45:21","guid":{"rendered":"https:\/\/allure-hotel-prague.ms.decms.eu\/?page_id=3"},"modified":"2026-01-08T13:40:22","modified_gmt":"2026-01-08T13:40:22","slug":"allure-hotel-prague","status":"publish","type":"page","link":"https:\/\/www.allurehotelprague.com\/cs\/","title":{"rendered":"Allure Hotel &amp; Residence Prague"},"content":{"rendered":"<p style=\"text-align: center\" data-start=\"181\" data-end=\"500\">V samotn\u00e9m srdci centra Prahy, v klidn\u00e9 B\u00edlkov\u011b ulici, se nach\u00e1z\u00ed Allure Hotel &amp; Residence Prague. Jen p\u00e1r minut ch\u016fze v\u00e1s d\u011bl\u00ed od Starom\u011bstsk\u00e9ho n\u00e1m\u011bst\u00ed, \u017didovsk\u00e9ho m\u011bsta i malebn\u00fdch b\u0159eh\u016f Vltavy. V\u00fdjime\u010dn\u00e1 poloha v kombinaci s poklidnou atmosf\u00e9rou vytv\u00e1\u0159\u00ed ide\u00e1ln\u00ed z\u00e1zem\u00ed pro objevov\u00e1n\u00ed kr\u00e1s Prahy.<\/p>\n<p style=\"text-align: center\" data-start=\"502\" data-end=\"848\">Allure Hotel &amp; Residence nab\u00edz\u00ed elegantn\u011b za\u0159\u00edzen\u00e9 pokoje a reziden\u010dn\u00ed pokoje, kter\u00e9 jsou ide\u00e1ln\u00ed jak pro kr\u00e1tk\u00e9 m\u011bstsk\u00e9 pobyty, tak pro pohodln\u00e9 dlouhodob\u00e9 ubytov\u00e1n\u00ed. A\u0165 u\u017e hled\u00e1te stylov\u00fd \u00fanik do m\u011bsta, nebo v\u00fdjime\u010dn\u00fd pobyt s osobitou atmosf\u00e9rou, Allure Hotel &amp; Residence Prague spln\u00ed o\u010dek\u00e1v\u00e1n\u00ed i t\u011bch nejn\u00e1ro\u010dn\u011bj\u0161\u00edch host\u016f.<\/p>\n","protected":false},"excerpt":{"rendered":"<p>V samotn\u00e9m srdci centra Prahy, v klidn\u00e9 B\u00edlkov\u011b ulici, se nach\u00e1z\u00ed Allure Hotel &amp; Residence Prague. Jen p\u00e1r minut ch\u016fze v\u00e1s d\u011bl\u00ed od Starom\u011bstsk\u00e9ho n\u00e1m\u011bst\u00ed, \u017didovsk\u00e9ho m\u011bsta i malebn\u00fdch b\u0159eh\u016f Vltavy. V\u00fdjime\u010dn\u00e1 poloha v kombinaci s poklidnou atmosf\u00e9rou vytv\u00e1\u0159\u00ed ide\u00e1ln\u00ed z\u00e1zem\u00ed pro objevov\u00e1n\u00ed kr\u00e1s Prahy. Allure Hotel &amp; Residence nab\u00edz\u00ed elegantn\u011b za\u0159\u00edzen\u00e9 pokoje a reziden\u010dn\u00ed [&hellip;]<\/p>\n","protected":false},"author":4,"featured_media":135,"parent":0,"menu_order":1,"comment_status":"closed","ping_status":"closed","template":"","meta":{"footnotes":""},"class_list":["post-3","page","type-page","status-publish","has-post-thumbnail","hentry"],"yoast_head":"<!-- This site is optimized with the Yoast SEO plugin v26.9 - https:\/\/yoast.com\/product\/yoast-seo-wordpress\/ -->\n<title>Allure Hotel &amp; Residence Prague | za\u017eijte srde\u010dn\u00fd servis<\/title>\n<meta name=\"description\" content=\"Unik\u00e1tn\u00ed hotel a residence v srdci Prahy, nab\u00edz\u00ed stylov\u00e9 pokoje, vhodn\u00e9 pro v\u00edkend \u010di dlouhodob\u00fd pobyt. Za\u017eijte v\u00fdjime\u010dn\u00fd pobyt a atmosf\u00e9ru.\" \/>\n<meta name=\"robots\" content=\"index, follow, max-snippet:-1, max-image-preview:large, max-video-preview:-1\" \/>\n<link rel=\"canonical\" href=\"https:\/\/www.allurehotelprague.com\/cs\/\" \/>\n<meta property=\"og:locale\" content=\"cs_CZ\" \/>\n<meta property=\"og:type\" content=\"article\" \/>\n<meta property=\"og:title\" content=\"Allure Hotel &amp; Residence Prague | za\u017eijte srde\u010dn\u00fd servis\" \/>\n<meta property=\"og:description\" content=\"Unik\u00e1tn\u00ed hotel a residence v srdci Prahy, nab\u00edz\u00ed stylov\u00e9 pokoje, vhodn\u00e9 pro v\u00edkend \u010di dlouhodob\u00fd pobyt. Za\u017eijte v\u00fdjime\u010dn\u00fd pobyt a atmosf\u00e9ru.\" \/>\n<meta property=\"og:url\" content=\"https:\/\/www.allurehotelprague.com\/cs\/\" \/>\n<meta property=\"og:site_name\" content=\"Allure Hotel &amp; Residence Prague\" \/>\n<meta property=\"article:modified_time\" content=\"2026-01-08T13:40:22+00:00\" \/>\n<meta property=\"og:image\" content=\"https:\/\/www.allurehotelprague.com\/wp-content\/uploads\/sites\/484\/2022\/10\/StaircaseB.jpg\" \/>\n\t<meta property=\"og:image:width\" content=\"1200\" \/>\n\t<meta property=\"og:image:height\" content=\"800\" \/>\n\t<meta property=\"og:image:type\" content=\"image\/jpeg\" \/>\n<meta name=\"twitter:card\" content=\"summary_large_image\" \/>\n<meta name=\"twitter:label1\" content=\"Odhadovan\u00e1 doba \u010dten\u00ed\" \/>\n\t<meta name=\"twitter:data1\" content=\"1 minuta\" \/>\n<script type=\"application\/ld+json\" class=\"yoast-schema-graph\">{\"@context\":\"https:\/\/schema.org\",\"@graph\":[{\"@type\":\"WebPage\",\"@id\":\"https:\/\/www.allurehotelprague.com\/cs\/\",\"url\":\"https:\/\/www.allurehotelprague.com\/cs\/\",\"name\":\"Allure Hotel & Residence Prague | za\u017eijte srde\u010dn\u00fd servis\",\"isPartOf\":{\"@id\":\"https:\/\/www.allurehotelprague.com\/cs\/#website\"},\"primaryImageOfPage\":{\"@id\":\"https:\/\/www.allurehotelprague.com\/cs\/#primaryimage\"},\"image\":{\"@id\":\"https:\/\/www.allurehotelprague.com\/cs\/#primaryimage\"},\"thumbnailUrl\":\"https:\/\/www.allurehotelprague.com\/wp-content\/uploads\/sites\/484\/2022\/10\/StaircaseB.jpg\",\"datePublished\":\"2022-10-10T08:45:21+00:00\",\"dateModified\":\"2026-01-08T13:40:22+00:00\",\"description\":\"Unik\u00e1tn\u00ed hotel a residence v srdci Prahy, nab\u00edz\u00ed stylov\u00e9 pokoje, vhodn\u00e9 pro v\u00edkend \u010di dlouhodob\u00fd pobyt. Za\u017eijte v\u00fdjime\u010dn\u00fd pobyt a atmosf\u00e9ru.\",\"breadcrumb\":{\"@id\":\"https:\/\/www.allurehotelprague.com\/cs\/#breadcrumb\"},\"inLanguage\":\"cs\",\"potentialAction\":[{\"@type\":\"ReadAction\",\"target\":[\"https:\/\/www.allurehotelprague.com\/cs\/\"]}]},{\"@type\":\"ImageObject\",\"inLanguage\":\"cs\",\"@id\":\"https:\/\/www.allurehotelprague.com\/cs\/#primaryimage\",\"url\":\"https:\/\/www.allurehotelprague.com\/wp-content\/uploads\/sites\/484\/2022\/10\/StaircaseB.jpg\",\"contentUrl\":\"https:\/\/www.allurehotelprague.com\/wp-content\/uploads\/sites\/484\/2022\/10\/StaircaseB.jpg\",\"width\":1200,\"height\":800,\"caption\":\"Detail lights staircase | Ave Clara | Allure Hotel &amp; Residence Prague\"},{\"@type\":\"BreadcrumbList\",\"@id\":\"https:\/\/www.allurehotelprague.com\/cs\/#breadcrumb\",\"itemListElement\":[{\"@type\":\"ListItem\",\"position\":1,\"name\":\"Home\",\"item\":\"https:\/\/www.allurehotelprague.com\/cs\/\"},{\"@type\":\"ListItem\",\"position\":2,\"name\":\"Allure Hotel &amp; Residence Prague\"}]},{\"@type\":\"WebSite\",\"@id\":\"https:\/\/www.allurehotelprague.com\/cs\/#website\",\"url\":\"https:\/\/www.allurehotelprague.com\/cs\/\",\"name\":\"Allure Hotel &amp; Residence Prague\",\"description\":\"\",\"potentialAction\":[{\"@type\":\"SearchAction\",\"target\":{\"@type\":\"EntryPoint\",\"urlTemplate\":\"https:\/\/www.allurehotelprague.com\/cs\/?s={search_term_string}\"},\"query-input\":{\"@type\":\"PropertyValueSpecification\",\"valueRequired\":true,\"valueName\":\"search_term_string\"}}],\"inLanguage\":\"cs\"}]}<\/script>\n<!-- \/ Yoast SEO plugin. -->","yoast_head_json":{"title":"Allure Hotel & Residence Prague | za\u017eijte srde\u010dn\u00fd servis","description":"Unik\u00e1tn\u00ed hotel a residence v srdci Prahy, nab\u00edz\u00ed stylov\u00e9 pokoje, vhodn\u00e9 pro v\u00edkend \u010di dlouhodob\u00fd pobyt. Za\u017eijte v\u00fdjime\u010dn\u00fd pobyt a atmosf\u00e9ru.","robots":{"index":"index","follow":"follow","max-snippet":"max-snippet:-1","max-image-preview":"max-image-preview:large","max-video-preview":"max-video-preview:-1"},"canonical":"https:\/\/www.allurehotelprague.com\/cs\/","og_locale":"cs_CZ","og_type":"article","og_title":"Allure Hotel & Residence Prague | za\u017eijte srde\u010dn\u00fd servis","og_description":"Unik\u00e1tn\u00ed hotel a residence v srdci Prahy, nab\u00edz\u00ed stylov\u00e9 pokoje, vhodn\u00e9 pro v\u00edkend \u010di dlouhodob\u00fd pobyt. Za\u017eijte v\u00fdjime\u010dn\u00fd pobyt a atmosf\u00e9ru.","og_url":"https:\/\/www.allurehotelprague.com\/cs\/","og_site_name":"Allure Hotel &amp; Residence Prague","article_modified_time":"2026-01-08T13:40:22+00:00","og_image":[{"width":1200,"height":800,"url":"https:\/\/www.allurehotelprague.com\/wp-content\/uploads\/sites\/484\/2022\/10\/StaircaseB.jpg","type":"image\/jpeg"}],"twitter_card":"summary_large_image","twitter_misc":{"Odhadovan\u00e1 doba \u010dten\u00ed":"1 minuta"},"schema":{"@context":"https:\/\/schema.org","@graph":[{"@type":"WebPage","@id":"https:\/\/www.allurehotelprague.com\/cs\/","url":"https:\/\/www.allurehotelprague.com\/cs\/","name":"Allure Hotel & Residence Prague | za\u017eijte srde\u010dn\u00fd servis","isPartOf":{"@id":"https:\/\/www.allurehotelprague.com\/cs\/#website"},"primaryImageOfPage":{"@id":"https:\/\/www.allurehotelprague.com\/cs\/#primaryimage"},"image":{"@id":"https:\/\/www.allurehotelprague.com\/cs\/#primaryimage"},"thumbnailUrl":"https:\/\/www.allurehotelprague.com\/wp-content\/uploads\/sites\/484\/2022\/10\/StaircaseB.jpg","datePublished":"2022-10-10T08:45:21+00:00","dateModified":"2026-01-08T13:40:22+00:00","description":"Unik\u00e1tn\u00ed hotel a residence v srdci Prahy, nab\u00edz\u00ed stylov\u00e9 pokoje, vhodn\u00e9 pro v\u00edkend \u010di dlouhodob\u00fd pobyt. Za\u017eijte v\u00fdjime\u010dn\u00fd pobyt a atmosf\u00e9ru.","breadcrumb":{"@id":"https:\/\/www.allurehotelprague.com\/cs\/#breadcrumb"},"inLanguage":"cs","potentialAction":[{"@type":"ReadAction","target":["https:\/\/www.allurehotelprague.com\/cs\/"]}]},{"@type":"ImageObject","inLanguage":"cs","@id":"https:\/\/www.allurehotelprague.com\/cs\/#primaryimage","url":"https:\/\/www.allurehotelprague.com\/wp-content\/uploads\/sites\/484\/2022\/10\/StaircaseB.jpg","contentUrl":"https:\/\/www.allurehotelprague.com\/wp-content\/uploads\/sites\/484\/2022\/10\/StaircaseB.jpg","width":1200,"height":800,"caption":"Detail lights staircase | Ave Clara | Allure Hotel &amp; Residence Prague"},{"@type":"BreadcrumbList","@id":"https:\/\/www.allurehotelprague.com\/cs\/#breadcrumb","itemListElement":[{"@type":"ListItem","position":1,"name":"Home","item":"https:\/\/www.allurehotelprague.com\/cs\/"},{"@type":"ListItem","position":2,"name":"Allure Hotel &amp; Residence Prague"}]},{"@type":"WebSite","@id":"https:\/\/www.allurehotelprague.com\/cs\/#website","url":"https:\/\/www.allurehotelprague.com\/cs\/","name":"Allure Hotel &amp; Residence Prague","description":"","potentialAction":[{"@type":"SearchAction","target":{"@type":"EntryPoint","urlTemplate":"https:\/\/www.allurehotelprague.com\/cs\/?s={search_term_string}"},"query-input":{"@type":"PropertyValueSpecification","valueRequired":true,"valueName":"search_term_string"}}],"inLanguage":"cs"}]}},"acf":[],"_links":{"self":[{"href":"https:\/\/www.allurehotelprague.com\/cs\/wp-json\/wp\/v2\/pages\/3","targetHints":{"allow":["GET"]}}],"collection":[{"href":"https:\/\/www.allurehotelprague.com\/cs\/wp-json\/wp\/v2\/pages"}],"about":[{"href":"https:\/\/www.allurehotelprague.com\/cs\/wp-json\/wp\/v2\/types\/page"}],"author":[{"embeddable":true,"href":"https:\/\/www.allurehotelprague.com\/cs\/wp-json\/wp\/v2\/users\/4"}],"replies":[{"embeddable":true,"href":"https:\/\/www.allurehotelprague.com\/cs\/wp-json\/wp\/v2\/comments?post=3"}],"version-history":[{"count":0,"href":"https:\/\/www.allurehotelprague.com\/cs\/wp-json\/wp\/v2\/pages\/3\/revisions"}],"wp:featuredmedia":[{"embeddable":true,"href":"https:\/\/www.allurehotelprague.com\/cs\/wp-json\/wp\/v2\/media\/135"}],"wp:attachment":[{"href":"https:\/\/www.allurehotelprague.com\/cs\/wp-json\/wp\/v2\/media?parent=3"}],"curies":[{"name":"wp","href":"https:\/\/api.w.org\/{rel}","templated":true}]}}