{"id":344,"date":"2022-10-27T10:06:33","date_gmt":"2022-10-27T10:06:33","guid":{"rendered":"https:\/\/allure-hotel-prague.ms.decms.eu\/specialni-nabidky\/15-off-while-staying-3-nights-and-more\/"},"modified":"2025-11-21T14:56:14","modified_gmt":"2025-11-21T14:56:14","slug":"20-sleva-pri-pobytu-min-3-noci-v-pokoji-deluxe","status":"publish","type":"page","link":"https:\/\/www.allurehotelprague.com\/cs\/specialni-nabidky\/20-sleva-pri-pobytu-min-3-noci-v-pokoji-deluxe\/","title":{"rendered":"20% sleva p\u0159i pobytu min 3 noc\u00ed v pokoji Deluxe"},"content":{"rendered":"<p style=\"text-align: center\">Z\u016fsta\u0148te na v\u00edce noc\u00ed a u\u017eijte si luxus nejlep\u0161\u00edch pokoj\u016f za lep\u0161\u00ed cenu.<\/p>\n<p style=\"text-align: center\">Vyu\u017eijte slevy 20% na pokoje kategorii Deluxe. Pobyt min 3 noc\u00ed je podm\u00ednkou.<\/p>\n","protected":false},"excerpt":{"rendered":"<p>Z\u016fsta\u0148te na v\u00edce noc\u00ed a u\u017eijte si luxus nejlep\u0161\u00edch pokoj\u016f za lep\u0161\u00ed cenu. Vyu\u017eijte slevy 20% na pokoje kategorii Deluxe. Pobyt min 3 noc\u00ed je podm\u00ednkou.<\/p>\n","protected":false},"author":7,"featured_media":0,"parent":117,"menu_order":21,"comment_status":"closed","ping_status":"closed","template":"template-default-4.php","meta":{"footnotes":""},"class_list":["post-344","page","type-page","status-publish","hentry"],"yoast_head":"<!-- This site is optimized with the Yoast SEO plugin v26.9 - https:\/\/yoast.com\/product\/yoast-seo-wordpress\/ -->\n<title>Z\u00edskejte slevu 20% p\u0159i pobytu min 3 noc\u00ed v pokoji Deluxe<\/title>\n<meta name=\"description\" content=\"Rezervujte si pokoj na min 3 noci v pokoji Deluxe a z\u00edskejte slevu 20%. U\u017eijte si pobyt v na\u0161em nov\u011b otev\u0159en\u00e9m hotelu za v\u00fdhodnou cenu.\" \/>\n<meta name=\"robots\" content=\"index, follow, max-snippet:-1, max-image-preview:large, max-video-preview:-1\" \/>\n<link rel=\"canonical\" href=\"https:\/\/www.allurehotelprague.com\/cs\/specialni-nabidky\/20-sleva-pri-pobytu-min-3-noci-v-pokoji-deluxe\/\" \/>\n<meta property=\"og:locale\" content=\"cs_CZ\" \/>\n<meta property=\"og:type\" content=\"article\" \/>\n<meta property=\"og:title\" content=\"Z\u00edskejte slevu 20% p\u0159i pobytu min 3 noc\u00ed v pokoji Deluxe\" \/>\n<meta property=\"og:description\" content=\"Rezervujte si pokoj na min 3 noci v pokoji Deluxe a z\u00edskejte slevu 20%. U\u017eijte si pobyt v na\u0161em nov\u011b otev\u0159en\u00e9m hotelu za v\u00fdhodnou cenu.\" \/>\n<meta property=\"og:url\" content=\"https:\/\/www.allurehotelprague.com\/cs\/specialni-nabidky\/20-sleva-pri-pobytu-min-3-noci-v-pokoji-deluxe\/\" \/>\n<meta property=\"og:site_name\" content=\"Allure Hotel &amp; Residence Prague\" \/>\n<meta property=\"article:modified_time\" content=\"2025-11-21T14:56:14+00:00\" \/>\n<meta name=\"twitter:card\" content=\"summary_large_image\" \/>\n<meta name=\"twitter:label1\" content=\"Odhadovan\u00e1 doba \u010dten\u00ed\" \/>\n\t<meta name=\"twitter:data1\" content=\"1 minuta\" \/>\n<script type=\"application\/ld+json\" class=\"yoast-schema-graph\">{\"@context\":\"https:\/\/schema.org\",\"@graph\":[{\"@type\":\"WebPage\",\"@id\":\"https:\/\/www.allurehotelprague.com\/cs\/specialni-nabidky\/20-sleva-pri-pobytu-min-3-noci-v-pokoji-deluxe\/\",\"url\":\"https:\/\/www.allurehotelprague.com\/cs\/specialni-nabidky\/20-sleva-pri-pobytu-min-3-noci-v-pokoji-deluxe\/\",\"name\":\"Z\u00edskejte slevu 20% p\u0159i pobytu min 3 noc\u00ed v pokoji Deluxe\",\"isPartOf\":{\"@id\":\"https:\/\/www.allurehotelprague.com\/cs\/#website\"},\"datePublished\":\"2022-10-27T10:06:33+00:00\",\"dateModified\":\"2025-11-21T14:56:14+00:00\",\"description\":\"Rezervujte si pokoj na min 3 noci v pokoji Deluxe a z\u00edskejte slevu 20%. U\u017eijte si pobyt v na\u0161em nov\u011b otev\u0159en\u00e9m hotelu za v\u00fdhodnou cenu.\",\"breadcrumb\":{\"@id\":\"https:\/\/www.allurehotelprague.com\/cs\/specialni-nabidky\/20-sleva-pri-pobytu-min-3-noci-v-pokoji-deluxe\/#breadcrumb\"},\"inLanguage\":\"cs\",\"potentialAction\":[{\"@type\":\"ReadAction\",\"target\":[\"https:\/\/www.allurehotelprague.com\/cs\/specialni-nabidky\/20-sleva-pri-pobytu-min-3-noci-v-pokoji-deluxe\/\"]}]},{\"@type\":\"BreadcrumbList\",\"@id\":\"https:\/\/www.allurehotelprague.com\/cs\/specialni-nabidky\/20-sleva-pri-pobytu-min-3-noci-v-pokoji-deluxe\/#breadcrumb\",\"itemListElement\":[{\"@type\":\"ListItem\",\"position\":1,\"name\":\"Home\",\"item\":\"https:\/\/www.allurehotelprague.com\/cs\/\"},{\"@type\":\"ListItem\",\"position\":2,\"name\":\"Speci\u00e1ln\u00ed nab\u00eddky\",\"item\":\"https:\/\/www.allurehotelprague.com\/cs\/specialni-nabidky\/\"},{\"@type\":\"ListItem\",\"position\":3,\"name\":\"20% sleva p\u0159i pobytu min 3 noc\u00ed v pokoji Deluxe\"}]},{\"@type\":\"WebSite\",\"@id\":\"https:\/\/www.allurehotelprague.com\/cs\/#website\",\"url\":\"https:\/\/www.allurehotelprague.com\/cs\/\",\"name\":\"Allure Hotel &amp; Residence Prague\",\"description\":\"\",\"potentialAction\":[{\"@type\":\"SearchAction\",\"target\":{\"@type\":\"EntryPoint\",\"urlTemplate\":\"https:\/\/www.allurehotelprague.com\/cs\/?s={search_term_string}\"},\"query-input\":{\"@type\":\"PropertyValueSpecification\",\"valueRequired\":true,\"valueName\":\"search_term_string\"}}],\"inLanguage\":\"cs\"}]}<\/script>\n<!-- \/ Yoast SEO plugin. -->","yoast_head_json":{"title":"Z\u00edskejte slevu 20% p\u0159i pobytu min 3 noc\u00ed v pokoji Deluxe","description":"Rezervujte si pokoj na min 3 noci v pokoji Deluxe a z\u00edskejte slevu 20%. U\u017eijte si pobyt v na\u0161em nov\u011b otev\u0159en\u00e9m hotelu za v\u00fdhodnou cenu.","robots":{"index":"index","follow":"follow","max-snippet":"max-snippet:-1","max-image-preview":"max-image-preview:large","max-video-preview":"max-video-preview:-1"},"canonical":"https:\/\/www.allurehotelprague.com\/cs\/specialni-nabidky\/20-sleva-pri-pobytu-min-3-noci-v-pokoji-deluxe\/","og_locale":"cs_CZ","og_type":"article","og_title":"Z\u00edskejte slevu 20% p\u0159i pobytu min 3 noc\u00ed v pokoji Deluxe","og_description":"Rezervujte si pokoj na min 3 noci v pokoji Deluxe a z\u00edskejte slevu 20%. U\u017eijte si pobyt v na\u0161em nov\u011b otev\u0159en\u00e9m hotelu za v\u00fdhodnou cenu.","og_url":"https:\/\/www.allurehotelprague.com\/cs\/specialni-nabidky\/20-sleva-pri-pobytu-min-3-noci-v-pokoji-deluxe\/","og_site_name":"Allure Hotel &amp; Residence Prague","article_modified_time":"2025-11-21T14:56:14+00:00","twitter_card":"summary_large_image","twitter_misc":{"Odhadovan\u00e1 doba \u010dten\u00ed":"1 minuta"},"schema":{"@context":"https:\/\/schema.org","@graph":[{"@type":"WebPage","@id":"https:\/\/www.allurehotelprague.com\/cs\/specialni-nabidky\/20-sleva-pri-pobytu-min-3-noci-v-pokoji-deluxe\/","url":"https:\/\/www.allurehotelprague.com\/cs\/specialni-nabidky\/20-sleva-pri-pobytu-min-3-noci-v-pokoji-deluxe\/","name":"Z\u00edskejte slevu 20% p\u0159i pobytu min 3 noc\u00ed v pokoji Deluxe","isPartOf":{"@id":"https:\/\/www.allurehotelprague.com\/cs\/#website"},"datePublished":"2022-10-27T10:06:33+00:00","dateModified":"2025-11-21T14:56:14+00:00","description":"Rezervujte si pokoj na min 3 noci v pokoji Deluxe a z\u00edskejte slevu 20%. U\u017eijte si pobyt v na\u0161em nov\u011b otev\u0159en\u00e9m hotelu za v\u00fdhodnou cenu.","breadcrumb":{"@id":"https:\/\/www.allurehotelprague.com\/cs\/specialni-nabidky\/20-sleva-pri-pobytu-min-3-noci-v-pokoji-deluxe\/#breadcrumb"},"inLanguage":"cs","potentialAction":[{"@type":"ReadAction","target":["https:\/\/www.allurehotelprague.com\/cs\/specialni-nabidky\/20-sleva-pri-pobytu-min-3-noci-v-pokoji-deluxe\/"]}]},{"@type":"BreadcrumbList","@id":"https:\/\/www.allurehotelprague.com\/cs\/specialni-nabidky\/20-sleva-pri-pobytu-min-3-noci-v-pokoji-deluxe\/#breadcrumb","itemListElement":[{"@type":"ListItem","position":1,"name":"Home","item":"https:\/\/www.allurehotelprague.com\/cs\/"},{"@type":"ListItem","position":2,"name":"Speci\u00e1ln\u00ed nab\u00eddky","item":"https:\/\/www.allurehotelprague.com\/cs\/specialni-nabidky\/"},{"@type":"ListItem","position":3,"name":"20% sleva p\u0159i pobytu min 3 noc\u00ed v pokoji Deluxe"}]},{"@type":"WebSite","@id":"https:\/\/www.allurehotelprague.com\/cs\/#website","url":"https:\/\/www.allurehotelprague.com\/cs\/","name":"Allure Hotel &amp; Residence Prague","description":"","potentialAction":[{"@type":"SearchAction","target":{"@type":"EntryPoint","urlTemplate":"https:\/\/www.allurehotelprague.com\/cs\/?s={search_term_string}"},"query-input":{"@type":"PropertyValueSpecification","valueRequired":true,"valueName":"search_term_string"}}],"inLanguage":"cs"}]}},"acf":[],"_links":{"self":[{"href":"https:\/\/www.allurehotelprague.com\/cs\/wp-json\/wp\/v2\/pages\/344","targetHints":{"allow":["GET"]}}],"collection":[{"href":"https:\/\/www.allurehotelprague.com\/cs\/wp-json\/wp\/v2\/pages"}],"about":[{"href":"https:\/\/www.allurehotelprague.com\/cs\/wp-json\/wp\/v2\/types\/page"}],"author":[{"embeddable":true,"href":"https:\/\/www.allurehotelprague.com\/cs\/wp-json\/wp\/v2\/users\/7"}],"replies":[{"embeddable":true,"href":"https:\/\/www.allurehotelprague.com\/cs\/wp-json\/wp\/v2\/comments?post=344"}],"version-history":[{"count":0,"href":"https:\/\/www.allurehotelprague.com\/cs\/wp-json\/wp\/v2\/pages\/344\/revisions"}],"up":[{"embeddable":true,"href":"https:\/\/www.allurehotelprague.com\/cs\/wp-json\/wp\/v2\/pages\/117"}],"wp:attachment":[{"href":"https:\/\/www.allurehotelprague.com\/cs\/wp-json\/wp\/v2\/media?parent=344"}],"curies":[{"name":"wp","href":"https:\/\/api.w.org\/{rel}","templated":true}]}}