{"id":430,"date":"2023-07-04T07:02:39","date_gmt":"2023-07-04T07:02:39","guid":{"rendered":"https:\/\/www.allurehotelprague.com\/?page_id=430"},"modified":"2026-01-08T09:58:47","modified_gmt":"2026-01-08T09:58:47","slug":"residence","status":"publish","type":"page","link":"https:\/\/www.allurehotelprague.com\/cs\/residence\/","title":{"rendered":"ALLURE RESIDENCE"},"content":{"rendered":"<p style=\"text-align: center\">V\u00e1\u0161 domov v Praze \u2013 m\u011bs\u00ed\u010dn\u00ed a dlouhodob\u00e9 pobyty v Allure<\/p>\n<p style=\"text-align: center\">Reziden\u010dn\u00ed \u010d\u00e1st Allure Hotel &amp; Residence Prague se nach\u00e1z\u00ed v 6. a 7. pat\u0159e budovy a nab\u00edz\u00ed v\u00fdjime\u010dnou atmosf\u00e9ru, kter\u00e1 vznik\u00e1 spojen\u00edm \u00fatuln\u00e9ho interi\u00e9ru a skute\u010dn\u00e9ho pohodl\u00ed. Prostor je navr\u017een jako klidn\u00e9 \u00fato\u010di\u0161t\u011b pro dlouhodob\u00e9 pobyty a vytv\u00e1\u0159\u00ed p\u0159\u00edjemn\u00e9, t\u00e9m\u011b\u0159 kouzeln\u00e9 prost\u0159ed\u00ed pro ka\u017edodenn\u00ed \u017eivot. V\u0161echny pokoje se py\u0161n\u00ed autentick\u00fdm v\u00fdhledem na panorama Star\u00e9ho M\u011bsta v Praze.<\/p>\n<p style=\"text-align: center\">M\u011bs\u00ed\u010dn\u00ed n\u00e1jemn\u00e9 se pohybuje v rozmez\u00ed 35 000\u201350 000 K\u010d, v z\u00e1vislosti na typu pokoje a jeho vybaven\u00ed. Uveden\u00e9 ceny jsou kone\u010dn\u00e9 a minim\u00e1ln\u00ed d\u00e9lka pobytu je jeden kalend\u00e1\u0159n\u00ed m\u011bs\u00edc.<\/p>\n<p style=\"text-align: center\">Objekt je neku\u0159\u00e1ck\u00fd a dom\u00e1c\u00ed mazl\u00ed\u010dci nejsou povoleni. A\u0165 u\u017e p\u0159ij\u00ed\u017ed\u00edte za prac\u00ed, st\u011bhov\u00e1n\u00edm, nebo pl\u00e1nujete del\u0161\u00ed pobyt ve m\u011bst\u011b, Allure Hotel &amp; Residence Prague nab\u00edz\u00ed pln\u011b vybaven\u00e9 pokoje navr\u017een\u00e9 pro dlouhodob\u00fd komfort. Host\u016fm je k dispozici k\u00e1vovar Nespresso, minibarov\u00e1 lednice, vysokorychlostn\u00ed Wi-Fi, \u00faklidov\u00e9 slu\u017eby jednou t\u00fddn\u011b a tak\u00e9 pokoje s kuchy\u0148kou na vy\u017e\u00e1d\u00e1n\u00ed, navr\u017een\u00e9 s d\u016frazem na maxim\u00e1ln\u00ed pohodl\u00ed. U\u017eijte si soukrom\u00ed a pohodl\u00ed v stylov\u00e9 rezidenci v samotn\u00e9m srdci Prahy.<\/p>\n","protected":false},"excerpt":{"rendered":"<p>V\u00e1\u0161 domov v Praze \u2013 m\u011bs\u00ed\u010dn\u00ed a dlouhodob\u00e9 pobyty v Allure Reziden\u010dn\u00ed \u010d\u00e1st Allure Hotel &amp; Residence Prague se nach\u00e1z\u00ed v 6. a 7. pat\u0159e budovy a nab\u00edz\u00ed v\u00fdjime\u010dnou atmosf\u00e9ru, kter\u00e1 vznik\u00e1 spojen\u00edm \u00fatuln\u00e9ho interi\u00e9ru a skute\u010dn\u00e9ho pohodl\u00ed. Prostor je navr\u017een jako klidn\u00e9 \u00fato\u010di\u0161t\u011b pro dlouhodob\u00e9 pobyty a vytv\u00e1\u0159\u00ed p\u0159\u00edjemn\u00e9, t\u00e9m\u011b\u0159 kouzeln\u00e9 prost\u0159ed\u00ed pro ka\u017edodenn\u00ed [&hellip;]<\/p>\n","protected":false},"author":4,"featured_media":0,"parent":0,"menu_order":0,"comment_status":"closed","ping_status":"closed","template":"template-residence.php","meta":{"footnotes":""},"class_list":["post-430","page","type-page","status-publish","hentry"],"yoast_head":"<!-- This site is optimized with the Yoast SEO plugin v26.9 - https:\/\/yoast.com\/product\/yoast-seo-wordpress\/ -->\n<title>ALLURE RESIDENCE - Allure Hotel &amp; Residence Prague -<\/title>\n<meta name=\"description\" content=\"Na\u0161e reziden\u010dn\u00ed \u010d\u00e1st se nach\u00e1z\u00ed v 6. a 7. pat\u0159e hotelu.V\u0161echny pokoje se mohou pochlubit autentick\u00fdm v\u00fdhledem na pra\u017esk\u00e9 panorama Star\u00e9ho M\u011bsta.\" \/>\n<meta name=\"robots\" content=\"index, follow, max-snippet:-1, max-image-preview:large, max-video-preview:-1\" \/>\n<link rel=\"canonical\" href=\"https:\/\/www.allurehotelprague.com\/cs\/residence\/\" \/>\n<meta property=\"og:locale\" content=\"cs_CZ\" \/>\n<meta property=\"og:type\" content=\"article\" \/>\n<meta property=\"og:title\" content=\"ALLURE RESIDENCE - Allure Hotel &amp; Residence Prague -\" \/>\n<meta property=\"og:description\" content=\"Na\u0161e reziden\u010dn\u00ed \u010d\u00e1st se nach\u00e1z\u00ed v 6. a 7. pat\u0159e hotelu.V\u0161echny pokoje se mohou pochlubit autentick\u00fdm v\u00fdhledem na pra\u017esk\u00e9 panorama Star\u00e9ho M\u011bsta.\" \/>\n<meta property=\"og:url\" content=\"https:\/\/www.allurehotelprague.com\/cs\/residence\/\" \/>\n<meta property=\"og:site_name\" content=\"Allure Hotel &amp; Residence Prague\" \/>\n<meta property=\"article:modified_time\" content=\"2026-01-08T09:58:47+00:00\" \/>\n<meta name=\"twitter:card\" content=\"summary_large_image\" \/>\n<meta name=\"twitter:label1\" content=\"Odhadovan\u00e1 doba \u010dten\u00ed\" \/>\n\t<meta name=\"twitter:data1\" content=\"1 minuta\" \/>\n<script type=\"application\/ld+json\" class=\"yoast-schema-graph\">{\"@context\":\"https:\/\/schema.org\",\"@graph\":[{\"@type\":\"WebPage\",\"@id\":\"https:\/\/www.allurehotelprague.com\/cs\/residence\/\",\"url\":\"https:\/\/www.allurehotelprague.com\/cs\/residence\/\",\"name\":\"ALLURE RESIDENCE - Allure Hotel &amp; Residence Prague -\",\"isPartOf\":{\"@id\":\"https:\/\/www.allurehotelprague.com\/cs\/#website\"},\"datePublished\":\"2023-07-04T07:02:39+00:00\",\"dateModified\":\"2026-01-08T09:58:47+00:00\",\"description\":\"Na\u0161e reziden\u010dn\u00ed \u010d\u00e1st se nach\u00e1z\u00ed v 6. a 7. pat\u0159e hotelu.V\u0161echny pokoje se mohou pochlubit autentick\u00fdm v\u00fdhledem na pra\u017esk\u00e9 panorama Star\u00e9ho M\u011bsta.\",\"breadcrumb\":{\"@id\":\"https:\/\/www.allurehotelprague.com\/cs\/residence\/#breadcrumb\"},\"inLanguage\":\"cs\",\"potentialAction\":[{\"@type\":\"ReadAction\",\"target\":[\"https:\/\/www.allurehotelprague.com\/cs\/residence\/\"]}]},{\"@type\":\"BreadcrumbList\",\"@id\":\"https:\/\/www.allurehotelprague.com\/cs\/residence\/#breadcrumb\",\"itemListElement\":[{\"@type\":\"ListItem\",\"position\":1,\"name\":\"Home\",\"item\":\"https:\/\/www.allurehotelprague.com\/cs\/\"},{\"@type\":\"ListItem\",\"position\":2,\"name\":\"ALLURE RESIDENCE\"}]},{\"@type\":\"WebSite\",\"@id\":\"https:\/\/www.allurehotelprague.com\/cs\/#website\",\"url\":\"https:\/\/www.allurehotelprague.com\/cs\/\",\"name\":\"Allure Hotel &amp; Residence Prague\",\"description\":\"\",\"potentialAction\":[{\"@type\":\"SearchAction\",\"target\":{\"@type\":\"EntryPoint\",\"urlTemplate\":\"https:\/\/www.allurehotelprague.com\/cs\/?s={search_term_string}\"},\"query-input\":{\"@type\":\"PropertyValueSpecification\",\"valueRequired\":true,\"valueName\":\"search_term_string\"}}],\"inLanguage\":\"cs\"}]}<\/script>\n<!-- \/ Yoast SEO plugin. -->","yoast_head_json":{"title":"ALLURE RESIDENCE - Allure Hotel &amp; Residence Prague -","description":"Na\u0161e reziden\u010dn\u00ed \u010d\u00e1st se nach\u00e1z\u00ed v 6. a 7. pat\u0159e hotelu.V\u0161echny pokoje se mohou pochlubit autentick\u00fdm v\u00fdhledem na pra\u017esk\u00e9 panorama Star\u00e9ho M\u011bsta.","robots":{"index":"index","follow":"follow","max-snippet":"max-snippet:-1","max-image-preview":"max-image-preview:large","max-video-preview":"max-video-preview:-1"},"canonical":"https:\/\/www.allurehotelprague.com\/cs\/residence\/","og_locale":"cs_CZ","og_type":"article","og_title":"ALLURE RESIDENCE - Allure Hotel &amp; Residence Prague -","og_description":"Na\u0161e reziden\u010dn\u00ed \u010d\u00e1st se nach\u00e1z\u00ed v 6. a 7. pat\u0159e hotelu.V\u0161echny pokoje se mohou pochlubit autentick\u00fdm v\u00fdhledem na pra\u017esk\u00e9 panorama Star\u00e9ho M\u011bsta.","og_url":"https:\/\/www.allurehotelprague.com\/cs\/residence\/","og_site_name":"Allure Hotel &amp; Residence Prague","article_modified_time":"2026-01-08T09:58:47+00:00","twitter_card":"summary_large_image","twitter_misc":{"Odhadovan\u00e1 doba \u010dten\u00ed":"1 minuta"},"schema":{"@context":"https:\/\/schema.org","@graph":[{"@type":"WebPage","@id":"https:\/\/www.allurehotelprague.com\/cs\/residence\/","url":"https:\/\/www.allurehotelprague.com\/cs\/residence\/","name":"ALLURE RESIDENCE - Allure Hotel &amp; Residence Prague -","isPartOf":{"@id":"https:\/\/www.allurehotelprague.com\/cs\/#website"},"datePublished":"2023-07-04T07:02:39+00:00","dateModified":"2026-01-08T09:58:47+00:00","description":"Na\u0161e reziden\u010dn\u00ed \u010d\u00e1st se nach\u00e1z\u00ed v 6. a 7. pat\u0159e hotelu.V\u0161echny pokoje se mohou pochlubit autentick\u00fdm v\u00fdhledem na pra\u017esk\u00e9 panorama Star\u00e9ho M\u011bsta.","breadcrumb":{"@id":"https:\/\/www.allurehotelprague.com\/cs\/residence\/#breadcrumb"},"inLanguage":"cs","potentialAction":[{"@type":"ReadAction","target":["https:\/\/www.allurehotelprague.com\/cs\/residence\/"]}]},{"@type":"BreadcrumbList","@id":"https:\/\/www.allurehotelprague.com\/cs\/residence\/#breadcrumb","itemListElement":[{"@type":"ListItem","position":1,"name":"Home","item":"https:\/\/www.allurehotelprague.com\/cs\/"},{"@type":"ListItem","position":2,"name":"ALLURE RESIDENCE"}]},{"@type":"WebSite","@id":"https:\/\/www.allurehotelprague.com\/cs\/#website","url":"https:\/\/www.allurehotelprague.com\/cs\/","name":"Allure Hotel &amp; Residence Prague","description":"","potentialAction":[{"@type":"SearchAction","target":{"@type":"EntryPoint","urlTemplate":"https:\/\/www.allurehotelprague.com\/cs\/?s={search_term_string}"},"query-input":{"@type":"PropertyValueSpecification","valueRequired":true,"valueName":"search_term_string"}}],"inLanguage":"cs"}]}},"acf":[],"_links":{"self":[{"href":"https:\/\/www.allurehotelprague.com\/cs\/wp-json\/wp\/v2\/pages\/430","targetHints":{"allow":["GET"]}}],"collection":[{"href":"https:\/\/www.allurehotelprague.com\/cs\/wp-json\/wp\/v2\/pages"}],"about":[{"href":"https:\/\/www.allurehotelprague.com\/cs\/wp-json\/wp\/v2\/types\/page"}],"author":[{"embeddable":true,"href":"https:\/\/www.allurehotelprague.com\/cs\/wp-json\/wp\/v2\/users\/4"}],"replies":[{"embeddable":true,"href":"https:\/\/www.allurehotelprague.com\/cs\/wp-json\/wp\/v2\/comments?post=430"}],"version-history":[{"count":0,"href":"https:\/\/www.allurehotelprague.com\/cs\/wp-json\/wp\/v2\/pages\/430\/revisions"}],"wp:attachment":[{"href":"https:\/\/www.allurehotelprague.com\/cs\/wp-json\/wp\/v2\/media?parent=430"}],"curies":[{"name":"wp","href":"https:\/\/api.w.org\/{rel}","templated":true}]}}