{"id":460,"date":"2023-07-14T10:27:29","date_gmt":"2023-07-14T10:27:29","guid":{"rendered":"https:\/\/www.allurehotelprague.com\/thai-classic\/"},"modified":"2025-05-22T07:49:34","modified_gmt":"2025-05-22T07:49:34","slug":"thai-classic","status":"publish","type":"page","link":"https:\/\/www.allurehotelprague.com\/cs\/sluzby\/masaze\/thai-classic\/","title":{"rendered":"Thai Classic"},"content":{"rendered":"<p>Klasick\u00e1 thajsk\u00e1 mas\u00e1\u017e p\u0159isp\u00edv\u00e1 k\u00a0uvoln\u011bn\u00ed sval\u016f, \u0161lach a kloub\u016f cel\u00e9ho t\u011bla. Stla\u010dov\u00e1n\u00ed akupresurn\u00edch bod\u016f na energetick\u00fdch tras\u00e1ch po cel\u00e9m t\u011ble a n\u00e1sledn\u00e9 prota\u017een\u00ed s\u00a0prvky j\u00f3gy p\u0159in\u00e1\u0161\u00ed celkovou relaxaci t\u011bla i mysli.<\/p>\n","protected":false},"excerpt":{"rendered":"<p>Klasick\u00e1 thajsk\u00e1 mas\u00e1\u017e p\u0159isp\u00edv\u00e1 k\u00a0uvoln\u011bn\u00ed sval\u016f, \u0161lach a kloub\u016f cel\u00e9ho t\u011bla. Stla\u010dov\u00e1n\u00ed akupresurn\u00edch bod\u016f na energetick\u00fdch tras\u00e1ch po cel\u00e9m t\u011ble a n\u00e1sledn\u00e9 prota\u017een\u00ed s\u00a0prvky j\u00f3gy p\u0159in\u00e1\u0161\u00ed celkovou relaxaci t\u011bla i mysli.<\/p>\n","protected":false},"author":4,"featured_media":0,"parent":461,"menu_order":10,"comment_status":"closed","ping_status":"closed","template":"template-massage-single.php","meta":{"footnotes":""},"class_list":["post-460","page","type-page","status-publish","hentry"],"yoast_head":"<!-- This site is optimized with the Yoast SEO plugin v26.9 - https:\/\/yoast.com\/product\/yoast-seo-wordpress\/ -->\n<title>Thai Classic - Allure Hotel &amp; Residence Prague -<\/title>\n<meta name=\"description\" content=\"Klasick\u00e1 thajsk\u00e1 mas\u00e1\u017e uvol\u0148uje svaly, \u0161lachy a klouby, vyv\u00e1\u017e\u00ed energii a protahuje pro celkovou relaxaci t\u011bla a mysli.\" \/>\n<meta name=\"robots\" content=\"noindex, nofollow\" \/>\n<meta property=\"og:locale\" content=\"cs_CZ\" \/>\n<meta property=\"og:type\" content=\"article\" \/>\n<meta property=\"og:title\" content=\"Thai Classic - Allure Hotel &amp; Residence Prague -\" \/>\n<meta property=\"og:description\" content=\"Klasick\u00e1 thajsk\u00e1 mas\u00e1\u017e uvol\u0148uje svaly, \u0161lachy a klouby, vyv\u00e1\u017e\u00ed energii a protahuje pro celkovou relaxaci t\u011bla a mysli.\" \/>\n<meta property=\"og:url\" content=\"https:\/\/www.allurehotelprague.com\/cs\/sluzby\/masaze\/thai-classic\/\" \/>\n<meta property=\"og:site_name\" content=\"Allure Hotel &amp; Residence Prague\" \/>\n<meta property=\"article:modified_time\" content=\"2025-05-22T07:49:34+00:00\" \/>\n<meta name=\"twitter:card\" content=\"summary_large_image\" \/>\n<meta name=\"twitter:label1\" content=\"Odhadovan\u00e1 doba \u010dten\u00ed\" \/>\n\t<meta name=\"twitter:data1\" content=\"1 minuta\" \/>\n<script type=\"application\/ld+json\" class=\"yoast-schema-graph\">{\"@context\":\"https:\/\/schema.org\",\"@graph\":[{\"@type\":\"WebPage\",\"@id\":\"https:\/\/www.allurehotelprague.com\/cs\/sluzby\/masaze\/thai-classic\/\",\"url\":\"https:\/\/www.allurehotelprague.com\/cs\/sluzby\/masaze\/thai-classic\/\",\"name\":\"Thai Classic - Allure Hotel &amp; Residence Prague -\",\"isPartOf\":{\"@id\":\"https:\/\/www.allurehotelprague.com\/cs\/#website\"},\"datePublished\":\"2023-07-14T10:27:29+00:00\",\"dateModified\":\"2025-05-22T07:49:34+00:00\",\"description\":\"Klasick\u00e1 thajsk\u00e1 mas\u00e1\u017e uvol\u0148uje svaly, \u0161lachy a klouby, vyv\u00e1\u017e\u00ed energii a protahuje pro celkovou relaxaci t\u011bla a mysli.\",\"breadcrumb\":{\"@id\":\"https:\/\/www.allurehotelprague.com\/cs\/sluzby\/masaze\/thai-classic\/#breadcrumb\"},\"inLanguage\":\"cs\",\"potentialAction\":[{\"@type\":\"ReadAction\",\"target\":[\"https:\/\/www.allurehotelprague.com\/cs\/sluzby\/masaze\/thai-classic\/\"]}]},{\"@type\":\"BreadcrumbList\",\"@id\":\"https:\/\/www.allurehotelprague.com\/cs\/sluzby\/masaze\/thai-classic\/#breadcrumb\",\"itemListElement\":[{\"@type\":\"ListItem\",\"position\":1,\"name\":\"Home\",\"item\":\"https:\/\/www.allurehotelprague.com\/cs\/\"},{\"@type\":\"ListItem\",\"position\":2,\"name\":\"Dopl\u0148kov\u00e9 slu\u017eby\",\"item\":\"https:\/\/www.allurehotelprague.com\/cs\/sluzby\/\"},{\"@type\":\"ListItem\",\"position\":3,\"name\":\"Mas\u00e1\u017ee\",\"item\":\"https:\/\/www.allurehotelprague.com\/cs\/sluzby\/masaze\/\"},{\"@type\":\"ListItem\",\"position\":4,\"name\":\"Thai Classic\"}]},{\"@type\":\"WebSite\",\"@id\":\"https:\/\/www.allurehotelprague.com\/cs\/#website\",\"url\":\"https:\/\/www.allurehotelprague.com\/cs\/\",\"name\":\"Allure Hotel &amp; Residence Prague\",\"description\":\"\",\"potentialAction\":[{\"@type\":\"SearchAction\",\"target\":{\"@type\":\"EntryPoint\",\"urlTemplate\":\"https:\/\/www.allurehotelprague.com\/cs\/?s={search_term_string}\"},\"query-input\":{\"@type\":\"PropertyValueSpecification\",\"valueRequired\":true,\"valueName\":\"search_term_string\"}}],\"inLanguage\":\"cs\"}]}<\/script>\n<!-- \/ Yoast SEO plugin. -->","yoast_head_json":{"title":"Thai Classic - Allure Hotel &amp; Residence Prague -","description":"Klasick\u00e1 thajsk\u00e1 mas\u00e1\u017e uvol\u0148uje svaly, \u0161lachy a klouby, vyv\u00e1\u017e\u00ed energii a protahuje pro celkovou relaxaci t\u011bla a mysli.","robots":{"index":"noindex","follow":"nofollow"},"og_locale":"cs_CZ","og_type":"article","og_title":"Thai Classic - Allure Hotel &amp; Residence Prague -","og_description":"Klasick\u00e1 thajsk\u00e1 mas\u00e1\u017e uvol\u0148uje svaly, \u0161lachy a klouby, vyv\u00e1\u017e\u00ed energii a protahuje pro celkovou relaxaci t\u011bla a mysli.","og_url":"https:\/\/www.allurehotelprague.com\/cs\/sluzby\/masaze\/thai-classic\/","og_site_name":"Allure Hotel &amp; Residence Prague","article_modified_time":"2025-05-22T07:49:34+00:00","twitter_card":"summary_large_image","twitter_misc":{"Odhadovan\u00e1 doba \u010dten\u00ed":"1 minuta"},"schema":{"@context":"https:\/\/schema.org","@graph":[{"@type":"WebPage","@id":"https:\/\/www.allurehotelprague.com\/cs\/sluzby\/masaze\/thai-classic\/","url":"https:\/\/www.allurehotelprague.com\/cs\/sluzby\/masaze\/thai-classic\/","name":"Thai Classic - Allure Hotel &amp; Residence Prague -","isPartOf":{"@id":"https:\/\/www.allurehotelprague.com\/cs\/#website"},"datePublished":"2023-07-14T10:27:29+00:00","dateModified":"2025-05-22T07:49:34+00:00","description":"Klasick\u00e1 thajsk\u00e1 mas\u00e1\u017e uvol\u0148uje svaly, \u0161lachy a klouby, vyv\u00e1\u017e\u00ed energii a protahuje pro celkovou relaxaci t\u011bla a mysli.","breadcrumb":{"@id":"https:\/\/www.allurehotelprague.com\/cs\/sluzby\/masaze\/thai-classic\/#breadcrumb"},"inLanguage":"cs","potentialAction":[{"@type":"ReadAction","target":["https:\/\/www.allurehotelprague.com\/cs\/sluzby\/masaze\/thai-classic\/"]}]},{"@type":"BreadcrumbList","@id":"https:\/\/www.allurehotelprague.com\/cs\/sluzby\/masaze\/thai-classic\/#breadcrumb","itemListElement":[{"@type":"ListItem","position":1,"name":"Home","item":"https:\/\/www.allurehotelprague.com\/cs\/"},{"@type":"ListItem","position":2,"name":"Dopl\u0148kov\u00e9 slu\u017eby","item":"https:\/\/www.allurehotelprague.com\/cs\/sluzby\/"},{"@type":"ListItem","position":3,"name":"Mas\u00e1\u017ee","item":"https:\/\/www.allurehotelprague.com\/cs\/sluzby\/masaze\/"},{"@type":"ListItem","position":4,"name":"Thai Classic"}]},{"@type":"WebSite","@id":"https:\/\/www.allurehotelprague.com\/cs\/#website","url":"https:\/\/www.allurehotelprague.com\/cs\/","name":"Allure Hotel &amp; Residence Prague","description":"","potentialAction":[{"@type":"SearchAction","target":{"@type":"EntryPoint","urlTemplate":"https:\/\/www.allurehotelprague.com\/cs\/?s={search_term_string}"},"query-input":{"@type":"PropertyValueSpecification","valueRequired":true,"valueName":"search_term_string"}}],"inLanguage":"cs"}]}},"acf":[],"_links":{"self":[{"href":"https:\/\/www.allurehotelprague.com\/cs\/wp-json\/wp\/v2\/pages\/460","targetHints":{"allow":["GET"]}}],"collection":[{"href":"https:\/\/www.allurehotelprague.com\/cs\/wp-json\/wp\/v2\/pages"}],"about":[{"href":"https:\/\/www.allurehotelprague.com\/cs\/wp-json\/wp\/v2\/types\/page"}],"author":[{"embeddable":true,"href":"https:\/\/www.allurehotelprague.com\/cs\/wp-json\/wp\/v2\/users\/4"}],"replies":[{"embeddable":true,"href":"https:\/\/www.allurehotelprague.com\/cs\/wp-json\/wp\/v2\/comments?post=460"}],"version-history":[{"count":0,"href":"https:\/\/www.allurehotelprague.com\/cs\/wp-json\/wp\/v2\/pages\/460\/revisions"}],"up":[{"embeddable":true,"href":"https:\/\/www.allurehotelprague.com\/cs\/wp-json\/wp\/v2\/pages\/461"}],"wp:attachment":[{"href":"https:\/\/www.allurehotelprague.com\/cs\/wp-json\/wp\/v2\/media?parent=460"}],"curies":[{"name":"wp","href":"https:\/\/api.w.org\/{rel}","templated":true}]}}