{"id":461,"date":"2023-07-14T10:31:03","date_gmt":"2023-07-14T10:31:03","guid":{"rendered":"https:\/\/www.allurehotelprague.com\/?page_id=461"},"modified":"2025-05-22T07:47:19","modified_gmt":"2025-05-22T07:47:19","slug":"masaze","status":"publish","type":"page","link":"https:\/\/www.allurehotelprague.com\/cs\/sluzby\/masaze\/","title":{"rendered":"Mas\u00e1\u017ee"},"content":{"rendered":"<p style=\"text-align: center\">Schopnost odpo\u010d\u00edvat a relaxovat je d\u016fle\u017eitou sou\u010d\u00e1st\u00ed na\u0161eho \u017eivota. Krom\u011b odpo\u010dinku a relaxace je \u017eivot prost\u011b lep\u0161\u00ed, kdy\u017e v\u00e1s t\u011blo nebol\u00ed a budete se c\u00edtit zdrav\u011b. S t\u00edm, co bylo\u0159e\u010deno, je na \u010dase dop\u0159\u00e1t t\u011blu pravideln\u00e9 mas\u00e1\u017ee.<\/p>\n<p>&nbsp;<\/p>\n<p>&nbsp;<\/p>\n","protected":false},"excerpt":{"rendered":"<p>Schopnost odpo\u010d\u00edvat a relaxovat je d\u016fle\u017eitou sou\u010d\u00e1st\u00ed na\u0161eho \u017eivota. Krom\u011b odpo\u010dinku a relaxace je \u017eivot prost\u011b lep\u0161\u00ed, kdy\u017e v\u00e1s t\u011blo nebol\u00ed a budete se c\u00edtit zdrav\u011b. S t\u00edm, co bylo\u0159e\u010deno, je na \u010dase dop\u0159\u00e1t t\u011blu pravideln\u00e9 mas\u00e1\u017ee. &nbsp; &nbsp;<\/p>\n","protected":false},"author":4,"featured_media":0,"parent":495,"menu_order":10,"comment_status":"closed","ping_status":"closed","template":"template-massages.php","meta":{"footnotes":""},"class_list":["post-461","page","type-page","status-publish","hentry"],"yoast_head":"<!-- This site is optimized with the Yoast SEO plugin v26.9 - https:\/\/yoast.com\/product\/yoast-seo-wordpress\/ -->\n<title>Mas\u00e1\u017ee - Allure Hotel &amp; Residence Prague -<\/title>\n<meta name=\"description\" content=\"Dop\u0159ejte sv\u00e9mu t\u011blu pravideln\u00e9 mas\u00e1\u017ee \u2013 relaxujte, zbavte se bolesti a c\u00edt\u00edte se zdrav\u011bj\u0161\u00ed pro lep\u0161\u00ed \u017eivot!\" \/>\n<meta name=\"robots\" content=\"index, follow, max-snippet:-1, max-image-preview:large, max-video-preview:-1\" \/>\n<link rel=\"canonical\" href=\"https:\/\/www.allurehotelprague.com\/cs\/sluzby\/masaze\/\" \/>\n<meta property=\"og:locale\" content=\"cs_CZ\" \/>\n<meta property=\"og:type\" content=\"article\" \/>\n<meta property=\"og:title\" content=\"Mas\u00e1\u017ee - Allure Hotel &amp; Residence Prague -\" \/>\n<meta property=\"og:description\" content=\"Dop\u0159ejte sv\u00e9mu t\u011blu pravideln\u00e9 mas\u00e1\u017ee \u2013 relaxujte, zbavte se bolesti a c\u00edt\u00edte se zdrav\u011bj\u0161\u00ed pro lep\u0161\u00ed \u017eivot!\" \/>\n<meta property=\"og:url\" content=\"https:\/\/www.allurehotelprague.com\/cs\/sluzby\/masaze\/\" \/>\n<meta property=\"og:site_name\" content=\"Allure Hotel &amp; Residence Prague\" \/>\n<meta property=\"article:modified_time\" content=\"2025-05-22T07:47:19+00:00\" \/>\n<meta name=\"twitter:card\" content=\"summary_large_image\" \/>\n<meta name=\"twitter:label1\" content=\"Odhadovan\u00e1 doba \u010dten\u00ed\" \/>\n\t<meta name=\"twitter:data1\" content=\"1 minuta\" \/>\n<script type=\"application\/ld+json\" class=\"yoast-schema-graph\">{\"@context\":\"https:\/\/schema.org\",\"@graph\":[{\"@type\":\"WebPage\",\"@id\":\"https:\/\/www.allurehotelprague.com\/cs\/sluzby\/masaze\/\",\"url\":\"https:\/\/www.allurehotelprague.com\/cs\/sluzby\/masaze\/\",\"name\":\"Mas\u00e1\u017ee - Allure Hotel &amp; Residence Prague -\",\"isPartOf\":{\"@id\":\"https:\/\/www.allurehotelprague.com\/cs\/#website\"},\"datePublished\":\"2023-07-14T10:31:03+00:00\",\"dateModified\":\"2025-05-22T07:47:19+00:00\",\"description\":\"Dop\u0159ejte sv\u00e9mu t\u011blu pravideln\u00e9 mas\u00e1\u017ee \u2013 relaxujte, zbavte se bolesti a c\u00edt\u00edte se zdrav\u011bj\u0161\u00ed pro lep\u0161\u00ed \u017eivot!\",\"breadcrumb\":{\"@id\":\"https:\/\/www.allurehotelprague.com\/cs\/sluzby\/masaze\/#breadcrumb\"},\"inLanguage\":\"cs\",\"potentialAction\":[{\"@type\":\"ReadAction\",\"target\":[\"https:\/\/www.allurehotelprague.com\/cs\/sluzby\/masaze\/\"]}]},{\"@type\":\"BreadcrumbList\",\"@id\":\"https:\/\/www.allurehotelprague.com\/cs\/sluzby\/masaze\/#breadcrumb\",\"itemListElement\":[{\"@type\":\"ListItem\",\"position\":1,\"name\":\"Home\",\"item\":\"https:\/\/www.allurehotelprague.com\/cs\/\"},{\"@type\":\"ListItem\",\"position\":2,\"name\":\"Dopl\u0148kov\u00e9 slu\u017eby\",\"item\":\"https:\/\/www.allurehotelprague.com\/cs\/sluzby\/\"},{\"@type\":\"ListItem\",\"position\":3,\"name\":\"Mas\u00e1\u017ee\"}]},{\"@type\":\"WebSite\",\"@id\":\"https:\/\/www.allurehotelprague.com\/cs\/#website\",\"url\":\"https:\/\/www.allurehotelprague.com\/cs\/\",\"name\":\"Allure Hotel &amp; Residence Prague\",\"description\":\"\",\"potentialAction\":[{\"@type\":\"SearchAction\",\"target\":{\"@type\":\"EntryPoint\",\"urlTemplate\":\"https:\/\/www.allurehotelprague.com\/cs\/?s={search_term_string}\"},\"query-input\":{\"@type\":\"PropertyValueSpecification\",\"valueRequired\":true,\"valueName\":\"search_term_string\"}}],\"inLanguage\":\"cs\"}]}<\/script>\n<!-- \/ Yoast SEO plugin. -->","yoast_head_json":{"title":"Mas\u00e1\u017ee - Allure Hotel &amp; Residence Prague -","description":"Dop\u0159ejte sv\u00e9mu t\u011blu pravideln\u00e9 mas\u00e1\u017ee \u2013 relaxujte, zbavte se bolesti a c\u00edt\u00edte se zdrav\u011bj\u0161\u00ed pro lep\u0161\u00ed \u017eivot!","robots":{"index":"index","follow":"follow","max-snippet":"max-snippet:-1","max-image-preview":"max-image-preview:large","max-video-preview":"max-video-preview:-1"},"canonical":"https:\/\/www.allurehotelprague.com\/cs\/sluzby\/masaze\/","og_locale":"cs_CZ","og_type":"article","og_title":"Mas\u00e1\u017ee - Allure Hotel &amp; Residence Prague -","og_description":"Dop\u0159ejte sv\u00e9mu t\u011blu pravideln\u00e9 mas\u00e1\u017ee \u2013 relaxujte, zbavte se bolesti a c\u00edt\u00edte se zdrav\u011bj\u0161\u00ed pro lep\u0161\u00ed \u017eivot!","og_url":"https:\/\/www.allurehotelprague.com\/cs\/sluzby\/masaze\/","og_site_name":"Allure Hotel &amp; Residence Prague","article_modified_time":"2025-05-22T07:47:19+00:00","twitter_card":"summary_large_image","twitter_misc":{"Odhadovan\u00e1 doba \u010dten\u00ed":"1 minuta"},"schema":{"@context":"https:\/\/schema.org","@graph":[{"@type":"WebPage","@id":"https:\/\/www.allurehotelprague.com\/cs\/sluzby\/masaze\/","url":"https:\/\/www.allurehotelprague.com\/cs\/sluzby\/masaze\/","name":"Mas\u00e1\u017ee - Allure Hotel &amp; Residence Prague -","isPartOf":{"@id":"https:\/\/www.allurehotelprague.com\/cs\/#website"},"datePublished":"2023-07-14T10:31:03+00:00","dateModified":"2025-05-22T07:47:19+00:00","description":"Dop\u0159ejte sv\u00e9mu t\u011blu pravideln\u00e9 mas\u00e1\u017ee \u2013 relaxujte, zbavte se bolesti a c\u00edt\u00edte se zdrav\u011bj\u0161\u00ed pro lep\u0161\u00ed \u017eivot!","breadcrumb":{"@id":"https:\/\/www.allurehotelprague.com\/cs\/sluzby\/masaze\/#breadcrumb"},"inLanguage":"cs","potentialAction":[{"@type":"ReadAction","target":["https:\/\/www.allurehotelprague.com\/cs\/sluzby\/masaze\/"]}]},{"@type":"BreadcrumbList","@id":"https:\/\/www.allurehotelprague.com\/cs\/sluzby\/masaze\/#breadcrumb","itemListElement":[{"@type":"ListItem","position":1,"name":"Home","item":"https:\/\/www.allurehotelprague.com\/cs\/"},{"@type":"ListItem","position":2,"name":"Dopl\u0148kov\u00e9 slu\u017eby","item":"https:\/\/www.allurehotelprague.com\/cs\/sluzby\/"},{"@type":"ListItem","position":3,"name":"Mas\u00e1\u017ee"}]},{"@type":"WebSite","@id":"https:\/\/www.allurehotelprague.com\/cs\/#website","url":"https:\/\/www.allurehotelprague.com\/cs\/","name":"Allure Hotel &amp; Residence Prague","description":"","potentialAction":[{"@type":"SearchAction","target":{"@type":"EntryPoint","urlTemplate":"https:\/\/www.allurehotelprague.com\/cs\/?s={search_term_string}"},"query-input":{"@type":"PropertyValueSpecification","valueRequired":true,"valueName":"search_term_string"}}],"inLanguage":"cs"}]}},"acf":[],"_links":{"self":[{"href":"https:\/\/www.allurehotelprague.com\/cs\/wp-json\/wp\/v2\/pages\/461","targetHints":{"allow":["GET"]}}],"collection":[{"href":"https:\/\/www.allurehotelprague.com\/cs\/wp-json\/wp\/v2\/pages"}],"about":[{"href":"https:\/\/www.allurehotelprague.com\/cs\/wp-json\/wp\/v2\/types\/page"}],"author":[{"embeddable":true,"href":"https:\/\/www.allurehotelprague.com\/cs\/wp-json\/wp\/v2\/users\/4"}],"replies":[{"embeddable":true,"href":"https:\/\/www.allurehotelprague.com\/cs\/wp-json\/wp\/v2\/comments?post=461"}],"version-history":[{"count":0,"href":"https:\/\/www.allurehotelprague.com\/cs\/wp-json\/wp\/v2\/pages\/461\/revisions"}],"up":[{"embeddable":true,"href":"https:\/\/www.allurehotelprague.com\/cs\/wp-json\/wp\/v2\/pages\/495"}],"wp:attachment":[{"href":"https:\/\/www.allurehotelprague.com\/cs\/wp-json\/wp\/v2\/media?parent=461"}],"curies":[{"name":"wp","href":"https:\/\/api.w.org\/{rel}","templated":true}]}}