{"id":463,"date":"2023-07-14T10:38:27","date_gmt":"2023-07-14T10:38:27","guid":{"rendered":"https:\/\/www.allurehotelprague.com\/masaze\/queens-park\/"},"modified":"2025-05-22T07:51:53","modified_gmt":"2025-05-22T07:51:53","slug":"queens-park","status":"publish","type":"page","link":"https:\/\/www.allurehotelprague.com\/cs\/sluzby\/masaze\/queens-park\/","title":{"rendered":"Queen\u00b4s Park"},"content":{"rendered":"<p>Aromatick\u00e1, aromaterapeutick\u00e1 a revitaliza\u010dn\u00ed mas\u00e1\u017e pomoc\u00ed aroma olej\u016f z v\u00fdta\u017ek\u016f levandule, r\u016f\u017eov\u00e9ho d\u0159eva, eukalyptu a m\u00e1ty. Mas\u00e1\u017e je spojen\u00e1 s akupresurou a reflexologi\u00ed, d\u00e1le je dopln\u011bna inhalac\u00ed vonn\u00fdch olej\u016f z esenc\u00ed z \u010derven\u00e9ho pomeran\u010de, sant\u00e1lov\u00e9ho d\u0159eva a jasm\u00ednu uvol\u0148ovan\u00fdch pomoc\u00ed aroma lamp.<\/p>\n","protected":false},"excerpt":{"rendered":"<p>Aromatick\u00e1, aromaterapeutick\u00e1 a revitaliza\u010dn\u00ed mas\u00e1\u017e pomoc\u00ed aroma olej\u016f z v\u00fdta\u017ek\u016f levandule, r\u016f\u017eov\u00e9ho d\u0159eva, eukalyptu a m\u00e1ty. Mas\u00e1\u017e je spojen\u00e1 s akupresurou a reflexologi\u00ed, d\u00e1le je dopln\u011bna inhalac\u00ed vonn\u00fdch olej\u016f z esenc\u00ed z \u010derven\u00e9ho pomeran\u010de, sant\u00e1lov\u00e9ho d\u0159eva a jasm\u00ednu uvol\u0148ovan\u00fdch pomoc\u00ed aroma lamp.<\/p>\n","protected":false},"author":4,"featured_media":0,"parent":461,"menu_order":20,"comment_status":"closed","ping_status":"closed","template":"template-massage-single.php","meta":{"footnotes":""},"class_list":["post-463","page","type-page","status-publish","hentry"],"yoast_head":"<!-- This site is optimized with the Yoast SEO plugin v26.9 - https:\/\/yoast.com\/product\/yoast-seo-wordpress\/ -->\n<title>Queen\u00b4s Park - Allure Hotel &amp; Residence Prague -<\/title>\n<meta name=\"description\" content=\"Revitaliza\u010dn\u00ed aromaterapeutick\u00e1 mas\u00e1\u017e s oleji levandule, r\u016f\u017eov\u00e9ho d\u0159eva, eukalyptu a m\u00e1ty, plus akupresura a reflexn\u00ed terapie.\" \/>\n<meta name=\"robots\" content=\"noindex, nofollow\" \/>\n<meta property=\"og:locale\" content=\"cs_CZ\" \/>\n<meta property=\"og:type\" content=\"article\" \/>\n<meta property=\"og:title\" content=\"Queen\u00b4s Park - Allure Hotel &amp; Residence Prague -\" \/>\n<meta property=\"og:description\" content=\"Revitaliza\u010dn\u00ed aromaterapeutick\u00e1 mas\u00e1\u017e s oleji levandule, r\u016f\u017eov\u00e9ho d\u0159eva, eukalyptu a m\u00e1ty, plus akupresura a reflexn\u00ed terapie.\" \/>\n<meta property=\"og:url\" content=\"https:\/\/www.allurehotelprague.com\/cs\/sluzby\/masaze\/queens-park\/\" \/>\n<meta property=\"og:site_name\" content=\"Allure Hotel &amp; Residence Prague\" \/>\n<meta property=\"article:modified_time\" content=\"2025-05-22T07:51:53+00:00\" \/>\n<meta name=\"twitter:card\" content=\"summary_large_image\" \/>\n<meta name=\"twitter:label1\" content=\"Odhadovan\u00e1 doba \u010dten\u00ed\" \/>\n\t<meta name=\"twitter:data1\" content=\"1 minuta\" \/>\n<script type=\"application\/ld+json\" class=\"yoast-schema-graph\">{\"@context\":\"https:\/\/schema.org\",\"@graph\":[{\"@type\":\"WebPage\",\"@id\":\"https:\/\/www.allurehotelprague.com\/cs\/sluzby\/masaze\/queens-park\/\",\"url\":\"https:\/\/www.allurehotelprague.com\/cs\/sluzby\/masaze\/queens-park\/\",\"name\":\"Queen\u00b4s Park - Allure Hotel &amp; Residence Prague -\",\"isPartOf\":{\"@id\":\"https:\/\/www.allurehotelprague.com\/cs\/#website\"},\"datePublished\":\"2023-07-14T10:38:27+00:00\",\"dateModified\":\"2025-05-22T07:51:53+00:00\",\"description\":\"Revitaliza\u010dn\u00ed aromaterapeutick\u00e1 mas\u00e1\u017e s oleji levandule, r\u016f\u017eov\u00e9ho d\u0159eva, eukalyptu a m\u00e1ty, plus akupresura a reflexn\u00ed terapie.\",\"breadcrumb\":{\"@id\":\"https:\/\/www.allurehotelprague.com\/cs\/sluzby\/masaze\/queens-park\/#breadcrumb\"},\"inLanguage\":\"cs\",\"potentialAction\":[{\"@type\":\"ReadAction\",\"target\":[\"https:\/\/www.allurehotelprague.com\/cs\/sluzby\/masaze\/queens-park\/\"]}]},{\"@type\":\"BreadcrumbList\",\"@id\":\"https:\/\/www.allurehotelprague.com\/cs\/sluzby\/masaze\/queens-park\/#breadcrumb\",\"itemListElement\":[{\"@type\":\"ListItem\",\"position\":1,\"name\":\"Home\",\"item\":\"https:\/\/www.allurehotelprague.com\/cs\/\"},{\"@type\":\"ListItem\",\"position\":2,\"name\":\"Dopl\u0148kov\u00e9 slu\u017eby\",\"item\":\"https:\/\/www.allurehotelprague.com\/cs\/sluzby\/\"},{\"@type\":\"ListItem\",\"position\":3,\"name\":\"Mas\u00e1\u017ee\",\"item\":\"https:\/\/www.allurehotelprague.com\/cs\/sluzby\/masaze\/\"},{\"@type\":\"ListItem\",\"position\":4,\"name\":\"Queen\u00b4s Park\"}]},{\"@type\":\"WebSite\",\"@id\":\"https:\/\/www.allurehotelprague.com\/cs\/#website\",\"url\":\"https:\/\/www.allurehotelprague.com\/cs\/\",\"name\":\"Allure Hotel &amp; Residence Prague\",\"description\":\"\",\"potentialAction\":[{\"@type\":\"SearchAction\",\"target\":{\"@type\":\"EntryPoint\",\"urlTemplate\":\"https:\/\/www.allurehotelprague.com\/cs\/?s={search_term_string}\"},\"query-input\":{\"@type\":\"PropertyValueSpecification\",\"valueRequired\":true,\"valueName\":\"search_term_string\"}}],\"inLanguage\":\"cs\"}]}<\/script>\n<!-- \/ Yoast SEO plugin. -->","yoast_head_json":{"title":"Queen\u00b4s Park - Allure Hotel &amp; Residence Prague -","description":"Revitaliza\u010dn\u00ed aromaterapeutick\u00e1 mas\u00e1\u017e s oleji levandule, r\u016f\u017eov\u00e9ho d\u0159eva, eukalyptu a m\u00e1ty, plus akupresura a reflexn\u00ed terapie.","robots":{"index":"noindex","follow":"nofollow"},"og_locale":"cs_CZ","og_type":"article","og_title":"Queen\u00b4s Park - Allure Hotel &amp; Residence Prague -","og_description":"Revitaliza\u010dn\u00ed aromaterapeutick\u00e1 mas\u00e1\u017e s oleji levandule, r\u016f\u017eov\u00e9ho d\u0159eva, eukalyptu a m\u00e1ty, plus akupresura a reflexn\u00ed terapie.","og_url":"https:\/\/www.allurehotelprague.com\/cs\/sluzby\/masaze\/queens-park\/","og_site_name":"Allure Hotel &amp; Residence Prague","article_modified_time":"2025-05-22T07:51:53+00:00","twitter_card":"summary_large_image","twitter_misc":{"Odhadovan\u00e1 doba \u010dten\u00ed":"1 minuta"},"schema":{"@context":"https:\/\/schema.org","@graph":[{"@type":"WebPage","@id":"https:\/\/www.allurehotelprague.com\/cs\/sluzby\/masaze\/queens-park\/","url":"https:\/\/www.allurehotelprague.com\/cs\/sluzby\/masaze\/queens-park\/","name":"Queen\u00b4s Park - Allure Hotel &amp; Residence Prague -","isPartOf":{"@id":"https:\/\/www.allurehotelprague.com\/cs\/#website"},"datePublished":"2023-07-14T10:38:27+00:00","dateModified":"2025-05-22T07:51:53+00:00","description":"Revitaliza\u010dn\u00ed aromaterapeutick\u00e1 mas\u00e1\u017e s oleji levandule, r\u016f\u017eov\u00e9ho d\u0159eva, eukalyptu a m\u00e1ty, plus akupresura a reflexn\u00ed terapie.","breadcrumb":{"@id":"https:\/\/www.allurehotelprague.com\/cs\/sluzby\/masaze\/queens-park\/#breadcrumb"},"inLanguage":"cs","potentialAction":[{"@type":"ReadAction","target":["https:\/\/www.allurehotelprague.com\/cs\/sluzby\/masaze\/queens-park\/"]}]},{"@type":"BreadcrumbList","@id":"https:\/\/www.allurehotelprague.com\/cs\/sluzby\/masaze\/queens-park\/#breadcrumb","itemListElement":[{"@type":"ListItem","position":1,"name":"Home","item":"https:\/\/www.allurehotelprague.com\/cs\/"},{"@type":"ListItem","position":2,"name":"Dopl\u0148kov\u00e9 slu\u017eby","item":"https:\/\/www.allurehotelprague.com\/cs\/sluzby\/"},{"@type":"ListItem","position":3,"name":"Mas\u00e1\u017ee","item":"https:\/\/www.allurehotelprague.com\/cs\/sluzby\/masaze\/"},{"@type":"ListItem","position":4,"name":"Queen\u00b4s Park"}]},{"@type":"WebSite","@id":"https:\/\/www.allurehotelprague.com\/cs\/#website","url":"https:\/\/www.allurehotelprague.com\/cs\/","name":"Allure Hotel &amp; Residence Prague","description":"","potentialAction":[{"@type":"SearchAction","target":{"@type":"EntryPoint","urlTemplate":"https:\/\/www.allurehotelprague.com\/cs\/?s={search_term_string}"},"query-input":{"@type":"PropertyValueSpecification","valueRequired":true,"valueName":"search_term_string"}}],"inLanguage":"cs"}]}},"acf":[],"_links":{"self":[{"href":"https:\/\/www.allurehotelprague.com\/cs\/wp-json\/wp\/v2\/pages\/463","targetHints":{"allow":["GET"]}}],"collection":[{"href":"https:\/\/www.allurehotelprague.com\/cs\/wp-json\/wp\/v2\/pages"}],"about":[{"href":"https:\/\/www.allurehotelprague.com\/cs\/wp-json\/wp\/v2\/types\/page"}],"author":[{"embeddable":true,"href":"https:\/\/www.allurehotelprague.com\/cs\/wp-json\/wp\/v2\/users\/4"}],"replies":[{"embeddable":true,"href":"https:\/\/www.allurehotelprague.com\/cs\/wp-json\/wp\/v2\/comments?post=463"}],"version-history":[{"count":0,"href":"https:\/\/www.allurehotelprague.com\/cs\/wp-json\/wp\/v2\/pages\/463\/revisions"}],"up":[{"embeddable":true,"href":"https:\/\/www.allurehotelprague.com\/cs\/wp-json\/wp\/v2\/pages\/461"}],"wp:attachment":[{"href":"https:\/\/www.allurehotelprague.com\/cs\/wp-json\/wp\/v2\/media?parent=463"}],"curies":[{"name":"wp","href":"https:\/\/api.w.org\/{rel}","templated":true}]}}