{"id":466,"date":"2023-07-14T10:40:48","date_gmt":"2023-07-14T10:40:48","guid":{"rendered":"https:\/\/www.allurehotelprague.com\/masaze\/foot-relax\/"},"modified":"2025-05-22T07:53:05","modified_gmt":"2025-05-22T07:53:05","slug":"foot-relax","status":"publish","type":"page","link":"https:\/\/www.allurehotelprague.com\/cs\/sluzby\/masaze\/foot-relax\/","title":{"rendered":"Foot Relax"},"content":{"rendered":"<p>Thajsk\u00e1 mas\u00e1\u017e doln\u00edch \u010d\u00e1st\u00ed nohou pomoc\u00ed akupresurn\u00edch tlak\u016f se zam\u011b\u0159en\u00edm na oblast chodidel. Reflexologie spojen\u00e1 s mas\u00e1\u017e\u00ed od prst\u016f nohou a\u017e ke kolen\u016fm pomoc\u00ed 100 % esenci\u00e1ln\u00edch olej\u016f a bioment kr\u00e9mu. Mas\u00e1\u017e je ide\u00e1ln\u00ed pro odstran\u011bn\u00ed pocitu t\u011b\u017ekosti a \u00fanavy nohou.<\/p>\n","protected":false},"excerpt":{"rendered":"<p>Thajsk\u00e1 mas\u00e1\u017e doln\u00edch \u010d\u00e1st\u00ed nohou pomoc\u00ed akupresurn\u00edch tlak\u016f se zam\u011b\u0159en\u00edm na oblast chodidel. Reflexologie spojen\u00e1 s mas\u00e1\u017e\u00ed od prst\u016f nohou a\u017e ke kolen\u016fm pomoc\u00ed 100 % esenci\u00e1ln\u00edch olej\u016f a bioment kr\u00e9mu. Mas\u00e1\u017e je ide\u00e1ln\u00ed pro odstran\u011bn\u00ed pocitu t\u011b\u017ekosti a \u00fanavy nohou.<\/p>\n","protected":false},"author":4,"featured_media":0,"parent":461,"menu_order":30,"comment_status":"closed","ping_status":"closed","template":"template-massage-single.php","meta":{"footnotes":""},"class_list":["post-466","page","type-page","status-publish","hentry"],"yoast_head":"<!-- This site is optimized with the Yoast SEO plugin v26.9 - https:\/\/yoast.com\/product\/yoast-seo-wordpress\/ -->\n<title>Foot Relax - Allure Hotel &amp; Residence Prague -<\/title>\n<meta name=\"description\" content=\"Thajsk\u00e1 mas\u00e1\u017e nohou s akupresurou a reflexn\u00ed terapi\u00ed, 100\u202f% esenci\u00e1ln\u00ed olej, ide\u00e1ln\u00ed na \u00fanavu a t\u011b\u017ekost nohou.\" \/>\n<meta name=\"robots\" content=\"noindex, nofollow\" \/>\n<meta property=\"og:locale\" content=\"cs_CZ\" \/>\n<meta property=\"og:type\" content=\"article\" \/>\n<meta property=\"og:title\" content=\"Foot Relax - Allure Hotel &amp; Residence Prague -\" \/>\n<meta property=\"og:description\" content=\"Thajsk\u00e1 mas\u00e1\u017e nohou s akupresurou a reflexn\u00ed terapi\u00ed, 100\u202f% esenci\u00e1ln\u00ed olej, ide\u00e1ln\u00ed na \u00fanavu a t\u011b\u017ekost nohou.\" \/>\n<meta property=\"og:url\" content=\"https:\/\/www.allurehotelprague.com\/cs\/sluzby\/masaze\/foot-relax\/\" \/>\n<meta property=\"og:site_name\" content=\"Allure Hotel &amp; Residence Prague\" \/>\n<meta property=\"article:modified_time\" content=\"2025-05-22T07:53:05+00:00\" \/>\n<meta name=\"twitter:card\" content=\"summary_large_image\" \/>\n<meta name=\"twitter:label1\" content=\"Odhadovan\u00e1 doba \u010dten\u00ed\" \/>\n\t<meta name=\"twitter:data1\" content=\"1 minuta\" \/>\n<script type=\"application\/ld+json\" class=\"yoast-schema-graph\">{\"@context\":\"https:\/\/schema.org\",\"@graph\":[{\"@type\":\"WebPage\",\"@id\":\"https:\/\/www.allurehotelprague.com\/cs\/sluzby\/masaze\/foot-relax\/\",\"url\":\"https:\/\/www.allurehotelprague.com\/cs\/sluzby\/masaze\/foot-relax\/\",\"name\":\"Foot Relax - Allure Hotel &amp; Residence Prague -\",\"isPartOf\":{\"@id\":\"https:\/\/www.allurehotelprague.com\/cs\/#website\"},\"datePublished\":\"2023-07-14T10:40:48+00:00\",\"dateModified\":\"2025-05-22T07:53:05+00:00\",\"description\":\"Thajsk\u00e1 mas\u00e1\u017e nohou s akupresurou a reflexn\u00ed terapi\u00ed, 100\u202f% esenci\u00e1ln\u00ed olej, ide\u00e1ln\u00ed na \u00fanavu a t\u011b\u017ekost nohou.\",\"breadcrumb\":{\"@id\":\"https:\/\/www.allurehotelprague.com\/cs\/sluzby\/masaze\/foot-relax\/#breadcrumb\"},\"inLanguage\":\"cs\",\"potentialAction\":[{\"@type\":\"ReadAction\",\"target\":[\"https:\/\/www.allurehotelprague.com\/cs\/sluzby\/masaze\/foot-relax\/\"]}]},{\"@type\":\"BreadcrumbList\",\"@id\":\"https:\/\/www.allurehotelprague.com\/cs\/sluzby\/masaze\/foot-relax\/#breadcrumb\",\"itemListElement\":[{\"@type\":\"ListItem\",\"position\":1,\"name\":\"Home\",\"item\":\"https:\/\/www.allurehotelprague.com\/cs\/\"},{\"@type\":\"ListItem\",\"position\":2,\"name\":\"Dopl\u0148kov\u00e9 slu\u017eby\",\"item\":\"https:\/\/www.allurehotelprague.com\/cs\/sluzby\/\"},{\"@type\":\"ListItem\",\"position\":3,\"name\":\"Mas\u00e1\u017ee\",\"item\":\"https:\/\/www.allurehotelprague.com\/cs\/sluzby\/masaze\/\"},{\"@type\":\"ListItem\",\"position\":4,\"name\":\"Foot Relax\"}]},{\"@type\":\"WebSite\",\"@id\":\"https:\/\/www.allurehotelprague.com\/cs\/#website\",\"url\":\"https:\/\/www.allurehotelprague.com\/cs\/\",\"name\":\"Allure Hotel &amp; Residence Prague\",\"description\":\"\",\"potentialAction\":[{\"@type\":\"SearchAction\",\"target\":{\"@type\":\"EntryPoint\",\"urlTemplate\":\"https:\/\/www.allurehotelprague.com\/cs\/?s={search_term_string}\"},\"query-input\":{\"@type\":\"PropertyValueSpecification\",\"valueRequired\":true,\"valueName\":\"search_term_string\"}}],\"inLanguage\":\"cs\"}]}<\/script>\n<!-- \/ Yoast SEO plugin. -->","yoast_head_json":{"title":"Foot Relax - Allure Hotel &amp; Residence Prague -","description":"Thajsk\u00e1 mas\u00e1\u017e nohou s akupresurou a reflexn\u00ed terapi\u00ed, 100\u202f% esenci\u00e1ln\u00ed olej, ide\u00e1ln\u00ed na \u00fanavu a t\u011b\u017ekost nohou.","robots":{"index":"noindex","follow":"nofollow"},"og_locale":"cs_CZ","og_type":"article","og_title":"Foot Relax - Allure Hotel &amp; Residence Prague -","og_description":"Thajsk\u00e1 mas\u00e1\u017e nohou s akupresurou a reflexn\u00ed terapi\u00ed, 100\u202f% esenci\u00e1ln\u00ed olej, ide\u00e1ln\u00ed na \u00fanavu a t\u011b\u017ekost nohou.","og_url":"https:\/\/www.allurehotelprague.com\/cs\/sluzby\/masaze\/foot-relax\/","og_site_name":"Allure Hotel &amp; Residence Prague","article_modified_time":"2025-05-22T07:53:05+00:00","twitter_card":"summary_large_image","twitter_misc":{"Odhadovan\u00e1 doba \u010dten\u00ed":"1 minuta"},"schema":{"@context":"https:\/\/schema.org","@graph":[{"@type":"WebPage","@id":"https:\/\/www.allurehotelprague.com\/cs\/sluzby\/masaze\/foot-relax\/","url":"https:\/\/www.allurehotelprague.com\/cs\/sluzby\/masaze\/foot-relax\/","name":"Foot Relax - Allure Hotel &amp; Residence Prague -","isPartOf":{"@id":"https:\/\/www.allurehotelprague.com\/cs\/#website"},"datePublished":"2023-07-14T10:40:48+00:00","dateModified":"2025-05-22T07:53:05+00:00","description":"Thajsk\u00e1 mas\u00e1\u017e nohou s akupresurou a reflexn\u00ed terapi\u00ed, 100\u202f% esenci\u00e1ln\u00ed olej, ide\u00e1ln\u00ed na \u00fanavu a t\u011b\u017ekost nohou.","breadcrumb":{"@id":"https:\/\/www.allurehotelprague.com\/cs\/sluzby\/masaze\/foot-relax\/#breadcrumb"},"inLanguage":"cs","potentialAction":[{"@type":"ReadAction","target":["https:\/\/www.allurehotelprague.com\/cs\/sluzby\/masaze\/foot-relax\/"]}]},{"@type":"BreadcrumbList","@id":"https:\/\/www.allurehotelprague.com\/cs\/sluzby\/masaze\/foot-relax\/#breadcrumb","itemListElement":[{"@type":"ListItem","position":1,"name":"Home","item":"https:\/\/www.allurehotelprague.com\/cs\/"},{"@type":"ListItem","position":2,"name":"Dopl\u0148kov\u00e9 slu\u017eby","item":"https:\/\/www.allurehotelprague.com\/cs\/sluzby\/"},{"@type":"ListItem","position":3,"name":"Mas\u00e1\u017ee","item":"https:\/\/www.allurehotelprague.com\/cs\/sluzby\/masaze\/"},{"@type":"ListItem","position":4,"name":"Foot Relax"}]},{"@type":"WebSite","@id":"https:\/\/www.allurehotelprague.com\/cs\/#website","url":"https:\/\/www.allurehotelprague.com\/cs\/","name":"Allure Hotel &amp; Residence Prague","description":"","potentialAction":[{"@type":"SearchAction","target":{"@type":"EntryPoint","urlTemplate":"https:\/\/www.allurehotelprague.com\/cs\/?s={search_term_string}"},"query-input":{"@type":"PropertyValueSpecification","valueRequired":true,"valueName":"search_term_string"}}],"inLanguage":"cs"}]}},"acf":[],"_links":{"self":[{"href":"https:\/\/www.allurehotelprague.com\/cs\/wp-json\/wp\/v2\/pages\/466","targetHints":{"allow":["GET"]}}],"collection":[{"href":"https:\/\/www.allurehotelprague.com\/cs\/wp-json\/wp\/v2\/pages"}],"about":[{"href":"https:\/\/www.allurehotelprague.com\/cs\/wp-json\/wp\/v2\/types\/page"}],"author":[{"embeddable":true,"href":"https:\/\/www.allurehotelprague.com\/cs\/wp-json\/wp\/v2\/users\/4"}],"replies":[{"embeddable":true,"href":"https:\/\/www.allurehotelprague.com\/cs\/wp-json\/wp\/v2\/comments?post=466"}],"version-history":[{"count":0,"href":"https:\/\/www.allurehotelprague.com\/cs\/wp-json\/wp\/v2\/pages\/466\/revisions"}],"up":[{"embeddable":true,"href":"https:\/\/www.allurehotelprague.com\/cs\/wp-json\/wp\/v2\/pages\/461"}],"wp:attachment":[{"href":"https:\/\/www.allurehotelprague.com\/cs\/wp-json\/wp\/v2\/media?parent=466"}],"curies":[{"name":"wp","href":"https:\/\/api.w.org\/{rel}","templated":true}]}}