{"id":468,"date":"2023-07-14T10:42:16","date_gmt":"2023-07-14T10:42:16","guid":{"rendered":"https:\/\/www.allurehotelprague.com\/masaze\/swedish-school\/"},"modified":"2025-05-22T07:54:35","modified_gmt":"2025-05-22T07:54:35","slug":"swedish-school","status":"publish","type":"page","link":"https:\/\/www.allurehotelprague.com\/cs\/sluzby\/masaze\/swedish-school\/","title":{"rendered":"Swedish School"},"content":{"rendered":"<p>\u0160v\u00e9dsk\u00e1 svalov\u00e1 mas\u00e1\u017e je zalo\u017eena na klasick\u00e9 mas\u00e1\u017en\u00ed technice. Slou\u017e\u00ed k osv\u011b\u017een\u00ed a regeneraci svalstva, zlep\u0161en\u00ed t\u011bln\u00edho metabolismu a napom\u00e1h\u00e1 lep\u0161\u00edmu krevn\u00edmu ob\u011bhu. Jedn\u00e1 se o typ sportovn\u00ed mas\u00e1\u017ee specificky ur\u010den\u00e9 ke zrychlen\u00e9mu odstran\u011bn\u00ed \u00fanavy.<\/p>\n","protected":false},"excerpt":{"rendered":"<p>\u0160v\u00e9dsk\u00e1 svalov\u00e1 mas\u00e1\u017e je zalo\u017eena na klasick\u00e9 mas\u00e1\u017en\u00ed technice. Slou\u017e\u00ed k osv\u011b\u017een\u00ed a regeneraci svalstva, zlep\u0161en\u00ed t\u011bln\u00edho metabolismu a napom\u00e1h\u00e1 lep\u0161\u00edmu krevn\u00edmu ob\u011bhu. Jedn\u00e1 se o typ sportovn\u00ed mas\u00e1\u017ee specificky ur\u010den\u00e9 ke zrychlen\u00e9mu odstran\u011bn\u00ed \u00fanavy.<\/p>\n","protected":false},"author":4,"featured_media":0,"parent":461,"menu_order":40,"comment_status":"closed","ping_status":"closed","template":"template-massage-single.php","meta":{"footnotes":""},"class_list":["post-468","page","type-page","status-publish","hentry"],"yoast_head":"<!-- This site is optimized with the Yoast SEO plugin v26.9 - https:\/\/yoast.com\/product\/yoast-seo-wordpress\/ -->\n<title>Swedish School - Allure Hotel &amp; Residence Prague -<\/title>\n<meta name=\"description\" content=\"\u0160v\u00e9dsk\u00e1 mas\u00e1\u017e sval\u016f zalo\u017een\u00e1 na klasick\u00e9 technice, regeneruje svaly, zlep\u0161uje metabolismus, prokrven\u00ed a rychle odstra\u0148uje \u00fanavu.\" \/>\n<meta name=\"robots\" content=\"noindex, nofollow\" \/>\n<meta property=\"og:locale\" content=\"cs_CZ\" \/>\n<meta property=\"og:type\" content=\"article\" \/>\n<meta property=\"og:title\" content=\"Swedish School - Allure Hotel &amp; Residence Prague -\" \/>\n<meta property=\"og:description\" content=\"\u0160v\u00e9dsk\u00e1 mas\u00e1\u017e sval\u016f zalo\u017een\u00e1 na klasick\u00e9 technice, regeneruje svaly, zlep\u0161uje metabolismus, prokrven\u00ed a rychle odstra\u0148uje \u00fanavu.\" \/>\n<meta property=\"og:url\" content=\"https:\/\/www.allurehotelprague.com\/cs\/sluzby\/masaze\/swedish-school\/\" \/>\n<meta property=\"og:site_name\" content=\"Allure Hotel &amp; Residence Prague\" \/>\n<meta property=\"article:modified_time\" content=\"2025-05-22T07:54:35+00:00\" \/>\n<meta name=\"twitter:card\" content=\"summary_large_image\" \/>\n<meta name=\"twitter:label1\" content=\"Odhadovan\u00e1 doba \u010dten\u00ed\" \/>\n\t<meta name=\"twitter:data1\" content=\"1 minuta\" \/>\n<script type=\"application\/ld+json\" class=\"yoast-schema-graph\">{\"@context\":\"https:\/\/schema.org\",\"@graph\":[{\"@type\":\"WebPage\",\"@id\":\"https:\/\/www.allurehotelprague.com\/cs\/sluzby\/masaze\/swedish-school\/\",\"url\":\"https:\/\/www.allurehotelprague.com\/cs\/sluzby\/masaze\/swedish-school\/\",\"name\":\"Swedish School - Allure Hotel &amp; Residence Prague -\",\"isPartOf\":{\"@id\":\"https:\/\/www.allurehotelprague.com\/cs\/#website\"},\"datePublished\":\"2023-07-14T10:42:16+00:00\",\"dateModified\":\"2025-05-22T07:54:35+00:00\",\"description\":\"\u0160v\u00e9dsk\u00e1 mas\u00e1\u017e sval\u016f zalo\u017een\u00e1 na klasick\u00e9 technice, regeneruje svaly, zlep\u0161uje metabolismus, prokrven\u00ed a rychle odstra\u0148uje \u00fanavu.\",\"breadcrumb\":{\"@id\":\"https:\/\/www.allurehotelprague.com\/cs\/sluzby\/masaze\/swedish-school\/#breadcrumb\"},\"inLanguage\":\"cs\",\"potentialAction\":[{\"@type\":\"ReadAction\",\"target\":[\"https:\/\/www.allurehotelprague.com\/cs\/sluzby\/masaze\/swedish-school\/\"]}]},{\"@type\":\"BreadcrumbList\",\"@id\":\"https:\/\/www.allurehotelprague.com\/cs\/sluzby\/masaze\/swedish-school\/#breadcrumb\",\"itemListElement\":[{\"@type\":\"ListItem\",\"position\":1,\"name\":\"Home\",\"item\":\"https:\/\/www.allurehotelprague.com\/cs\/\"},{\"@type\":\"ListItem\",\"position\":2,\"name\":\"Dopl\u0148kov\u00e9 slu\u017eby\",\"item\":\"https:\/\/www.allurehotelprague.com\/cs\/sluzby\/\"},{\"@type\":\"ListItem\",\"position\":3,\"name\":\"Mas\u00e1\u017ee\",\"item\":\"https:\/\/www.allurehotelprague.com\/cs\/sluzby\/masaze\/\"},{\"@type\":\"ListItem\",\"position\":4,\"name\":\"Swedish School\"}]},{\"@type\":\"WebSite\",\"@id\":\"https:\/\/www.allurehotelprague.com\/cs\/#website\",\"url\":\"https:\/\/www.allurehotelprague.com\/cs\/\",\"name\":\"Allure Hotel &amp; Residence Prague\",\"description\":\"\",\"potentialAction\":[{\"@type\":\"SearchAction\",\"target\":{\"@type\":\"EntryPoint\",\"urlTemplate\":\"https:\/\/www.allurehotelprague.com\/cs\/?s={search_term_string}\"},\"query-input\":{\"@type\":\"PropertyValueSpecification\",\"valueRequired\":true,\"valueName\":\"search_term_string\"}}],\"inLanguage\":\"cs\"}]}<\/script>\n<!-- \/ Yoast SEO plugin. -->","yoast_head_json":{"title":"Swedish School - Allure Hotel &amp; Residence Prague -","description":"\u0160v\u00e9dsk\u00e1 mas\u00e1\u017e sval\u016f zalo\u017een\u00e1 na klasick\u00e9 technice, regeneruje svaly, zlep\u0161uje metabolismus, prokrven\u00ed a rychle odstra\u0148uje \u00fanavu.","robots":{"index":"noindex","follow":"nofollow"},"og_locale":"cs_CZ","og_type":"article","og_title":"Swedish School - Allure Hotel &amp; Residence Prague -","og_description":"\u0160v\u00e9dsk\u00e1 mas\u00e1\u017e sval\u016f zalo\u017een\u00e1 na klasick\u00e9 technice, regeneruje svaly, zlep\u0161uje metabolismus, prokrven\u00ed a rychle odstra\u0148uje \u00fanavu.","og_url":"https:\/\/www.allurehotelprague.com\/cs\/sluzby\/masaze\/swedish-school\/","og_site_name":"Allure Hotel &amp; Residence Prague","article_modified_time":"2025-05-22T07:54:35+00:00","twitter_card":"summary_large_image","twitter_misc":{"Odhadovan\u00e1 doba \u010dten\u00ed":"1 minuta"},"schema":{"@context":"https:\/\/schema.org","@graph":[{"@type":"WebPage","@id":"https:\/\/www.allurehotelprague.com\/cs\/sluzby\/masaze\/swedish-school\/","url":"https:\/\/www.allurehotelprague.com\/cs\/sluzby\/masaze\/swedish-school\/","name":"Swedish School - Allure Hotel &amp; Residence Prague -","isPartOf":{"@id":"https:\/\/www.allurehotelprague.com\/cs\/#website"},"datePublished":"2023-07-14T10:42:16+00:00","dateModified":"2025-05-22T07:54:35+00:00","description":"\u0160v\u00e9dsk\u00e1 mas\u00e1\u017e sval\u016f zalo\u017een\u00e1 na klasick\u00e9 technice, regeneruje svaly, zlep\u0161uje metabolismus, prokrven\u00ed a rychle odstra\u0148uje \u00fanavu.","breadcrumb":{"@id":"https:\/\/www.allurehotelprague.com\/cs\/sluzby\/masaze\/swedish-school\/#breadcrumb"},"inLanguage":"cs","potentialAction":[{"@type":"ReadAction","target":["https:\/\/www.allurehotelprague.com\/cs\/sluzby\/masaze\/swedish-school\/"]}]},{"@type":"BreadcrumbList","@id":"https:\/\/www.allurehotelprague.com\/cs\/sluzby\/masaze\/swedish-school\/#breadcrumb","itemListElement":[{"@type":"ListItem","position":1,"name":"Home","item":"https:\/\/www.allurehotelprague.com\/cs\/"},{"@type":"ListItem","position":2,"name":"Dopl\u0148kov\u00e9 slu\u017eby","item":"https:\/\/www.allurehotelprague.com\/cs\/sluzby\/"},{"@type":"ListItem","position":3,"name":"Mas\u00e1\u017ee","item":"https:\/\/www.allurehotelprague.com\/cs\/sluzby\/masaze\/"},{"@type":"ListItem","position":4,"name":"Swedish School"}]},{"@type":"WebSite","@id":"https:\/\/www.allurehotelprague.com\/cs\/#website","url":"https:\/\/www.allurehotelprague.com\/cs\/","name":"Allure Hotel &amp; Residence Prague","description":"","potentialAction":[{"@type":"SearchAction","target":{"@type":"EntryPoint","urlTemplate":"https:\/\/www.allurehotelprague.com\/cs\/?s={search_term_string}"},"query-input":{"@type":"PropertyValueSpecification","valueRequired":true,"valueName":"search_term_string"}}],"inLanguage":"cs"}]}},"acf":[],"_links":{"self":[{"href":"https:\/\/www.allurehotelprague.com\/cs\/wp-json\/wp\/v2\/pages\/468","targetHints":{"allow":["GET"]}}],"collection":[{"href":"https:\/\/www.allurehotelprague.com\/cs\/wp-json\/wp\/v2\/pages"}],"about":[{"href":"https:\/\/www.allurehotelprague.com\/cs\/wp-json\/wp\/v2\/types\/page"}],"author":[{"embeddable":true,"href":"https:\/\/www.allurehotelprague.com\/cs\/wp-json\/wp\/v2\/users\/4"}],"replies":[{"embeddable":true,"href":"https:\/\/www.allurehotelprague.com\/cs\/wp-json\/wp\/v2\/comments?post=468"}],"version-history":[{"count":0,"href":"https:\/\/www.allurehotelprague.com\/cs\/wp-json\/wp\/v2\/pages\/468\/revisions"}],"up":[{"embeddable":true,"href":"https:\/\/www.allurehotelprague.com\/cs\/wp-json\/wp\/v2\/pages\/461"}],"wp:attachment":[{"href":"https:\/\/www.allurehotelprague.com\/cs\/wp-json\/wp\/v2\/media?parent=468"}],"curies":[{"name":"wp","href":"https:\/\/api.w.org\/{rel}","templated":true}]}}