{"id":494,"date":"2023-08-04T14:04:31","date_gmt":"2023-08-04T14:04:31","guid":{"rendered":"https:\/\/www.allurehotelprague.com\/?page_id=494"},"modified":"2025-06-18T10:30:01","modified_gmt":"2025-06-18T10:30:01","slug":"parkovani","status":"publish","type":"page","link":"https:\/\/www.allurehotelprague.com\/cs\/sluzby\/parkovani\/","title":{"rendered":"Parkov\u00e1n\u00ed"},"content":{"rendered":"<p>Pokud p\u0159ij\u00ed\u017ed\u00edte autem, m\u016f\u017eete vyu\u017e\u00edt gar\u00e1\u017eov\u00e9 parkov\u00e1n\u00ed, kter\u00e9 se nach\u00e1z\u00ed v doch\u00e1zkov\u00e9 vzd\u00e1lenosti od hotelu Allure Hotel &amp; Residence Prague. Upozor\u0148ujeme, \u017ee od 1. ledna 2025 ji\u017e nebude mo\u017en\u00e9 parkovat v okol\u00ed hotelu.<\/p>\n<table width=\"606\">\n<tbody>\n<tr>\n<td colspan=\"3\" width=\"606\"><strong>CEN\u00cdK PARKOV\u00c1N\u00cd<\/strong><\/td>\n<\/tr>\n<tr>\n<td width=\"236\"><strong>Typ parkov\u00e1n\u00ed<\/strong><\/td>\n<td width=\"185\"><strong>Vzd\u00e1lenost<\/strong><\/td>\n<td width=\"185\"><strong>Cena<\/strong><\/td>\n<\/tr>\n<tr>\n<td><\/td>\n<td><\/td>\n<td><\/td>\n<\/tr>\n<tr>\n<td>Rudolfinum &#8211; gar\u00e1\u017ee<\/td>\n<td>650 m<\/td>\n<td>750 K\u010d\/24h\/auto<\/td>\n<\/tr>\n<tr>\n<td>Palladium &#8211; gar\u00e1\u017ee<\/td>\n<td>750 m<\/td>\n<td>1100 K\u010d\/24h\/auto<\/td>\n<\/tr>\n<\/tbody>\n<\/table>\n","protected":false},"excerpt":{"rendered":"<p>Pokud p\u0159ij\u00ed\u017ed\u00edte autem, m\u016f\u017eete vyu\u017e\u00edt gar\u00e1\u017eov\u00e9 parkov\u00e1n\u00ed, kter\u00e9 se nach\u00e1z\u00ed v doch\u00e1zkov\u00e9 vzd\u00e1lenosti od hotelu Allure Hotel &amp; Residence Prague. Upozor\u0148ujeme, \u017ee od 1. ledna 2025 ji\u017e nebude mo\u017en\u00e9 parkovat v okol\u00ed hotelu. CEN\u00cdK PARKOV\u00c1N\u00cd Typ parkov\u00e1n\u00ed Vzd\u00e1lenost Cena Rudolfinum &#8211; gar\u00e1\u017ee 650 m 750 K\u010d\/24h\/auto Palladium &#8211; gar\u00e1\u017ee 750 m 1100 K\u010d\/24h\/auto<\/p>\n","protected":false},"author":4,"featured_media":0,"parent":495,"menu_order":20,"comment_status":"closed","ping_status":"closed","template":"template-single-service.php","meta":{"footnotes":""},"class_list":["post-494","page","type-page","status-publish","hentry"],"yoast_head":"<!-- This site is optimized with the Yoast SEO plugin v26.9 - https:\/\/yoast.com\/product\/yoast-seo-wordpress\/ -->\n<title>Parkov\u00e1n\u00ed - Allure Hotel &amp; Residence Prague -<\/title>\n<meta name=\"description\" content=\"P\u0159i pobytu v na\u0161em hotelu m\u016f\u017eete vyu\u017e\u00edt parkov\u00e1n\u00ed na ulici na modr\u00e9 z\u00f3n\u011b. Doporu\u010dujeme rezervaci p\u0159edem vzhledem k limitovan\u00e9mu po\u010dtu m\u00edst.\" \/>\n<meta name=\"robots\" content=\"index, follow, max-snippet:-1, max-image-preview:large, max-video-preview:-1\" \/>\n<link rel=\"canonical\" href=\"https:\/\/www.allurehotelprague.com\/cs\/sluzby\/parkovani\/\" \/>\n<meta property=\"og:locale\" content=\"cs_CZ\" \/>\n<meta property=\"og:type\" content=\"article\" \/>\n<meta property=\"og:title\" content=\"Parkov\u00e1n\u00ed - Allure Hotel &amp; Residence Prague -\" \/>\n<meta property=\"og:description\" content=\"P\u0159i pobytu v na\u0161em hotelu m\u016f\u017eete vyu\u017e\u00edt parkov\u00e1n\u00ed na ulici na modr\u00e9 z\u00f3n\u011b. Doporu\u010dujeme rezervaci p\u0159edem vzhledem k limitovan\u00e9mu po\u010dtu m\u00edst.\" \/>\n<meta property=\"og:url\" content=\"https:\/\/www.allurehotelprague.com\/cs\/sluzby\/parkovani\/\" \/>\n<meta property=\"og:site_name\" content=\"Allure Hotel &amp; Residence Prague\" \/>\n<meta property=\"article:modified_time\" content=\"2025-06-18T10:30:01+00:00\" \/>\n<meta name=\"twitter:card\" content=\"summary_large_image\" \/>\n<meta name=\"twitter:label1\" content=\"Odhadovan\u00e1 doba \u010dten\u00ed\" \/>\n\t<meta name=\"twitter:data1\" content=\"1 minuta\" \/>\n<script type=\"application\/ld+json\" class=\"yoast-schema-graph\">{\"@context\":\"https:\/\/schema.org\",\"@graph\":[{\"@type\":\"WebPage\",\"@id\":\"https:\/\/www.allurehotelprague.com\/cs\/sluzby\/parkovani\/\",\"url\":\"https:\/\/www.allurehotelprague.com\/cs\/sluzby\/parkovani\/\",\"name\":\"Parkov\u00e1n\u00ed - Allure Hotel &amp; Residence Prague -\",\"isPartOf\":{\"@id\":\"https:\/\/www.allurehotelprague.com\/cs\/#website\"},\"datePublished\":\"2023-08-04T14:04:31+00:00\",\"dateModified\":\"2025-06-18T10:30:01+00:00\",\"description\":\"P\u0159i pobytu v na\u0161em hotelu m\u016f\u017eete vyu\u017e\u00edt parkov\u00e1n\u00ed na ulici na modr\u00e9 z\u00f3n\u011b. Doporu\u010dujeme rezervaci p\u0159edem vzhledem k limitovan\u00e9mu po\u010dtu m\u00edst.\",\"breadcrumb\":{\"@id\":\"https:\/\/www.allurehotelprague.com\/cs\/sluzby\/parkovani\/#breadcrumb\"},\"inLanguage\":\"cs\",\"potentialAction\":[{\"@type\":\"ReadAction\",\"target\":[\"https:\/\/www.allurehotelprague.com\/cs\/sluzby\/parkovani\/\"]}]},{\"@type\":\"BreadcrumbList\",\"@id\":\"https:\/\/www.allurehotelprague.com\/cs\/sluzby\/parkovani\/#breadcrumb\",\"itemListElement\":[{\"@type\":\"ListItem\",\"position\":1,\"name\":\"Home\",\"item\":\"https:\/\/www.allurehotelprague.com\/cs\/\"},{\"@type\":\"ListItem\",\"position\":2,\"name\":\"Dopl\u0148kov\u00e9 slu\u017eby\",\"item\":\"https:\/\/www.allurehotelprague.com\/cs\/sluzby\/\"},{\"@type\":\"ListItem\",\"position\":3,\"name\":\"Parkov\u00e1n\u00ed\"}]},{\"@type\":\"WebSite\",\"@id\":\"https:\/\/www.allurehotelprague.com\/cs\/#website\",\"url\":\"https:\/\/www.allurehotelprague.com\/cs\/\",\"name\":\"Allure Hotel &amp; Residence Prague\",\"description\":\"\",\"potentialAction\":[{\"@type\":\"SearchAction\",\"target\":{\"@type\":\"EntryPoint\",\"urlTemplate\":\"https:\/\/www.allurehotelprague.com\/cs\/?s={search_term_string}\"},\"query-input\":{\"@type\":\"PropertyValueSpecification\",\"valueRequired\":true,\"valueName\":\"search_term_string\"}}],\"inLanguage\":\"cs\"}]}<\/script>\n<!-- \/ Yoast SEO plugin. -->","yoast_head_json":{"title":"Parkov\u00e1n\u00ed - Allure Hotel &amp; Residence Prague -","description":"P\u0159i pobytu v na\u0161em hotelu m\u016f\u017eete vyu\u017e\u00edt parkov\u00e1n\u00ed na ulici na modr\u00e9 z\u00f3n\u011b. Doporu\u010dujeme rezervaci p\u0159edem vzhledem k limitovan\u00e9mu po\u010dtu m\u00edst.","robots":{"index":"index","follow":"follow","max-snippet":"max-snippet:-1","max-image-preview":"max-image-preview:large","max-video-preview":"max-video-preview:-1"},"canonical":"https:\/\/www.allurehotelprague.com\/cs\/sluzby\/parkovani\/","og_locale":"cs_CZ","og_type":"article","og_title":"Parkov\u00e1n\u00ed - Allure Hotel &amp; Residence Prague -","og_description":"P\u0159i pobytu v na\u0161em hotelu m\u016f\u017eete vyu\u017e\u00edt parkov\u00e1n\u00ed na ulici na modr\u00e9 z\u00f3n\u011b. Doporu\u010dujeme rezervaci p\u0159edem vzhledem k limitovan\u00e9mu po\u010dtu m\u00edst.","og_url":"https:\/\/www.allurehotelprague.com\/cs\/sluzby\/parkovani\/","og_site_name":"Allure Hotel &amp; Residence Prague","article_modified_time":"2025-06-18T10:30:01+00:00","twitter_card":"summary_large_image","twitter_misc":{"Odhadovan\u00e1 doba \u010dten\u00ed":"1 minuta"},"schema":{"@context":"https:\/\/schema.org","@graph":[{"@type":"WebPage","@id":"https:\/\/www.allurehotelprague.com\/cs\/sluzby\/parkovani\/","url":"https:\/\/www.allurehotelprague.com\/cs\/sluzby\/parkovani\/","name":"Parkov\u00e1n\u00ed - Allure Hotel &amp; Residence Prague -","isPartOf":{"@id":"https:\/\/www.allurehotelprague.com\/cs\/#website"},"datePublished":"2023-08-04T14:04:31+00:00","dateModified":"2025-06-18T10:30:01+00:00","description":"P\u0159i pobytu v na\u0161em hotelu m\u016f\u017eete vyu\u017e\u00edt parkov\u00e1n\u00ed na ulici na modr\u00e9 z\u00f3n\u011b. Doporu\u010dujeme rezervaci p\u0159edem vzhledem k limitovan\u00e9mu po\u010dtu m\u00edst.","breadcrumb":{"@id":"https:\/\/www.allurehotelprague.com\/cs\/sluzby\/parkovani\/#breadcrumb"},"inLanguage":"cs","potentialAction":[{"@type":"ReadAction","target":["https:\/\/www.allurehotelprague.com\/cs\/sluzby\/parkovani\/"]}]},{"@type":"BreadcrumbList","@id":"https:\/\/www.allurehotelprague.com\/cs\/sluzby\/parkovani\/#breadcrumb","itemListElement":[{"@type":"ListItem","position":1,"name":"Home","item":"https:\/\/www.allurehotelprague.com\/cs\/"},{"@type":"ListItem","position":2,"name":"Dopl\u0148kov\u00e9 slu\u017eby","item":"https:\/\/www.allurehotelprague.com\/cs\/sluzby\/"},{"@type":"ListItem","position":3,"name":"Parkov\u00e1n\u00ed"}]},{"@type":"WebSite","@id":"https:\/\/www.allurehotelprague.com\/cs\/#website","url":"https:\/\/www.allurehotelprague.com\/cs\/","name":"Allure Hotel &amp; Residence Prague","description":"","potentialAction":[{"@type":"SearchAction","target":{"@type":"EntryPoint","urlTemplate":"https:\/\/www.allurehotelprague.com\/cs\/?s={search_term_string}"},"query-input":{"@type":"PropertyValueSpecification","valueRequired":true,"valueName":"search_term_string"}}],"inLanguage":"cs"}]}},"acf":[],"_links":{"self":[{"href":"https:\/\/www.allurehotelprague.com\/cs\/wp-json\/wp\/v2\/pages\/494","targetHints":{"allow":["GET"]}}],"collection":[{"href":"https:\/\/www.allurehotelprague.com\/cs\/wp-json\/wp\/v2\/pages"}],"about":[{"href":"https:\/\/www.allurehotelprague.com\/cs\/wp-json\/wp\/v2\/types\/page"}],"author":[{"embeddable":true,"href":"https:\/\/www.allurehotelprague.com\/cs\/wp-json\/wp\/v2\/users\/4"}],"replies":[{"embeddable":true,"href":"https:\/\/www.allurehotelprague.com\/cs\/wp-json\/wp\/v2\/comments?post=494"}],"version-history":[{"count":0,"href":"https:\/\/www.allurehotelprague.com\/cs\/wp-json\/wp\/v2\/pages\/494\/revisions"}],"up":[{"embeddable":true,"href":"https:\/\/www.allurehotelprague.com\/cs\/wp-json\/wp\/v2\/pages\/495"}],"wp:attachment":[{"href":"https:\/\/www.allurehotelprague.com\/cs\/wp-json\/wp\/v2\/media?parent=494"}],"curies":[{"name":"wp","href":"https:\/\/api.w.org\/{rel}","templated":true}]}}