{"id":496,"date":"2023-08-04T14:09:32","date_gmt":"2023-08-04T14:09:32","guid":{"rendered":"https:\/\/www.allurehotelprague.com\/?page_id=496"},"modified":"2025-05-22T07:58:36","modified_gmt":"2025-05-22T07:58:36","slug":"transfery","status":"publish","type":"page","link":"https:\/\/www.allurehotelprague.com\/cs\/sluzby\/transfery\/","title":{"rendered":"Transfery"},"content":{"rendered":"<p style=\"font-weight: 400\">N\u00e1\u0161 t\u00fdm recepce V\u00e1m ochotn\u011b pom\u016f\u017ee s transferem na leti\u0161t\u011b, na v\u00fdlet po m\u011bst\u011b \u010di do okol\u00ed Prahy. Nev\u00e1hejte a zastavte se u n\u00e1s, spole\u010dn\u011b najdeme nejlep\u0161\u00ed mo\u017en\u00e9 \u0159e\u0161en\u00ed.<\/p>\n<table width=\"606\">\n<tbody>\n<tr>\n<td colspan=\"3\" width=\"606\"><strong>CEN\u00cdK TRANSFER\u016e<\/strong><\/td>\n<\/tr>\n<tr>\n<td width=\"236\"><strong>Destinace<\/strong><\/td>\n<td width=\"185\"><strong>Auto pro 1-3 osoby<\/strong><\/td>\n<td width=\"185\"><strong>Minivan pro 4-7 osob<\/strong><\/td>\n<\/tr>\n<tr>\n<td width=\"236\">Leti\u0161t\u011b V\u00e1clava Havla<\/td>\n<td width=\"185\">\u00a0\u00a0\u00a0\u00a0\u00a0\u00a0\u00a0\u00a0\u00a0\u00a0\u00a0\u00a0\u00a0\u00a0\u00a0\u00a0\u00a0\u00a0\u00a0\u00a0\u00a0\u00a0\u00a0\u00a0\u00a0\u00a0\u00a0\u00a0\u00a0\u00a0\u00a0\u00a0\u00a0\u00a0\u00a0 900,00 K\u010d<\/td>\n<td width=\"185\">\u00a0\u00a0\u00a0\u00a0\u00a0\u00a0\u00a0\u00a0\u00a0\u00a0\u00a0\u00a0\u00a0\u00a0\u00a0\u00a0\u00a0\u00a0\u00a0\u00a0\u00a0\u00a0\u00a0\u00a0\u00a0\u00a0\u00a0\u00a0\u00a0\u00a0\u00a0\u00a0 1.300,00 K\u010d<\/td>\n<\/tr>\n<tr>\n<td width=\"236\">Hlavn\u00ed n\u00e1dra\u017e\u00ed<\/td>\n<td width=\"185\">\u00a0\u00a0\u00a0\u00a0\u00a0\u00a0\u00a0\u00a0\u00a0\u00a0\u00a0\u00a0\u00a0\u00a0\u00a0\u00a0\u00a0\u00a0\u00a0\u00a0\u00a0\u00a0\u00a0\u00a0\u00a0\u00a0\u00a0\u00a0\u00a0\u00a0\u00a0\u00a0\u00a0\u00a0\u00a0 500,00 K\u010d<\/td>\n<td width=\"185\">\u00a0\u00a0\u00a0\u00a0\u00a0\u00a0\u00a0\u00a0\u00a0\u00a0\u00a0\u00a0\u00a0\u00a0\u00a0\u00a0\u00a0\u00a0\u00a0\u00a0\u00a0\u00a0\u00a0\u00a0\u00a0\u00a0\u00a0\u00a0\u00a0\u00a0\u00a0\u00a0\u00a0\u00a0\u00a0 650,00 K\u010d<\/td>\n<\/tr>\n<tr>\n<td width=\"236\">Florenc autobusov\u00e9 n\u00e1dra\u017e\u00ed<\/td>\n<td width=\"185\">\u00a0\u00a0\u00a0\u00a0\u00a0\u00a0\u00a0\u00a0\u00a0\u00a0\u00a0\u00a0\u00a0\u00a0\u00a0\u00a0\u00a0\u00a0\u00a0\u00a0\u00a0\u00a0\u00a0\u00a0\u00a0\u00a0\u00a0\u00a0\u00a0\u00a0\u00a0\u00a0\u00a0\u00a0\u00a0 500,00 K\u010d<\/td>\n<td width=\"185\">\u00a0\u00a0\u00a0\u00a0\u00a0\u00a0\u00a0\u00a0\u00a0\u00a0\u00a0\u00a0\u00a0\u00a0\u00a0\u00a0\u00a0\u00a0\u00a0\u00a0\u00a0\u00a0\u00a0\u00a0\u00a0\u00a0\u00a0\u00a0\u00a0\u00a0\u00a0\u00a0\u00a0\u00a0\u00a0 650,00 K\u010d<\/td>\n<\/tr>\n<tr>\n<td width=\"236\">Pra\u017esk\u00fd Hrad<\/td>\n<td width=\"185\">\u00a0\u00a0\u00a0\u00a0\u00a0\u00a0\u00a0\u00a0\u00a0\u00a0\u00a0\u00a0\u00a0\u00a0\u00a0\u00a0\u00a0\u00a0\u00a0\u00a0\u00a0\u00a0\u00a0\u00a0\u00a0\u00a0\u00a0\u00a0\u00a0\u00a0\u00a0\u00a0\u00a0\u00a0\u00a0 500,00 K\u010d<\/td>\n<td width=\"185\">\u00a0\u00a0\u00a0\u00a0\u00a0\u00a0\u00a0\u00a0\u00a0\u00a0\u00a0\u00a0\u00a0\u00a0\u00a0\u00a0\u00a0\u00a0\u00a0\u00a0\u00a0\u00a0\u00a0\u00a0\u00a0\u00a0\u00a0\u00a0\u00a0\u00a0\u00a0\u00a0\u00a0\u00a0\u00a0 650,00 K\u010d<\/td>\n<\/tr>\n<tr>\n<td width=\"236\">ZOO Praha<\/td>\n<td width=\"185\">\u00a0\u00a0\u00a0\u00a0\u00a0\u00a0\u00a0\u00a0\u00a0\u00a0\u00a0\u00a0\u00a0\u00a0\u00a0\u00a0\u00a0\u00a0\u00a0\u00a0\u00a0\u00a0\u00a0\u00a0\u00a0\u00a0\u00a0\u00a0\u00a0\u00a0\u00a0\u00a0\u00a0\u00a0\u00a0 600,00 K\u010d<\/td>\n<td width=\"185\">\u00a0\u00a0\u00a0\u00a0\u00a0\u00a0\u00a0\u00a0\u00a0\u00a0\u00a0\u00a0\u00a0\u00a0\u00a0\u00a0\u00a0\u00a0\u00a0\u00a0\u00a0\u00a0\u00a0\u00a0\u00a0\u00a0\u00a0\u00a0\u00a0\u00a0\u00a0\u00a0\u00a0\u00a0\u00a0 750,00 K\u010d<\/td>\n<\/tr>\n<tr>\n<td width=\"236\">Aquapalace<\/td>\n<td width=\"185\">\u00a0\u00a0\u00a0\u00a0\u00a0\u00a0\u00a0\u00a0\u00a0\u00a0\u00a0\u00a0\u00a0\u00a0\u00a0\u00a0\u00a0\u00a0\u00a0\u00a0\u00a0\u00a0\u00a0\u00a0\u00a0\u00a0\u00a0\u00a0\u00a0\u00a0\u00a0\u00a0\u00a0\u00a0\u00a0 850,00 K\u010d<\/td>\n<td width=\"185\">\u00a0\u00a0\u00a0\u00a0\u00a0\u00a0\u00a0\u00a0\u00a0\u00a0\u00a0\u00a0\u00a0\u00a0\u00a0\u00a0\u00a0\u00a0\u00a0\u00a0\u00a0\u00a0\u00a0\u00a0\u00a0\u00a0\u00a0\u00a0\u00a0\u00a0\u00a0\u00a0 1.200,00 K\u010d<\/td>\n<\/tr>\n<tr>\n<td width=\"236\">Pron\u00e1jem 1 hodina<\/td>\n<td width=\"185\">\u00a0\u00a0\u00a0\u00a0\u00a0\u00a0\u00a0\u00a0\u00a0\u00a0\u00a0\u00a0\u00a0\u00a0\u00a0\u00a0\u00a0\u00a0\u00a0\u00a0\u00a0\u00a0\u00a0\u00a0\u00a0\u00a0\u00a0\u00a0\u00a0\u00a0\u00a0\u00a0 1.000,00 K\u010d<\/td>\n<td width=\"185\">\u00a0\u00a0\u00a0\u00a0\u00a0\u00a0\u00a0\u00a0\u00a0\u00a0\u00a0\u00a0\u00a0\u00a0\u00a0\u00a0\u00a0\u00a0\u00a0\u00a0\u00a0\u00a0\u00a0\u00a0\u00a0\u00a0\u00a0\u00a0\u00a0\u00a0\u00a0\u00a0 1.400,00 K\u010d<\/td>\n<\/tr>\n<\/tbody>\n<\/table>\n","protected":false},"excerpt":{"rendered":"<p>N\u00e1\u0161 t\u00fdm recepce V\u00e1m ochotn\u011b pom\u016f\u017ee s transferem na leti\u0161t\u011b, na v\u00fdlet po m\u011bst\u011b \u010di do okol\u00ed Prahy. Nev\u00e1hejte a zastavte se u n\u00e1s, spole\u010dn\u011b najdeme nejlep\u0161\u00ed mo\u017en\u00e9 \u0159e\u0161en\u00ed. CEN\u00cdK TRANSFER\u016e Destinace Auto pro 1-3 osoby Minivan pro 4-7 osob Leti\u0161t\u011b V\u00e1clava Havla \u00a0\u00a0\u00a0\u00a0\u00a0\u00a0\u00a0\u00a0\u00a0\u00a0\u00a0\u00a0\u00a0\u00a0\u00a0\u00a0\u00a0\u00a0\u00a0\u00a0\u00a0\u00a0\u00a0\u00a0\u00a0\u00a0\u00a0\u00a0\u00a0\u00a0\u00a0\u00a0\u00a0\u00a0\u00a0 900,00 K\u010d \u00a0\u00a0\u00a0\u00a0\u00a0\u00a0\u00a0\u00a0\u00a0\u00a0\u00a0\u00a0\u00a0\u00a0\u00a0\u00a0\u00a0\u00a0\u00a0\u00a0\u00a0\u00a0\u00a0\u00a0\u00a0\u00a0\u00a0\u00a0\u00a0\u00a0\u00a0\u00a0 1.300,00 K\u010d Hlavn\u00ed n\u00e1dra\u017e\u00ed \u00a0\u00a0\u00a0\u00a0\u00a0\u00a0\u00a0\u00a0\u00a0\u00a0\u00a0\u00a0\u00a0\u00a0\u00a0\u00a0\u00a0\u00a0\u00a0\u00a0\u00a0\u00a0\u00a0\u00a0\u00a0\u00a0\u00a0\u00a0\u00a0\u00a0\u00a0\u00a0\u00a0\u00a0\u00a0 500,00 K\u010d \u00a0\u00a0\u00a0\u00a0\u00a0\u00a0\u00a0\u00a0\u00a0\u00a0\u00a0\u00a0\u00a0\u00a0\u00a0\u00a0\u00a0\u00a0\u00a0\u00a0\u00a0\u00a0\u00a0\u00a0\u00a0\u00a0\u00a0\u00a0\u00a0\u00a0\u00a0\u00a0\u00a0\u00a0\u00a0 [&hellip;]<\/p>\n","protected":false},"author":4,"featured_media":0,"parent":495,"menu_order":30,"comment_status":"closed","ping_status":"closed","template":"template-single-service.php","meta":{"footnotes":""},"class_list":["post-496","page","type-page","status-publish","hentry"],"yoast_head":"<!-- This site is optimized with the Yoast SEO plugin v26.9 - https:\/\/yoast.com\/product\/yoast-seo-wordpress\/ -->\n<title>Transfery - Allure Hotel &amp; Residence Prague -<\/title>\n<meta name=\"description\" content=\"N\u00e1\u0161 recep\u010dn\u00ed t\u00fdm v\u00e1m r\u00e1d pom\u016f\u017ee s transferem na leti\u0161t\u011b, v\u00fdletem po m\u011bst\u011b nebo okol\u00ed Prahy. Zastavte se, najdeme nejlep\u0161\u00ed \u0159e\u0161en\u00ed.\" \/>\n<meta name=\"robots\" content=\"index, follow, max-snippet:-1, max-image-preview:large, max-video-preview:-1\" \/>\n<link rel=\"canonical\" href=\"https:\/\/www.allurehotelprague.com\/cs\/sluzby\/transfery\/\" \/>\n<meta property=\"og:locale\" content=\"cs_CZ\" \/>\n<meta property=\"og:type\" content=\"article\" \/>\n<meta property=\"og:title\" content=\"Transfery - Allure Hotel &amp; Residence Prague -\" \/>\n<meta property=\"og:description\" content=\"N\u00e1\u0161 recep\u010dn\u00ed t\u00fdm v\u00e1m r\u00e1d pom\u016f\u017ee s transferem na leti\u0161t\u011b, v\u00fdletem po m\u011bst\u011b nebo okol\u00ed Prahy. Zastavte se, najdeme nejlep\u0161\u00ed \u0159e\u0161en\u00ed.\" \/>\n<meta property=\"og:url\" content=\"https:\/\/www.allurehotelprague.com\/cs\/sluzby\/transfery\/\" \/>\n<meta property=\"og:site_name\" content=\"Allure Hotel &amp; Residence Prague\" \/>\n<meta property=\"article:modified_time\" content=\"2025-05-22T07:58:36+00:00\" \/>\n<meta name=\"twitter:card\" content=\"summary_large_image\" \/>\n<meta name=\"twitter:label1\" content=\"Odhadovan\u00e1 doba \u010dten\u00ed\" \/>\n\t<meta name=\"twitter:data1\" content=\"1 minuta\" \/>\n<script type=\"application\/ld+json\" class=\"yoast-schema-graph\">{\"@context\":\"https:\/\/schema.org\",\"@graph\":[{\"@type\":\"WebPage\",\"@id\":\"https:\/\/www.allurehotelprague.com\/cs\/sluzby\/transfery\/\",\"url\":\"https:\/\/www.allurehotelprague.com\/cs\/sluzby\/transfery\/\",\"name\":\"Transfery - Allure Hotel &amp; Residence Prague -\",\"isPartOf\":{\"@id\":\"https:\/\/www.allurehotelprague.com\/cs\/#website\"},\"datePublished\":\"2023-08-04T14:09:32+00:00\",\"dateModified\":\"2025-05-22T07:58:36+00:00\",\"description\":\"N\u00e1\u0161 recep\u010dn\u00ed t\u00fdm v\u00e1m r\u00e1d pom\u016f\u017ee s transferem na leti\u0161t\u011b, v\u00fdletem po m\u011bst\u011b nebo okol\u00ed Prahy. Zastavte se, najdeme nejlep\u0161\u00ed \u0159e\u0161en\u00ed.\",\"breadcrumb\":{\"@id\":\"https:\/\/www.allurehotelprague.com\/cs\/sluzby\/transfery\/#breadcrumb\"},\"inLanguage\":\"cs\",\"potentialAction\":[{\"@type\":\"ReadAction\",\"target\":[\"https:\/\/www.allurehotelprague.com\/cs\/sluzby\/transfery\/\"]}]},{\"@type\":\"BreadcrumbList\",\"@id\":\"https:\/\/www.allurehotelprague.com\/cs\/sluzby\/transfery\/#breadcrumb\",\"itemListElement\":[{\"@type\":\"ListItem\",\"position\":1,\"name\":\"Home\",\"item\":\"https:\/\/www.allurehotelprague.com\/cs\/\"},{\"@type\":\"ListItem\",\"position\":2,\"name\":\"Dopl\u0148kov\u00e9 slu\u017eby\",\"item\":\"https:\/\/www.allurehotelprague.com\/cs\/sluzby\/\"},{\"@type\":\"ListItem\",\"position\":3,\"name\":\"Transfery\"}]},{\"@type\":\"WebSite\",\"@id\":\"https:\/\/www.allurehotelprague.com\/cs\/#website\",\"url\":\"https:\/\/www.allurehotelprague.com\/cs\/\",\"name\":\"Allure Hotel &amp; Residence Prague\",\"description\":\"\",\"potentialAction\":[{\"@type\":\"SearchAction\",\"target\":{\"@type\":\"EntryPoint\",\"urlTemplate\":\"https:\/\/www.allurehotelprague.com\/cs\/?s={search_term_string}\"},\"query-input\":{\"@type\":\"PropertyValueSpecification\",\"valueRequired\":true,\"valueName\":\"search_term_string\"}}],\"inLanguage\":\"cs\"}]}<\/script>\n<!-- \/ Yoast SEO plugin. -->","yoast_head_json":{"title":"Transfery - Allure Hotel &amp; Residence Prague -","description":"N\u00e1\u0161 recep\u010dn\u00ed t\u00fdm v\u00e1m r\u00e1d pom\u016f\u017ee s transferem na leti\u0161t\u011b, v\u00fdletem po m\u011bst\u011b nebo okol\u00ed Prahy. Zastavte se, najdeme nejlep\u0161\u00ed \u0159e\u0161en\u00ed.","robots":{"index":"index","follow":"follow","max-snippet":"max-snippet:-1","max-image-preview":"max-image-preview:large","max-video-preview":"max-video-preview:-1"},"canonical":"https:\/\/www.allurehotelprague.com\/cs\/sluzby\/transfery\/","og_locale":"cs_CZ","og_type":"article","og_title":"Transfery - Allure Hotel &amp; Residence Prague -","og_description":"N\u00e1\u0161 recep\u010dn\u00ed t\u00fdm v\u00e1m r\u00e1d pom\u016f\u017ee s transferem na leti\u0161t\u011b, v\u00fdletem po m\u011bst\u011b nebo okol\u00ed Prahy. Zastavte se, najdeme nejlep\u0161\u00ed \u0159e\u0161en\u00ed.","og_url":"https:\/\/www.allurehotelprague.com\/cs\/sluzby\/transfery\/","og_site_name":"Allure Hotel &amp; Residence Prague","article_modified_time":"2025-05-22T07:58:36+00:00","twitter_card":"summary_large_image","twitter_misc":{"Odhadovan\u00e1 doba \u010dten\u00ed":"1 minuta"},"schema":{"@context":"https:\/\/schema.org","@graph":[{"@type":"WebPage","@id":"https:\/\/www.allurehotelprague.com\/cs\/sluzby\/transfery\/","url":"https:\/\/www.allurehotelprague.com\/cs\/sluzby\/transfery\/","name":"Transfery - Allure Hotel &amp; Residence Prague -","isPartOf":{"@id":"https:\/\/www.allurehotelprague.com\/cs\/#website"},"datePublished":"2023-08-04T14:09:32+00:00","dateModified":"2025-05-22T07:58:36+00:00","description":"N\u00e1\u0161 recep\u010dn\u00ed t\u00fdm v\u00e1m r\u00e1d pom\u016f\u017ee s transferem na leti\u0161t\u011b, v\u00fdletem po m\u011bst\u011b nebo okol\u00ed Prahy. Zastavte se, najdeme nejlep\u0161\u00ed \u0159e\u0161en\u00ed.","breadcrumb":{"@id":"https:\/\/www.allurehotelprague.com\/cs\/sluzby\/transfery\/#breadcrumb"},"inLanguage":"cs","potentialAction":[{"@type":"ReadAction","target":["https:\/\/www.allurehotelprague.com\/cs\/sluzby\/transfery\/"]}]},{"@type":"BreadcrumbList","@id":"https:\/\/www.allurehotelprague.com\/cs\/sluzby\/transfery\/#breadcrumb","itemListElement":[{"@type":"ListItem","position":1,"name":"Home","item":"https:\/\/www.allurehotelprague.com\/cs\/"},{"@type":"ListItem","position":2,"name":"Dopl\u0148kov\u00e9 slu\u017eby","item":"https:\/\/www.allurehotelprague.com\/cs\/sluzby\/"},{"@type":"ListItem","position":3,"name":"Transfery"}]},{"@type":"WebSite","@id":"https:\/\/www.allurehotelprague.com\/cs\/#website","url":"https:\/\/www.allurehotelprague.com\/cs\/","name":"Allure Hotel &amp; Residence Prague","description":"","potentialAction":[{"@type":"SearchAction","target":{"@type":"EntryPoint","urlTemplate":"https:\/\/www.allurehotelprague.com\/cs\/?s={search_term_string}"},"query-input":{"@type":"PropertyValueSpecification","valueRequired":true,"valueName":"search_term_string"}}],"inLanguage":"cs"}]}},"acf":[],"_links":{"self":[{"href":"https:\/\/www.allurehotelprague.com\/cs\/wp-json\/wp\/v2\/pages\/496","targetHints":{"allow":["GET"]}}],"collection":[{"href":"https:\/\/www.allurehotelprague.com\/cs\/wp-json\/wp\/v2\/pages"}],"about":[{"href":"https:\/\/www.allurehotelprague.com\/cs\/wp-json\/wp\/v2\/types\/page"}],"author":[{"embeddable":true,"href":"https:\/\/www.allurehotelprague.com\/cs\/wp-json\/wp\/v2\/users\/4"}],"replies":[{"embeddable":true,"href":"https:\/\/www.allurehotelprague.com\/cs\/wp-json\/wp\/v2\/comments?post=496"}],"version-history":[{"count":0,"href":"https:\/\/www.allurehotelprague.com\/cs\/wp-json\/wp\/v2\/pages\/496\/revisions"}],"up":[{"embeddable":true,"href":"https:\/\/www.allurehotelprague.com\/cs\/wp-json\/wp\/v2\/pages\/495"}],"wp:attachment":[{"href":"https:\/\/www.allurehotelprague.com\/cs\/wp-json\/wp\/v2\/media?parent=496"}],"curies":[{"name":"wp","href":"https:\/\/api.w.org\/{rel}","templated":true}]}}