{"id":6,"date":"2022-10-10T09:37:30","date_gmt":"2022-10-10T09:37:30","guid":{"rendered":"https:\/\/allure-hotel-prague.ms.decms.eu\/?page_id=6"},"modified":"2026-01-08T10:28:13","modified_gmt":"2026-01-08T10:28:13","slug":"vice-nez-hotelovy-pokoj","status":"publish","type":"page","link":"https:\/\/www.allurehotelprague.com\/cs\/vice-nez-hotelovy-pokoj\/","title":{"rendered":"Pokoje"},"content":{"rendered":"<p style=\"text-align: center\">V Allure hotel &amp; Residence Prague nab\u00edz\u00edme v\u00fdjime\u010dn\u00fd a osobn\u00ed servis, aby byl ka\u017ed\u00fd pobyt pohodln\u00fd a nezapomenuteln\u00fd, p\u0159\u00edmo v srdci Prahy. A\u0165 u\u017e cestujete za prac\u00ed, odpo\u010dinkem, nebo s rodinou, n\u00e1\u0161 hotel je v\u00edce ne\u017e jen m\u00edsto k p\u0159esp\u00e1n\u00ed \u2013 je to v\u00e1\u0161 domov daleko od domova.<\/p>\n<p style=\"text-align: center\">Od okam\u017eiku p\u0159\u00edjezdu se postar\u00e1me o ka\u017ed\u00fd detail. U\u017eijte si soukrom\u00fd check-in, b\u011bhem kter\u00e9ho v\u00e1m p\u0159edstav\u00edme v\u0161echny d\u016fle\u017eit\u00e9 informace o ubytov\u00e1n\u00ed a z\u00e1rove\u0148 porad\u00edme, co v Praze nesm\u00edte minout. Nab\u00eddneme v\u00e1m m\u00edchan\u00fd n\u00e1poj na uv\u00edtanou a n\u00e1\u0161 person\u00e1l v\u00e1s osobn\u011b doprovod\u00ed do va\u0161eho stylov\u011b za\u0159\u00edzen\u00e9ho pokoje, aby v\u00e1\u0161 pobyt za\u010dal pohodln\u011b a bez starost\u00ed. Ka\u017ed\u00fd pokoj je navr\u017een s d\u016frazem na komfort a prakti\u010dnost. K dispozici m\u00e1te Nespresso k\u00e1vovar s kapslemi, v\u00fdb\u011br \u010daj\u016f Ronnefeldt, balenou vodu zdarma a kosmetiku Molton Brown. Frot\u00e9 \u017eupany a pantofle spolu s rychl\u00fdm Wi-Fi p\u0159ipojen\u00edm bez hesla zaji\u0161\u0165uj\u00ed pocit luxusu a pohodl\u00ed. I p\u0159es centr\u00e1ln\u00ed polohu nab\u00edz\u00ed hotel klidnou a tichou atmosf\u00e9ru, ide\u00e1ln\u00ed pro odpo\u010dinek po n\u00e1ro\u010dn\u00e9m dni v centru m\u011bsta. Ka\u017ed\u00fd detail v hotelu Allure je navr\u017een tak, aby poskytoval osobn\u00ed komfort, eleganci a pohodl\u00ed, a v\u00e1\u0161 pobyt v Praze tak byl opravdu v\u00fdjime\u010dn\u00fd.<\/p>\n<p style=\"text-align: center\">Za\u017eijte osobit\u00e9 kouzlo, exkluzivn\u00ed vybaven\u00ed a servis s d\u016frazem na detaily, kter\u00fd na\u0161i host\u00e9 miluj\u00ed \u2013 kombinaci, d\u00edky n\u00ed\u017e se k n\u00e1m n\u00e1v\u0161t\u011bvn\u00edci r\u00e1di vrac\u00ed.<\/p>\n<p style=\"text-align: center\"><strong>Ubytov\u00e1n\u00ed d\u011bt\u00ed:<\/strong> D\u011bti do 3,99 let maj\u00ed u n\u00e1s pobyt zdarma, v\u010detn\u011b d\u011btsk\u00e9 post\u00fdlky. D\u00edt\u011b nezab\u00edr\u00e1 pevn\u00e9 l\u016f\u017eko.<br \/>\nD\u011bti od 4 do 11,99 let maj\u00ed sn\u00eddani s 50% slevou. P\u0159i ubytov\u00e1n\u00ed v pokoji typu Deluxe mohou vyu\u017e\u00edt rozkl\u00e1dac\u00ed pohovku (sofa)za poplatek 50 EUR. D\u011bti od 12 let a star\u0161\u00ed jsou po\u010d\u00edt\u00e1ny jako dosp\u011bl\u00e9 osoby.<\/p>\n","protected":false},"excerpt":{"rendered":"<p>V Allure hotel &amp; Residence Prague nab\u00edz\u00edme v\u00fdjime\u010dn\u00fd a osobn\u00ed servis, aby byl ka\u017ed\u00fd pobyt pohodln\u00fd a nezapomenuteln\u00fd, p\u0159\u00edmo v srdci Prahy. A\u0165 u\u017e cestujete za prac\u00ed, odpo\u010dinkem, nebo s rodinou, n\u00e1\u0161 hotel je v\u00edce ne\u017e jen m\u00edsto k p\u0159esp\u00e1n\u00ed \u2013 je to v\u00e1\u0161 domov daleko od domova. Od okam\u017eiku p\u0159\u00edjezdu se postar\u00e1me o ka\u017ed\u00fd [&hellip;]<\/p>\n","protected":false},"author":4,"featured_media":62,"parent":0,"menu_order":10,"comment_status":"closed","ping_status":"closed","template":"template-rooms.php","meta":{"footnotes":""},"class_list":["post-6","page","type-page","status-publish","has-post-thumbnail","hentry"],"yoast_head":"<!-- This site is optimized with the Yoast SEO plugin v26.9 - https:\/\/yoast.com\/product\/yoast-seo-wordpress\/ -->\n<title>Va\u0161e pokoje v Praze | Allure Hotel Prague<\/title>\n<meta name=\"description\" content=\"Bydlete v hotelu, kde se budete c\u00edtit jako doma. Opravdu nezapomenuteln\u00e9 slu\u017eby, mil\u00fd person\u00e1l a bezkonkuren\u010dn\u00ed poloha hotelu v srdci Prahy.\" \/>\n<meta name=\"robots\" content=\"index, follow, max-snippet:-1, max-image-preview:large, max-video-preview:-1\" \/>\n<link rel=\"canonical\" href=\"https:\/\/www.allurehotelprague.com\/cs\/vice-nez-hotelovy-pokoj\/\" \/>\n<meta property=\"og:locale\" content=\"cs_CZ\" \/>\n<meta property=\"og:type\" content=\"article\" \/>\n<meta property=\"og:title\" content=\"Va\u0161e pokoje v Praze | Allure Hotel Prague\" \/>\n<meta property=\"og:description\" content=\"Bydlete v hotelu, kde se budete c\u00edtit jako doma. Opravdu nezapomenuteln\u00e9 slu\u017eby, mil\u00fd person\u00e1l a bezkonkuren\u010dn\u00ed poloha hotelu v srdci Prahy.\" \/>\n<meta property=\"og:url\" content=\"https:\/\/www.allurehotelprague.com\/cs\/vice-nez-hotelovy-pokoj\/\" \/>\n<meta property=\"og:site_name\" content=\"Allure Hotel &amp; Residence Prague\" \/>\n<meta property=\"article:modified_time\" content=\"2026-01-08T10:28:13+00:00\" \/>\n<meta property=\"og:image\" content=\"https:\/\/www.allurehotelprague.com\/wp-content\/uploads\/sites\/484\/2022\/10\/Deluxe-room-5-1.jpg\" \/>\n\t<meta property=\"og:image:width\" content=\"1200\" \/>\n\t<meta property=\"og:image:height\" content=\"801\" \/>\n\t<meta property=\"og:image:type\" content=\"image\/jpeg\" \/>\n<meta name=\"twitter:card\" content=\"summary_large_image\" \/>\n<meta name=\"twitter:label1\" content=\"Odhadovan\u00e1 doba \u010dten\u00ed\" \/>\n\t<meta name=\"twitter:data1\" content=\"2 minuty\" \/>\n<script type=\"application\/ld+json\" class=\"yoast-schema-graph\">{\"@context\":\"https:\/\/schema.org\",\"@graph\":[{\"@type\":\"WebPage\",\"@id\":\"https:\/\/www.allurehotelprague.com\/cs\/vice-nez-hotelovy-pokoj\/\",\"url\":\"https:\/\/www.allurehotelprague.com\/cs\/vice-nez-hotelovy-pokoj\/\",\"name\":\"Va\u0161e pokoje v Praze | Allure Hotel Prague\",\"isPartOf\":{\"@id\":\"https:\/\/www.allurehotelprague.com\/cs\/#website\"},\"primaryImageOfPage\":{\"@id\":\"https:\/\/www.allurehotelprague.com\/cs\/vice-nez-hotelovy-pokoj\/#primaryimage\"},\"image\":{\"@id\":\"https:\/\/www.allurehotelprague.com\/cs\/vice-nez-hotelovy-pokoj\/#primaryimage\"},\"thumbnailUrl\":\"https:\/\/www.allurehotelprague.com\/wp-content\/uploads\/sites\/484\/2022\/10\/Deluxe-room-5-1.jpg\",\"datePublished\":\"2022-10-10T09:37:30+00:00\",\"dateModified\":\"2026-01-08T10:28:13+00:00\",\"description\":\"Bydlete v hotelu, kde se budete c\u00edtit jako doma. Opravdu nezapomenuteln\u00e9 slu\u017eby, mil\u00fd person\u00e1l a bezkonkuren\u010dn\u00ed poloha hotelu v srdci Prahy.\",\"breadcrumb\":{\"@id\":\"https:\/\/www.allurehotelprague.com\/cs\/vice-nez-hotelovy-pokoj\/#breadcrumb\"},\"inLanguage\":\"cs\",\"potentialAction\":[{\"@type\":\"ReadAction\",\"target\":[\"https:\/\/www.allurehotelprague.com\/cs\/vice-nez-hotelovy-pokoj\/\"]}]},{\"@type\":\"ImageObject\",\"inLanguage\":\"cs\",\"@id\":\"https:\/\/www.allurehotelprague.com\/cs\/vice-nez-hotelovy-pokoj\/#primaryimage\",\"url\":\"https:\/\/www.allurehotelprague.com\/wp-content\/uploads\/sites\/484\/2022\/10\/Deluxe-room-5-1.jpg\",\"contentUrl\":\"https:\/\/www.allurehotelprague.com\/wp-content\/uploads\/sites\/484\/2022\/10\/Deluxe-room-5-1.jpg\",\"width\":1200,\"height\":801,\"caption\":\"Deluxe room | Allure Hotel &amp; Residence Prague\"},{\"@type\":\"BreadcrumbList\",\"@id\":\"https:\/\/www.allurehotelprague.com\/cs\/vice-nez-hotelovy-pokoj\/#breadcrumb\",\"itemListElement\":[{\"@type\":\"ListItem\",\"position\":1,\"name\":\"Home\",\"item\":\"https:\/\/www.allurehotelprague.com\/cs\/\"},{\"@type\":\"ListItem\",\"position\":2,\"name\":\"Pokoje\"}]},{\"@type\":\"WebSite\",\"@id\":\"https:\/\/www.allurehotelprague.com\/cs\/#website\",\"url\":\"https:\/\/www.allurehotelprague.com\/cs\/\",\"name\":\"Allure Hotel &amp; Residence Prague\",\"description\":\"\",\"potentialAction\":[{\"@type\":\"SearchAction\",\"target\":{\"@type\":\"EntryPoint\",\"urlTemplate\":\"https:\/\/www.allurehotelprague.com\/cs\/?s={search_term_string}\"},\"query-input\":{\"@type\":\"PropertyValueSpecification\",\"valueRequired\":true,\"valueName\":\"search_term_string\"}}],\"inLanguage\":\"cs\"}]}<\/script>\n<!-- \/ Yoast SEO plugin. -->","yoast_head_json":{"title":"Va\u0161e pokoje v Praze | Allure Hotel Prague","description":"Bydlete v hotelu, kde se budete c\u00edtit jako doma. Opravdu nezapomenuteln\u00e9 slu\u017eby, mil\u00fd person\u00e1l a bezkonkuren\u010dn\u00ed poloha hotelu v srdci Prahy.","robots":{"index":"index","follow":"follow","max-snippet":"max-snippet:-1","max-image-preview":"max-image-preview:large","max-video-preview":"max-video-preview:-1"},"canonical":"https:\/\/www.allurehotelprague.com\/cs\/vice-nez-hotelovy-pokoj\/","og_locale":"cs_CZ","og_type":"article","og_title":"Va\u0161e pokoje v Praze | Allure Hotel Prague","og_description":"Bydlete v hotelu, kde se budete c\u00edtit jako doma. Opravdu nezapomenuteln\u00e9 slu\u017eby, mil\u00fd person\u00e1l a bezkonkuren\u010dn\u00ed poloha hotelu v srdci Prahy.","og_url":"https:\/\/www.allurehotelprague.com\/cs\/vice-nez-hotelovy-pokoj\/","og_site_name":"Allure Hotel &amp; Residence Prague","article_modified_time":"2026-01-08T10:28:13+00:00","og_image":[{"width":1200,"height":801,"url":"https:\/\/www.allurehotelprague.com\/wp-content\/uploads\/sites\/484\/2022\/10\/Deluxe-room-5-1.jpg","type":"image\/jpeg"}],"twitter_card":"summary_large_image","twitter_misc":{"Odhadovan\u00e1 doba \u010dten\u00ed":"2 minuty"},"schema":{"@context":"https:\/\/schema.org","@graph":[{"@type":"WebPage","@id":"https:\/\/www.allurehotelprague.com\/cs\/vice-nez-hotelovy-pokoj\/","url":"https:\/\/www.allurehotelprague.com\/cs\/vice-nez-hotelovy-pokoj\/","name":"Va\u0161e pokoje v Praze | Allure Hotel Prague","isPartOf":{"@id":"https:\/\/www.allurehotelprague.com\/cs\/#website"},"primaryImageOfPage":{"@id":"https:\/\/www.allurehotelprague.com\/cs\/vice-nez-hotelovy-pokoj\/#primaryimage"},"image":{"@id":"https:\/\/www.allurehotelprague.com\/cs\/vice-nez-hotelovy-pokoj\/#primaryimage"},"thumbnailUrl":"https:\/\/www.allurehotelprague.com\/wp-content\/uploads\/sites\/484\/2022\/10\/Deluxe-room-5-1.jpg","datePublished":"2022-10-10T09:37:30+00:00","dateModified":"2026-01-08T10:28:13+00:00","description":"Bydlete v hotelu, kde se budete c\u00edtit jako doma. Opravdu nezapomenuteln\u00e9 slu\u017eby, mil\u00fd person\u00e1l a bezkonkuren\u010dn\u00ed poloha hotelu v srdci Prahy.","breadcrumb":{"@id":"https:\/\/www.allurehotelprague.com\/cs\/vice-nez-hotelovy-pokoj\/#breadcrumb"},"inLanguage":"cs","potentialAction":[{"@type":"ReadAction","target":["https:\/\/www.allurehotelprague.com\/cs\/vice-nez-hotelovy-pokoj\/"]}]},{"@type":"ImageObject","inLanguage":"cs","@id":"https:\/\/www.allurehotelprague.com\/cs\/vice-nez-hotelovy-pokoj\/#primaryimage","url":"https:\/\/www.allurehotelprague.com\/wp-content\/uploads\/sites\/484\/2022\/10\/Deluxe-room-5-1.jpg","contentUrl":"https:\/\/www.allurehotelprague.com\/wp-content\/uploads\/sites\/484\/2022\/10\/Deluxe-room-5-1.jpg","width":1200,"height":801,"caption":"Deluxe room | Allure Hotel &amp; Residence Prague"},{"@type":"BreadcrumbList","@id":"https:\/\/www.allurehotelprague.com\/cs\/vice-nez-hotelovy-pokoj\/#breadcrumb","itemListElement":[{"@type":"ListItem","position":1,"name":"Home","item":"https:\/\/www.allurehotelprague.com\/cs\/"},{"@type":"ListItem","position":2,"name":"Pokoje"}]},{"@type":"WebSite","@id":"https:\/\/www.allurehotelprague.com\/cs\/#website","url":"https:\/\/www.allurehotelprague.com\/cs\/","name":"Allure Hotel &amp; Residence Prague","description":"","potentialAction":[{"@type":"SearchAction","target":{"@type":"EntryPoint","urlTemplate":"https:\/\/www.allurehotelprague.com\/cs\/?s={search_term_string}"},"query-input":{"@type":"PropertyValueSpecification","valueRequired":true,"valueName":"search_term_string"}}],"inLanguage":"cs"}]}},"acf":[],"_links":{"self":[{"href":"https:\/\/www.allurehotelprague.com\/cs\/wp-json\/wp\/v2\/pages\/6","targetHints":{"allow":["GET"]}}],"collection":[{"href":"https:\/\/www.allurehotelprague.com\/cs\/wp-json\/wp\/v2\/pages"}],"about":[{"href":"https:\/\/www.allurehotelprague.com\/cs\/wp-json\/wp\/v2\/types\/page"}],"author":[{"embeddable":true,"href":"https:\/\/www.allurehotelprague.com\/cs\/wp-json\/wp\/v2\/users\/4"}],"replies":[{"embeddable":true,"href":"https:\/\/www.allurehotelprague.com\/cs\/wp-json\/wp\/v2\/comments?post=6"}],"version-history":[{"count":0,"href":"https:\/\/www.allurehotelprague.com\/cs\/wp-json\/wp\/v2\/pages\/6\/revisions"}],"wp:featuredmedia":[{"embeddable":true,"href":"https:\/\/www.allurehotelprague.com\/cs\/wp-json\/wp\/v2\/media\/62"}],"wp:attachment":[{"href":"https:\/\/www.allurehotelprague.com\/cs\/wp-json\/wp\/v2\/media?parent=6"}],"curies":[{"name":"wp","href":"https:\/\/api.w.org\/{rel}","templated":true}]}}