{"id":72,"date":"2022-10-10T15:44:06","date_gmt":"2022-10-10T15:44:06","guid":{"rendered":"https:\/\/allure-hotel-prague.ms.decms.eu\/?page_id=72"},"modified":"2025-03-04T09:28:49","modified_gmt":"2025-03-04T09:28:49","slug":"deluxe-dvouluzkovy-pokoj-s-manzelskou-posteli","status":"publish","type":"page","link":"https:\/\/www.allurehotelprague.com\/cs\/vice-nez-hotelovy-pokoj\/deluxe-dvouluzkovy-pokoj-s-manzelskou-posteli\/","title":{"rendered":"Deluxe dvoul\u016f\u017ekov\u00fd pokoj s man\u017eelskou postel\u00ed"},"content":{"rendered":"<p>Dop\u0159ejte si prostorn\u00fd pokoj a u\u017eijte si dom\u00e1c\u00ed atmosf\u00e9ru na\u0161eho hotelu. Design v p\u0159\u00edjemn\u00fdch barv\u00e1ch, modern\u00ed koupelna se sprchou a skv\u011bl\u00fd servis na\u0161ich zam\u011bstnanc\u016f, slibuje skute\u010dn\u011b nezapomenuteln\u00fd z\u00e1\u017eitek.<\/p>\n","protected":false},"excerpt":{"rendered":"<p>Dop\u0159ejte si prostorn\u00fd pokoj a u\u017eijte si dom\u00e1c\u00ed atmosf\u00e9ru na\u0161eho hotelu. Design v p\u0159\u00edjemn\u00fdch barv\u00e1ch, modern\u00ed koupelna se sprchou a skv\u011bl\u00fd servis na\u0161ich zam\u011bstnanc\u016f, slibuje skute\u010dn\u011b nezapomenuteln\u00fd z\u00e1\u017eitek.<\/p>\n","protected":false},"author":4,"featured_media":0,"parent":6,"menu_order":30,"comment_status":"closed","ping_status":"closed","template":"template-single-room.php","meta":{"footnotes":""},"class_list":["post-72","page","type-page","status-publish","hentry"],"yoast_head":"<!-- This site is optimized with the Yoast SEO plugin v26.9 - https:\/\/yoast.com\/product\/yoast-seo-wordpress\/ -->\n<title>Pokoj pro 2 osoby s man\u017eelskou postel\u00ed v srdci Prahy | Allure Hotel<\/title>\n<meta name=\"description\" content=\"Okouzluj\u00edc\u00ed pokoj pro v\u00e1\u0161 nezapomenuteln\u00fd pobyt ve dvou v samotn\u00e9m srdci Prahy, nab\u00edzej\u00edc\u00ed \u00fa\u017easn\u00fd v\u00fdhled, skv\u011bl\u00fd servis a rodinn\u00e9 pohodl\u00ed.\" \/>\n<meta name=\"robots\" content=\"index, follow, max-snippet:-1, max-image-preview:large, max-video-preview:-1\" \/>\n<link rel=\"canonical\" href=\"https:\/\/www.allurehotelprague.com\/cs\/vice-nez-hotelovy-pokoj\/deluxe-dvouluzkovy-pokoj-s-manzelskou-posteli\/\" \/>\n<meta property=\"og:locale\" content=\"cs_CZ\" \/>\n<meta property=\"og:type\" content=\"article\" \/>\n<meta property=\"og:title\" content=\"Pokoj pro 2 osoby s man\u017eelskou postel\u00ed v srdci Prahy | Allure Hotel\" \/>\n<meta property=\"og:description\" content=\"Okouzluj\u00edc\u00ed pokoj pro v\u00e1\u0161 nezapomenuteln\u00fd pobyt ve dvou v samotn\u00e9m srdci Prahy, nab\u00edzej\u00edc\u00ed \u00fa\u017easn\u00fd v\u00fdhled, skv\u011bl\u00fd servis a rodinn\u00e9 pohodl\u00ed.\" \/>\n<meta property=\"og:url\" content=\"https:\/\/www.allurehotelprague.com\/cs\/vice-nez-hotelovy-pokoj\/deluxe-dvouluzkovy-pokoj-s-manzelskou-posteli\/\" \/>\n<meta property=\"og:site_name\" content=\"Allure Hotel &amp; Residence Prague\" \/>\n<meta property=\"article:modified_time\" content=\"2025-03-04T09:28:49+00:00\" \/>\n<meta name=\"twitter:card\" content=\"summary_large_image\" \/>\n<meta name=\"twitter:label1\" content=\"Odhadovan\u00e1 doba \u010dten\u00ed\" \/>\n\t<meta name=\"twitter:data1\" content=\"1 minuta\" \/>\n<script type=\"application\/ld+json\" class=\"yoast-schema-graph\">{\"@context\":\"https:\/\/schema.org\",\"@graph\":[{\"@type\":\"WebPage\",\"@id\":\"https:\/\/www.allurehotelprague.com\/cs\/vice-nez-hotelovy-pokoj\/deluxe-dvouluzkovy-pokoj-s-manzelskou-posteli\/\",\"url\":\"https:\/\/www.allurehotelprague.com\/cs\/vice-nez-hotelovy-pokoj\/deluxe-dvouluzkovy-pokoj-s-manzelskou-posteli\/\",\"name\":\"Pokoj pro 2 osoby s man\u017eelskou postel\u00ed v srdci Prahy | Allure Hotel\",\"isPartOf\":{\"@id\":\"https:\/\/www.allurehotelprague.com\/cs\/#website\"},\"datePublished\":\"2022-10-10T15:44:06+00:00\",\"dateModified\":\"2025-03-04T09:28:49+00:00\",\"description\":\"Okouzluj\u00edc\u00ed pokoj pro v\u00e1\u0161 nezapomenuteln\u00fd pobyt ve dvou v samotn\u00e9m srdci Prahy, nab\u00edzej\u00edc\u00ed \u00fa\u017easn\u00fd v\u00fdhled, skv\u011bl\u00fd servis a rodinn\u00e9 pohodl\u00ed.\",\"breadcrumb\":{\"@id\":\"https:\/\/www.allurehotelprague.com\/cs\/vice-nez-hotelovy-pokoj\/deluxe-dvouluzkovy-pokoj-s-manzelskou-posteli\/#breadcrumb\"},\"inLanguage\":\"cs\",\"potentialAction\":[{\"@type\":\"ReadAction\",\"target\":[\"https:\/\/www.allurehotelprague.com\/cs\/vice-nez-hotelovy-pokoj\/deluxe-dvouluzkovy-pokoj-s-manzelskou-posteli\/\"]}]},{\"@type\":\"BreadcrumbList\",\"@id\":\"https:\/\/www.allurehotelprague.com\/cs\/vice-nez-hotelovy-pokoj\/deluxe-dvouluzkovy-pokoj-s-manzelskou-posteli\/#breadcrumb\",\"itemListElement\":[{\"@type\":\"ListItem\",\"position\":1,\"name\":\"Home\",\"item\":\"https:\/\/www.allurehotelprague.com\/cs\/\"},{\"@type\":\"ListItem\",\"position\":2,\"name\":\"Pokoje\",\"item\":\"https:\/\/www.allurehotelprague.com\/cs\/vice-nez-hotelovy-pokoj\/\"},{\"@type\":\"ListItem\",\"position\":3,\"name\":\"Deluxe dvoul\u016f\u017ekov\u00fd pokoj s man\u017eelskou postel\u00ed\"}]},{\"@type\":\"WebSite\",\"@id\":\"https:\/\/www.allurehotelprague.com\/cs\/#website\",\"url\":\"https:\/\/www.allurehotelprague.com\/cs\/\",\"name\":\"Allure Hotel &amp; Residence Prague\",\"description\":\"\",\"potentialAction\":[{\"@type\":\"SearchAction\",\"target\":{\"@type\":\"EntryPoint\",\"urlTemplate\":\"https:\/\/www.allurehotelprague.com\/cs\/?s={search_term_string}\"},\"query-input\":{\"@type\":\"PropertyValueSpecification\",\"valueRequired\":true,\"valueName\":\"search_term_string\"}}],\"inLanguage\":\"cs\"}]}<\/script>\n<!-- \/ Yoast SEO plugin. -->","yoast_head_json":{"title":"Pokoj pro 2 osoby s man\u017eelskou postel\u00ed v srdci Prahy | Allure Hotel","description":"Okouzluj\u00edc\u00ed pokoj pro v\u00e1\u0161 nezapomenuteln\u00fd pobyt ve dvou v samotn\u00e9m srdci Prahy, nab\u00edzej\u00edc\u00ed \u00fa\u017easn\u00fd v\u00fdhled, skv\u011bl\u00fd servis a rodinn\u00e9 pohodl\u00ed.","robots":{"index":"index","follow":"follow","max-snippet":"max-snippet:-1","max-image-preview":"max-image-preview:large","max-video-preview":"max-video-preview:-1"},"canonical":"https:\/\/www.allurehotelprague.com\/cs\/vice-nez-hotelovy-pokoj\/deluxe-dvouluzkovy-pokoj-s-manzelskou-posteli\/","og_locale":"cs_CZ","og_type":"article","og_title":"Pokoj pro 2 osoby s man\u017eelskou postel\u00ed v srdci Prahy | Allure Hotel","og_description":"Okouzluj\u00edc\u00ed pokoj pro v\u00e1\u0161 nezapomenuteln\u00fd pobyt ve dvou v samotn\u00e9m srdci Prahy, nab\u00edzej\u00edc\u00ed \u00fa\u017easn\u00fd v\u00fdhled, skv\u011bl\u00fd servis a rodinn\u00e9 pohodl\u00ed.","og_url":"https:\/\/www.allurehotelprague.com\/cs\/vice-nez-hotelovy-pokoj\/deluxe-dvouluzkovy-pokoj-s-manzelskou-posteli\/","og_site_name":"Allure Hotel &amp; Residence Prague","article_modified_time":"2025-03-04T09:28:49+00:00","twitter_card":"summary_large_image","twitter_misc":{"Odhadovan\u00e1 doba \u010dten\u00ed":"1 minuta"},"schema":{"@context":"https:\/\/schema.org","@graph":[{"@type":"WebPage","@id":"https:\/\/www.allurehotelprague.com\/cs\/vice-nez-hotelovy-pokoj\/deluxe-dvouluzkovy-pokoj-s-manzelskou-posteli\/","url":"https:\/\/www.allurehotelprague.com\/cs\/vice-nez-hotelovy-pokoj\/deluxe-dvouluzkovy-pokoj-s-manzelskou-posteli\/","name":"Pokoj pro 2 osoby s man\u017eelskou postel\u00ed v srdci Prahy | Allure Hotel","isPartOf":{"@id":"https:\/\/www.allurehotelprague.com\/cs\/#website"},"datePublished":"2022-10-10T15:44:06+00:00","dateModified":"2025-03-04T09:28:49+00:00","description":"Okouzluj\u00edc\u00ed pokoj pro v\u00e1\u0161 nezapomenuteln\u00fd pobyt ve dvou v samotn\u00e9m srdci Prahy, nab\u00edzej\u00edc\u00ed \u00fa\u017easn\u00fd v\u00fdhled, skv\u011bl\u00fd servis a rodinn\u00e9 pohodl\u00ed.","breadcrumb":{"@id":"https:\/\/www.allurehotelprague.com\/cs\/vice-nez-hotelovy-pokoj\/deluxe-dvouluzkovy-pokoj-s-manzelskou-posteli\/#breadcrumb"},"inLanguage":"cs","potentialAction":[{"@type":"ReadAction","target":["https:\/\/www.allurehotelprague.com\/cs\/vice-nez-hotelovy-pokoj\/deluxe-dvouluzkovy-pokoj-s-manzelskou-posteli\/"]}]},{"@type":"BreadcrumbList","@id":"https:\/\/www.allurehotelprague.com\/cs\/vice-nez-hotelovy-pokoj\/deluxe-dvouluzkovy-pokoj-s-manzelskou-posteli\/#breadcrumb","itemListElement":[{"@type":"ListItem","position":1,"name":"Home","item":"https:\/\/www.allurehotelprague.com\/cs\/"},{"@type":"ListItem","position":2,"name":"Pokoje","item":"https:\/\/www.allurehotelprague.com\/cs\/vice-nez-hotelovy-pokoj\/"},{"@type":"ListItem","position":3,"name":"Deluxe dvoul\u016f\u017ekov\u00fd pokoj s man\u017eelskou postel\u00ed"}]},{"@type":"WebSite","@id":"https:\/\/www.allurehotelprague.com\/cs\/#website","url":"https:\/\/www.allurehotelprague.com\/cs\/","name":"Allure Hotel &amp; Residence Prague","description":"","potentialAction":[{"@type":"SearchAction","target":{"@type":"EntryPoint","urlTemplate":"https:\/\/www.allurehotelprague.com\/cs\/?s={search_term_string}"},"query-input":{"@type":"PropertyValueSpecification","valueRequired":true,"valueName":"search_term_string"}}],"inLanguage":"cs"}]}},"acf":[],"_links":{"self":[{"href":"https:\/\/www.allurehotelprague.com\/cs\/wp-json\/wp\/v2\/pages\/72","targetHints":{"allow":["GET"]}}],"collection":[{"href":"https:\/\/www.allurehotelprague.com\/cs\/wp-json\/wp\/v2\/pages"}],"about":[{"href":"https:\/\/www.allurehotelprague.com\/cs\/wp-json\/wp\/v2\/types\/page"}],"author":[{"embeddable":true,"href":"https:\/\/www.allurehotelprague.com\/cs\/wp-json\/wp\/v2\/users\/4"}],"replies":[{"embeddable":true,"href":"https:\/\/www.allurehotelprague.com\/cs\/wp-json\/wp\/v2\/comments?post=72"}],"version-history":[{"count":0,"href":"https:\/\/www.allurehotelprague.com\/cs\/wp-json\/wp\/v2\/pages\/72\/revisions"}],"up":[{"embeddable":true,"href":"https:\/\/www.allurehotelprague.com\/cs\/wp-json\/wp\/v2\/pages\/6"}],"wp:attachment":[{"href":"https:\/\/www.allurehotelprague.com\/cs\/wp-json\/wp\/v2\/media?parent=72"}],"curies":[{"name":"wp","href":"https:\/\/api.w.org\/{rel}","templated":true}]}}