{"id":79,"date":"2022-10-11T08:15:36","date_gmt":"2022-10-11T08:15:36","guid":{"rendered":"https:\/\/allure-hotel-prague.ms.decms.eu\/?page_id=79"},"modified":"2025-03-04T09:30:07","modified_gmt":"2025-03-04T09:30:07","slug":"deluxe-dvouluzkovy-pokoj-s-manzelskou-posteli-a-rozkladaci-pohovkou","status":"publish","type":"page","link":"https:\/\/www.allurehotelprague.com\/cs\/vice-nez-hotelovy-pokoj\/deluxe-dvouluzkovy-pokoj-s-manzelskou-posteli-a-rozkladaci-pohovkou\/","title":{"rendered":"Deluxe dvoul\u016f\u017ekov\u00fd pokoj s man\u017eelskou postel\u00ed a rozkl\u00e1dac\u00ed pohovkou"},"content":{"rendered":"<p>Skute\u010dn\u011b velkorys\u00fd prostor nab\u00edz\u00ed tento pokoj s velkou man\u017eelskou postel\u00ed a ob\u00fdvac\u00ed \u010d\u00e1st\u00ed s rozkl\u00e1dac\u00ed pohovkou. U\u017eijte si pobyt u n\u00e1s a nechte se un\u00e9st dom\u00e1c\u00ed atmosf\u00e9rou hotelu. Modern\u00ed pokoj se stylov\u00fdm vybaven\u00edm a koupelna s vanou \u010di sprchou, a srde\u010dn\u00fd servis na\u0161ich zam\u011bstnanc\u016f jako z\u00e1ruka skv\u011bl\u00e9ho pobytu.<\/p>\n","protected":false},"excerpt":{"rendered":"<p>Skute\u010dn\u011b velkorys\u00fd prostor nab\u00edz\u00ed tento pokoj s velkou man\u017eelskou postel\u00ed a ob\u00fdvac\u00ed \u010d\u00e1st\u00ed s rozkl\u00e1dac\u00ed pohovkou. U\u017eijte si pobyt u n\u00e1s a nechte se un\u00e9st dom\u00e1c\u00ed atmosf\u00e9rou hotelu. Modern\u00ed pokoj se stylov\u00fdm vybaven\u00edm a koupelna s vanou \u010di sprchou, a srde\u010dn\u00fd servis na\u0161ich zam\u011bstnanc\u016f jako z\u00e1ruka skv\u011bl\u00e9ho pobytu.<\/p>\n","protected":false},"author":4,"featured_media":0,"parent":6,"menu_order":50,"comment_status":"closed","ping_status":"closed","template":"template-single-room.php","meta":{"footnotes":""},"class_list":["post-79","page","type-page","status-publish","hentry"],"yoast_head":"<!-- This site is optimized with the Yoast SEO plugin v26.9 - https:\/\/yoast.com\/product\/yoast-seo-wordpress\/ -->\n<title>Pokoj deluxe pro dva s man\u017eelskou postel\u00ed a rozkl\u00e1dac\u00ed pohovkou<\/title>\n<meta name=\"description\" content=\"Nechte se h\u00fd\u010dkat v na\u0161em hotelu v samotn\u00e9m srdci Prahy a u\u017eijte si pohodl\u00ed na\u0161ich \u00fatuln\u00fdch pokoj\u016f. Rozkl\u00e1dac\u00ed pohovka k dispozici.\" \/>\n<meta name=\"robots\" content=\"index, follow, max-snippet:-1, max-image-preview:large, max-video-preview:-1\" \/>\n<link rel=\"canonical\" href=\"https:\/\/www.allurehotelprague.com\/cs\/vice-nez-hotelovy-pokoj\/deluxe-dvouluzkovy-pokoj-s-manzelskou-posteli-a-rozkladaci-pohovkou\/\" \/>\n<meta property=\"og:locale\" content=\"cs_CZ\" \/>\n<meta property=\"og:type\" content=\"article\" \/>\n<meta property=\"og:title\" content=\"Pokoj deluxe pro dva s man\u017eelskou postel\u00ed a rozkl\u00e1dac\u00ed pohovkou\" \/>\n<meta property=\"og:description\" content=\"Nechte se h\u00fd\u010dkat v na\u0161em hotelu v samotn\u00e9m srdci Prahy a u\u017eijte si pohodl\u00ed na\u0161ich \u00fatuln\u00fdch pokoj\u016f. Rozkl\u00e1dac\u00ed pohovka k dispozici.\" \/>\n<meta property=\"og:url\" content=\"https:\/\/www.allurehotelprague.com\/cs\/vice-nez-hotelovy-pokoj\/deluxe-dvouluzkovy-pokoj-s-manzelskou-posteli-a-rozkladaci-pohovkou\/\" \/>\n<meta property=\"og:site_name\" content=\"Allure Hotel &amp; Residence Prague\" \/>\n<meta property=\"article:modified_time\" content=\"2025-03-04T09:30:07+00:00\" \/>\n<meta name=\"twitter:card\" content=\"summary_large_image\" \/>\n<meta name=\"twitter:label1\" content=\"Odhadovan\u00e1 doba \u010dten\u00ed\" \/>\n\t<meta name=\"twitter:data1\" content=\"1 minuta\" \/>\n<script type=\"application\/ld+json\" class=\"yoast-schema-graph\">{\"@context\":\"https:\/\/schema.org\",\"@graph\":[{\"@type\":\"WebPage\",\"@id\":\"https:\/\/www.allurehotelprague.com\/cs\/vice-nez-hotelovy-pokoj\/deluxe-dvouluzkovy-pokoj-s-manzelskou-posteli-a-rozkladaci-pohovkou\/\",\"url\":\"https:\/\/www.allurehotelprague.com\/cs\/vice-nez-hotelovy-pokoj\/deluxe-dvouluzkovy-pokoj-s-manzelskou-posteli-a-rozkladaci-pohovkou\/\",\"name\":\"Pokoj deluxe pro dva s man\u017eelskou postel\u00ed a rozkl\u00e1dac\u00ed pohovkou\",\"isPartOf\":{\"@id\":\"https:\/\/www.allurehotelprague.com\/cs\/#website\"},\"datePublished\":\"2022-10-11T08:15:36+00:00\",\"dateModified\":\"2025-03-04T09:30:07+00:00\",\"description\":\"Nechte se h\u00fd\u010dkat v na\u0161em hotelu v samotn\u00e9m srdci Prahy a u\u017eijte si pohodl\u00ed na\u0161ich \u00fatuln\u00fdch pokoj\u016f. Rozkl\u00e1dac\u00ed pohovka k dispozici.\",\"breadcrumb\":{\"@id\":\"https:\/\/www.allurehotelprague.com\/cs\/vice-nez-hotelovy-pokoj\/deluxe-dvouluzkovy-pokoj-s-manzelskou-posteli-a-rozkladaci-pohovkou\/#breadcrumb\"},\"inLanguage\":\"cs\",\"potentialAction\":[{\"@type\":\"ReadAction\",\"target\":[\"https:\/\/www.allurehotelprague.com\/cs\/vice-nez-hotelovy-pokoj\/deluxe-dvouluzkovy-pokoj-s-manzelskou-posteli-a-rozkladaci-pohovkou\/\"]}]},{\"@type\":\"BreadcrumbList\",\"@id\":\"https:\/\/www.allurehotelprague.com\/cs\/vice-nez-hotelovy-pokoj\/deluxe-dvouluzkovy-pokoj-s-manzelskou-posteli-a-rozkladaci-pohovkou\/#breadcrumb\",\"itemListElement\":[{\"@type\":\"ListItem\",\"position\":1,\"name\":\"Home\",\"item\":\"https:\/\/www.allurehotelprague.com\/cs\/\"},{\"@type\":\"ListItem\",\"position\":2,\"name\":\"Pokoje\",\"item\":\"https:\/\/www.allurehotelprague.com\/cs\/vice-nez-hotelovy-pokoj\/\"},{\"@type\":\"ListItem\",\"position\":3,\"name\":\"Deluxe dvoul\u016f\u017ekov\u00fd pokoj s man\u017eelskou postel\u00ed a rozkl\u00e1dac\u00ed pohovkou\"}]},{\"@type\":\"WebSite\",\"@id\":\"https:\/\/www.allurehotelprague.com\/cs\/#website\",\"url\":\"https:\/\/www.allurehotelprague.com\/cs\/\",\"name\":\"Allure Hotel &amp; Residence Prague\",\"description\":\"\",\"potentialAction\":[{\"@type\":\"SearchAction\",\"target\":{\"@type\":\"EntryPoint\",\"urlTemplate\":\"https:\/\/www.allurehotelprague.com\/cs\/?s={search_term_string}\"},\"query-input\":{\"@type\":\"PropertyValueSpecification\",\"valueRequired\":true,\"valueName\":\"search_term_string\"}}],\"inLanguage\":\"cs\"}]}<\/script>\n<!-- \/ Yoast SEO plugin. -->","yoast_head_json":{"title":"Pokoj deluxe pro dva s man\u017eelskou postel\u00ed a rozkl\u00e1dac\u00ed pohovkou","description":"Nechte se h\u00fd\u010dkat v na\u0161em hotelu v samotn\u00e9m srdci Prahy a u\u017eijte si pohodl\u00ed na\u0161ich \u00fatuln\u00fdch pokoj\u016f. Rozkl\u00e1dac\u00ed pohovka k dispozici.","robots":{"index":"index","follow":"follow","max-snippet":"max-snippet:-1","max-image-preview":"max-image-preview:large","max-video-preview":"max-video-preview:-1"},"canonical":"https:\/\/www.allurehotelprague.com\/cs\/vice-nez-hotelovy-pokoj\/deluxe-dvouluzkovy-pokoj-s-manzelskou-posteli-a-rozkladaci-pohovkou\/","og_locale":"cs_CZ","og_type":"article","og_title":"Pokoj deluxe pro dva s man\u017eelskou postel\u00ed a rozkl\u00e1dac\u00ed pohovkou","og_description":"Nechte se h\u00fd\u010dkat v na\u0161em hotelu v samotn\u00e9m srdci Prahy a u\u017eijte si pohodl\u00ed na\u0161ich \u00fatuln\u00fdch pokoj\u016f. Rozkl\u00e1dac\u00ed pohovka k dispozici.","og_url":"https:\/\/www.allurehotelprague.com\/cs\/vice-nez-hotelovy-pokoj\/deluxe-dvouluzkovy-pokoj-s-manzelskou-posteli-a-rozkladaci-pohovkou\/","og_site_name":"Allure Hotel &amp; Residence Prague","article_modified_time":"2025-03-04T09:30:07+00:00","twitter_card":"summary_large_image","twitter_misc":{"Odhadovan\u00e1 doba \u010dten\u00ed":"1 minuta"},"schema":{"@context":"https:\/\/schema.org","@graph":[{"@type":"WebPage","@id":"https:\/\/www.allurehotelprague.com\/cs\/vice-nez-hotelovy-pokoj\/deluxe-dvouluzkovy-pokoj-s-manzelskou-posteli-a-rozkladaci-pohovkou\/","url":"https:\/\/www.allurehotelprague.com\/cs\/vice-nez-hotelovy-pokoj\/deluxe-dvouluzkovy-pokoj-s-manzelskou-posteli-a-rozkladaci-pohovkou\/","name":"Pokoj deluxe pro dva s man\u017eelskou postel\u00ed a rozkl\u00e1dac\u00ed pohovkou","isPartOf":{"@id":"https:\/\/www.allurehotelprague.com\/cs\/#website"},"datePublished":"2022-10-11T08:15:36+00:00","dateModified":"2025-03-04T09:30:07+00:00","description":"Nechte se h\u00fd\u010dkat v na\u0161em hotelu v samotn\u00e9m srdci Prahy a u\u017eijte si pohodl\u00ed na\u0161ich \u00fatuln\u00fdch pokoj\u016f. Rozkl\u00e1dac\u00ed pohovka k dispozici.","breadcrumb":{"@id":"https:\/\/www.allurehotelprague.com\/cs\/vice-nez-hotelovy-pokoj\/deluxe-dvouluzkovy-pokoj-s-manzelskou-posteli-a-rozkladaci-pohovkou\/#breadcrumb"},"inLanguage":"cs","potentialAction":[{"@type":"ReadAction","target":["https:\/\/www.allurehotelprague.com\/cs\/vice-nez-hotelovy-pokoj\/deluxe-dvouluzkovy-pokoj-s-manzelskou-posteli-a-rozkladaci-pohovkou\/"]}]},{"@type":"BreadcrumbList","@id":"https:\/\/www.allurehotelprague.com\/cs\/vice-nez-hotelovy-pokoj\/deluxe-dvouluzkovy-pokoj-s-manzelskou-posteli-a-rozkladaci-pohovkou\/#breadcrumb","itemListElement":[{"@type":"ListItem","position":1,"name":"Home","item":"https:\/\/www.allurehotelprague.com\/cs\/"},{"@type":"ListItem","position":2,"name":"Pokoje","item":"https:\/\/www.allurehotelprague.com\/cs\/vice-nez-hotelovy-pokoj\/"},{"@type":"ListItem","position":3,"name":"Deluxe dvoul\u016f\u017ekov\u00fd pokoj s man\u017eelskou postel\u00ed a rozkl\u00e1dac\u00ed pohovkou"}]},{"@type":"WebSite","@id":"https:\/\/www.allurehotelprague.com\/cs\/#website","url":"https:\/\/www.allurehotelprague.com\/cs\/","name":"Allure Hotel &amp; Residence Prague","description":"","potentialAction":[{"@type":"SearchAction","target":{"@type":"EntryPoint","urlTemplate":"https:\/\/www.allurehotelprague.com\/cs\/?s={search_term_string}"},"query-input":{"@type":"PropertyValueSpecification","valueRequired":true,"valueName":"search_term_string"}}],"inLanguage":"cs"}]}},"acf":[],"_links":{"self":[{"href":"https:\/\/www.allurehotelprague.com\/cs\/wp-json\/wp\/v2\/pages\/79","targetHints":{"allow":["GET"]}}],"collection":[{"href":"https:\/\/www.allurehotelprague.com\/cs\/wp-json\/wp\/v2\/pages"}],"about":[{"href":"https:\/\/www.allurehotelprague.com\/cs\/wp-json\/wp\/v2\/types\/page"}],"author":[{"embeddable":true,"href":"https:\/\/www.allurehotelprague.com\/cs\/wp-json\/wp\/v2\/users\/4"}],"replies":[{"embeddable":true,"href":"https:\/\/www.allurehotelprague.com\/cs\/wp-json\/wp\/v2\/comments?post=79"}],"version-history":[{"count":0,"href":"https:\/\/www.allurehotelprague.com\/cs\/wp-json\/wp\/v2\/pages\/79\/revisions"}],"up":[{"embeddable":true,"href":"https:\/\/www.allurehotelprague.com\/cs\/wp-json\/wp\/v2\/pages\/6"}],"wp:attachment":[{"href":"https:\/\/www.allurehotelprague.com\/cs\/wp-json\/wp\/v2\/media?parent=79"}],"curies":[{"name":"wp","href":"https:\/\/api.w.org\/{rel}","templated":true}]}}