{"id":90,"date":"2022-10-11T13:17:30","date_gmt":"2022-10-11T13:17:30","guid":{"rendered":"https:\/\/allure-hotel-prague.ms.decms.eu\/?page_id=90"},"modified":"2026-01-08T14:34:16","modified_gmt":"2026-01-08T14:34:16","slug":"koktejlovy-bar-b21","status":"publish","type":"page","link":"https:\/\/www.allurehotelprague.com\/cs\/koktejlovy-bar-b21\/","title":{"rendered":"Koktejlov\u00fd Bar B21"},"content":{"rendered":"<h2 style=\"text-align: center\" data-start=\"45\" data-end=\"378\">pr\u00e9miov\u00e9 koktejly a mixology z\u00e1\u017eitek<\/h2>\n<p style=\"text-align: center\" data-start=\"45\" data-end=\"378\">Uprost\u0159ed pulzuj\u00edc\u00ed Prahy najdete B21 Cocktail Bar \u2013 jeden z nejmen\u0161\u00edch bar\u016f ve m\u011bst\u011b, jeho\u017e intimn\u00ed atmosf\u00e9ra mu dod\u00e1v\u00e1 jedine\u010dn\u00e9 kouzlo. V\u011b\u0159\u00edme, \u017ee m\u00e9n\u011b je v\u00edce, a proto stav\u00edme na\u0161i filozofii na minimalistick\u00e9m p\u0159\u00edstupu k mixologii. Kl\u00ed\u010dovou roli u n\u00e1s hraj\u00ed prvot\u0159\u00eddn\u00ed suroviny, precizn\u00ed techniky a dokonale vyv\u00e1\u017een\u00e9 chut\u011b. Ka\u017ed\u00fd koktejl p\u0159ipravujeme s maxim\u00e1ln\u00ed pe\u010dlivost\u00ed, abychom zajistili nezapomenuteln\u00fd z\u00e1\u017eitek pro ka\u017ed\u00e9ho hosta. D\u00edky komorn\u00edmu prost\u0159ed\u00ed si u n\u00e1s m\u016f\u017eete vychutnat osobn\u00ed p\u0159\u00edstup a doporu\u010den\u00ed \u0161it\u00e1 na m\u00edru. Na\u0161i zku\u0161en\u00ed barmani se neboj\u00ed experimentovat a tvo\u0159it origin\u00e1ln\u00ed chu\u0165ov\u00e9 kombinace, p\u0159i\u010dem\u017e v\u017edy zachov\u00e1vaj\u00ed jednoduchost a eleganci.<\/p>\n<h2 style=\"text-align: center\">Pro\u010d nav\u0161t\u00edvit B21?<br \/>\nObjevte n\u00e1\u0161 koncept aneb\u00a0 &#8222;Kdy\u017e se \u010cesk\u00e1 republika vejde do 14 sklenic&#8220;<\/h2>\n<p style=\"text-align: center\" data-start=\"247\" data-end=\"573\">V B21 Cocktail Bar nevznikaj\u00ed koktejly n\u00e1hodou. Ka\u017ed\u00fd drink je sou\u010d\u00e1st\u00ed promy\u0161len\u00e9ho p\u0159\u00edb\u011bhu, kter\u00fd propojuje chu\u0165, m\u00edsto a emoci. Koncept signature menu vych\u00e1z\u00ed z jedine\u010dn\u00e9 my\u0161lenky \u2013 propojit ka\u017ed\u00fd \u010desk\u00fd kraj s vlastn\u00edm origin\u00e1ln\u00edm koktejlem a p\u0159edstavit \u010ceskou republiku v podob\u011b, jakou jste dosud neza\u017eili.<\/p>\n<p style=\"text-align: center\" data-start=\"575\" data-end=\"891\">Za t\u00edmto konceptem stoj\u00ed Karel &amp; Charlie, \u0161\u00e9fbarmani baru B21, kte\u0159\u00ed vytvo\u0159ili unik\u00e1tn\u00ed gastronomick\u00fd p\u0159\u00edb\u011bh spojuj\u00edc\u00ed lok\u00e1ln\u00ed suroviny, kulturn\u00ed symboly a modern\u00ed barmansk\u00e9 techniky. V\u00fdsledkem je kolekce \u010dtrn\u00e1cti koktejl\u016f, z nich\u017e ka\u017ed\u00fd vypr\u00e1v\u00ed p\u0159\u00edb\u011bh jednoho regionu \u2013 jeho chuti, atmosf\u00e9ry i historie.<\/p>\n<h3 style=\"text-align: center\" data-start=\"893\" data-end=\"923\">Na \u010dem je koncept postaven?<\/h3>\n<p style=\"text-align: center\" data-start=\"925\" data-end=\"1215\">Z\u00e1kladem ka\u017ed\u00e9ho koktejlu jsou produkty poch\u00e1zej\u00edc\u00ed p\u0159\u00edmo z dan\u00e9ho regionu \u2013 a\u0165 u\u017e jde o destil\u00e1ty, byliny, ovoce \u010di jin\u00e9 typick\u00e9 ingredience. V kombinaci s pe\u010dliv\u011b vybran\u00fdmi dopl\u0148kov\u00fdmi surovinami vznikaj\u00ed origin\u00e1ln\u00ed chut\u011b, kter\u00e9 jsou autentick\u00e9 a nezam\u011bniteln\u00e9.<\/p>\n<p style=\"text-align: center\" data-start=\"1217\" data-end=\"1433\">Ka\u017ed\u00fd drink v sob\u011b nese historick\u00fd, liter\u00e1rn\u00ed nebo krajinn\u00fd odkaz na konkr\u00e9tn\u00ed kraj. Koktejly tak nejsou jen o chuti, ale i o symbolice, tradici a identit\u011b m\u00edsta, kter\u00e9 reprezentuj\u00ed.<\/p>\n<p style=\"text-align: center\" data-start=\"1435\" data-end=\"1726\">Host\u00e9 si mohou vybrat koktejl podle kraje, ke kter\u00e9mu maj\u00ed osobn\u00ed vztah \u2013 odkud poch\u00e1zej\u00ed, kam se r\u00e1di vracej\u00ed nebo kter\u00fd je jim bl\u00edzk\u00fd srdcem. Zn\u00e1m\u00e9 chut\u011b a motivy jsou zde p\u0159edstaveny v nov\u00e9, p\u0159ekvapiv\u00e9 podob\u011b, kter\u00e1 vyb\u00edz\u00ed k objevov\u00e1n\u00ed a sd\u00edlen\u00ed z\u00e1\u017eitku.<\/p>\n<p style=\"text-align: center\" data-start=\"1728\" data-end=\"1974\">Signature menu B21 je pozv\u00e1nkou na cestu nap\u0159\u00ed\u010d \u010ceskou republikou, kde ka\u017ed\u00e1 sklenice vypr\u00e1v\u00ed sv\u016fj vlastn\u00ed p\u0159\u00edb\u011bh. P\u0159ij\u010fte ochutnat, jak chutn\u00e1 krajina, historie i emoce \u2013 soust\u0159ed\u011bn\u00e9 do jednoho v\u00fdjime\u010dn\u00e9ho koktejlov\u00e9ho z\u00e1\u017eitku v srdci Prahy.<\/p>\n<p style=\"text-align: center\">\n","protected":false},"excerpt":{"rendered":"<p>pr\u00e9miov\u00e9 koktejly a mixology z\u00e1\u017eitek Uprost\u0159ed pulzuj\u00edc\u00ed Prahy najdete B21 Cocktail Bar \u2013 jeden z nejmen\u0161\u00edch bar\u016f ve m\u011bst\u011b, jeho\u017e intimn\u00ed atmosf\u00e9ra mu dod\u00e1v\u00e1 jedine\u010dn\u00e9 kouzlo. V\u011b\u0159\u00edme, \u017ee m\u00e9n\u011b je v\u00edce, a proto stav\u00edme na\u0161i filozofii na minimalistick\u00e9m p\u0159\u00edstupu k mixologii. Kl\u00ed\u010dovou roli u n\u00e1s hraj\u00ed prvot\u0159\u00eddn\u00ed suroviny, precizn\u00ed techniky a dokonale vyv\u00e1\u017een\u00e9 chut\u011b. Ka\u017ed\u00fd [&hellip;]<\/p>\n","protected":false},"author":4,"featured_media":0,"parent":0,"menu_order":10,"comment_status":"closed","ping_status":"closed","template":"template-single-restaurant.php","meta":{"footnotes":""},"class_list":["post-90","page","type-page","status-publish","hentry"],"yoast_head":"<!-- This site is optimized with the Yoast SEO plugin v26.9 - https:\/\/yoast.com\/product\/yoast-seo-wordpress\/ -->\n<title>Koktejlov\u00fd bar B21 | Allure hotel &amp; Residence Prague<\/title>\n<meta name=\"description\" content=\"\u00datuln\u00fd bar na Praze 1, kousek od Starom\u011bstsk\u00e9ho n\u00e1m\u011bst\u00ed, s fantastickou nab\u00eddkou koktejl\u016f origin\u00e1ln\u00edch receptur. U\u017eijte si srde\u010dnou obsluhu.\" \/>\n<meta name=\"robots\" content=\"index, follow, max-snippet:-1, max-image-preview:large, max-video-preview:-1\" \/>\n<link rel=\"canonical\" href=\"https:\/\/www.allurehotelprague.com\/cs\/koktejlovy-bar-b21\/\" \/>\n<meta property=\"og:locale\" content=\"cs_CZ\" \/>\n<meta property=\"og:type\" content=\"article\" \/>\n<meta property=\"og:title\" content=\"Koktejlov\u00fd bar B21 | Allure hotel &amp; Residence Prague\" \/>\n<meta property=\"og:description\" content=\"\u00datuln\u00fd bar na Praze 1, kousek od Starom\u011bstsk\u00e9ho n\u00e1m\u011bst\u00ed, s fantastickou nab\u00eddkou koktejl\u016f origin\u00e1ln\u00edch receptur. U\u017eijte si srde\u010dnou obsluhu.\" \/>\n<meta property=\"og:url\" content=\"https:\/\/www.allurehotelprague.com\/cs\/koktejlovy-bar-b21\/\" \/>\n<meta property=\"og:site_name\" content=\"Allure Hotel &amp; Residence Prague\" \/>\n<meta property=\"article:modified_time\" content=\"2026-01-08T14:34:16+00:00\" \/>\n<meta name=\"twitter:card\" content=\"summary_large_image\" \/>\n<meta name=\"twitter:label1\" content=\"Odhadovan\u00e1 doba \u010dten\u00ed\" \/>\n\t<meta name=\"twitter:data1\" content=\"2 minuty\" \/>\n<script type=\"application\/ld+json\" class=\"yoast-schema-graph\">{\"@context\":\"https:\/\/schema.org\",\"@graph\":[{\"@type\":\"WebPage\",\"@id\":\"https:\/\/www.allurehotelprague.com\/cs\/koktejlovy-bar-b21\/\",\"url\":\"https:\/\/www.allurehotelprague.com\/cs\/koktejlovy-bar-b21\/\",\"name\":\"Koktejlov\u00fd bar B21 | Allure hotel & Residence Prague\",\"isPartOf\":{\"@id\":\"https:\/\/www.allurehotelprague.com\/cs\/#website\"},\"datePublished\":\"2022-10-11T13:17:30+00:00\",\"dateModified\":\"2026-01-08T14:34:16+00:00\",\"description\":\"\u00datuln\u00fd bar na Praze 1, kousek od Starom\u011bstsk\u00e9ho n\u00e1m\u011bst\u00ed, s fantastickou nab\u00eddkou koktejl\u016f origin\u00e1ln\u00edch receptur. U\u017eijte si srde\u010dnou obsluhu.\",\"breadcrumb\":{\"@id\":\"https:\/\/www.allurehotelprague.com\/cs\/koktejlovy-bar-b21\/#breadcrumb\"},\"inLanguage\":\"cs\",\"potentialAction\":[{\"@type\":\"ReadAction\",\"target\":[\"https:\/\/www.allurehotelprague.com\/cs\/koktejlovy-bar-b21\/\"]}]},{\"@type\":\"BreadcrumbList\",\"@id\":\"https:\/\/www.allurehotelprague.com\/cs\/koktejlovy-bar-b21\/#breadcrumb\",\"itemListElement\":[{\"@type\":\"ListItem\",\"position\":1,\"name\":\"Home\",\"item\":\"https:\/\/www.allurehotelprague.com\/cs\/\"},{\"@type\":\"ListItem\",\"position\":2,\"name\":\"Koktejlov\u00fd Bar B21\"}]},{\"@type\":\"WebSite\",\"@id\":\"https:\/\/www.allurehotelprague.com\/cs\/#website\",\"url\":\"https:\/\/www.allurehotelprague.com\/cs\/\",\"name\":\"Allure Hotel &amp; Residence Prague\",\"description\":\"\",\"potentialAction\":[{\"@type\":\"SearchAction\",\"target\":{\"@type\":\"EntryPoint\",\"urlTemplate\":\"https:\/\/www.allurehotelprague.com\/cs\/?s={search_term_string}\"},\"query-input\":{\"@type\":\"PropertyValueSpecification\",\"valueRequired\":true,\"valueName\":\"search_term_string\"}}],\"inLanguage\":\"cs\"}]}<\/script>\n<!-- \/ Yoast SEO plugin. -->","yoast_head_json":{"title":"Koktejlov\u00fd bar B21 | Allure hotel & Residence Prague","description":"\u00datuln\u00fd bar na Praze 1, kousek od Starom\u011bstsk\u00e9ho n\u00e1m\u011bst\u00ed, s fantastickou nab\u00eddkou koktejl\u016f origin\u00e1ln\u00edch receptur. U\u017eijte si srde\u010dnou obsluhu.","robots":{"index":"index","follow":"follow","max-snippet":"max-snippet:-1","max-image-preview":"max-image-preview:large","max-video-preview":"max-video-preview:-1"},"canonical":"https:\/\/www.allurehotelprague.com\/cs\/koktejlovy-bar-b21\/","og_locale":"cs_CZ","og_type":"article","og_title":"Koktejlov\u00fd bar B21 | Allure hotel & Residence Prague","og_description":"\u00datuln\u00fd bar na Praze 1, kousek od Starom\u011bstsk\u00e9ho n\u00e1m\u011bst\u00ed, s fantastickou nab\u00eddkou koktejl\u016f origin\u00e1ln\u00edch receptur. U\u017eijte si srde\u010dnou obsluhu.","og_url":"https:\/\/www.allurehotelprague.com\/cs\/koktejlovy-bar-b21\/","og_site_name":"Allure Hotel &amp; Residence Prague","article_modified_time":"2026-01-08T14:34:16+00:00","twitter_card":"summary_large_image","twitter_misc":{"Odhadovan\u00e1 doba \u010dten\u00ed":"2 minuty"},"schema":{"@context":"https:\/\/schema.org","@graph":[{"@type":"WebPage","@id":"https:\/\/www.allurehotelprague.com\/cs\/koktejlovy-bar-b21\/","url":"https:\/\/www.allurehotelprague.com\/cs\/koktejlovy-bar-b21\/","name":"Koktejlov\u00fd bar B21 | Allure hotel & Residence Prague","isPartOf":{"@id":"https:\/\/www.allurehotelprague.com\/cs\/#website"},"datePublished":"2022-10-11T13:17:30+00:00","dateModified":"2026-01-08T14:34:16+00:00","description":"\u00datuln\u00fd bar na Praze 1, kousek od Starom\u011bstsk\u00e9ho n\u00e1m\u011bst\u00ed, s fantastickou nab\u00eddkou koktejl\u016f origin\u00e1ln\u00edch receptur. U\u017eijte si srde\u010dnou obsluhu.","breadcrumb":{"@id":"https:\/\/www.allurehotelprague.com\/cs\/koktejlovy-bar-b21\/#breadcrumb"},"inLanguage":"cs","potentialAction":[{"@type":"ReadAction","target":["https:\/\/www.allurehotelprague.com\/cs\/koktejlovy-bar-b21\/"]}]},{"@type":"BreadcrumbList","@id":"https:\/\/www.allurehotelprague.com\/cs\/koktejlovy-bar-b21\/#breadcrumb","itemListElement":[{"@type":"ListItem","position":1,"name":"Home","item":"https:\/\/www.allurehotelprague.com\/cs\/"},{"@type":"ListItem","position":2,"name":"Koktejlov\u00fd Bar B21"}]},{"@type":"WebSite","@id":"https:\/\/www.allurehotelprague.com\/cs\/#website","url":"https:\/\/www.allurehotelprague.com\/cs\/","name":"Allure Hotel &amp; Residence Prague","description":"","potentialAction":[{"@type":"SearchAction","target":{"@type":"EntryPoint","urlTemplate":"https:\/\/www.allurehotelprague.com\/cs\/?s={search_term_string}"},"query-input":{"@type":"PropertyValueSpecification","valueRequired":true,"valueName":"search_term_string"}}],"inLanguage":"cs"}]}},"acf":[],"_links":{"self":[{"href":"https:\/\/www.allurehotelprague.com\/cs\/wp-json\/wp\/v2\/pages\/90","targetHints":{"allow":["GET"]}}],"collection":[{"href":"https:\/\/www.allurehotelprague.com\/cs\/wp-json\/wp\/v2\/pages"}],"about":[{"href":"https:\/\/www.allurehotelprague.com\/cs\/wp-json\/wp\/v2\/types\/page"}],"author":[{"embeddable":true,"href":"https:\/\/www.allurehotelprague.com\/cs\/wp-json\/wp\/v2\/users\/4"}],"replies":[{"embeddable":true,"href":"https:\/\/www.allurehotelprague.com\/cs\/wp-json\/wp\/v2\/comments?post=90"}],"version-history":[{"count":0,"href":"https:\/\/www.allurehotelprague.com\/cs\/wp-json\/wp\/v2\/pages\/90\/revisions"}],"wp:attachment":[{"href":"https:\/\/www.allurehotelprague.com\/cs\/wp-json\/wp\/v2\/media?parent=90"}],"curies":[{"name":"wp","href":"https:\/\/api.w.org\/{rel}","templated":true}]}}