{"id":92,"date":"2022-10-11T13:27:27","date_gmt":"2022-10-11T13:27:27","guid":{"rendered":"https:\/\/allure-hotel-prague.ms.decms.eu\/?page_id=92"},"modified":"2023-01-03T15:19:38","modified_gmt":"2023-01-03T15:19:38","slug":"snidane","status":"publish","type":"page","link":"https:\/\/www.allurehotelprague.com\/cs\/snidane\/","title":{"rendered":"Sn\u00eddan\u011b"},"content":{"rendered":"<p>V Allure Hotel &amp; Residence Prague jsme hrd\u00ed nejen na na\u0161e velmi osobn\u00ed slu\u017eby, ale tak\u00e9 na na\u0161i dom\u00e1c\u00ed kuchyni.<br \/>\n<strong>Na\u0161e \u0161\u00e9fkucha\u0159ka se o n\u00e1s a na\u0161e hosty<\/strong> s l\u00e1skou a p\u00e9\u010d\u00ed star\u00e1.<\/p>\n<p><strong>Pokrmy p\u0159ipravujeme z m\u00edstn\u00edch surovin<\/strong> a db\u00e1me na \u010derstvost a rozmanitost pod\u00e1van\u00fdch j\u00eddel.<\/p>\n<p>Nenechte si uj\u00edt na\u0161e dom\u00e1c\u00ed pe\u010divo nebo mou\u010dn\u00edky.<\/p>\n","protected":false},"excerpt":{"rendered":"<p>V Allure Hotel &amp; Residence Prague jsme hrd\u00ed nejen na na\u0161e velmi osobn\u00ed slu\u017eby, ale tak\u00e9 na na\u0161i dom\u00e1c\u00ed kuchyni. Na\u0161e \u0161\u00e9fkucha\u0159ka se o n\u00e1s a na\u0161e hosty s l\u00e1skou a p\u00e9\u010d\u00ed star\u00e1. Pokrmy p\u0159ipravujeme z m\u00edstn\u00edch surovin a db\u00e1me na \u010derstvost a rozmanitost pod\u00e1van\u00fdch j\u00eddel. Nenechte si uj\u00edt na\u0161e dom\u00e1c\u00ed pe\u010divo nebo mou\u010dn\u00edky.<\/p>\n","protected":false},"author":4,"featured_media":0,"parent":0,"menu_order":20,"comment_status":"closed","ping_status":"closed","template":"template-restaurants.php","meta":{"footnotes":""},"class_list":["post-92","page","type-page","status-publish","hentry"],"yoast_head":"<!-- This site is optimized with the Yoast SEO plugin v26.9 - https:\/\/yoast.com\/product\/yoast-seo-wordpress\/ -->\n<title>Sn\u00eddan\u011b v Allure Hotel &amp; Residence Prague<\/title>\n<meta name=\"description\" content=\"U\u017eijte si skv\u011blou bufetovou sn\u00eddani s nab\u00eddkou a la carte a vychutnejte si dobroty pan\u00ed \u0161\u00e9fkucha\u0159ky. Za\u010dn\u011bte nov\u00fd den pohodov\u011b.\" \/>\n<meta name=\"robots\" content=\"index, follow, max-snippet:-1, max-image-preview:large, max-video-preview:-1\" \/>\n<link rel=\"canonical\" href=\"https:\/\/www.allurehotelprague.com\/cs\/snidane\/\" \/>\n<meta property=\"og:locale\" content=\"cs_CZ\" \/>\n<meta property=\"og:type\" content=\"article\" \/>\n<meta property=\"og:title\" content=\"Sn\u00eddan\u011b v Allure Hotel &amp; Residence Prague\" \/>\n<meta property=\"og:description\" content=\"U\u017eijte si skv\u011blou bufetovou sn\u00eddani s nab\u00eddkou a la carte a vychutnejte si dobroty pan\u00ed \u0161\u00e9fkucha\u0159ky. Za\u010dn\u011bte nov\u00fd den pohodov\u011b.\" \/>\n<meta property=\"og:url\" content=\"https:\/\/www.allurehotelprague.com\/cs\/snidane\/\" \/>\n<meta property=\"og:site_name\" content=\"Allure Hotel &amp; Residence Prague\" \/>\n<meta property=\"article:modified_time\" content=\"2023-01-03T15:19:38+00:00\" \/>\n<meta name=\"twitter:card\" content=\"summary_large_image\" \/>\n<meta name=\"twitter:label1\" content=\"Odhadovan\u00e1 doba \u010dten\u00ed\" \/>\n\t<meta name=\"twitter:data1\" content=\"1 minuta\" \/>\n<script type=\"application\/ld+json\" class=\"yoast-schema-graph\">{\"@context\":\"https:\/\/schema.org\",\"@graph\":[{\"@type\":\"WebPage\",\"@id\":\"https:\/\/www.allurehotelprague.com\/cs\/snidane\/\",\"url\":\"https:\/\/www.allurehotelprague.com\/cs\/snidane\/\",\"name\":\"Sn\u00eddan\u011b v Allure Hotel & Residence Prague\",\"isPartOf\":{\"@id\":\"https:\/\/www.allurehotelprague.com\/cs\/#website\"},\"datePublished\":\"2022-10-11T13:27:27+00:00\",\"dateModified\":\"2023-01-03T15:19:38+00:00\",\"description\":\"U\u017eijte si skv\u011blou bufetovou sn\u00eddani s nab\u00eddkou a la carte a vychutnejte si dobroty pan\u00ed \u0161\u00e9fkucha\u0159ky. Za\u010dn\u011bte nov\u00fd den pohodov\u011b.\",\"breadcrumb\":{\"@id\":\"https:\/\/www.allurehotelprague.com\/cs\/snidane\/#breadcrumb\"},\"inLanguage\":\"cs\",\"potentialAction\":[{\"@type\":\"ReadAction\",\"target\":[\"https:\/\/www.allurehotelprague.com\/cs\/snidane\/\"]}]},{\"@type\":\"BreadcrumbList\",\"@id\":\"https:\/\/www.allurehotelprague.com\/cs\/snidane\/#breadcrumb\",\"itemListElement\":[{\"@type\":\"ListItem\",\"position\":1,\"name\":\"Home\",\"item\":\"https:\/\/www.allurehotelprague.com\/cs\/\"},{\"@type\":\"ListItem\",\"position\":2,\"name\":\"Sn\u00eddan\u011b\"}]},{\"@type\":\"WebSite\",\"@id\":\"https:\/\/www.allurehotelprague.com\/cs\/#website\",\"url\":\"https:\/\/www.allurehotelprague.com\/cs\/\",\"name\":\"Allure Hotel &amp; Residence Prague\",\"description\":\"\",\"potentialAction\":[{\"@type\":\"SearchAction\",\"target\":{\"@type\":\"EntryPoint\",\"urlTemplate\":\"https:\/\/www.allurehotelprague.com\/cs\/?s={search_term_string}\"},\"query-input\":{\"@type\":\"PropertyValueSpecification\",\"valueRequired\":true,\"valueName\":\"search_term_string\"}}],\"inLanguage\":\"cs\"}]}<\/script>\n<!-- \/ Yoast SEO plugin. -->","yoast_head_json":{"title":"Sn\u00eddan\u011b v Allure Hotel & Residence Prague","description":"U\u017eijte si skv\u011blou bufetovou sn\u00eddani s nab\u00eddkou a la carte a vychutnejte si dobroty pan\u00ed \u0161\u00e9fkucha\u0159ky. Za\u010dn\u011bte nov\u00fd den pohodov\u011b.","robots":{"index":"index","follow":"follow","max-snippet":"max-snippet:-1","max-image-preview":"max-image-preview:large","max-video-preview":"max-video-preview:-1"},"canonical":"https:\/\/www.allurehotelprague.com\/cs\/snidane\/","og_locale":"cs_CZ","og_type":"article","og_title":"Sn\u00eddan\u011b v Allure Hotel & Residence Prague","og_description":"U\u017eijte si skv\u011blou bufetovou sn\u00eddani s nab\u00eddkou a la carte a vychutnejte si dobroty pan\u00ed \u0161\u00e9fkucha\u0159ky. Za\u010dn\u011bte nov\u00fd den pohodov\u011b.","og_url":"https:\/\/www.allurehotelprague.com\/cs\/snidane\/","og_site_name":"Allure Hotel &amp; Residence Prague","article_modified_time":"2023-01-03T15:19:38+00:00","twitter_card":"summary_large_image","twitter_misc":{"Odhadovan\u00e1 doba \u010dten\u00ed":"1 minuta"},"schema":{"@context":"https:\/\/schema.org","@graph":[{"@type":"WebPage","@id":"https:\/\/www.allurehotelprague.com\/cs\/snidane\/","url":"https:\/\/www.allurehotelprague.com\/cs\/snidane\/","name":"Sn\u00eddan\u011b v Allure Hotel & Residence Prague","isPartOf":{"@id":"https:\/\/www.allurehotelprague.com\/cs\/#website"},"datePublished":"2022-10-11T13:27:27+00:00","dateModified":"2023-01-03T15:19:38+00:00","description":"U\u017eijte si skv\u011blou bufetovou sn\u00eddani s nab\u00eddkou a la carte a vychutnejte si dobroty pan\u00ed \u0161\u00e9fkucha\u0159ky. Za\u010dn\u011bte nov\u00fd den pohodov\u011b.","breadcrumb":{"@id":"https:\/\/www.allurehotelprague.com\/cs\/snidane\/#breadcrumb"},"inLanguage":"cs","potentialAction":[{"@type":"ReadAction","target":["https:\/\/www.allurehotelprague.com\/cs\/snidane\/"]}]},{"@type":"BreadcrumbList","@id":"https:\/\/www.allurehotelprague.com\/cs\/snidane\/#breadcrumb","itemListElement":[{"@type":"ListItem","position":1,"name":"Home","item":"https:\/\/www.allurehotelprague.com\/cs\/"},{"@type":"ListItem","position":2,"name":"Sn\u00eddan\u011b"}]},{"@type":"WebSite","@id":"https:\/\/www.allurehotelprague.com\/cs\/#website","url":"https:\/\/www.allurehotelprague.com\/cs\/","name":"Allure Hotel &amp; Residence Prague","description":"","potentialAction":[{"@type":"SearchAction","target":{"@type":"EntryPoint","urlTemplate":"https:\/\/www.allurehotelprague.com\/cs\/?s={search_term_string}"},"query-input":{"@type":"PropertyValueSpecification","valueRequired":true,"valueName":"search_term_string"}}],"inLanguage":"cs"}]}},"acf":[],"_links":{"self":[{"href":"https:\/\/www.allurehotelprague.com\/cs\/wp-json\/wp\/v2\/pages\/92","targetHints":{"allow":["GET"]}}],"collection":[{"href":"https:\/\/www.allurehotelprague.com\/cs\/wp-json\/wp\/v2\/pages"}],"about":[{"href":"https:\/\/www.allurehotelprague.com\/cs\/wp-json\/wp\/v2\/types\/page"}],"author":[{"embeddable":true,"href":"https:\/\/www.allurehotelprague.com\/cs\/wp-json\/wp\/v2\/users\/4"}],"replies":[{"embeddable":true,"href":"https:\/\/www.allurehotelprague.com\/cs\/wp-json\/wp\/v2\/comments?post=92"}],"version-history":[{"count":0,"href":"https:\/\/www.allurehotelprague.com\/cs\/wp-json\/wp\/v2\/pages\/92\/revisions"}],"wp:attachment":[{"href":"https:\/\/www.allurehotelprague.com\/cs\/wp-json\/wp\/v2\/media?parent=92"}],"curies":[{"name":"wp","href":"https:\/\/api.w.org\/{rel}","templated":true}]}}