{"id":95,"date":"2022-10-11T13:32:35","date_gmt":"2022-10-11T13:32:35","guid":{"rendered":"https:\/\/allure-hotel-prague.ms.decms.eu\/?page_id=95"},"modified":"2026-01-27T09:09:21","modified_gmt":"2026-01-27T09:09:21","slug":"allure-snidane","status":"publish","type":"page","link":"https:\/\/www.allurehotelprague.com\/cs\/snidane\/allure-snidane\/","title":{"rendered":"Allure sn\u00eddan\u011b"},"content":{"rendered":"<p>Rozbalte si nov\u00fd den a za\u010dn\u011bte jej skv\u011blou sn\u00eddan\u00ed v srdci Prahy. Dechberouc\u00ed nab\u00eddka dom\u00e1c\u00edch specialit v kombinaci s nab\u00eddkou tepl\u00fdch pokrm\u016f a la carte slibuje fantastick\u00fd start do nov\u00e9ho dne. Hotelov\u00fd person\u00e1l V\u00e1m ochotn\u011b p\u0159iprav\u00ed tepl\u00e9 \u010di studen\u00e9 n\u00e1poje s \u00fasm\u011bvem na rtech.<\/p>\n","protected":false},"excerpt":{"rendered":"<p>Rozbalte si nov\u00fd den a za\u010dn\u011bte jej skv\u011blou sn\u00eddan\u00ed v srdci Prahy. Dechberouc\u00ed nab\u00eddka dom\u00e1c\u00edch specialit v kombinaci s nab\u00eddkou tepl\u00fdch pokrm\u016f a la carte slibuje fantastick\u00fd start do nov\u00e9ho dne. Hotelov\u00fd person\u00e1l V\u00e1m ochotn\u011b p\u0159iprav\u00ed tepl\u00e9 \u010di studen\u00e9 n\u00e1poje s \u00fasm\u011bvem na rtech.<\/p>\n","protected":false},"author":4,"featured_media":0,"parent":92,"menu_order":20,"comment_status":"closed","ping_status":"closed","template":"template-single-restaurant.php","meta":{"footnotes":""},"class_list":["post-95","page","type-page","status-publish","hentry"],"yoast_head":"<!-- This site is optimized with the Yoast SEO plugin v26.9 - https:\/\/yoast.com\/product\/yoast-seo-wordpress\/ -->\n<title>Allure sn\u00eddan\u011b | Allure Hotel Prague<\/title>\n<meta name=\"description\" content=\"Dom\u00e1c\u00ed rodinn\u00e1 sn\u00eddan\u011b pro skv\u011bl\u00fd za\u010d\u00e1tek dne. U\u017eijte si bufetovou sn\u00eddani s v\u00fdb\u011brem polo\u017eek na m\u00edru. Ochutnejte na\u0161e speciality.\" \/>\n<meta name=\"robots\" content=\"index, follow, max-snippet:-1, max-image-preview:large, max-video-preview:-1\" \/>\n<link rel=\"canonical\" href=\"https:\/\/www.allurehotelprague.com\/cs\/snidane\/allure-snidane\/\" \/>\n<meta property=\"og:locale\" content=\"cs_CZ\" \/>\n<meta property=\"og:type\" content=\"article\" \/>\n<meta property=\"og:title\" content=\"Allure sn\u00eddan\u011b | Allure Hotel Prague\" \/>\n<meta property=\"og:description\" content=\"Dom\u00e1c\u00ed rodinn\u00e1 sn\u00eddan\u011b pro skv\u011bl\u00fd za\u010d\u00e1tek dne. U\u017eijte si bufetovou sn\u00eddani s v\u00fdb\u011brem polo\u017eek na m\u00edru. Ochutnejte na\u0161e speciality.\" \/>\n<meta property=\"og:url\" content=\"https:\/\/www.allurehotelprague.com\/cs\/snidane\/allure-snidane\/\" \/>\n<meta property=\"og:site_name\" content=\"Allure Hotel &amp; Residence Prague\" \/>\n<meta property=\"article:modified_time\" content=\"2026-01-27T09:09:21+00:00\" \/>\n<meta name=\"twitter:card\" content=\"summary_large_image\" \/>\n<meta name=\"twitter:label1\" content=\"Odhadovan\u00e1 doba \u010dten\u00ed\" \/>\n\t<meta name=\"twitter:data1\" content=\"1 minuta\" \/>\n<script type=\"application\/ld+json\" class=\"yoast-schema-graph\">{\"@context\":\"https:\/\/schema.org\",\"@graph\":[{\"@type\":\"WebPage\",\"@id\":\"https:\/\/www.allurehotelprague.com\/cs\/snidane\/allure-snidane\/\",\"url\":\"https:\/\/www.allurehotelprague.com\/cs\/snidane\/allure-snidane\/\",\"name\":\"Allure sn\u00eddan\u011b | Allure Hotel Prague\",\"isPartOf\":{\"@id\":\"https:\/\/www.allurehotelprague.com\/cs\/#website\"},\"datePublished\":\"2022-10-11T13:32:35+00:00\",\"dateModified\":\"2026-01-27T09:09:21+00:00\",\"description\":\"Dom\u00e1c\u00ed rodinn\u00e1 sn\u00eddan\u011b pro skv\u011bl\u00fd za\u010d\u00e1tek dne. U\u017eijte si bufetovou sn\u00eddani s v\u00fdb\u011brem polo\u017eek na m\u00edru. Ochutnejte na\u0161e speciality.\",\"breadcrumb\":{\"@id\":\"https:\/\/www.allurehotelprague.com\/cs\/snidane\/allure-snidane\/#breadcrumb\"},\"inLanguage\":\"cs\",\"potentialAction\":[{\"@type\":\"ReadAction\",\"target\":[\"https:\/\/www.allurehotelprague.com\/cs\/snidane\/allure-snidane\/\"]}]},{\"@type\":\"BreadcrumbList\",\"@id\":\"https:\/\/www.allurehotelprague.com\/cs\/snidane\/allure-snidane\/#breadcrumb\",\"itemListElement\":[{\"@type\":\"ListItem\",\"position\":1,\"name\":\"Home\",\"item\":\"https:\/\/www.allurehotelprague.com\/cs\/\"},{\"@type\":\"ListItem\",\"position\":2,\"name\":\"Sn\u00eddan\u011b\",\"item\":\"https:\/\/www.allurehotelprague.com\/cs\/snidane\/\"},{\"@type\":\"ListItem\",\"position\":3,\"name\":\"Allure sn\u00eddan\u011b\"}]},{\"@type\":\"WebSite\",\"@id\":\"https:\/\/www.allurehotelprague.com\/cs\/#website\",\"url\":\"https:\/\/www.allurehotelprague.com\/cs\/\",\"name\":\"Allure Hotel &amp; Residence Prague\",\"description\":\"\",\"potentialAction\":[{\"@type\":\"SearchAction\",\"target\":{\"@type\":\"EntryPoint\",\"urlTemplate\":\"https:\/\/www.allurehotelprague.com\/cs\/?s={search_term_string}\"},\"query-input\":{\"@type\":\"PropertyValueSpecification\",\"valueRequired\":true,\"valueName\":\"search_term_string\"}}],\"inLanguage\":\"cs\"}]}<\/script>\n<!-- \/ Yoast SEO plugin. -->","yoast_head_json":{"title":"Allure sn\u00eddan\u011b | Allure Hotel Prague","description":"Dom\u00e1c\u00ed rodinn\u00e1 sn\u00eddan\u011b pro skv\u011bl\u00fd za\u010d\u00e1tek dne. U\u017eijte si bufetovou sn\u00eddani s v\u00fdb\u011brem polo\u017eek na m\u00edru. Ochutnejte na\u0161e speciality.","robots":{"index":"index","follow":"follow","max-snippet":"max-snippet:-1","max-image-preview":"max-image-preview:large","max-video-preview":"max-video-preview:-1"},"canonical":"https:\/\/www.allurehotelprague.com\/cs\/snidane\/allure-snidane\/","og_locale":"cs_CZ","og_type":"article","og_title":"Allure sn\u00eddan\u011b | Allure Hotel Prague","og_description":"Dom\u00e1c\u00ed rodinn\u00e1 sn\u00eddan\u011b pro skv\u011bl\u00fd za\u010d\u00e1tek dne. U\u017eijte si bufetovou sn\u00eddani s v\u00fdb\u011brem polo\u017eek na m\u00edru. Ochutnejte na\u0161e speciality.","og_url":"https:\/\/www.allurehotelprague.com\/cs\/snidane\/allure-snidane\/","og_site_name":"Allure Hotel &amp; Residence Prague","article_modified_time":"2026-01-27T09:09:21+00:00","twitter_card":"summary_large_image","twitter_misc":{"Odhadovan\u00e1 doba \u010dten\u00ed":"1 minuta"},"schema":{"@context":"https:\/\/schema.org","@graph":[{"@type":"WebPage","@id":"https:\/\/www.allurehotelprague.com\/cs\/snidane\/allure-snidane\/","url":"https:\/\/www.allurehotelprague.com\/cs\/snidane\/allure-snidane\/","name":"Allure sn\u00eddan\u011b | Allure Hotel Prague","isPartOf":{"@id":"https:\/\/www.allurehotelprague.com\/cs\/#website"},"datePublished":"2022-10-11T13:32:35+00:00","dateModified":"2026-01-27T09:09:21+00:00","description":"Dom\u00e1c\u00ed rodinn\u00e1 sn\u00eddan\u011b pro skv\u011bl\u00fd za\u010d\u00e1tek dne. U\u017eijte si bufetovou sn\u00eddani s v\u00fdb\u011brem polo\u017eek na m\u00edru. Ochutnejte na\u0161e speciality.","breadcrumb":{"@id":"https:\/\/www.allurehotelprague.com\/cs\/snidane\/allure-snidane\/#breadcrumb"},"inLanguage":"cs","potentialAction":[{"@type":"ReadAction","target":["https:\/\/www.allurehotelprague.com\/cs\/snidane\/allure-snidane\/"]}]},{"@type":"BreadcrumbList","@id":"https:\/\/www.allurehotelprague.com\/cs\/snidane\/allure-snidane\/#breadcrumb","itemListElement":[{"@type":"ListItem","position":1,"name":"Home","item":"https:\/\/www.allurehotelprague.com\/cs\/"},{"@type":"ListItem","position":2,"name":"Sn\u00eddan\u011b","item":"https:\/\/www.allurehotelprague.com\/cs\/snidane\/"},{"@type":"ListItem","position":3,"name":"Allure sn\u00eddan\u011b"}]},{"@type":"WebSite","@id":"https:\/\/www.allurehotelprague.com\/cs\/#website","url":"https:\/\/www.allurehotelprague.com\/cs\/","name":"Allure Hotel &amp; Residence Prague","description":"","potentialAction":[{"@type":"SearchAction","target":{"@type":"EntryPoint","urlTemplate":"https:\/\/www.allurehotelprague.com\/cs\/?s={search_term_string}"},"query-input":{"@type":"PropertyValueSpecification","valueRequired":true,"valueName":"search_term_string"}}],"inLanguage":"cs"}]}},"acf":[],"_links":{"self":[{"href":"https:\/\/www.allurehotelprague.com\/cs\/wp-json\/wp\/v2\/pages\/95","targetHints":{"allow":["GET"]}}],"collection":[{"href":"https:\/\/www.allurehotelprague.com\/cs\/wp-json\/wp\/v2\/pages"}],"about":[{"href":"https:\/\/www.allurehotelprague.com\/cs\/wp-json\/wp\/v2\/types\/page"}],"author":[{"embeddable":true,"href":"https:\/\/www.allurehotelprague.com\/cs\/wp-json\/wp\/v2\/users\/4"}],"replies":[{"embeddable":true,"href":"https:\/\/www.allurehotelprague.com\/cs\/wp-json\/wp\/v2\/comments?post=95"}],"version-history":[{"count":0,"href":"https:\/\/www.allurehotelprague.com\/cs\/wp-json\/wp\/v2\/pages\/95\/revisions"}],"up":[{"embeddable":true,"href":"https:\/\/www.allurehotelprague.com\/cs\/wp-json\/wp\/v2\/pages\/92"}],"wp:attachment":[{"href":"https:\/\/www.allurehotelprague.com\/cs\/wp-json\/wp\/v2\/media?parent=95"}],"curies":[{"name":"wp","href":"https:\/\/api.w.org\/{rel}","templated":true}]}}