{"id":521,"date":"2023-09-18T12:28:10","date_gmt":"2023-09-18T12:28:10","guid":{"rendered":"https:\/\/www.allurehotelprague.com\/?page_id=521"},"modified":"2026-01-08T13:42:34","modified_gmt":"2026-01-08T13:42:34","slug":"allure-hotel-residence-prague","status":"publish","type":"page","link":"https:\/\/www.allurehotelprague.com\/de\/","title":{"rendered":"Allure Hotel &amp; Residence Prague"},"content":{"rendered":"<p style=\"text-align: center\" data-start=\"881\" data-end=\"1219\">Im Herzen des Prager Stadtzentrums, in der ruhigen B\u00edlkova-Stra\u00dfe, befindet sich das Allure Hotel &amp; Residence Prague. Nur wenige Gehminuten trennen Sie vom Altst\u00e4dter Ring, der J\u00fcdischen Stadt sowie den idyllischen Ufern der Moldau. Trotz der zentralen Lage genie\u00dfen G\u00e4ste hier eine ruhige und elegante Atmosph\u00e4re.<\/p>\n<p style=\"text-align: center\" data-start=\"1221\" data-end=\"1594\">Das Allure Hotel &amp; Residence bietet stilvoll gestaltete Zimmer und Resident Rooms, die sich ideal f\u00fcr St\u00e4dtereisen, Langzeitaufenthalte und exklusive Boutique-Erlebnisse eignen. Ob kurzer Aufenthalt oder l\u00e4ngerer Besuch \u2013 Allure Hotel &amp; Residence Prague verbindet Komfort, Stil und eine erstklassige Lage zu einem unvergesslichen Aufenthalt in Prag.<\/p>\n","protected":false},"excerpt":{"rendered":"<p>Im Herzen des Prager Stadtzentrums, in der ruhigen B\u00edlkova-Stra\u00dfe, befindet sich das Allure Hotel &amp; Residence Prague. Nur wenige Gehminuten trennen Sie vom Altst\u00e4dter Ring, der J\u00fcdischen Stadt sowie den idyllischen Ufern der Moldau. Trotz der zentralen Lage genie\u00dfen G\u00e4ste hier eine ruhige und elegante Atmosph\u00e4re. Das Allure Hotel &amp; Residence bietet stilvoll gestaltete Zimmer [&hellip;]<\/p>\n","protected":false},"author":4,"featured_media":0,"parent":0,"menu_order":0,"comment_status":"closed","ping_status":"closed","template":"","meta":{"footnotes":""},"class_list":["post-521","page","type-page","status-publish","hentry"],"yoast_head":"<!-- This site is optimized with the Yoast SEO plugin v26.9 - https:\/\/yoast.com\/product\/yoast-seo-wordpress\/ -->\n<title>Allure Hotel &amp; Residence Prague | Erleben Sie Boutique-Komfort<\/title>\n<meta name=\"description\" content=\"Ein zentral gelegenes Boutique-Hotel mit stilvollen Zimmern f\u00fcr St\u00e4dtereisen und Langzeitaufenthalte im Herzen von Prag.\" \/>\n<meta name=\"robots\" content=\"index, follow, max-snippet:-1, max-image-preview:large, max-video-preview:-1\" \/>\n<link rel=\"canonical\" href=\"https:\/\/www.allurehotelprague.com\/de\/\" \/>\n<meta property=\"og:locale\" content=\"de_DE\" \/>\n<meta property=\"og:type\" content=\"article\" \/>\n<meta property=\"og:title\" content=\"Allure Hotel &amp; Residence Prague | Erleben Sie Boutique-Komfort\" \/>\n<meta property=\"og:description\" content=\"Ein zentral gelegenes Boutique-Hotel mit stilvollen Zimmern f\u00fcr St\u00e4dtereisen und Langzeitaufenthalte im Herzen von Prag.\" \/>\n<meta property=\"og:url\" content=\"https:\/\/www.allurehotelprague.com\/de\/\" \/>\n<meta property=\"og:site_name\" content=\"Allure Hotel &amp; Residence Prague\" \/>\n<meta property=\"article:modified_time\" content=\"2026-01-08T13:42:34+00:00\" \/>\n<meta name=\"twitter:card\" content=\"summary_large_image\" \/>\n<meta name=\"twitter:label1\" content=\"Gesch\u00e4tzte Lesezeit\" \/>\n\t<meta name=\"twitter:data1\" content=\"1 Minute\" \/>\n<script type=\"application\/ld+json\" class=\"yoast-schema-graph\">{\"@context\":\"https:\/\/schema.org\",\"@graph\":[{\"@type\":\"WebPage\",\"@id\":\"https:\/\/www.allurehotelprague.com\/de\/\",\"url\":\"https:\/\/www.allurehotelprague.com\/de\/\",\"name\":\"Allure Hotel & Residence Prague | Erleben Sie Boutique-Komfort\",\"isPartOf\":{\"@id\":\"https:\/\/www.allurehotelprague.com\/de\/#website\"},\"datePublished\":\"2023-09-18T12:28:10+00:00\",\"dateModified\":\"2026-01-08T13:42:34+00:00\",\"description\":\"Ein zentral gelegenes Boutique-Hotel mit stilvollen Zimmern f\u00fcr St\u00e4dtereisen und Langzeitaufenthalte im Herzen von Prag.\",\"breadcrumb\":{\"@id\":\"https:\/\/www.allurehotelprague.com\/de\/#breadcrumb\"},\"inLanguage\":\"de-DE\",\"potentialAction\":[{\"@type\":\"ReadAction\",\"target\":[\"https:\/\/www.allurehotelprague.com\/de\/\"]}]},{\"@type\":\"BreadcrumbList\",\"@id\":\"https:\/\/www.allurehotelprague.com\/de\/#breadcrumb\",\"itemListElement\":[{\"@type\":\"ListItem\",\"position\":1,\"name\":\"Home\",\"item\":\"https:\/\/www.allurehotelprague.com\/de\/\"},{\"@type\":\"ListItem\",\"position\":2,\"name\":\"Allure Hotel &amp; Residence Prague\"}]},{\"@type\":\"WebSite\",\"@id\":\"https:\/\/www.allurehotelprague.com\/de\/#website\",\"url\":\"https:\/\/www.allurehotelprague.com\/de\/\",\"name\":\"Allure Hotel &amp; Residence Prague\",\"description\":\"\",\"potentialAction\":[{\"@type\":\"SearchAction\",\"target\":{\"@type\":\"EntryPoint\",\"urlTemplate\":\"https:\/\/www.allurehotelprague.com\/de\/?s={search_term_string}\"},\"query-input\":{\"@type\":\"PropertyValueSpecification\",\"valueRequired\":true,\"valueName\":\"search_term_string\"}}],\"inLanguage\":\"de-DE\"}]}<\/script>\n<!-- \/ Yoast SEO plugin. -->","yoast_head_json":{"title":"Allure Hotel & Residence Prague | Erleben Sie Boutique-Komfort","description":"Ein zentral gelegenes Boutique-Hotel mit stilvollen Zimmern f\u00fcr St\u00e4dtereisen und Langzeitaufenthalte im Herzen von Prag.","robots":{"index":"index","follow":"follow","max-snippet":"max-snippet:-1","max-image-preview":"max-image-preview:large","max-video-preview":"max-video-preview:-1"},"canonical":"https:\/\/www.allurehotelprague.com\/de\/","og_locale":"de_DE","og_type":"article","og_title":"Allure Hotel & Residence Prague | Erleben Sie Boutique-Komfort","og_description":"Ein zentral gelegenes Boutique-Hotel mit stilvollen Zimmern f\u00fcr St\u00e4dtereisen und Langzeitaufenthalte im Herzen von Prag.","og_url":"https:\/\/www.allurehotelprague.com\/de\/","og_site_name":"Allure Hotel &amp; Residence Prague","article_modified_time":"2026-01-08T13:42:34+00:00","twitter_card":"summary_large_image","twitter_misc":{"Gesch\u00e4tzte Lesezeit":"1 Minute"},"schema":{"@context":"https:\/\/schema.org","@graph":[{"@type":"WebPage","@id":"https:\/\/www.allurehotelprague.com\/de\/","url":"https:\/\/www.allurehotelprague.com\/de\/","name":"Allure Hotel & Residence Prague | Erleben Sie Boutique-Komfort","isPartOf":{"@id":"https:\/\/www.allurehotelprague.com\/de\/#website"},"datePublished":"2023-09-18T12:28:10+00:00","dateModified":"2026-01-08T13:42:34+00:00","description":"Ein zentral gelegenes Boutique-Hotel mit stilvollen Zimmern f\u00fcr St\u00e4dtereisen und Langzeitaufenthalte im Herzen von Prag.","breadcrumb":{"@id":"https:\/\/www.allurehotelprague.com\/de\/#breadcrumb"},"inLanguage":"de-DE","potentialAction":[{"@type":"ReadAction","target":["https:\/\/www.allurehotelprague.com\/de\/"]}]},{"@type":"BreadcrumbList","@id":"https:\/\/www.allurehotelprague.com\/de\/#breadcrumb","itemListElement":[{"@type":"ListItem","position":1,"name":"Home","item":"https:\/\/www.allurehotelprague.com\/de\/"},{"@type":"ListItem","position":2,"name":"Allure Hotel &amp; Residence Prague"}]},{"@type":"WebSite","@id":"https:\/\/www.allurehotelprague.com\/de\/#website","url":"https:\/\/www.allurehotelprague.com\/de\/","name":"Allure Hotel &amp; Residence Prague","description":"","potentialAction":[{"@type":"SearchAction","target":{"@type":"EntryPoint","urlTemplate":"https:\/\/www.allurehotelprague.com\/de\/?s={search_term_string}"},"query-input":{"@type":"PropertyValueSpecification","valueRequired":true,"valueName":"search_term_string"}}],"inLanguage":"de-DE"}]}},"acf":[],"_links":{"self":[{"href":"https:\/\/www.allurehotelprague.com\/de\/wp-json\/wp\/v2\/pages\/521","targetHints":{"allow":["GET"]}}],"collection":[{"href":"https:\/\/www.allurehotelprague.com\/de\/wp-json\/wp\/v2\/pages"}],"about":[{"href":"https:\/\/www.allurehotelprague.com\/de\/wp-json\/wp\/v2\/types\/page"}],"author":[{"embeddable":true,"href":"https:\/\/www.allurehotelprague.com\/de\/wp-json\/wp\/v2\/users\/4"}],"replies":[{"embeddable":true,"href":"https:\/\/www.allurehotelprague.com\/de\/wp-json\/wp\/v2\/comments?post=521"}],"version-history":[{"count":0,"href":"https:\/\/www.allurehotelprague.com\/de\/wp-json\/wp\/v2\/pages\/521\/revisions"}],"wp:attachment":[{"href":"https:\/\/www.allurehotelprague.com\/de\/wp-json\/wp\/v2\/media?parent=521"}],"curies":[{"name":"wp","href":"https:\/\/api.w.org\/{rel}","templated":true}]}}