{"id":522,"date":"2023-09-18T12:35:08","date_gmt":"2023-09-18T12:35:08","guid":{"rendered":"https:\/\/www.allurehotelprague.com\/?page_id=522"},"modified":"2026-01-08T09:59:16","modified_gmt":"2026-01-08T09:59:16","slug":"residenz","status":"publish","type":"page","link":"https:\/\/www.allurehotelprague.com\/de\/residenz\/","title":{"rendered":"ALLURE RESIDENZ"},"content":{"rendered":"<p style=\"text-align: center\">Leben Sie in Prag \u2013 monatliche &amp; langfristige Aufenthalte im Allure<\/p>\n<p style=\"text-align: center\">Der Residenzbereich des Allure Hotels &amp; Residences Prague befindet sich im 6. und 7. Stock des Geb\u00e4udes und \u00fcberzeugt durch eine besondere Atmosph\u00e4re, die aus dem gem\u00fctlichen Interieur und echtem Wohnkomfort entsteht. Als ruhiger R\u00fcckzugsort f\u00fcr l\u00e4ngere Aufenthalte konzipiert, bietet er ein fast magisches Wohngef\u00fchl. Alle Zimmer verf\u00fcgen \u00fcber einen authentischen Blick auf das Panorama der Prager Altstadt.<\/p>\n<p style=\"text-align: center\">Die monatlichen Mietpreise liegen zwischen CZK 35.000 und CZK 50.000, abh\u00e4ngig vom Zimmertyp und der Ausstattung. Alle Preise sind Endpreise, die Mindestaufenthaltsdauer betr\u00e4gt einen Kalendermonat.<\/p>\n<p style=\"text-align: center\">Das Haus ist Nichtraucherobjekt, Haustiere sind nicht gestattet. Ob f\u00fcr Arbeit, Umzug oder einen l\u00e4ngeren St\u00e4dtetrip \u2013 das Allure Hotel &amp; Residence Prague bietet voll ausgestattete Zimmer, die speziell f\u00fcr Langzeitkomfort konzipiert sind. Zur Ausstattung geh\u00f6ren eine Nespresso-Kaffeemaschine, ein Minibar-K\u00fchlschrank, High-Speed-WLAN, w\u00f6chentlicher Reinigungsservice sowie Zimmer mit optionaler Kitchenette, die f\u00fcr maximalen Wohnkomfort sorgen. Genie\u00dfen Sie Privatsph\u00e4re und Komfort in einer Boutique-Residenz im Herzen Prags.<\/p>\n","protected":false},"excerpt":{"rendered":"<p>Leben Sie in Prag \u2013 monatliche &amp; langfristige Aufenthalte im Allure Der Residenzbereich des Allure Hotels &amp; Residences Prague befindet sich im 6. und 7. Stock des Geb\u00e4udes und \u00fcberzeugt durch eine besondere Atmosph\u00e4re, die aus dem gem\u00fctlichen Interieur und echtem Wohnkomfort entsteht. Als ruhiger R\u00fcckzugsort f\u00fcr l\u00e4ngere Aufenthalte konzipiert, bietet er ein fast magisches [&hellip;]<\/p>\n","protected":false},"author":4,"featured_media":0,"parent":0,"menu_order":0,"comment_status":"closed","ping_status":"closed","template":"template-residence.php","meta":{"footnotes":""},"class_list":["post-522","page","type-page","status-publish","hentry"],"yoast_head":"<!-- This site is optimized with the Yoast SEO plugin v26.9 - https:\/\/yoast.com\/product\/yoast-seo-wordpress\/ -->\n<title>ALLURE RESIDENZ - Allure Hotel &amp; Residence Prague -<\/title>\n<meta name=\"description\" content=\"Unser Wohnbereich befindet sich in der 6. und 7. Etage des Hotels. Alle Zimmer bieten einen authentischen Blick auf Prag.\" \/>\n<meta name=\"robots\" content=\"index, follow, max-snippet:-1, max-image-preview:large, max-video-preview:-1\" \/>\n<link rel=\"canonical\" href=\"https:\/\/www.allurehotelprague.com\/de\/residenz\/\" \/>\n<meta property=\"og:locale\" content=\"de_DE\" \/>\n<meta property=\"og:type\" content=\"article\" \/>\n<meta property=\"og:title\" content=\"ALLURE RESIDENZ - Allure Hotel &amp; Residence Prague -\" \/>\n<meta property=\"og:description\" content=\"Unser Wohnbereich befindet sich in der 6. und 7. Etage des Hotels. Alle Zimmer bieten einen authentischen Blick auf Prag.\" \/>\n<meta property=\"og:url\" content=\"https:\/\/www.allurehotelprague.com\/de\/residenz\/\" \/>\n<meta property=\"og:site_name\" content=\"Allure Hotel &amp; Residence Prague\" \/>\n<meta property=\"article:modified_time\" content=\"2026-01-08T09:59:16+00:00\" \/>\n<meta name=\"twitter:card\" content=\"summary_large_image\" \/>\n<meta name=\"twitter:label1\" content=\"Gesch\u00e4tzte Lesezeit\" \/>\n\t<meta name=\"twitter:data1\" content=\"1 Minute\" \/>\n<script type=\"application\/ld+json\" class=\"yoast-schema-graph\">{\"@context\":\"https:\/\/schema.org\",\"@graph\":[{\"@type\":\"WebPage\",\"@id\":\"https:\/\/www.allurehotelprague.com\/de\/residenz\/\",\"url\":\"https:\/\/www.allurehotelprague.com\/de\/residenz\/\",\"name\":\"ALLURE RESIDENZ - Allure Hotel &amp; Residence Prague -\",\"isPartOf\":{\"@id\":\"https:\/\/www.allurehotelprague.com\/de\/#website\"},\"datePublished\":\"2023-09-18T12:35:08+00:00\",\"dateModified\":\"2026-01-08T09:59:16+00:00\",\"description\":\"Unser Wohnbereich befindet sich in der 6. und 7. Etage des Hotels. Alle Zimmer bieten einen authentischen Blick auf Prag.\",\"breadcrumb\":{\"@id\":\"https:\/\/www.allurehotelprague.com\/de\/residenz\/#breadcrumb\"},\"inLanguage\":\"de-DE\",\"potentialAction\":[{\"@type\":\"ReadAction\",\"target\":[\"https:\/\/www.allurehotelprague.com\/de\/residenz\/\"]}]},{\"@type\":\"BreadcrumbList\",\"@id\":\"https:\/\/www.allurehotelprague.com\/de\/residenz\/#breadcrumb\",\"itemListElement\":[{\"@type\":\"ListItem\",\"position\":1,\"name\":\"Home\",\"item\":\"https:\/\/www.allurehotelprague.com\/de\/\"},{\"@type\":\"ListItem\",\"position\":2,\"name\":\"ALLURE RESIDENZ\"}]},{\"@type\":\"WebSite\",\"@id\":\"https:\/\/www.allurehotelprague.com\/de\/#website\",\"url\":\"https:\/\/www.allurehotelprague.com\/de\/\",\"name\":\"Allure Hotel &amp; Residence Prague\",\"description\":\"\",\"potentialAction\":[{\"@type\":\"SearchAction\",\"target\":{\"@type\":\"EntryPoint\",\"urlTemplate\":\"https:\/\/www.allurehotelprague.com\/de\/?s={search_term_string}\"},\"query-input\":{\"@type\":\"PropertyValueSpecification\",\"valueRequired\":true,\"valueName\":\"search_term_string\"}}],\"inLanguage\":\"de-DE\"}]}<\/script>\n<!-- \/ Yoast SEO plugin. -->","yoast_head_json":{"title":"ALLURE RESIDENZ - Allure Hotel &amp; Residence Prague -","description":"Unser Wohnbereich befindet sich in der 6. und 7. Etage des Hotels. Alle Zimmer bieten einen authentischen Blick auf Prag.","robots":{"index":"index","follow":"follow","max-snippet":"max-snippet:-1","max-image-preview":"max-image-preview:large","max-video-preview":"max-video-preview:-1"},"canonical":"https:\/\/www.allurehotelprague.com\/de\/residenz\/","og_locale":"de_DE","og_type":"article","og_title":"ALLURE RESIDENZ - Allure Hotel &amp; Residence Prague -","og_description":"Unser Wohnbereich befindet sich in der 6. und 7. Etage des Hotels. Alle Zimmer bieten einen authentischen Blick auf Prag.","og_url":"https:\/\/www.allurehotelprague.com\/de\/residenz\/","og_site_name":"Allure Hotel &amp; Residence Prague","article_modified_time":"2026-01-08T09:59:16+00:00","twitter_card":"summary_large_image","twitter_misc":{"Gesch\u00e4tzte Lesezeit":"1 Minute"},"schema":{"@context":"https:\/\/schema.org","@graph":[{"@type":"WebPage","@id":"https:\/\/www.allurehotelprague.com\/de\/residenz\/","url":"https:\/\/www.allurehotelprague.com\/de\/residenz\/","name":"ALLURE RESIDENZ - Allure Hotel &amp; Residence Prague -","isPartOf":{"@id":"https:\/\/www.allurehotelprague.com\/de\/#website"},"datePublished":"2023-09-18T12:35:08+00:00","dateModified":"2026-01-08T09:59:16+00:00","description":"Unser Wohnbereich befindet sich in der 6. und 7. Etage des Hotels. Alle Zimmer bieten einen authentischen Blick auf Prag.","breadcrumb":{"@id":"https:\/\/www.allurehotelprague.com\/de\/residenz\/#breadcrumb"},"inLanguage":"de-DE","potentialAction":[{"@type":"ReadAction","target":["https:\/\/www.allurehotelprague.com\/de\/residenz\/"]}]},{"@type":"BreadcrumbList","@id":"https:\/\/www.allurehotelprague.com\/de\/residenz\/#breadcrumb","itemListElement":[{"@type":"ListItem","position":1,"name":"Home","item":"https:\/\/www.allurehotelprague.com\/de\/"},{"@type":"ListItem","position":2,"name":"ALLURE RESIDENZ"}]},{"@type":"WebSite","@id":"https:\/\/www.allurehotelprague.com\/de\/#website","url":"https:\/\/www.allurehotelprague.com\/de\/","name":"Allure Hotel &amp; Residence Prague","description":"","potentialAction":[{"@type":"SearchAction","target":{"@type":"EntryPoint","urlTemplate":"https:\/\/www.allurehotelprague.com\/de\/?s={search_term_string}"},"query-input":{"@type":"PropertyValueSpecification","valueRequired":true,"valueName":"search_term_string"}}],"inLanguage":"de-DE"}]}},"acf":[],"_links":{"self":[{"href":"https:\/\/www.allurehotelprague.com\/de\/wp-json\/wp\/v2\/pages\/522","targetHints":{"allow":["GET"]}}],"collection":[{"href":"https:\/\/www.allurehotelprague.com\/de\/wp-json\/wp\/v2\/pages"}],"about":[{"href":"https:\/\/www.allurehotelprague.com\/de\/wp-json\/wp\/v2\/types\/page"}],"author":[{"embeddable":true,"href":"https:\/\/www.allurehotelprague.com\/de\/wp-json\/wp\/v2\/users\/4"}],"replies":[{"embeddable":true,"href":"https:\/\/www.allurehotelprague.com\/de\/wp-json\/wp\/v2\/comments?post=522"}],"version-history":[{"count":0,"href":"https:\/\/www.allurehotelprague.com\/de\/wp-json\/wp\/v2\/pages\/522\/revisions"}],"wp:attachment":[{"href":"https:\/\/www.allurehotelprague.com\/de\/wp-json\/wp\/v2\/media?parent=522"}],"curies":[{"name":"wp","href":"https:\/\/api.w.org\/{rel}","templated":true}]}}