{"id":543,"date":"2023-09-19T07:51:48","date_gmt":"2023-09-19T07:51:48","guid":{"rendered":"https:\/\/www.allurehotelprague.com\/?page_id=543"},"modified":"2024-07-31T13:08:19","modified_gmt":"2024-07-31T13:08:19","slug":"fotogalerie","status":"publish","type":"page","link":"https:\/\/www.allurehotelprague.com\/de\/fotogalerie\/","title":{"rendered":"Fotogalerie"},"content":{"rendered":"<p><span style=\"font-weight: 400\">Werfen Sie einen Blick auf unsere Fotogalerie und lassen Sie sich f\u00fcr ein paar Augenblicke in das Herz Europas, in das hundertst\u00f6ckige Prag, in das Allure Hotel &amp; Residence Prague versetzen. Genie\u00dfen Sie die Atmosph\u00e4re unseres Hotels und z\u00f6gern Sie nicht zu reservieren. Wir freuen uns darauf, Sie bald wiederzusehen.<\/span><\/p>\n<p>&nbsp;<\/p>\n","protected":false},"excerpt":{"rendered":"<p>Werfen Sie einen Blick auf unsere Fotogalerie und lassen Sie sich f\u00fcr ein paar Augenblicke in das Herz Europas, in das hundertst\u00f6ckige Prag, in das Allure Hotel &amp; Residence Prague versetzen. Genie\u00dfen Sie die Atmosph\u00e4re unseres Hotels und z\u00f6gern Sie nicht zu reservieren. Wir freuen uns darauf, Sie bald wiederzusehen. &nbsp;<\/p>\n","protected":false},"author":4,"featured_media":0,"parent":0,"menu_order":40,"comment_status":"closed","ping_status":"closed","template":"template-gallery.php","meta":{"footnotes":""},"class_list":["post-543","page","type-page","status-publish","hentry"],"yoast_head":"<!-- This site is optimized with the Yoast SEO plugin v26.9 - https:\/\/yoast.com\/product\/yoast-seo-wordpress\/ -->\n<title>Fotogalerie - Allure Hotel &amp; Residence Prague -<\/title>\n<meta name=\"description\" content=\"Werfen Sie einen Blick auf unsere Fotogalerie und lassen Sie sich f\u00fcr ein paar Augenblicke in das Herz Europas, in das hundertst\u00f6ckige Prag.\" \/>\n<meta name=\"robots\" content=\"index, follow, max-snippet:-1, max-image-preview:large, max-video-preview:-1\" \/>\n<link rel=\"canonical\" href=\"https:\/\/www.allurehotelprague.com\/de\/fotogalerie\/\" \/>\n<meta property=\"og:locale\" content=\"de_DE\" \/>\n<meta property=\"og:type\" content=\"article\" \/>\n<meta property=\"og:title\" content=\"Fotogalerie - Allure Hotel &amp; Residence Prague -\" \/>\n<meta property=\"og:description\" content=\"Werfen Sie einen Blick auf unsere Fotogalerie und lassen Sie sich f\u00fcr ein paar Augenblicke in das Herz Europas, in das hundertst\u00f6ckige Prag.\" \/>\n<meta property=\"og:url\" content=\"https:\/\/www.allurehotelprague.com\/de\/fotogalerie\/\" \/>\n<meta property=\"og:site_name\" content=\"Allure Hotel &amp; Residence Prague\" \/>\n<meta property=\"article:modified_time\" content=\"2024-07-31T13:08:19+00:00\" \/>\n<meta name=\"twitter:card\" content=\"summary_large_image\" \/>\n<meta name=\"twitter:label1\" content=\"Gesch\u00e4tzte Lesezeit\" \/>\n\t<meta name=\"twitter:data1\" content=\"1 Minute\" \/>\n<script type=\"application\/ld+json\" class=\"yoast-schema-graph\">{\"@context\":\"https:\/\/schema.org\",\"@graph\":[{\"@type\":\"WebPage\",\"@id\":\"https:\/\/www.allurehotelprague.com\/de\/fotogalerie\/\",\"url\":\"https:\/\/www.allurehotelprague.com\/de\/fotogalerie\/\",\"name\":\"Fotogalerie - Allure Hotel &amp; Residence Prague -\",\"isPartOf\":{\"@id\":\"https:\/\/www.allurehotelprague.com\/de\/#website\"},\"datePublished\":\"2023-09-19T07:51:48+00:00\",\"dateModified\":\"2024-07-31T13:08:19+00:00\",\"description\":\"Werfen Sie einen Blick auf unsere Fotogalerie und lassen Sie sich f\u00fcr ein paar Augenblicke in das Herz Europas, in das hundertst\u00f6ckige Prag.\",\"breadcrumb\":{\"@id\":\"https:\/\/www.allurehotelprague.com\/de\/fotogalerie\/#breadcrumb\"},\"inLanguage\":\"de-DE\",\"potentialAction\":[{\"@type\":\"ReadAction\",\"target\":[\"https:\/\/www.allurehotelprague.com\/de\/fotogalerie\/\"]}]},{\"@type\":\"BreadcrumbList\",\"@id\":\"https:\/\/www.allurehotelprague.com\/de\/fotogalerie\/#breadcrumb\",\"itemListElement\":[{\"@type\":\"ListItem\",\"position\":1,\"name\":\"Home\",\"item\":\"https:\/\/www.allurehotelprague.com\/de\/\"},{\"@type\":\"ListItem\",\"position\":2,\"name\":\"Fotogalerie\"}]},{\"@type\":\"WebSite\",\"@id\":\"https:\/\/www.allurehotelprague.com\/de\/#website\",\"url\":\"https:\/\/www.allurehotelprague.com\/de\/\",\"name\":\"Allure Hotel &amp; Residence Prague\",\"description\":\"\",\"potentialAction\":[{\"@type\":\"SearchAction\",\"target\":{\"@type\":\"EntryPoint\",\"urlTemplate\":\"https:\/\/www.allurehotelprague.com\/de\/?s={search_term_string}\"},\"query-input\":{\"@type\":\"PropertyValueSpecification\",\"valueRequired\":true,\"valueName\":\"search_term_string\"}}],\"inLanguage\":\"de-DE\"}]}<\/script>\n<!-- \/ Yoast SEO plugin. -->","yoast_head_json":{"title":"Fotogalerie - Allure Hotel &amp; Residence Prague -","description":"Werfen Sie einen Blick auf unsere Fotogalerie und lassen Sie sich f\u00fcr ein paar Augenblicke in das Herz Europas, in das hundertst\u00f6ckige Prag.","robots":{"index":"index","follow":"follow","max-snippet":"max-snippet:-1","max-image-preview":"max-image-preview:large","max-video-preview":"max-video-preview:-1"},"canonical":"https:\/\/www.allurehotelprague.com\/de\/fotogalerie\/","og_locale":"de_DE","og_type":"article","og_title":"Fotogalerie - Allure Hotel &amp; Residence Prague -","og_description":"Werfen Sie einen Blick auf unsere Fotogalerie und lassen Sie sich f\u00fcr ein paar Augenblicke in das Herz Europas, in das hundertst\u00f6ckige Prag.","og_url":"https:\/\/www.allurehotelprague.com\/de\/fotogalerie\/","og_site_name":"Allure Hotel &amp; Residence Prague","article_modified_time":"2024-07-31T13:08:19+00:00","twitter_card":"summary_large_image","twitter_misc":{"Gesch\u00e4tzte Lesezeit":"1 Minute"},"schema":{"@context":"https:\/\/schema.org","@graph":[{"@type":"WebPage","@id":"https:\/\/www.allurehotelprague.com\/de\/fotogalerie\/","url":"https:\/\/www.allurehotelprague.com\/de\/fotogalerie\/","name":"Fotogalerie - Allure Hotel &amp; Residence Prague -","isPartOf":{"@id":"https:\/\/www.allurehotelprague.com\/de\/#website"},"datePublished":"2023-09-19T07:51:48+00:00","dateModified":"2024-07-31T13:08:19+00:00","description":"Werfen Sie einen Blick auf unsere Fotogalerie und lassen Sie sich f\u00fcr ein paar Augenblicke in das Herz Europas, in das hundertst\u00f6ckige Prag.","breadcrumb":{"@id":"https:\/\/www.allurehotelprague.com\/de\/fotogalerie\/#breadcrumb"},"inLanguage":"de-DE","potentialAction":[{"@type":"ReadAction","target":["https:\/\/www.allurehotelprague.com\/de\/fotogalerie\/"]}]},{"@type":"BreadcrumbList","@id":"https:\/\/www.allurehotelprague.com\/de\/fotogalerie\/#breadcrumb","itemListElement":[{"@type":"ListItem","position":1,"name":"Home","item":"https:\/\/www.allurehotelprague.com\/de\/"},{"@type":"ListItem","position":2,"name":"Fotogalerie"}]},{"@type":"WebSite","@id":"https:\/\/www.allurehotelprague.com\/de\/#website","url":"https:\/\/www.allurehotelprague.com\/de\/","name":"Allure Hotel &amp; Residence Prague","description":"","potentialAction":[{"@type":"SearchAction","target":{"@type":"EntryPoint","urlTemplate":"https:\/\/www.allurehotelprague.com\/de\/?s={search_term_string}"},"query-input":{"@type":"PropertyValueSpecification","valueRequired":true,"valueName":"search_term_string"}}],"inLanguage":"de-DE"}]}},"acf":[],"_links":{"self":[{"href":"https:\/\/www.allurehotelprague.com\/de\/wp-json\/wp\/v2\/pages\/543","targetHints":{"allow":["GET"]}}],"collection":[{"href":"https:\/\/www.allurehotelprague.com\/de\/wp-json\/wp\/v2\/pages"}],"about":[{"href":"https:\/\/www.allurehotelprague.com\/de\/wp-json\/wp\/v2\/types\/page"}],"author":[{"embeddable":true,"href":"https:\/\/www.allurehotelprague.com\/de\/wp-json\/wp\/v2\/users\/4"}],"replies":[{"embeddable":true,"href":"https:\/\/www.allurehotelprague.com\/de\/wp-json\/wp\/v2\/comments?post=543"}],"version-history":[{"count":0,"href":"https:\/\/www.allurehotelprague.com\/de\/wp-json\/wp\/v2\/pages\/543\/revisions"}],"wp:attachment":[{"href":"https:\/\/www.allurehotelprague.com\/de\/wp-json\/wp\/v2\/media?parent=543"}],"curies":[{"name":"wp","href":"https:\/\/api.w.org\/{rel}","templated":true}]}}