{"id":545,"date":"2023-09-19T08:14:22","date_gmt":"2023-09-19T08:14:22","guid":{"rendered":"https:\/\/www.allurehotelprague.com\/?page_id=545"},"modified":"2025-05-22T08:00:34","modified_gmt":"2025-05-22T08:00:34","slug":"geschichte","status":"publish","type":"page","link":"https:\/\/www.allurehotelprague.com\/de\/geschichte\/","title":{"rendered":"Geschichte"},"content":{"rendered":"<p><span style=\"font-weight: 400\">Ein in 1909 vom Architekten Jan \u0160ula erbautes und mit Skulpturen von B. Vl\u010dek geschm\u00fccktes Haus im Jugendstil. Der wertvollste \u00f6ffentliche Raum des Hotels ist das Treppenhaus, das unter Einbeziehung aller Originalelemente erhalten und restauriert wurde. Das Haus wurde gef\u00fchlvoll und im Sinne der urspr\u00fcnglichen Pl\u00e4ne renoviert. Der gro\u00dfe Lichteinfall verst\u00e4rkt die wohnliche Atmosph\u00e4re des Innenraums und verleiht Gem\u00fctlichkeit.<\/span><\/p>\n","protected":false},"excerpt":{"rendered":"<p>Ein in 1909 vom Architekten Jan \u0160ula erbautes und mit Skulpturen von B. Vl\u010dek geschm\u00fccktes Haus im Jugendstil. Der wertvollste \u00f6ffentliche Raum des Hotels ist das Treppenhaus, das unter Einbeziehung aller Originalelemente erhalten und restauriert wurde. Das Haus wurde gef\u00fchlvoll und im Sinne der urspr\u00fcnglichen Pl\u00e4ne renoviert. Der gro\u00dfe Lichteinfall verst\u00e4rkt die wohnliche Atmosph\u00e4re des [&hellip;]<\/p>\n","protected":false},"author":4,"featured_media":0,"parent":0,"menu_order":90,"comment_status":"closed","ping_status":"closed","template":"template-default-2.php","meta":{"footnotes":""},"class_list":["post-545","page","type-page","status-publish","hentry"],"yoast_head":"<!-- This site is optimized with the Yoast SEO plugin v26.9 - https:\/\/yoast.com\/product\/yoast-seo-wordpress\/ -->\n<title>Geschichte - Allure Hotel &amp; Residence Prague -<\/title>\n<meta name=\"description\" content=\"Tauchen Sie tief in die Geschichte unseres sch\u00f6nen Geb\u00e4udes ein und entdecken Sie die einzigartige Geschichte unseres sch\u00f6nen Hauses.\" \/>\n<meta name=\"robots\" content=\"index, follow, max-snippet:-1, max-image-preview:large, max-video-preview:-1\" \/>\n<link rel=\"canonical\" href=\"https:\/\/www.allurehotelprague.com\/de\/geschichte\/\" \/>\n<meta property=\"og:locale\" content=\"de_DE\" \/>\n<meta property=\"og:type\" content=\"article\" \/>\n<meta property=\"og:title\" content=\"Geschichte - Allure Hotel &amp; Residence Prague -\" \/>\n<meta property=\"og:description\" content=\"Tauchen Sie tief in die Geschichte unseres sch\u00f6nen Geb\u00e4udes ein und entdecken Sie die einzigartige Geschichte unseres sch\u00f6nen Hauses.\" \/>\n<meta property=\"og:url\" content=\"https:\/\/www.allurehotelprague.com\/de\/geschichte\/\" \/>\n<meta property=\"og:site_name\" content=\"Allure Hotel &amp; Residence Prague\" \/>\n<meta property=\"article:modified_time\" content=\"2025-05-22T08:00:34+00:00\" \/>\n<meta name=\"twitter:card\" content=\"summary_large_image\" \/>\n<meta name=\"twitter:label1\" content=\"Gesch\u00e4tzte Lesezeit\" \/>\n\t<meta name=\"twitter:data1\" content=\"1 Minute\" \/>\n<script type=\"application\/ld+json\" class=\"yoast-schema-graph\">{\"@context\":\"https:\/\/schema.org\",\"@graph\":[{\"@type\":\"WebPage\",\"@id\":\"https:\/\/www.allurehotelprague.com\/de\/geschichte\/\",\"url\":\"https:\/\/www.allurehotelprague.com\/de\/geschichte\/\",\"name\":\"Geschichte - Allure Hotel &amp; Residence Prague -\",\"isPartOf\":{\"@id\":\"https:\/\/www.allurehotelprague.com\/de\/#website\"},\"datePublished\":\"2023-09-19T08:14:22+00:00\",\"dateModified\":\"2025-05-22T08:00:34+00:00\",\"description\":\"Tauchen Sie tief in die Geschichte unseres sch\u00f6nen Geb\u00e4udes ein und entdecken Sie die einzigartige Geschichte unseres sch\u00f6nen Hauses.\",\"breadcrumb\":{\"@id\":\"https:\/\/www.allurehotelprague.com\/de\/geschichte\/#breadcrumb\"},\"inLanguage\":\"de-DE\",\"potentialAction\":[{\"@type\":\"ReadAction\",\"target\":[\"https:\/\/www.allurehotelprague.com\/de\/geschichte\/\"]}]},{\"@type\":\"BreadcrumbList\",\"@id\":\"https:\/\/www.allurehotelprague.com\/de\/geschichte\/#breadcrumb\",\"itemListElement\":[{\"@type\":\"ListItem\",\"position\":1,\"name\":\"Home\",\"item\":\"https:\/\/www.allurehotelprague.com\/de\/\"},{\"@type\":\"ListItem\",\"position\":2,\"name\":\"Geschichte\"}]},{\"@type\":\"WebSite\",\"@id\":\"https:\/\/www.allurehotelprague.com\/de\/#website\",\"url\":\"https:\/\/www.allurehotelprague.com\/de\/\",\"name\":\"Allure Hotel &amp; Residence Prague\",\"description\":\"\",\"potentialAction\":[{\"@type\":\"SearchAction\",\"target\":{\"@type\":\"EntryPoint\",\"urlTemplate\":\"https:\/\/www.allurehotelprague.com\/de\/?s={search_term_string}\"},\"query-input\":{\"@type\":\"PropertyValueSpecification\",\"valueRequired\":true,\"valueName\":\"search_term_string\"}}],\"inLanguage\":\"de-DE\"}]}<\/script>\n<!-- \/ Yoast SEO plugin. -->","yoast_head_json":{"title":"Geschichte - Allure Hotel &amp; Residence Prague -","description":"Tauchen Sie tief in die Geschichte unseres sch\u00f6nen Geb\u00e4udes ein und entdecken Sie die einzigartige Geschichte unseres sch\u00f6nen Hauses.","robots":{"index":"index","follow":"follow","max-snippet":"max-snippet:-1","max-image-preview":"max-image-preview:large","max-video-preview":"max-video-preview:-1"},"canonical":"https:\/\/www.allurehotelprague.com\/de\/geschichte\/","og_locale":"de_DE","og_type":"article","og_title":"Geschichte - Allure Hotel &amp; Residence Prague -","og_description":"Tauchen Sie tief in die Geschichte unseres sch\u00f6nen Geb\u00e4udes ein und entdecken Sie die einzigartige Geschichte unseres sch\u00f6nen Hauses.","og_url":"https:\/\/www.allurehotelprague.com\/de\/geschichte\/","og_site_name":"Allure Hotel &amp; Residence Prague","article_modified_time":"2025-05-22T08:00:34+00:00","twitter_card":"summary_large_image","twitter_misc":{"Gesch\u00e4tzte Lesezeit":"1 Minute"},"schema":{"@context":"https:\/\/schema.org","@graph":[{"@type":"WebPage","@id":"https:\/\/www.allurehotelprague.com\/de\/geschichte\/","url":"https:\/\/www.allurehotelprague.com\/de\/geschichte\/","name":"Geschichte - Allure Hotel &amp; Residence Prague -","isPartOf":{"@id":"https:\/\/www.allurehotelprague.com\/de\/#website"},"datePublished":"2023-09-19T08:14:22+00:00","dateModified":"2025-05-22T08:00:34+00:00","description":"Tauchen Sie tief in die Geschichte unseres sch\u00f6nen Geb\u00e4udes ein und entdecken Sie die einzigartige Geschichte unseres sch\u00f6nen Hauses.","breadcrumb":{"@id":"https:\/\/www.allurehotelprague.com\/de\/geschichte\/#breadcrumb"},"inLanguage":"de-DE","potentialAction":[{"@type":"ReadAction","target":["https:\/\/www.allurehotelprague.com\/de\/geschichte\/"]}]},{"@type":"BreadcrumbList","@id":"https:\/\/www.allurehotelprague.com\/de\/geschichte\/#breadcrumb","itemListElement":[{"@type":"ListItem","position":1,"name":"Home","item":"https:\/\/www.allurehotelprague.com\/de\/"},{"@type":"ListItem","position":2,"name":"Geschichte"}]},{"@type":"WebSite","@id":"https:\/\/www.allurehotelprague.com\/de\/#website","url":"https:\/\/www.allurehotelprague.com\/de\/","name":"Allure Hotel &amp; Residence Prague","description":"","potentialAction":[{"@type":"SearchAction","target":{"@type":"EntryPoint","urlTemplate":"https:\/\/www.allurehotelprague.com\/de\/?s={search_term_string}"},"query-input":{"@type":"PropertyValueSpecification","valueRequired":true,"valueName":"search_term_string"}}],"inLanguage":"de-DE"}]}},"acf":[],"_links":{"self":[{"href":"https:\/\/www.allurehotelprague.com\/de\/wp-json\/wp\/v2\/pages\/545","targetHints":{"allow":["GET"]}}],"collection":[{"href":"https:\/\/www.allurehotelprague.com\/de\/wp-json\/wp\/v2\/pages"}],"about":[{"href":"https:\/\/www.allurehotelprague.com\/de\/wp-json\/wp\/v2\/types\/page"}],"author":[{"embeddable":true,"href":"https:\/\/www.allurehotelprague.com\/de\/wp-json\/wp\/v2\/users\/4"}],"replies":[{"embeddable":true,"href":"https:\/\/www.allurehotelprague.com\/de\/wp-json\/wp\/v2\/comments?post=545"}],"version-history":[{"count":0,"href":"https:\/\/www.allurehotelprague.com\/de\/wp-json\/wp\/v2\/pages\/545\/revisions"}],"wp:attachment":[{"href":"https:\/\/www.allurehotelprague.com\/de\/wp-json\/wp\/v2\/media?parent=545"}],"curies":[{"name":"wp","href":"https:\/\/api.w.org\/{rel}","templated":true}]}}