{"id":556,"date":"2023-09-19T09:07:16","date_gmt":"2023-09-19T09:07:16","guid":{"rendered":"https:\/\/www.allurehotelprague.com\/?page_id=556"},"modified":"2025-05-22T07:47:39","modified_gmt":"2025-05-22T07:47:39","slug":"massagen","status":"publish","type":"page","link":"https:\/\/www.allurehotelprague.com\/de\/dienstleistungen\/massagen\/","title":{"rendered":"Massagen"},"content":{"rendered":"<p style=\"text-align: center\">Die F\u00e4higkeit, sich auszuruhen und zu entspannen, ist ein wichtiger Bestandteil unseres Lebens. Neben Ruhe und Entspannung ist das Leben einfach sch\u00f6ner, wenn der K\u00f6rper keine Schmerzen hat und man sich gesund f\u00fchlt. In diesem Sinne ist es an der Zeit, Ihrem K\u00f6rper regelm\u00e4\u00dfige Massagen zu g\u00f6nnen.<\/p>\n","protected":false},"excerpt":{"rendered":"<p>Die F\u00e4higkeit, sich auszuruhen und zu entspannen, ist ein wichtiger Bestandteil unseres Lebens. Neben Ruhe und Entspannung ist das Leben einfach sch\u00f6ner, wenn der K\u00f6rper keine Schmerzen hat und man sich gesund f\u00fchlt. In diesem Sinne ist es an der Zeit, Ihrem K\u00f6rper regelm\u00e4\u00dfige Massagen zu g\u00f6nnen.<\/p>\n","protected":false},"author":4,"featured_media":0,"parent":555,"menu_order":10,"comment_status":"closed","ping_status":"closed","template":"template-massages.php","meta":{"footnotes":""},"class_list":["post-556","page","type-page","status-publish","hentry"],"yoast_head":"<!-- This site is optimized with the Yoast SEO plugin v26.9 - https:\/\/yoast.com\/product\/yoast-seo-wordpress\/ -->\n<title>Massagen - Allure Hotel &amp; Residence Prague -<\/title>\n<meta name=\"description\" content=\"G\u00f6nnen Sie Ihrem K\u00f6rper regelm\u00e4\u00dfige Massagen \u2013 f\u00fcr Entspannung, weniger Schmerzen und ein ges\u00fcnderes, besseres Leben!\" \/>\n<meta name=\"robots\" content=\"index, follow, max-snippet:-1, max-image-preview:large, max-video-preview:-1\" \/>\n<link rel=\"canonical\" href=\"https:\/\/www.allurehotelprague.com\/de\/dienstleistungen\/massagen\/\" \/>\n<meta property=\"og:locale\" content=\"de_DE\" \/>\n<meta property=\"og:type\" content=\"article\" \/>\n<meta property=\"og:title\" content=\"Massagen - Allure Hotel &amp; Residence Prague -\" \/>\n<meta property=\"og:description\" content=\"G\u00f6nnen Sie Ihrem K\u00f6rper regelm\u00e4\u00dfige Massagen \u2013 f\u00fcr Entspannung, weniger Schmerzen und ein ges\u00fcnderes, besseres Leben!\" \/>\n<meta property=\"og:url\" content=\"https:\/\/www.allurehotelprague.com\/de\/dienstleistungen\/massagen\/\" \/>\n<meta property=\"og:site_name\" content=\"Allure Hotel &amp; Residence Prague\" \/>\n<meta property=\"article:modified_time\" content=\"2025-05-22T07:47:39+00:00\" \/>\n<meta name=\"twitter:card\" content=\"summary_large_image\" \/>\n<meta name=\"twitter:label1\" content=\"Gesch\u00e4tzte Lesezeit\" \/>\n\t<meta name=\"twitter:data1\" content=\"1 Minute\" \/>\n<script type=\"application\/ld+json\" class=\"yoast-schema-graph\">{\"@context\":\"https:\/\/schema.org\",\"@graph\":[{\"@type\":\"WebPage\",\"@id\":\"https:\/\/www.allurehotelprague.com\/de\/dienstleistungen\/massagen\/\",\"url\":\"https:\/\/www.allurehotelprague.com\/de\/dienstleistungen\/massagen\/\",\"name\":\"Massagen - Allure Hotel &amp; Residence Prague -\",\"isPartOf\":{\"@id\":\"https:\/\/www.allurehotelprague.com\/de\/#website\"},\"datePublished\":\"2023-09-19T09:07:16+00:00\",\"dateModified\":\"2025-05-22T07:47:39+00:00\",\"description\":\"G\u00f6nnen Sie Ihrem K\u00f6rper regelm\u00e4\u00dfige Massagen \u2013 f\u00fcr Entspannung, weniger Schmerzen und ein ges\u00fcnderes, besseres Leben!\",\"breadcrumb\":{\"@id\":\"https:\/\/www.allurehotelprague.com\/de\/dienstleistungen\/massagen\/#breadcrumb\"},\"inLanguage\":\"de-DE\",\"potentialAction\":[{\"@type\":\"ReadAction\",\"target\":[\"https:\/\/www.allurehotelprague.com\/de\/dienstleistungen\/massagen\/\"]}]},{\"@type\":\"BreadcrumbList\",\"@id\":\"https:\/\/www.allurehotelprague.com\/de\/dienstleistungen\/massagen\/#breadcrumb\",\"itemListElement\":[{\"@type\":\"ListItem\",\"position\":1,\"name\":\"Home\",\"item\":\"https:\/\/www.allurehotelprague.com\/de\/\"},{\"@type\":\"ListItem\",\"position\":2,\"name\":\"Zusatzleitungen\",\"item\":\"https:\/\/www.allurehotelprague.com\/de\/dienstleistungen\/\"},{\"@type\":\"ListItem\",\"position\":3,\"name\":\"Massagen\"}]},{\"@type\":\"WebSite\",\"@id\":\"https:\/\/www.allurehotelprague.com\/de\/#website\",\"url\":\"https:\/\/www.allurehotelprague.com\/de\/\",\"name\":\"Allure Hotel &amp; Residence Prague\",\"description\":\"\",\"potentialAction\":[{\"@type\":\"SearchAction\",\"target\":{\"@type\":\"EntryPoint\",\"urlTemplate\":\"https:\/\/www.allurehotelprague.com\/de\/?s={search_term_string}\"},\"query-input\":{\"@type\":\"PropertyValueSpecification\",\"valueRequired\":true,\"valueName\":\"search_term_string\"}}],\"inLanguage\":\"de-DE\"}]}<\/script>\n<!-- \/ Yoast SEO plugin. -->","yoast_head_json":{"title":"Massagen - Allure Hotel &amp; Residence Prague -","description":"G\u00f6nnen Sie Ihrem K\u00f6rper regelm\u00e4\u00dfige Massagen \u2013 f\u00fcr Entspannung, weniger Schmerzen und ein ges\u00fcnderes, besseres Leben!","robots":{"index":"index","follow":"follow","max-snippet":"max-snippet:-1","max-image-preview":"max-image-preview:large","max-video-preview":"max-video-preview:-1"},"canonical":"https:\/\/www.allurehotelprague.com\/de\/dienstleistungen\/massagen\/","og_locale":"de_DE","og_type":"article","og_title":"Massagen - Allure Hotel &amp; Residence Prague -","og_description":"G\u00f6nnen Sie Ihrem K\u00f6rper regelm\u00e4\u00dfige Massagen \u2013 f\u00fcr Entspannung, weniger Schmerzen und ein ges\u00fcnderes, besseres Leben!","og_url":"https:\/\/www.allurehotelprague.com\/de\/dienstleistungen\/massagen\/","og_site_name":"Allure Hotel &amp; Residence Prague","article_modified_time":"2025-05-22T07:47:39+00:00","twitter_card":"summary_large_image","twitter_misc":{"Gesch\u00e4tzte Lesezeit":"1 Minute"},"schema":{"@context":"https:\/\/schema.org","@graph":[{"@type":"WebPage","@id":"https:\/\/www.allurehotelprague.com\/de\/dienstleistungen\/massagen\/","url":"https:\/\/www.allurehotelprague.com\/de\/dienstleistungen\/massagen\/","name":"Massagen - Allure Hotel &amp; Residence Prague -","isPartOf":{"@id":"https:\/\/www.allurehotelprague.com\/de\/#website"},"datePublished":"2023-09-19T09:07:16+00:00","dateModified":"2025-05-22T07:47:39+00:00","description":"G\u00f6nnen Sie Ihrem K\u00f6rper regelm\u00e4\u00dfige Massagen \u2013 f\u00fcr Entspannung, weniger Schmerzen und ein ges\u00fcnderes, besseres Leben!","breadcrumb":{"@id":"https:\/\/www.allurehotelprague.com\/de\/dienstleistungen\/massagen\/#breadcrumb"},"inLanguage":"de-DE","potentialAction":[{"@type":"ReadAction","target":["https:\/\/www.allurehotelprague.com\/de\/dienstleistungen\/massagen\/"]}]},{"@type":"BreadcrumbList","@id":"https:\/\/www.allurehotelprague.com\/de\/dienstleistungen\/massagen\/#breadcrumb","itemListElement":[{"@type":"ListItem","position":1,"name":"Home","item":"https:\/\/www.allurehotelprague.com\/de\/"},{"@type":"ListItem","position":2,"name":"Zusatzleitungen","item":"https:\/\/www.allurehotelprague.com\/de\/dienstleistungen\/"},{"@type":"ListItem","position":3,"name":"Massagen"}]},{"@type":"WebSite","@id":"https:\/\/www.allurehotelprague.com\/de\/#website","url":"https:\/\/www.allurehotelprague.com\/de\/","name":"Allure Hotel &amp; Residence Prague","description":"","potentialAction":[{"@type":"SearchAction","target":{"@type":"EntryPoint","urlTemplate":"https:\/\/www.allurehotelprague.com\/de\/?s={search_term_string}"},"query-input":{"@type":"PropertyValueSpecification","valueRequired":true,"valueName":"search_term_string"}}],"inLanguage":"de-DE"}]}},"acf":[],"_links":{"self":[{"href":"https:\/\/www.allurehotelprague.com\/de\/wp-json\/wp\/v2\/pages\/556","targetHints":{"allow":["GET"]}}],"collection":[{"href":"https:\/\/www.allurehotelprague.com\/de\/wp-json\/wp\/v2\/pages"}],"about":[{"href":"https:\/\/www.allurehotelprague.com\/de\/wp-json\/wp\/v2\/types\/page"}],"author":[{"embeddable":true,"href":"https:\/\/www.allurehotelprague.com\/de\/wp-json\/wp\/v2\/users\/4"}],"replies":[{"embeddable":true,"href":"https:\/\/www.allurehotelprague.com\/de\/wp-json\/wp\/v2\/comments?post=556"}],"version-history":[{"count":0,"href":"https:\/\/www.allurehotelprague.com\/de\/wp-json\/wp\/v2\/pages\/556\/revisions"}],"up":[{"embeddable":true,"href":"https:\/\/www.allurehotelprague.com\/de\/wp-json\/wp\/v2\/pages\/555"}],"wp:attachment":[{"href":"https:\/\/www.allurehotelprague.com\/de\/wp-json\/wp\/v2\/media?parent=556"}],"curies":[{"name":"wp","href":"https:\/\/api.w.org\/{rel}","templated":true}]}}