{"id":558,"date":"2023-09-19T09:10:26","date_gmt":"2023-09-19T09:10:26","guid":{"rendered":"https:\/\/www.allurehotelprague.com\/?page_id=558"},"modified":"2025-05-22T07:49:51","modified_gmt":"2025-05-22T07:49:51","slug":"thai-classic","status":"publish","type":"page","link":"https:\/\/www.allurehotelprague.com\/de\/dienstleistungen\/massagen\/thai-classic\/","title":{"rendered":"Thai Classic"},"content":{"rendered":"<p><span style=\"font-weight: 400\">Die klassische Thaimassage tr\u00e4gt zur Entspannung der Muskeln, Sehnen und Gelenke des ganzen K\u00f6rpers bei. Das Dr\u00fccken der Akupressurpunkte auf den Energiebahnen im ganzen K\u00f6rper und das anschlie\u00dfende Dehnen mit Yoga-Elementen f\u00fchrt zu einer totalen Entspannung von K\u00f6rper und Geist.<\/span><\/p>\n","protected":false},"excerpt":{"rendered":"<p>Die klassische Thaimassage tr\u00e4gt zur Entspannung der Muskeln, Sehnen und Gelenke des ganzen K\u00f6rpers bei. Das Dr\u00fccken der Akupressurpunkte auf den Energiebahnen im ganzen K\u00f6rper und das anschlie\u00dfende Dehnen mit Yoga-Elementen f\u00fchrt zu einer totalen Entspannung von K\u00f6rper und Geist.<\/p>\n","protected":false},"author":4,"featured_media":0,"parent":556,"menu_order":10,"comment_status":"closed","ping_status":"closed","template":"template-massage-single.php","meta":{"footnotes":""},"class_list":["post-558","page","type-page","status-publish","hentry"],"yoast_head":"<!-- This site is optimized with the Yoast SEO plugin v26.9 - https:\/\/yoast.com\/product\/yoast-seo-wordpress\/ -->\n<title>Thai Classic - Allure Hotel &amp; Residence Prague -<\/title>\n<meta name=\"description\" content=\"Die klassische Thai-Massage entspannt Muskeln, Sehnen und Gelenke, f\u00f6rdert die Energiebalance und dehnt f\u00fcr Entspannung von K\u00f6rper und Geist.\" \/>\n<meta name=\"robots\" content=\"noindex, nofollow\" \/>\n<meta property=\"og:locale\" content=\"de_DE\" \/>\n<meta property=\"og:type\" content=\"article\" \/>\n<meta property=\"og:title\" content=\"Thai Classic - Allure Hotel &amp; Residence Prague -\" \/>\n<meta property=\"og:description\" content=\"Die klassische Thai-Massage entspannt Muskeln, Sehnen und Gelenke, f\u00f6rdert die Energiebalance und dehnt f\u00fcr Entspannung von K\u00f6rper und Geist.\" \/>\n<meta property=\"og:url\" content=\"https:\/\/www.allurehotelprague.com\/de\/dienstleistungen\/massagen\/thai-classic\/\" \/>\n<meta property=\"og:site_name\" content=\"Allure Hotel &amp; Residence Prague\" \/>\n<meta property=\"article:modified_time\" content=\"2025-05-22T07:49:51+00:00\" \/>\n<meta name=\"twitter:card\" content=\"summary_large_image\" \/>\n<meta name=\"twitter:label1\" content=\"Gesch\u00e4tzte Lesezeit\" \/>\n\t<meta name=\"twitter:data1\" content=\"1 Minute\" \/>\n<script type=\"application\/ld+json\" class=\"yoast-schema-graph\">{\"@context\":\"https:\/\/schema.org\",\"@graph\":[{\"@type\":\"WebPage\",\"@id\":\"https:\/\/www.allurehotelprague.com\/de\/dienstleistungen\/massagen\/thai-classic\/\",\"url\":\"https:\/\/www.allurehotelprague.com\/de\/dienstleistungen\/massagen\/thai-classic\/\",\"name\":\"Thai Classic - Allure Hotel &amp; Residence Prague -\",\"isPartOf\":{\"@id\":\"https:\/\/www.allurehotelprague.com\/de\/#website\"},\"datePublished\":\"2023-09-19T09:10:26+00:00\",\"dateModified\":\"2025-05-22T07:49:51+00:00\",\"description\":\"Die klassische Thai-Massage entspannt Muskeln, Sehnen und Gelenke, f\u00f6rdert die Energiebalance und dehnt f\u00fcr Entspannung von K\u00f6rper und Geist.\",\"breadcrumb\":{\"@id\":\"https:\/\/www.allurehotelprague.com\/de\/dienstleistungen\/massagen\/thai-classic\/#breadcrumb\"},\"inLanguage\":\"de-DE\",\"potentialAction\":[{\"@type\":\"ReadAction\",\"target\":[\"https:\/\/www.allurehotelprague.com\/de\/dienstleistungen\/massagen\/thai-classic\/\"]}]},{\"@type\":\"BreadcrumbList\",\"@id\":\"https:\/\/www.allurehotelprague.com\/de\/dienstleistungen\/massagen\/thai-classic\/#breadcrumb\",\"itemListElement\":[{\"@type\":\"ListItem\",\"position\":1,\"name\":\"Home\",\"item\":\"https:\/\/www.allurehotelprague.com\/de\/\"},{\"@type\":\"ListItem\",\"position\":2,\"name\":\"Zusatzleitungen\",\"item\":\"https:\/\/www.allurehotelprague.com\/de\/dienstleistungen\/\"},{\"@type\":\"ListItem\",\"position\":3,\"name\":\"Massagen\",\"item\":\"https:\/\/www.allurehotelprague.com\/de\/dienstleistungen\/massagen\/\"},{\"@type\":\"ListItem\",\"position\":4,\"name\":\"Thai Classic\"}]},{\"@type\":\"WebSite\",\"@id\":\"https:\/\/www.allurehotelprague.com\/de\/#website\",\"url\":\"https:\/\/www.allurehotelprague.com\/de\/\",\"name\":\"Allure Hotel &amp; Residence Prague\",\"description\":\"\",\"potentialAction\":[{\"@type\":\"SearchAction\",\"target\":{\"@type\":\"EntryPoint\",\"urlTemplate\":\"https:\/\/www.allurehotelprague.com\/de\/?s={search_term_string}\"},\"query-input\":{\"@type\":\"PropertyValueSpecification\",\"valueRequired\":true,\"valueName\":\"search_term_string\"}}],\"inLanguage\":\"de-DE\"}]}<\/script>\n<!-- \/ Yoast SEO plugin. -->","yoast_head_json":{"title":"Thai Classic - Allure Hotel &amp; Residence Prague -","description":"Die klassische Thai-Massage entspannt Muskeln, Sehnen und Gelenke, f\u00f6rdert die Energiebalance und dehnt f\u00fcr Entspannung von K\u00f6rper und Geist.","robots":{"index":"noindex","follow":"nofollow"},"og_locale":"de_DE","og_type":"article","og_title":"Thai Classic - Allure Hotel &amp; Residence Prague -","og_description":"Die klassische Thai-Massage entspannt Muskeln, Sehnen und Gelenke, f\u00f6rdert die Energiebalance und dehnt f\u00fcr Entspannung von K\u00f6rper und Geist.","og_url":"https:\/\/www.allurehotelprague.com\/de\/dienstleistungen\/massagen\/thai-classic\/","og_site_name":"Allure Hotel &amp; Residence Prague","article_modified_time":"2025-05-22T07:49:51+00:00","twitter_card":"summary_large_image","twitter_misc":{"Gesch\u00e4tzte Lesezeit":"1 Minute"},"schema":{"@context":"https:\/\/schema.org","@graph":[{"@type":"WebPage","@id":"https:\/\/www.allurehotelprague.com\/de\/dienstleistungen\/massagen\/thai-classic\/","url":"https:\/\/www.allurehotelprague.com\/de\/dienstleistungen\/massagen\/thai-classic\/","name":"Thai Classic - Allure Hotel &amp; Residence Prague -","isPartOf":{"@id":"https:\/\/www.allurehotelprague.com\/de\/#website"},"datePublished":"2023-09-19T09:10:26+00:00","dateModified":"2025-05-22T07:49:51+00:00","description":"Die klassische Thai-Massage entspannt Muskeln, Sehnen und Gelenke, f\u00f6rdert die Energiebalance und dehnt f\u00fcr Entspannung von K\u00f6rper und Geist.","breadcrumb":{"@id":"https:\/\/www.allurehotelprague.com\/de\/dienstleistungen\/massagen\/thai-classic\/#breadcrumb"},"inLanguage":"de-DE","potentialAction":[{"@type":"ReadAction","target":["https:\/\/www.allurehotelprague.com\/de\/dienstleistungen\/massagen\/thai-classic\/"]}]},{"@type":"BreadcrumbList","@id":"https:\/\/www.allurehotelprague.com\/de\/dienstleistungen\/massagen\/thai-classic\/#breadcrumb","itemListElement":[{"@type":"ListItem","position":1,"name":"Home","item":"https:\/\/www.allurehotelprague.com\/de\/"},{"@type":"ListItem","position":2,"name":"Zusatzleitungen","item":"https:\/\/www.allurehotelprague.com\/de\/dienstleistungen\/"},{"@type":"ListItem","position":3,"name":"Massagen","item":"https:\/\/www.allurehotelprague.com\/de\/dienstleistungen\/massagen\/"},{"@type":"ListItem","position":4,"name":"Thai Classic"}]},{"@type":"WebSite","@id":"https:\/\/www.allurehotelprague.com\/de\/#website","url":"https:\/\/www.allurehotelprague.com\/de\/","name":"Allure Hotel &amp; Residence Prague","description":"","potentialAction":[{"@type":"SearchAction","target":{"@type":"EntryPoint","urlTemplate":"https:\/\/www.allurehotelprague.com\/de\/?s={search_term_string}"},"query-input":{"@type":"PropertyValueSpecification","valueRequired":true,"valueName":"search_term_string"}}],"inLanguage":"de-DE"}]}},"acf":[],"_links":{"self":[{"href":"https:\/\/www.allurehotelprague.com\/de\/wp-json\/wp\/v2\/pages\/558","targetHints":{"allow":["GET"]}}],"collection":[{"href":"https:\/\/www.allurehotelprague.com\/de\/wp-json\/wp\/v2\/pages"}],"about":[{"href":"https:\/\/www.allurehotelprague.com\/de\/wp-json\/wp\/v2\/types\/page"}],"author":[{"embeddable":true,"href":"https:\/\/www.allurehotelprague.com\/de\/wp-json\/wp\/v2\/users\/4"}],"replies":[{"embeddable":true,"href":"https:\/\/www.allurehotelprague.com\/de\/wp-json\/wp\/v2\/comments?post=558"}],"version-history":[{"count":0,"href":"https:\/\/www.allurehotelprague.com\/de\/wp-json\/wp\/v2\/pages\/558\/revisions"}],"up":[{"embeddable":true,"href":"https:\/\/www.allurehotelprague.com\/de\/wp-json\/wp\/v2\/pages\/556"}],"wp:attachment":[{"href":"https:\/\/www.allurehotelprague.com\/de\/wp-json\/wp\/v2\/media?parent=558"}],"curies":[{"name":"wp","href":"https:\/\/api.w.org\/{rel}","templated":true}]}}