{"id":562,"date":"2023-09-19T09:18:10","date_gmt":"2023-09-19T09:18:10","guid":{"rendered":"https:\/\/www.allurehotelprague.com\/?page_id=562"},"modified":"2025-06-18T10:30:25","modified_gmt":"2025-06-18T10:30:25","slug":"parken","status":"publish","type":"page","link":"https:\/\/www.allurehotelprague.com\/de\/dienstleistungen\/parken\/","title":{"rendered":"Parken"},"content":{"rendered":"<p><span style=\"font-weight: 400\">Wenn Sie mit dem Auto anreisen, k\u00f6nnen Sie die Tiefgarage in fu\u00dfl\u00e4ufiger Entfernung zum Allure Hotel &amp; Residence Prague nutzen. Bitte beachten Sie, dass das Parken in der Umgebung des Hotels ab dem 1. Januar 2025 nicht mehr gestattet ist.<\/span><\/p>\n<table width=\"572\">\n<tbody>\n<tr>\n<td colspan=\"3\" width=\"572\"><strong>PARKING PRICELIST<\/strong><\/td>\n<\/tr>\n<tr>\n<td width=\"202\"><strong>Type of parking<\/strong><\/td>\n<td width=\"185\"><strong>Distance<\/strong><\/td>\n<td width=\"185\"><strong>Price<\/strong><\/td>\n<\/tr>\n<tr>\n<td><\/td>\n<td><\/td>\n<td><\/td>\n<\/tr>\n<tr>\n<td>Rudolfinum &#8211; garage<\/td>\n<td>650 m<\/td>\n<td>750 CZK\/24h\/car<\/td>\n<\/tr>\n<tr>\n<td>Palladium &#8211; garage<\/td>\n<td>750 m<\/td>\n<td>1100 CZK\/24h\/car<\/td>\n<\/tr>\n<\/tbody>\n<\/table>\n","protected":false},"excerpt":{"rendered":"<p>Wenn Sie mit dem Auto anreisen, k\u00f6nnen Sie die Tiefgarage in fu\u00dfl\u00e4ufiger Entfernung zum Allure Hotel &amp; Residence Prague nutzen. Bitte beachten Sie, dass das Parken in der Umgebung des Hotels ab dem 1. Januar 2025 nicht mehr gestattet ist. PARKING PRICELIST Type of parking Distance Price Rudolfinum &#8211; garage 650 m 750 CZK\/24h\/car Palladium [&hellip;]<\/p>\n","protected":false},"author":4,"featured_media":0,"parent":555,"menu_order":20,"comment_status":"closed","ping_status":"closed","template":"template-single-service.php","meta":{"footnotes":""},"class_list":["post-562","page","type-page","status-publish","hentry"],"yoast_head":"<!-- This site is optimized with the Yoast SEO plugin v26.9 - https:\/\/yoast.com\/product\/yoast-seo-wordpress\/ -->\n<title>Parken - Allure Hotel &amp; Residence Prague -<\/title>\n<meta name=\"description\" content=\"W\u00e4hrend Ihres Aufenthalts k\u00f6nnen Sie gegen Aufpreis Parkpl\u00e4tze auf der Stra\u00dfe nutzen. Eine Anmeldung ist erforderlich.\" \/>\n<meta name=\"robots\" content=\"index, follow, max-snippet:-1, max-image-preview:large, max-video-preview:-1\" \/>\n<link rel=\"canonical\" href=\"https:\/\/www.allurehotelprague.com\/de\/dienstleistungen\/parken\/\" \/>\n<meta property=\"og:locale\" content=\"de_DE\" \/>\n<meta property=\"og:type\" content=\"article\" \/>\n<meta property=\"og:title\" content=\"Parken - Allure Hotel &amp; Residence Prague -\" \/>\n<meta property=\"og:description\" content=\"W\u00e4hrend Ihres Aufenthalts k\u00f6nnen Sie gegen Aufpreis Parkpl\u00e4tze auf der Stra\u00dfe nutzen. Eine Anmeldung ist erforderlich.\" \/>\n<meta property=\"og:url\" content=\"https:\/\/www.allurehotelprague.com\/de\/dienstleistungen\/parken\/\" \/>\n<meta property=\"og:site_name\" content=\"Allure Hotel &amp; Residence Prague\" \/>\n<meta property=\"article:modified_time\" content=\"2025-06-18T10:30:25+00:00\" \/>\n<meta name=\"twitter:card\" content=\"summary_large_image\" \/>\n<meta name=\"twitter:label1\" content=\"Gesch\u00e4tzte Lesezeit\" \/>\n\t<meta name=\"twitter:data1\" content=\"1 Minute\" \/>\n<script type=\"application\/ld+json\" class=\"yoast-schema-graph\">{\"@context\":\"https:\/\/schema.org\",\"@graph\":[{\"@type\":\"WebPage\",\"@id\":\"https:\/\/www.allurehotelprague.com\/de\/dienstleistungen\/parken\/\",\"url\":\"https:\/\/www.allurehotelprague.com\/de\/dienstleistungen\/parken\/\",\"name\":\"Parken - Allure Hotel &amp; Residence Prague -\",\"isPartOf\":{\"@id\":\"https:\/\/www.allurehotelprague.com\/de\/#website\"},\"datePublished\":\"2023-09-19T09:18:10+00:00\",\"dateModified\":\"2025-06-18T10:30:25+00:00\",\"description\":\"W\u00e4hrend Ihres Aufenthalts k\u00f6nnen Sie gegen Aufpreis Parkpl\u00e4tze auf der Stra\u00dfe nutzen. Eine Anmeldung ist erforderlich.\",\"breadcrumb\":{\"@id\":\"https:\/\/www.allurehotelprague.com\/de\/dienstleistungen\/parken\/#breadcrumb\"},\"inLanguage\":\"de-DE\",\"potentialAction\":[{\"@type\":\"ReadAction\",\"target\":[\"https:\/\/www.allurehotelprague.com\/de\/dienstleistungen\/parken\/\"]}]},{\"@type\":\"BreadcrumbList\",\"@id\":\"https:\/\/www.allurehotelprague.com\/de\/dienstleistungen\/parken\/#breadcrumb\",\"itemListElement\":[{\"@type\":\"ListItem\",\"position\":1,\"name\":\"Home\",\"item\":\"https:\/\/www.allurehotelprague.com\/de\/\"},{\"@type\":\"ListItem\",\"position\":2,\"name\":\"Zusatzleitungen\",\"item\":\"https:\/\/www.allurehotelprague.com\/de\/dienstleistungen\/\"},{\"@type\":\"ListItem\",\"position\":3,\"name\":\"Parken\"}]},{\"@type\":\"WebSite\",\"@id\":\"https:\/\/www.allurehotelprague.com\/de\/#website\",\"url\":\"https:\/\/www.allurehotelprague.com\/de\/\",\"name\":\"Allure Hotel &amp; Residence Prague\",\"description\":\"\",\"potentialAction\":[{\"@type\":\"SearchAction\",\"target\":{\"@type\":\"EntryPoint\",\"urlTemplate\":\"https:\/\/www.allurehotelprague.com\/de\/?s={search_term_string}\"},\"query-input\":{\"@type\":\"PropertyValueSpecification\",\"valueRequired\":true,\"valueName\":\"search_term_string\"}}],\"inLanguage\":\"de-DE\"}]}<\/script>\n<!-- \/ Yoast SEO plugin. -->","yoast_head_json":{"title":"Parken - Allure Hotel &amp; Residence Prague -","description":"W\u00e4hrend Ihres Aufenthalts k\u00f6nnen Sie gegen Aufpreis Parkpl\u00e4tze auf der Stra\u00dfe nutzen. Eine Anmeldung ist erforderlich.","robots":{"index":"index","follow":"follow","max-snippet":"max-snippet:-1","max-image-preview":"max-image-preview:large","max-video-preview":"max-video-preview:-1"},"canonical":"https:\/\/www.allurehotelprague.com\/de\/dienstleistungen\/parken\/","og_locale":"de_DE","og_type":"article","og_title":"Parken - Allure Hotel &amp; Residence Prague -","og_description":"W\u00e4hrend Ihres Aufenthalts k\u00f6nnen Sie gegen Aufpreis Parkpl\u00e4tze auf der Stra\u00dfe nutzen. Eine Anmeldung ist erforderlich.","og_url":"https:\/\/www.allurehotelprague.com\/de\/dienstleistungen\/parken\/","og_site_name":"Allure Hotel &amp; Residence Prague","article_modified_time":"2025-06-18T10:30:25+00:00","twitter_card":"summary_large_image","twitter_misc":{"Gesch\u00e4tzte Lesezeit":"1 Minute"},"schema":{"@context":"https:\/\/schema.org","@graph":[{"@type":"WebPage","@id":"https:\/\/www.allurehotelprague.com\/de\/dienstleistungen\/parken\/","url":"https:\/\/www.allurehotelprague.com\/de\/dienstleistungen\/parken\/","name":"Parken - Allure Hotel &amp; Residence Prague -","isPartOf":{"@id":"https:\/\/www.allurehotelprague.com\/de\/#website"},"datePublished":"2023-09-19T09:18:10+00:00","dateModified":"2025-06-18T10:30:25+00:00","description":"W\u00e4hrend Ihres Aufenthalts k\u00f6nnen Sie gegen Aufpreis Parkpl\u00e4tze auf der Stra\u00dfe nutzen. Eine Anmeldung ist erforderlich.","breadcrumb":{"@id":"https:\/\/www.allurehotelprague.com\/de\/dienstleistungen\/parken\/#breadcrumb"},"inLanguage":"de-DE","potentialAction":[{"@type":"ReadAction","target":["https:\/\/www.allurehotelprague.com\/de\/dienstleistungen\/parken\/"]}]},{"@type":"BreadcrumbList","@id":"https:\/\/www.allurehotelprague.com\/de\/dienstleistungen\/parken\/#breadcrumb","itemListElement":[{"@type":"ListItem","position":1,"name":"Home","item":"https:\/\/www.allurehotelprague.com\/de\/"},{"@type":"ListItem","position":2,"name":"Zusatzleitungen","item":"https:\/\/www.allurehotelprague.com\/de\/dienstleistungen\/"},{"@type":"ListItem","position":3,"name":"Parken"}]},{"@type":"WebSite","@id":"https:\/\/www.allurehotelprague.com\/de\/#website","url":"https:\/\/www.allurehotelprague.com\/de\/","name":"Allure Hotel &amp; Residence Prague","description":"","potentialAction":[{"@type":"SearchAction","target":{"@type":"EntryPoint","urlTemplate":"https:\/\/www.allurehotelprague.com\/de\/?s={search_term_string}"},"query-input":{"@type":"PropertyValueSpecification","valueRequired":true,"valueName":"search_term_string"}}],"inLanguage":"de-DE"}]}},"acf":[],"_links":{"self":[{"href":"https:\/\/www.allurehotelprague.com\/de\/wp-json\/wp\/v2\/pages\/562","targetHints":{"allow":["GET"]}}],"collection":[{"href":"https:\/\/www.allurehotelprague.com\/de\/wp-json\/wp\/v2\/pages"}],"about":[{"href":"https:\/\/www.allurehotelprague.com\/de\/wp-json\/wp\/v2\/types\/page"}],"author":[{"embeddable":true,"href":"https:\/\/www.allurehotelprague.com\/de\/wp-json\/wp\/v2\/users\/4"}],"replies":[{"embeddable":true,"href":"https:\/\/www.allurehotelprague.com\/de\/wp-json\/wp\/v2\/comments?post=562"}],"version-history":[{"count":0,"href":"https:\/\/www.allurehotelprague.com\/de\/wp-json\/wp\/v2\/pages\/562\/revisions"}],"up":[{"embeddable":true,"href":"https:\/\/www.allurehotelprague.com\/de\/wp-json\/wp\/v2\/pages\/555"}],"wp:attachment":[{"href":"https:\/\/www.allurehotelprague.com\/de\/wp-json\/wp\/v2\/media?parent=562"}],"curies":[{"name":"wp","href":"https:\/\/api.w.org\/{rel}","templated":true}]}}