{"id":563,"date":"2023-09-19T09:20:04","date_gmt":"2023-09-19T09:20:04","guid":{"rendered":"https:\/\/www.allurehotelprague.com\/?page_id=563"},"modified":"2025-05-22T07:59:14","modified_gmt":"2025-05-22T07:59:14","slug":"transfer","status":"publish","type":"page","link":"https:\/\/www.allurehotelprague.com\/de\/dienstleistungen\/transfer\/","title":{"rendered":"Transfer"},"content":{"rendered":"<p><span style=\"font-weight: 400\">Unser Rezeptionsteam hilft Ihnen gerne beim Transfer zum Flughafen, bei einem Ausflug in die Stadt oder in Prag. Z\u00f6gern Sie nicht, bei uns vorbeizukommen. Gemeinsam finden wir die bestm\u00f6gliche L\u00f6sung.<\/span><\/p>\n<table width=\"572\">\n<tbody>\n<tr>\n<td colspan=\"3\" width=\"572\"><strong>LIMOUSINE TRANSFER PRICELIST<\/strong><\/td>\n<\/tr>\n<tr>\n<td width=\"202\"><strong>Destination<\/strong><\/td>\n<td width=\"185\"><strong>Car 1-3 pax<\/strong><\/td>\n<td width=\"185\"><strong>Van 4-7 pax<\/strong><\/td>\n<\/tr>\n<tr>\n<td width=\"202\">V\u00e1clav Havel Airport<\/td>\n<td width=\"185\">900 CZK<\/td>\n<td width=\"185\">1300 CZK<\/td>\n<\/tr>\n<tr>\n<td width=\"202\">Main Railway station<\/td>\n<td width=\"185\">500 CZK<\/td>\n<td width=\"185\">650 CZK<\/td>\n<\/tr>\n<tr>\n<td width=\"202\">Florenc Bus station<\/td>\n<td width=\"185\">500 CZK<\/td>\n<td width=\"185\">650 CZK<\/td>\n<\/tr>\n<tr>\n<td width=\"202\">Prague Castle<\/td>\n<td width=\"185\">500 CZK<\/td>\n<td width=\"185\">650 CZK<\/td>\n<\/tr>\n<tr>\n<td width=\"202\">Prague ZOO<\/td>\n<td width=\"185\">600 CZK<\/td>\n<td width=\"185\">750 CZK<\/td>\n<\/tr>\n<tr>\n<td width=\"202\">Aquapalace<\/td>\n<td width=\"185\">850 CZK<\/td>\n<td width=\"185\">1200 CZK<\/td>\n<\/tr>\n<tr>\n<td width=\"202\">1 hour rental<\/td>\n<td width=\"185\">1000 CZK<\/td>\n<td width=\"185\">1400 CZK<\/td>\n<\/tr>\n<\/tbody>\n<\/table>\n","protected":false},"excerpt":{"rendered":"<p>Unser Rezeptionsteam hilft Ihnen gerne beim Transfer zum Flughafen, bei einem Ausflug in die Stadt oder in Prag. Z\u00f6gern Sie nicht, bei uns vorbeizukommen. Gemeinsam finden wir die bestm\u00f6gliche L\u00f6sung. LIMOUSINE TRANSFER PRICELIST Destination Car 1-3 pax Van 4-7 pax V\u00e1clav Havel Airport 900 CZK 1300 CZK Main Railway station 500 CZK 650 CZK Florenc [&hellip;]<\/p>\n","protected":false},"author":4,"featured_media":0,"parent":555,"menu_order":30,"comment_status":"closed","ping_status":"closed","template":"template-single-service.php","meta":{"footnotes":""},"class_list":["post-563","page","type-page","status-publish","hentry"],"yoast_head":"<!-- This site is optimized with the Yoast SEO plugin v26.9 - https:\/\/yoast.com\/product\/yoast-seo-wordpress\/ -->\n<title>Transfer - Allure Hotel &amp; Residence Prague -<\/title>\n<meta name=\"description\" content=\"Unser Empfangsteam hilft Ihnen gerne bei Transfers, Stadttouren oder Ausfl\u00fcgen rund um Prag. Kommen Sie vorbei, wir finden die beste L\u00f6sung.\" \/>\n<meta name=\"robots\" content=\"index, follow, max-snippet:-1, max-image-preview:large, max-video-preview:-1\" \/>\n<link rel=\"canonical\" href=\"https:\/\/www.allurehotelprague.com\/de\/dienstleistungen\/transfer\/\" \/>\n<meta property=\"og:locale\" content=\"de_DE\" \/>\n<meta property=\"og:type\" content=\"article\" \/>\n<meta property=\"og:title\" content=\"Transfer - Allure Hotel &amp; Residence Prague -\" \/>\n<meta property=\"og:description\" content=\"Unser Empfangsteam hilft Ihnen gerne bei Transfers, Stadttouren oder Ausfl\u00fcgen rund um Prag. Kommen Sie vorbei, wir finden die beste L\u00f6sung.\" \/>\n<meta property=\"og:url\" content=\"https:\/\/www.allurehotelprague.com\/de\/dienstleistungen\/transfer\/\" \/>\n<meta property=\"og:site_name\" content=\"Allure Hotel &amp; Residence Prague\" \/>\n<meta property=\"article:modified_time\" content=\"2025-05-22T07:59:14+00:00\" \/>\n<meta name=\"twitter:card\" content=\"summary_large_image\" \/>\n<meta name=\"twitter:label1\" content=\"Gesch\u00e4tzte Lesezeit\" \/>\n\t<meta name=\"twitter:data1\" content=\"1 Minute\" \/>\n<script type=\"application\/ld+json\" class=\"yoast-schema-graph\">{\"@context\":\"https:\/\/schema.org\",\"@graph\":[{\"@type\":\"WebPage\",\"@id\":\"https:\/\/www.allurehotelprague.com\/de\/dienstleistungen\/transfer\/\",\"url\":\"https:\/\/www.allurehotelprague.com\/de\/dienstleistungen\/transfer\/\",\"name\":\"Transfer - Allure Hotel &amp; Residence Prague -\",\"isPartOf\":{\"@id\":\"https:\/\/www.allurehotelprague.com\/de\/#website\"},\"datePublished\":\"2023-09-19T09:20:04+00:00\",\"dateModified\":\"2025-05-22T07:59:14+00:00\",\"description\":\"Unser Empfangsteam hilft Ihnen gerne bei Transfers, Stadttouren oder Ausfl\u00fcgen rund um Prag. Kommen Sie vorbei, wir finden die beste L\u00f6sung.\",\"breadcrumb\":{\"@id\":\"https:\/\/www.allurehotelprague.com\/de\/dienstleistungen\/transfer\/#breadcrumb\"},\"inLanguage\":\"de-DE\",\"potentialAction\":[{\"@type\":\"ReadAction\",\"target\":[\"https:\/\/www.allurehotelprague.com\/de\/dienstleistungen\/transfer\/\"]}]},{\"@type\":\"BreadcrumbList\",\"@id\":\"https:\/\/www.allurehotelprague.com\/de\/dienstleistungen\/transfer\/#breadcrumb\",\"itemListElement\":[{\"@type\":\"ListItem\",\"position\":1,\"name\":\"Home\",\"item\":\"https:\/\/www.allurehotelprague.com\/de\/\"},{\"@type\":\"ListItem\",\"position\":2,\"name\":\"Zusatzleitungen\",\"item\":\"https:\/\/www.allurehotelprague.com\/de\/dienstleistungen\/\"},{\"@type\":\"ListItem\",\"position\":3,\"name\":\"Transfer\"}]},{\"@type\":\"WebSite\",\"@id\":\"https:\/\/www.allurehotelprague.com\/de\/#website\",\"url\":\"https:\/\/www.allurehotelprague.com\/de\/\",\"name\":\"Allure Hotel &amp; Residence Prague\",\"description\":\"\",\"potentialAction\":[{\"@type\":\"SearchAction\",\"target\":{\"@type\":\"EntryPoint\",\"urlTemplate\":\"https:\/\/www.allurehotelprague.com\/de\/?s={search_term_string}\"},\"query-input\":{\"@type\":\"PropertyValueSpecification\",\"valueRequired\":true,\"valueName\":\"search_term_string\"}}],\"inLanguage\":\"de-DE\"}]}<\/script>\n<!-- \/ Yoast SEO plugin. -->","yoast_head_json":{"title":"Transfer - Allure Hotel &amp; Residence Prague -","description":"Unser Empfangsteam hilft Ihnen gerne bei Transfers, Stadttouren oder Ausfl\u00fcgen rund um Prag. Kommen Sie vorbei, wir finden die beste L\u00f6sung.","robots":{"index":"index","follow":"follow","max-snippet":"max-snippet:-1","max-image-preview":"max-image-preview:large","max-video-preview":"max-video-preview:-1"},"canonical":"https:\/\/www.allurehotelprague.com\/de\/dienstleistungen\/transfer\/","og_locale":"de_DE","og_type":"article","og_title":"Transfer - Allure Hotel &amp; Residence Prague -","og_description":"Unser Empfangsteam hilft Ihnen gerne bei Transfers, Stadttouren oder Ausfl\u00fcgen rund um Prag. Kommen Sie vorbei, wir finden die beste L\u00f6sung.","og_url":"https:\/\/www.allurehotelprague.com\/de\/dienstleistungen\/transfer\/","og_site_name":"Allure Hotel &amp; Residence Prague","article_modified_time":"2025-05-22T07:59:14+00:00","twitter_card":"summary_large_image","twitter_misc":{"Gesch\u00e4tzte Lesezeit":"1 Minute"},"schema":{"@context":"https:\/\/schema.org","@graph":[{"@type":"WebPage","@id":"https:\/\/www.allurehotelprague.com\/de\/dienstleistungen\/transfer\/","url":"https:\/\/www.allurehotelprague.com\/de\/dienstleistungen\/transfer\/","name":"Transfer - Allure Hotel &amp; Residence Prague -","isPartOf":{"@id":"https:\/\/www.allurehotelprague.com\/de\/#website"},"datePublished":"2023-09-19T09:20:04+00:00","dateModified":"2025-05-22T07:59:14+00:00","description":"Unser Empfangsteam hilft Ihnen gerne bei Transfers, Stadttouren oder Ausfl\u00fcgen rund um Prag. Kommen Sie vorbei, wir finden die beste L\u00f6sung.","breadcrumb":{"@id":"https:\/\/www.allurehotelprague.com\/de\/dienstleistungen\/transfer\/#breadcrumb"},"inLanguage":"de-DE","potentialAction":[{"@type":"ReadAction","target":["https:\/\/www.allurehotelprague.com\/de\/dienstleistungen\/transfer\/"]}]},{"@type":"BreadcrumbList","@id":"https:\/\/www.allurehotelprague.com\/de\/dienstleistungen\/transfer\/#breadcrumb","itemListElement":[{"@type":"ListItem","position":1,"name":"Home","item":"https:\/\/www.allurehotelprague.com\/de\/"},{"@type":"ListItem","position":2,"name":"Zusatzleitungen","item":"https:\/\/www.allurehotelprague.com\/de\/dienstleistungen\/"},{"@type":"ListItem","position":3,"name":"Transfer"}]},{"@type":"WebSite","@id":"https:\/\/www.allurehotelprague.com\/de\/#website","url":"https:\/\/www.allurehotelprague.com\/de\/","name":"Allure Hotel &amp; Residence Prague","description":"","potentialAction":[{"@type":"SearchAction","target":{"@type":"EntryPoint","urlTemplate":"https:\/\/www.allurehotelprague.com\/de\/?s={search_term_string}"},"query-input":{"@type":"PropertyValueSpecification","valueRequired":true,"valueName":"search_term_string"}}],"inLanguage":"de-DE"}]}},"acf":[],"_links":{"self":[{"href":"https:\/\/www.allurehotelprague.com\/de\/wp-json\/wp\/v2\/pages\/563","targetHints":{"allow":["GET"]}}],"collection":[{"href":"https:\/\/www.allurehotelprague.com\/de\/wp-json\/wp\/v2\/pages"}],"about":[{"href":"https:\/\/www.allurehotelprague.com\/de\/wp-json\/wp\/v2\/types\/page"}],"author":[{"embeddable":true,"href":"https:\/\/www.allurehotelprague.com\/de\/wp-json\/wp\/v2\/users\/4"}],"replies":[{"embeddable":true,"href":"https:\/\/www.allurehotelprague.com\/de\/wp-json\/wp\/v2\/comments?post=563"}],"version-history":[{"count":0,"href":"https:\/\/www.allurehotelprague.com\/de\/wp-json\/wp\/v2\/pages\/563\/revisions"}],"up":[{"embeddable":true,"href":"https:\/\/www.allurehotelprague.com\/de\/wp-json\/wp\/v2\/pages\/555"}],"wp:attachment":[{"href":"https:\/\/www.allurehotelprague.com\/de\/wp-json\/wp\/v2\/media?parent=563"}],"curies":[{"name":"wp","href":"https:\/\/api.w.org\/{rel}","templated":true}]}}