{"id":567,"date":"2023-09-19T10:04:09","date_gmt":"2023-09-19T10:04:09","guid":{"rendered":"https:\/\/www.allurehotelprague.com\/?page_id=567"},"modified":"2025-05-22T08:10:28","modified_gmt":"2025-05-22T08:10:28","slug":"imprint","status":"publish","type":"page","link":"https:\/\/www.allurehotelprague.com\/de\/imprint\/","title":{"rendered":"Imprint"},"content":{"rendered":"<p style=\"text-align: center\">WWW.ALLUREHOTELPRAGUE.COM<\/p>\n<p style=\"text-align: center\">Ist eine Internetdomain im Besitz von On The Island s.r.o.<\/p>\n<p style=\"text-align: center\">Kontaktinformationen:<\/p>\n<p style=\"text-align: center\">On The Island s.r.o.<\/p>\n<p style=\"text-align: center\">mit reg. Adresse Plask\u00e1 614\/10, Mal\u00e1 Strana (Praha 5), \u200b\u200b150 00 Praha, unter der Reg.-Nr. Nummer 11767863<\/p>\n<p style=\"text-align: center\">vertreten durch: Michal Chour \u2013 Exekutive<\/p>\n<p style=\"text-align: center\">Firmen-ID: 11767863<\/p>\n<p style=\"text-align: center\">Steuernummer: CZ11767863<\/p>\n<p style=\"text-align: center\">Bankdaten:<\/p>\n<table class=\" aligncenter\" width=\"809\">\n<tbody>\n<tr>\n<td width=\"62\">W\u00e4hrung<\/td>\n<td width=\"110\">Kontonummer<\/td>\n<td width=\"125\">Bankleitzahl<\/td>\n<td width=\"239\">Name der Bank<\/td>\n<td width=\"202\">IBAN<\/td>\n<td width=\"71\">SWIFT<\/td>\n<\/tr>\n<tr>\n<td>CZK<\/td>\n<td>348508075<\/td>\n<td>0300<\/td>\n<td>\u010ceskoslovensk\u00e1 obchodn\u00ed banka a.s.<\/td>\n<td>CZ17 0300 0000 0003 4850 8075<\/td>\n<td>CEKOCZPP<\/td>\n<\/tr>\n<tr>\n<td>EUR<\/td>\n<td>348667332<\/td>\n<td>0300<\/td>\n<td>\u010ceskoslovensk\u00e1 obchodn\u00ed banka a.s.<\/td>\n<td>CZ88 0300 0000 0003 4866 7332<\/td>\n<td>CEKOCZPP<\/td>\n<\/tr>\n<tr>\n<td><\/td>\n<td><\/td>\n<td><\/td>\n<td><\/td>\n<td><\/td>\n<td><\/td>\n<\/tr>\n<\/tbody>\n<\/table>\n<p style=\"text-align: center\">ALLURE HOTEL &amp; RESIDENCE PRAGUE @ ALLE RECHTE VORBEHALTEN<\/p>\n<p>&nbsp;<\/p>\n","protected":false},"excerpt":{"rendered":"<p>WWW.ALLUREHOTELPRAGUE.COM Ist eine Internetdomain im Besitz von On The Island s.r.o. Kontaktinformationen: On The Island s.r.o. mit reg. Adresse Plask\u00e1 614\/10, Mal\u00e1 Strana (Praha 5), \u200b\u200b150 00 Praha, unter der Reg.-Nr. Nummer 11767863 vertreten durch: Michal Chour \u2013 Exekutive Firmen-ID: 11767863 Steuernummer: CZ11767863 Bankdaten: W\u00e4hrung Kontonummer Bankleitzahl Name der Bank IBAN SWIFT CZK 348508075 0300 [&hellip;]<\/p>\n","protected":false},"author":4,"featured_media":0,"parent":0,"menu_order":140,"comment_status":"closed","ping_status":"closed","template":"","meta":{"footnotes":""},"class_list":["post-567","page","type-page","status-publish","hentry"],"yoast_head":"<!-- This site is optimized with the Yoast SEO plugin v26.9 - https:\/\/yoast.com\/product\/yoast-seo-wordpress\/ -->\n<title>Imprint - Allure Hotel &amp; Residence Prague -<\/title>\n<meta name=\"description\" content=\"WWW.ALLUREHOTELPRAGUE.COM ist eine Internet-Domain im Besitz von On The Island s.r.o. Kontaktinformationen: On The Island s.r.o.\" \/>\n<meta name=\"robots\" content=\"index, follow, max-snippet:-1, max-image-preview:large, max-video-preview:-1\" \/>\n<link rel=\"canonical\" href=\"https:\/\/www.allurehotelprague.com\/de\/imprint\/\" \/>\n<meta property=\"og:locale\" content=\"de_DE\" \/>\n<meta property=\"og:type\" content=\"article\" \/>\n<meta property=\"og:title\" content=\"Imprint - Allure Hotel &amp; Residence Prague -\" \/>\n<meta property=\"og:description\" content=\"WWW.ALLUREHOTELPRAGUE.COM ist eine Internet-Domain im Besitz von On The Island s.r.o. Kontaktinformationen: On The Island s.r.o.\" \/>\n<meta property=\"og:url\" content=\"https:\/\/www.allurehotelprague.com\/de\/imprint\/\" \/>\n<meta property=\"og:site_name\" content=\"Allure Hotel &amp; Residence Prague\" \/>\n<meta property=\"article:modified_time\" content=\"2025-05-22T08:10:28+00:00\" \/>\n<meta name=\"twitter:card\" content=\"summary_large_image\" \/>\n<meta name=\"twitter:label1\" content=\"Gesch\u00e4tzte Lesezeit\" \/>\n\t<meta name=\"twitter:data1\" content=\"1 Minute\" \/>\n<script type=\"application\/ld+json\" class=\"yoast-schema-graph\">{\"@context\":\"https:\/\/schema.org\",\"@graph\":[{\"@type\":\"WebPage\",\"@id\":\"https:\/\/www.allurehotelprague.com\/de\/imprint\/\",\"url\":\"https:\/\/www.allurehotelprague.com\/de\/imprint\/\",\"name\":\"Imprint - Allure Hotel &amp; Residence Prague -\",\"isPartOf\":{\"@id\":\"https:\/\/www.allurehotelprague.com\/de\/#website\"},\"datePublished\":\"2023-09-19T10:04:09+00:00\",\"dateModified\":\"2025-05-22T08:10:28+00:00\",\"description\":\"WWW.ALLUREHOTELPRAGUE.COM ist eine Internet-Domain im Besitz von On The Island s.r.o. Kontaktinformationen: On The Island s.r.o.\",\"breadcrumb\":{\"@id\":\"https:\/\/www.allurehotelprague.com\/de\/imprint\/#breadcrumb\"},\"inLanguage\":\"de-DE\",\"potentialAction\":[{\"@type\":\"ReadAction\",\"target\":[\"https:\/\/www.allurehotelprague.com\/de\/imprint\/\"]}]},{\"@type\":\"BreadcrumbList\",\"@id\":\"https:\/\/www.allurehotelprague.com\/de\/imprint\/#breadcrumb\",\"itemListElement\":[{\"@type\":\"ListItem\",\"position\":1,\"name\":\"Home\",\"item\":\"https:\/\/www.allurehotelprague.com\/de\/\"},{\"@type\":\"ListItem\",\"position\":2,\"name\":\"Imprint\"}]},{\"@type\":\"WebSite\",\"@id\":\"https:\/\/www.allurehotelprague.com\/de\/#website\",\"url\":\"https:\/\/www.allurehotelprague.com\/de\/\",\"name\":\"Allure Hotel &amp; Residence Prague\",\"description\":\"\",\"potentialAction\":[{\"@type\":\"SearchAction\",\"target\":{\"@type\":\"EntryPoint\",\"urlTemplate\":\"https:\/\/www.allurehotelprague.com\/de\/?s={search_term_string}\"},\"query-input\":{\"@type\":\"PropertyValueSpecification\",\"valueRequired\":true,\"valueName\":\"search_term_string\"}}],\"inLanguage\":\"de-DE\"}]}<\/script>\n<!-- \/ Yoast SEO plugin. -->","yoast_head_json":{"title":"Imprint - Allure Hotel &amp; Residence Prague -","description":"WWW.ALLUREHOTELPRAGUE.COM ist eine Internet-Domain im Besitz von On The Island s.r.o. Kontaktinformationen: On The Island s.r.o.","robots":{"index":"index","follow":"follow","max-snippet":"max-snippet:-1","max-image-preview":"max-image-preview:large","max-video-preview":"max-video-preview:-1"},"canonical":"https:\/\/www.allurehotelprague.com\/de\/imprint\/","og_locale":"de_DE","og_type":"article","og_title":"Imprint - Allure Hotel &amp; Residence Prague -","og_description":"WWW.ALLUREHOTELPRAGUE.COM ist eine Internet-Domain im Besitz von On The Island s.r.o. Kontaktinformationen: On The Island s.r.o.","og_url":"https:\/\/www.allurehotelprague.com\/de\/imprint\/","og_site_name":"Allure Hotel &amp; Residence Prague","article_modified_time":"2025-05-22T08:10:28+00:00","twitter_card":"summary_large_image","twitter_misc":{"Gesch\u00e4tzte Lesezeit":"1 Minute"},"schema":{"@context":"https:\/\/schema.org","@graph":[{"@type":"WebPage","@id":"https:\/\/www.allurehotelprague.com\/de\/imprint\/","url":"https:\/\/www.allurehotelprague.com\/de\/imprint\/","name":"Imprint - Allure Hotel &amp; Residence Prague -","isPartOf":{"@id":"https:\/\/www.allurehotelprague.com\/de\/#website"},"datePublished":"2023-09-19T10:04:09+00:00","dateModified":"2025-05-22T08:10:28+00:00","description":"WWW.ALLUREHOTELPRAGUE.COM ist eine Internet-Domain im Besitz von On The Island s.r.o. Kontaktinformationen: On The Island s.r.o.","breadcrumb":{"@id":"https:\/\/www.allurehotelprague.com\/de\/imprint\/#breadcrumb"},"inLanguage":"de-DE","potentialAction":[{"@type":"ReadAction","target":["https:\/\/www.allurehotelprague.com\/de\/imprint\/"]}]},{"@type":"BreadcrumbList","@id":"https:\/\/www.allurehotelprague.com\/de\/imprint\/#breadcrumb","itemListElement":[{"@type":"ListItem","position":1,"name":"Home","item":"https:\/\/www.allurehotelprague.com\/de\/"},{"@type":"ListItem","position":2,"name":"Imprint"}]},{"@type":"WebSite","@id":"https:\/\/www.allurehotelprague.com\/de\/#website","url":"https:\/\/www.allurehotelprague.com\/de\/","name":"Allure Hotel &amp; Residence Prague","description":"","potentialAction":[{"@type":"SearchAction","target":{"@type":"EntryPoint","urlTemplate":"https:\/\/www.allurehotelprague.com\/de\/?s={search_term_string}"},"query-input":{"@type":"PropertyValueSpecification","valueRequired":true,"valueName":"search_term_string"}}],"inLanguage":"de-DE"}]}},"acf":[],"_links":{"self":[{"href":"https:\/\/www.allurehotelprague.com\/de\/wp-json\/wp\/v2\/pages\/567","targetHints":{"allow":["GET"]}}],"collection":[{"href":"https:\/\/www.allurehotelprague.com\/de\/wp-json\/wp\/v2\/pages"}],"about":[{"href":"https:\/\/www.allurehotelprague.com\/de\/wp-json\/wp\/v2\/types\/page"}],"author":[{"embeddable":true,"href":"https:\/\/www.allurehotelprague.com\/de\/wp-json\/wp\/v2\/users\/4"}],"replies":[{"embeddable":true,"href":"https:\/\/www.allurehotelprague.com\/de\/wp-json\/wp\/v2\/comments?post=567"}],"version-history":[{"count":0,"href":"https:\/\/www.allurehotelprague.com\/de\/wp-json\/wp\/v2\/pages\/567\/revisions"}],"wp:attachment":[{"href":"https:\/\/www.allurehotelprague.com\/de\/wp-json\/wp\/v2\/media?parent=567"}],"curies":[{"name":"wp","href":"https:\/\/api.w.org\/{rel}","templated":true}]}}