{"id":572,"date":"2023-09-19T12:15:49","date_gmt":"2023-09-19T12:15:49","guid":{"rendered":"https:\/\/www.allurehotelprague.com\/?page_id=572"},"modified":"2026-01-08T10:04:25","modified_gmt":"2026-01-08T10:04:25","slug":"bewertungen","status":"publish","type":"page","link":"https:\/\/www.allurehotelprague.com\/de\/bewertungen\/","title":{"rendered":"Bewertungen"},"content":{"rendered":"<p style=\"text-align: center\" data-start=\"806\" data-end=\"1066\">Das Feedback unserer G\u00e4ste ist f\u00fcr uns von unsch\u00e4tzbarem Wert. Wir h\u00f6ren unseren G\u00e4sten aufmerksam zu und nutzen ihr Feedback, um unsere Services stetig zu verbessern und jeden Aufenthalt im Herzen von Prag komfortabel und unvergesslich zu gestalten.<\/p>\n<p style=\"text-align: center\" data-start=\"1068\" data-end=\"1280\">Wir laden Sie ein, Ihre Erfahrungen mit uns zu teilen. Sie k\u00f6nnen uns per E-Mail unter <span style=\"color: #3366ff\"><a class=\"decorated-link cursor-pointer\" style=\"color: #3366ff\" rel=\"noopener\" data-start=\"1157\" data-end=\"1183\">info@allurehotelprague.com<\/a><\/span> kontaktieren oder Ihre Kommentare auf Tripadvisor, Booking.com oder Google hinterlassen.<\/p>\n<p style=\"text-align: center\" data-start=\"1282\" data-end=\"1551\">Unsere G\u00e4ste lieben ihren Aufenthalt im Allure Hotel &amp; Residence wegen seines Boutique-Charmes, der zentralen Lage und des personalisier\u00adten Services. Lesen Sie unsere neuesten Bewertungen und erfahren Sie, warum Besucher uns zu den Top-Boutique-Hotels in Prag z\u00e4hlen. \u00dcbernachten Sie bei uns und erleben Sie Komfort, Eleganz und pers\u00f6nlichen Service hautnah.<\/p>\n","protected":false},"excerpt":{"rendered":"<p>Das Feedback unserer G\u00e4ste ist f\u00fcr uns von unsch\u00e4tzbarem Wert. Wir h\u00f6ren unseren G\u00e4sten aufmerksam zu und nutzen ihr Feedback, um unsere Services stetig zu verbessern und jeden Aufenthalt im Herzen von Prag komfortabel und unvergesslich zu gestalten. Wir laden Sie ein, Ihre Erfahrungen mit uns zu teilen. Sie k\u00f6nnen uns per E-Mail unter info@allurehotelprague.com [&hellip;]<\/p>\n","protected":false},"author":4,"featured_media":0,"parent":0,"menu_order":100,"comment_status":"closed","ping_status":"closed","template":"template-default-3.php","meta":{"footnotes":""},"class_list":["post-572","page","type-page","status-publish","hentry"],"yoast_head":"<!-- This site is optimized with the Yoast SEO plugin v26.9 - https:\/\/yoast.com\/product\/yoast-seo-wordpress\/ -->\n<title>Bewertungen - Allure Hotel &amp; Residence Prague -<\/title>\n<meta name=\"description\" content=\"Sehen Sie, was G\u00e4ste \u00fcber Hotel Allure sagen. Lesen Sie Bewertungen und lassen Sie sich inspirieren. Besuchen Sie @allurehotelprague.\" \/>\n<meta name=\"robots\" content=\"index, follow, max-snippet:-1, max-image-preview:large, max-video-preview:-1\" \/>\n<link rel=\"canonical\" href=\"https:\/\/www.allurehotelprague.com\/de\/bewertungen\/\" \/>\n<meta property=\"og:locale\" content=\"de_DE\" \/>\n<meta property=\"og:type\" content=\"article\" \/>\n<meta property=\"og:title\" content=\"Bewertungen - Allure Hotel &amp; Residence Prague -\" \/>\n<meta property=\"og:description\" content=\"Sehen Sie, was G\u00e4ste \u00fcber Hotel Allure sagen. Lesen Sie Bewertungen und lassen Sie sich inspirieren. Besuchen Sie @allurehotelprague.\" \/>\n<meta property=\"og:url\" content=\"https:\/\/www.allurehotelprague.com\/de\/bewertungen\/\" \/>\n<meta property=\"og:site_name\" content=\"Allure Hotel &amp; Residence Prague\" \/>\n<meta property=\"article:modified_time\" content=\"2026-01-08T10:04:25+00:00\" \/>\n<meta name=\"twitter:card\" content=\"summary_large_image\" \/>\n<meta name=\"twitter:label1\" content=\"Gesch\u00e4tzte Lesezeit\" \/>\n\t<meta name=\"twitter:data1\" content=\"1 Minute\" \/>\n<script type=\"application\/ld+json\" class=\"yoast-schema-graph\">{\"@context\":\"https:\/\/schema.org\",\"@graph\":[{\"@type\":\"WebPage\",\"@id\":\"https:\/\/www.allurehotelprague.com\/de\/bewertungen\/\",\"url\":\"https:\/\/www.allurehotelprague.com\/de\/bewertungen\/\",\"name\":\"Bewertungen - Allure Hotel &amp; Residence Prague -\",\"isPartOf\":{\"@id\":\"https:\/\/www.allurehotelprague.com\/de\/#website\"},\"datePublished\":\"2023-09-19T12:15:49+00:00\",\"dateModified\":\"2026-01-08T10:04:25+00:00\",\"description\":\"Sehen Sie, was G\u00e4ste \u00fcber Hotel Allure sagen. Lesen Sie Bewertungen und lassen Sie sich inspirieren. Besuchen Sie @allurehotelprague.\",\"breadcrumb\":{\"@id\":\"https:\/\/www.allurehotelprague.com\/de\/bewertungen\/#breadcrumb\"},\"inLanguage\":\"de-DE\",\"potentialAction\":[{\"@type\":\"ReadAction\",\"target\":[\"https:\/\/www.allurehotelprague.com\/de\/bewertungen\/\"]}]},{\"@type\":\"BreadcrumbList\",\"@id\":\"https:\/\/www.allurehotelprague.com\/de\/bewertungen\/#breadcrumb\",\"itemListElement\":[{\"@type\":\"ListItem\",\"position\":1,\"name\":\"Home\",\"item\":\"https:\/\/www.allurehotelprague.com\/de\/\"},{\"@type\":\"ListItem\",\"position\":2,\"name\":\"Bewertungen\"}]},{\"@type\":\"WebSite\",\"@id\":\"https:\/\/www.allurehotelprague.com\/de\/#website\",\"url\":\"https:\/\/www.allurehotelprague.com\/de\/\",\"name\":\"Allure Hotel &amp; Residence Prague\",\"description\":\"\",\"potentialAction\":[{\"@type\":\"SearchAction\",\"target\":{\"@type\":\"EntryPoint\",\"urlTemplate\":\"https:\/\/www.allurehotelprague.com\/de\/?s={search_term_string}\"},\"query-input\":{\"@type\":\"PropertyValueSpecification\",\"valueRequired\":true,\"valueName\":\"search_term_string\"}}],\"inLanguage\":\"de-DE\"}]}<\/script>\n<!-- \/ Yoast SEO plugin. -->","yoast_head_json":{"title":"Bewertungen - Allure Hotel &amp; Residence Prague -","description":"Sehen Sie, was G\u00e4ste \u00fcber Hotel Allure sagen. Lesen Sie Bewertungen und lassen Sie sich inspirieren. Besuchen Sie @allurehotelprague.","robots":{"index":"index","follow":"follow","max-snippet":"max-snippet:-1","max-image-preview":"max-image-preview:large","max-video-preview":"max-video-preview:-1"},"canonical":"https:\/\/www.allurehotelprague.com\/de\/bewertungen\/","og_locale":"de_DE","og_type":"article","og_title":"Bewertungen - Allure Hotel &amp; Residence Prague -","og_description":"Sehen Sie, was G\u00e4ste \u00fcber Hotel Allure sagen. Lesen Sie Bewertungen und lassen Sie sich inspirieren. Besuchen Sie @allurehotelprague.","og_url":"https:\/\/www.allurehotelprague.com\/de\/bewertungen\/","og_site_name":"Allure Hotel &amp; Residence Prague","article_modified_time":"2026-01-08T10:04:25+00:00","twitter_card":"summary_large_image","twitter_misc":{"Gesch\u00e4tzte Lesezeit":"1 Minute"},"schema":{"@context":"https:\/\/schema.org","@graph":[{"@type":"WebPage","@id":"https:\/\/www.allurehotelprague.com\/de\/bewertungen\/","url":"https:\/\/www.allurehotelprague.com\/de\/bewertungen\/","name":"Bewertungen - Allure Hotel &amp; Residence Prague -","isPartOf":{"@id":"https:\/\/www.allurehotelprague.com\/de\/#website"},"datePublished":"2023-09-19T12:15:49+00:00","dateModified":"2026-01-08T10:04:25+00:00","description":"Sehen Sie, was G\u00e4ste \u00fcber Hotel Allure sagen. Lesen Sie Bewertungen und lassen Sie sich inspirieren. Besuchen Sie @allurehotelprague.","breadcrumb":{"@id":"https:\/\/www.allurehotelprague.com\/de\/bewertungen\/#breadcrumb"},"inLanguage":"de-DE","potentialAction":[{"@type":"ReadAction","target":["https:\/\/www.allurehotelprague.com\/de\/bewertungen\/"]}]},{"@type":"BreadcrumbList","@id":"https:\/\/www.allurehotelprague.com\/de\/bewertungen\/#breadcrumb","itemListElement":[{"@type":"ListItem","position":1,"name":"Home","item":"https:\/\/www.allurehotelprague.com\/de\/"},{"@type":"ListItem","position":2,"name":"Bewertungen"}]},{"@type":"WebSite","@id":"https:\/\/www.allurehotelprague.com\/de\/#website","url":"https:\/\/www.allurehotelprague.com\/de\/","name":"Allure Hotel &amp; Residence Prague","description":"","potentialAction":[{"@type":"SearchAction","target":{"@type":"EntryPoint","urlTemplate":"https:\/\/www.allurehotelprague.com\/de\/?s={search_term_string}"},"query-input":{"@type":"PropertyValueSpecification","valueRequired":true,"valueName":"search_term_string"}}],"inLanguage":"de-DE"}]}},"acf":[],"_links":{"self":[{"href":"https:\/\/www.allurehotelprague.com\/de\/wp-json\/wp\/v2\/pages\/572","targetHints":{"allow":["GET"]}}],"collection":[{"href":"https:\/\/www.allurehotelprague.com\/de\/wp-json\/wp\/v2\/pages"}],"about":[{"href":"https:\/\/www.allurehotelprague.com\/de\/wp-json\/wp\/v2\/types\/page"}],"author":[{"embeddable":true,"href":"https:\/\/www.allurehotelprague.com\/de\/wp-json\/wp\/v2\/users\/4"}],"replies":[{"embeddable":true,"href":"https:\/\/www.allurehotelprague.com\/de\/wp-json\/wp\/v2\/comments?post=572"}],"version-history":[{"count":0,"href":"https:\/\/www.allurehotelprague.com\/de\/wp-json\/wp\/v2\/pages\/572\/revisions"}],"wp:attachment":[{"href":"https:\/\/www.allurehotelprague.com\/de\/wp-json\/wp\/v2\/media?parent=572"}],"curies":[{"name":"wp","href":"https:\/\/api.w.org\/{rel}","templated":true}]}}