{"id":574,"date":"2023-09-19T12:37:26","date_gmt":"2023-09-19T12:37:26","guid":{"rendered":"https:\/\/www.allurehotelprague.com\/?page_id=574"},"modified":"2025-05-22T07:35:37","modified_gmt":"2025-05-22T07:35:37","slug":"fruehstueck","status":"publish","type":"page","link":"https:\/\/www.allurehotelprague.com\/de\/fruehstueck\/","title":{"rendered":"Fr\u00fchst\u00fcck"},"content":{"rendered":"<p style=\"text-align: center\"><span style=\"font-weight: 400\">Im Allure Hotel &amp; Residence Prague sind wir nicht nur stolz auf unseren sehr pers\u00f6nlichen Service, sondern auch auf unsere hausgemachte K\u00fcche.<\/span><\/p>\n<p style=\"text-align: center\"><span style=\"font-weight: 400\">Unser K\u00fcchenchef k\u00fcmmert sich mit Liebe und Sorgfalt um uns und unsere G\u00e4ste.<\/span><\/p>\n<p style=\"text-align: center\"><span style=\"font-weight: 400\">Wir bereiten die Mahlzeiten aus lokalen Zutaten zu und achten auf die Frische und Vielfalt der servierten Gerichte.<\/span><\/p>\n<p style=\"text-align: center\"><span style=\"font-weight: 400\">Verpassen Sie nicht unsere hausgemachten Backwaren oder Desserts.<\/span><\/p>\n","protected":false},"excerpt":{"rendered":"<p>Im Allure Hotel &amp; Residence Prague sind wir nicht nur stolz auf unseren sehr pers\u00f6nlichen Service, sondern auch auf unsere hausgemachte K\u00fcche. Unser K\u00fcchenchef k\u00fcmmert sich mit Liebe und Sorgfalt um uns und unsere G\u00e4ste. Wir bereiten die Mahlzeiten aus lokalen Zutaten zu und achten auf die Frische und Vielfalt der servierten Gerichte. Verpassen Sie [&hellip;]<\/p>\n","protected":false},"author":4,"featured_media":0,"parent":0,"menu_order":20,"comment_status":"closed","ping_status":"closed","template":"template-restaurants.php","meta":{"footnotes":""},"class_list":["post-574","page","type-page","status-publish","hentry"],"yoast_head":"<!-- This site is optimized with the Yoast SEO plugin v26.9 - https:\/\/yoast.com\/product\/yoast-seo-wordpress\/ -->\n<title>Fr\u00fchst\u00fcck - Allure Hotel &amp; Residence Prague -<\/title>\n<meta name=\"description\" content=\"Genie\u00dfen Sie ein reichhaltiges Buffetfr\u00fchst\u00fcck mit \u00e0-la-carte-Men\u00fc und K\u00f6stlichkeiten des K\u00fcchenchefs \u2013 starten Sie entspannt in den Tag.\" \/>\n<meta name=\"robots\" content=\"index, follow, max-snippet:-1, max-image-preview:large, max-video-preview:-1\" \/>\n<link rel=\"canonical\" href=\"https:\/\/www.allurehotelprague.com\/de\/fruehstueck\/\" \/>\n<meta property=\"og:locale\" content=\"de_DE\" \/>\n<meta property=\"og:type\" content=\"article\" \/>\n<meta property=\"og:title\" content=\"Fr\u00fchst\u00fcck - Allure Hotel &amp; Residence Prague -\" \/>\n<meta property=\"og:description\" content=\"Genie\u00dfen Sie ein reichhaltiges Buffetfr\u00fchst\u00fcck mit \u00e0-la-carte-Men\u00fc und K\u00f6stlichkeiten des K\u00fcchenchefs \u2013 starten Sie entspannt in den Tag.\" \/>\n<meta property=\"og:url\" content=\"https:\/\/www.allurehotelprague.com\/de\/fruehstueck\/\" \/>\n<meta property=\"og:site_name\" content=\"Allure Hotel &amp; Residence Prague\" \/>\n<meta property=\"article:modified_time\" content=\"2025-05-22T07:35:37+00:00\" \/>\n<meta name=\"twitter:card\" content=\"summary_large_image\" \/>\n<meta name=\"twitter:label1\" content=\"Gesch\u00e4tzte Lesezeit\" \/>\n\t<meta name=\"twitter:data1\" content=\"1 Minute\" \/>\n<script type=\"application\/ld+json\" class=\"yoast-schema-graph\">{\"@context\":\"https:\/\/schema.org\",\"@graph\":[{\"@type\":\"WebPage\",\"@id\":\"https:\/\/www.allurehotelprague.com\/de\/fruehstueck\/\",\"url\":\"https:\/\/www.allurehotelprague.com\/de\/fruehstueck\/\",\"name\":\"Fr\u00fchst\u00fcck - Allure Hotel &amp; Residence Prague -\",\"isPartOf\":{\"@id\":\"https:\/\/www.allurehotelprague.com\/de\/#website\"},\"datePublished\":\"2023-09-19T12:37:26+00:00\",\"dateModified\":\"2025-05-22T07:35:37+00:00\",\"description\":\"Genie\u00dfen Sie ein reichhaltiges Buffetfr\u00fchst\u00fcck mit \u00e0-la-carte-Men\u00fc und K\u00f6stlichkeiten des K\u00fcchenchefs \u2013 starten Sie entspannt in den Tag.\",\"breadcrumb\":{\"@id\":\"https:\/\/www.allurehotelprague.com\/de\/fruehstueck\/#breadcrumb\"},\"inLanguage\":\"de-DE\",\"potentialAction\":[{\"@type\":\"ReadAction\",\"target\":[\"https:\/\/www.allurehotelprague.com\/de\/fruehstueck\/\"]}]},{\"@type\":\"BreadcrumbList\",\"@id\":\"https:\/\/www.allurehotelprague.com\/de\/fruehstueck\/#breadcrumb\",\"itemListElement\":[{\"@type\":\"ListItem\",\"position\":1,\"name\":\"Home\",\"item\":\"https:\/\/www.allurehotelprague.com\/de\/\"},{\"@type\":\"ListItem\",\"position\":2,\"name\":\"Fr\u00fchst\u00fcck\"}]},{\"@type\":\"WebSite\",\"@id\":\"https:\/\/www.allurehotelprague.com\/de\/#website\",\"url\":\"https:\/\/www.allurehotelprague.com\/de\/\",\"name\":\"Allure Hotel &amp; Residence Prague\",\"description\":\"\",\"potentialAction\":[{\"@type\":\"SearchAction\",\"target\":{\"@type\":\"EntryPoint\",\"urlTemplate\":\"https:\/\/www.allurehotelprague.com\/de\/?s={search_term_string}\"},\"query-input\":{\"@type\":\"PropertyValueSpecification\",\"valueRequired\":true,\"valueName\":\"search_term_string\"}}],\"inLanguage\":\"de-DE\"}]}<\/script>\n<!-- \/ Yoast SEO plugin. -->","yoast_head_json":{"title":"Fr\u00fchst\u00fcck - Allure Hotel &amp; Residence Prague -","description":"Genie\u00dfen Sie ein reichhaltiges Buffetfr\u00fchst\u00fcck mit \u00e0-la-carte-Men\u00fc und K\u00f6stlichkeiten des K\u00fcchenchefs \u2013 starten Sie entspannt in den Tag.","robots":{"index":"index","follow":"follow","max-snippet":"max-snippet:-1","max-image-preview":"max-image-preview:large","max-video-preview":"max-video-preview:-1"},"canonical":"https:\/\/www.allurehotelprague.com\/de\/fruehstueck\/","og_locale":"de_DE","og_type":"article","og_title":"Fr\u00fchst\u00fcck - Allure Hotel &amp; Residence Prague -","og_description":"Genie\u00dfen Sie ein reichhaltiges Buffetfr\u00fchst\u00fcck mit \u00e0-la-carte-Men\u00fc und K\u00f6stlichkeiten des K\u00fcchenchefs \u2013 starten Sie entspannt in den Tag.","og_url":"https:\/\/www.allurehotelprague.com\/de\/fruehstueck\/","og_site_name":"Allure Hotel &amp; Residence Prague","article_modified_time":"2025-05-22T07:35:37+00:00","twitter_card":"summary_large_image","twitter_misc":{"Gesch\u00e4tzte Lesezeit":"1 Minute"},"schema":{"@context":"https:\/\/schema.org","@graph":[{"@type":"WebPage","@id":"https:\/\/www.allurehotelprague.com\/de\/fruehstueck\/","url":"https:\/\/www.allurehotelprague.com\/de\/fruehstueck\/","name":"Fr\u00fchst\u00fcck - Allure Hotel &amp; Residence Prague -","isPartOf":{"@id":"https:\/\/www.allurehotelprague.com\/de\/#website"},"datePublished":"2023-09-19T12:37:26+00:00","dateModified":"2025-05-22T07:35:37+00:00","description":"Genie\u00dfen Sie ein reichhaltiges Buffetfr\u00fchst\u00fcck mit \u00e0-la-carte-Men\u00fc und K\u00f6stlichkeiten des K\u00fcchenchefs \u2013 starten Sie entspannt in den Tag.","breadcrumb":{"@id":"https:\/\/www.allurehotelprague.com\/de\/fruehstueck\/#breadcrumb"},"inLanguage":"de-DE","potentialAction":[{"@type":"ReadAction","target":["https:\/\/www.allurehotelprague.com\/de\/fruehstueck\/"]}]},{"@type":"BreadcrumbList","@id":"https:\/\/www.allurehotelprague.com\/de\/fruehstueck\/#breadcrumb","itemListElement":[{"@type":"ListItem","position":1,"name":"Home","item":"https:\/\/www.allurehotelprague.com\/de\/"},{"@type":"ListItem","position":2,"name":"Fr\u00fchst\u00fcck"}]},{"@type":"WebSite","@id":"https:\/\/www.allurehotelprague.com\/de\/#website","url":"https:\/\/www.allurehotelprague.com\/de\/","name":"Allure Hotel &amp; Residence Prague","description":"","potentialAction":[{"@type":"SearchAction","target":{"@type":"EntryPoint","urlTemplate":"https:\/\/www.allurehotelprague.com\/de\/?s={search_term_string}"},"query-input":{"@type":"PropertyValueSpecification","valueRequired":true,"valueName":"search_term_string"}}],"inLanguage":"de-DE"}]}},"acf":[],"_links":{"self":[{"href":"https:\/\/www.allurehotelprague.com\/de\/wp-json\/wp\/v2\/pages\/574","targetHints":{"allow":["GET"]}}],"collection":[{"href":"https:\/\/www.allurehotelprague.com\/de\/wp-json\/wp\/v2\/pages"}],"about":[{"href":"https:\/\/www.allurehotelprague.com\/de\/wp-json\/wp\/v2\/types\/page"}],"author":[{"embeddable":true,"href":"https:\/\/www.allurehotelprague.com\/de\/wp-json\/wp\/v2\/users\/4"}],"replies":[{"embeddable":true,"href":"https:\/\/www.allurehotelprague.com\/de\/wp-json\/wp\/v2\/comments?post=574"}],"version-history":[{"count":0,"href":"https:\/\/www.allurehotelprague.com\/de\/wp-json\/wp\/v2\/pages\/574\/revisions"}],"wp:attachment":[{"href":"https:\/\/www.allurehotelprague.com\/de\/wp-json\/wp\/v2\/media?parent=574"}],"curies":[{"name":"wp","href":"https:\/\/api.w.org\/{rel}","templated":true}]}}