{"id":579,"date":"2023-09-19T12:56:25","date_gmt":"2023-09-19T12:56:25","guid":{"rendered":"https:\/\/www.allurehotelprague.com\/?page_id=579"},"modified":"2025-05-22T08:04:46","modified_gmt":"2025-05-22T08:04:46","slug":"wo-finden-sie-uns","status":"publish","type":"page","link":"https:\/\/www.allurehotelprague.com\/de\/wo-finden-sie-uns\/","title":{"rendered":"Wo finden Sie uns"},"content":{"rendered":"<p>Das Hotel befindet sich im Herzen des historischen Teils von Prag, von dem aus die attraktivsten Teile der Alt- und Neustadt sowie der Kleinseite zu Fu\u00df erreichbar sind. Die n\u00e4chste Umgebung des Geb\u00e4udes ist ein sehr ruhiger Teil des Prager Stadtzentrums, in der N\u00e4he von Parks mit Gr\u00fcnanlagen und in Sichtweite des Flusses Moldau. Das Hotel bietet einen atemberaubenden Blick auf die Prager Altstadt, ihre malerischen D\u00e4cher und den Stolz der Stadt, die Prager Burg. \u00d6ffentliche Verkehrsmittel sind ebenfalls im Umkreis von 500 m zu finden.<\/p>\n<p>Wenn Sie mit dem Auto anreisen, k\u00f6nnen Sie unsere Parkpl\u00e4tze auf der Stra\u00dfe oder in der Garage nutzen. Die Parkpl\u00e4tze sind bequem zu Fu\u00df erreichbar. Wir m\u00f6chten Sie darauf hinweisen, dass es aufgrund der begrenzten Kapazit\u00e4t notwendig ist, einen Parkplatz im Voraus zu reservieren. Der Preis f\u00fcr das Parken liegt zwischen 600 CZK und 1200 CZK pro Auto und Tag, allerdings nur bis zum 31.12.2024.<\/p>\n<p style=\"text-align: center\"><strong>Ab dem 1. Januar 2025 ist das Parken in der N\u00e4he des Hotels nicht mehr m\u00f6glich.<\/strong><\/p>\n","protected":false},"excerpt":{"rendered":"<p>Das Hotel befindet sich im Herzen des historischen Teils von Prag, von dem aus die attraktivsten Teile der Alt- und Neustadt sowie der Kleinseite zu Fu\u00df erreichbar sind. Die n\u00e4chste Umgebung des Geb\u00e4udes ist ein sehr ruhiger Teil des Prager Stadtzentrums, in der N\u00e4he von Parks mit Gr\u00fcnanlagen und in Sichtweite des Flusses Moldau. Das [&hellip;]<\/p>\n","protected":false},"author":4,"featured_media":0,"parent":0,"menu_order":110,"comment_status":"closed","ping_status":"closed","template":"template-location.php","meta":{"footnotes":""},"class_list":["post-579","page","type-page","status-publish","hentry"],"yoast_head":"<!-- This site is optimized with the Yoast SEO plugin v26.9 - https:\/\/yoast.com\/product\/yoast-seo-wordpress\/ -->\n<title>Wo finden Sie uns - Allure Hotel &amp; Residence Prague -<\/title>\n<meta name=\"description\" content=\"Das Hotel liegt im Herzen von Prag, nur wenige Gehminuten von den wichtigsten Sehensw\u00fcrdigkeiten und Attraktionen entfernt.\" \/>\n<meta name=\"robots\" content=\"index, follow, max-snippet:-1, max-image-preview:large, max-video-preview:-1\" \/>\n<link rel=\"canonical\" href=\"https:\/\/www.allurehotelprague.com\/de\/wo-finden-sie-uns\/\" \/>\n<meta property=\"og:locale\" content=\"de_DE\" \/>\n<meta property=\"og:type\" content=\"article\" \/>\n<meta property=\"og:title\" content=\"Wo finden Sie uns - Allure Hotel &amp; Residence Prague -\" \/>\n<meta property=\"og:description\" content=\"Das Hotel liegt im Herzen von Prag, nur wenige Gehminuten von den wichtigsten Sehensw\u00fcrdigkeiten und Attraktionen entfernt.\" \/>\n<meta property=\"og:url\" content=\"https:\/\/www.allurehotelprague.com\/de\/wo-finden-sie-uns\/\" \/>\n<meta property=\"og:site_name\" content=\"Allure Hotel &amp; Residence Prague\" \/>\n<meta property=\"article:modified_time\" content=\"2025-05-22T08:04:46+00:00\" \/>\n<meta name=\"twitter:card\" content=\"summary_large_image\" \/>\n<meta name=\"twitter:label1\" content=\"Gesch\u00e4tzte Lesezeit\" \/>\n\t<meta name=\"twitter:data1\" content=\"1 Minute\" \/>\n<script type=\"application\/ld+json\" class=\"yoast-schema-graph\">{\"@context\":\"https:\/\/schema.org\",\"@graph\":[{\"@type\":\"WebPage\",\"@id\":\"https:\/\/www.allurehotelprague.com\/de\/wo-finden-sie-uns\/\",\"url\":\"https:\/\/www.allurehotelprague.com\/de\/wo-finden-sie-uns\/\",\"name\":\"Wo finden Sie uns - Allure Hotel &amp; Residence Prague -\",\"isPartOf\":{\"@id\":\"https:\/\/www.allurehotelprague.com\/de\/#website\"},\"datePublished\":\"2023-09-19T12:56:25+00:00\",\"dateModified\":\"2025-05-22T08:04:46+00:00\",\"description\":\"Das Hotel liegt im Herzen von Prag, nur wenige Gehminuten von den wichtigsten Sehensw\u00fcrdigkeiten und Attraktionen entfernt.\",\"breadcrumb\":{\"@id\":\"https:\/\/www.allurehotelprague.com\/de\/wo-finden-sie-uns\/#breadcrumb\"},\"inLanguage\":\"de-DE\",\"potentialAction\":[{\"@type\":\"ReadAction\",\"target\":[\"https:\/\/www.allurehotelprague.com\/de\/wo-finden-sie-uns\/\"]}]},{\"@type\":\"BreadcrumbList\",\"@id\":\"https:\/\/www.allurehotelprague.com\/de\/wo-finden-sie-uns\/#breadcrumb\",\"itemListElement\":[{\"@type\":\"ListItem\",\"position\":1,\"name\":\"Home\",\"item\":\"https:\/\/www.allurehotelprague.com\/de\/\"},{\"@type\":\"ListItem\",\"position\":2,\"name\":\"Wo finden Sie uns\"}]},{\"@type\":\"WebSite\",\"@id\":\"https:\/\/www.allurehotelprague.com\/de\/#website\",\"url\":\"https:\/\/www.allurehotelprague.com\/de\/\",\"name\":\"Allure Hotel &amp; Residence Prague\",\"description\":\"\",\"potentialAction\":[{\"@type\":\"SearchAction\",\"target\":{\"@type\":\"EntryPoint\",\"urlTemplate\":\"https:\/\/www.allurehotelprague.com\/de\/?s={search_term_string}\"},\"query-input\":{\"@type\":\"PropertyValueSpecification\",\"valueRequired\":true,\"valueName\":\"search_term_string\"}}],\"inLanguage\":\"de-DE\"}]}<\/script>\n<!-- \/ Yoast SEO plugin. -->","yoast_head_json":{"title":"Wo finden Sie uns - Allure Hotel &amp; Residence Prague -","description":"Das Hotel liegt im Herzen von Prag, nur wenige Gehminuten von den wichtigsten Sehensw\u00fcrdigkeiten und Attraktionen entfernt.","robots":{"index":"index","follow":"follow","max-snippet":"max-snippet:-1","max-image-preview":"max-image-preview:large","max-video-preview":"max-video-preview:-1"},"canonical":"https:\/\/www.allurehotelprague.com\/de\/wo-finden-sie-uns\/","og_locale":"de_DE","og_type":"article","og_title":"Wo finden Sie uns - Allure Hotel &amp; Residence Prague -","og_description":"Das Hotel liegt im Herzen von Prag, nur wenige Gehminuten von den wichtigsten Sehensw\u00fcrdigkeiten und Attraktionen entfernt.","og_url":"https:\/\/www.allurehotelprague.com\/de\/wo-finden-sie-uns\/","og_site_name":"Allure Hotel &amp; Residence Prague","article_modified_time":"2025-05-22T08:04:46+00:00","twitter_card":"summary_large_image","twitter_misc":{"Gesch\u00e4tzte Lesezeit":"1 Minute"},"schema":{"@context":"https:\/\/schema.org","@graph":[{"@type":"WebPage","@id":"https:\/\/www.allurehotelprague.com\/de\/wo-finden-sie-uns\/","url":"https:\/\/www.allurehotelprague.com\/de\/wo-finden-sie-uns\/","name":"Wo finden Sie uns - Allure Hotel &amp; Residence Prague -","isPartOf":{"@id":"https:\/\/www.allurehotelprague.com\/de\/#website"},"datePublished":"2023-09-19T12:56:25+00:00","dateModified":"2025-05-22T08:04:46+00:00","description":"Das Hotel liegt im Herzen von Prag, nur wenige Gehminuten von den wichtigsten Sehensw\u00fcrdigkeiten und Attraktionen entfernt.","breadcrumb":{"@id":"https:\/\/www.allurehotelprague.com\/de\/wo-finden-sie-uns\/#breadcrumb"},"inLanguage":"de-DE","potentialAction":[{"@type":"ReadAction","target":["https:\/\/www.allurehotelprague.com\/de\/wo-finden-sie-uns\/"]}]},{"@type":"BreadcrumbList","@id":"https:\/\/www.allurehotelprague.com\/de\/wo-finden-sie-uns\/#breadcrumb","itemListElement":[{"@type":"ListItem","position":1,"name":"Home","item":"https:\/\/www.allurehotelprague.com\/de\/"},{"@type":"ListItem","position":2,"name":"Wo finden Sie uns"}]},{"@type":"WebSite","@id":"https:\/\/www.allurehotelprague.com\/de\/#website","url":"https:\/\/www.allurehotelprague.com\/de\/","name":"Allure Hotel &amp; Residence Prague","description":"","potentialAction":[{"@type":"SearchAction","target":{"@type":"EntryPoint","urlTemplate":"https:\/\/www.allurehotelprague.com\/de\/?s={search_term_string}"},"query-input":{"@type":"PropertyValueSpecification","valueRequired":true,"valueName":"search_term_string"}}],"inLanguage":"de-DE"}]}},"acf":[],"_links":{"self":[{"href":"https:\/\/www.allurehotelprague.com\/de\/wp-json\/wp\/v2\/pages\/579","targetHints":{"allow":["GET"]}}],"collection":[{"href":"https:\/\/www.allurehotelprague.com\/de\/wp-json\/wp\/v2\/pages"}],"about":[{"href":"https:\/\/www.allurehotelprague.com\/de\/wp-json\/wp\/v2\/types\/page"}],"author":[{"embeddable":true,"href":"https:\/\/www.allurehotelprague.com\/de\/wp-json\/wp\/v2\/users\/4"}],"replies":[{"embeddable":true,"href":"https:\/\/www.allurehotelprague.com\/de\/wp-json\/wp\/v2\/comments?post=579"}],"version-history":[{"count":0,"href":"https:\/\/www.allurehotelprague.com\/de\/wp-json\/wp\/v2\/pages\/579\/revisions"}],"wp:attachment":[{"href":"https:\/\/www.allurehotelprague.com\/de\/wp-json\/wp\/v2\/media?parent=579"}],"curies":[{"name":"wp","href":"https:\/\/api.w.org\/{rel}","templated":true}]}}